{"id":8953,"date":"2025-05-29T12:10:37","date_gmt":"2025-05-29T09:10:37","guid":{"rendered":"https:\/\/rocketplay-new.com\/slot-machines\/golden-goddess\/"},"modified":"2025-07-16T21:24:56","modified_gmt":"2025-07-16T18:24:56","slug":"golden-goddess","status":"publish","type":"page","link":"https:\/\/rocketplay-new.com\/pt-br\/slot-machines\/golden-goddess\/","title":{"rendered":"Ca\u00e7a-n\u00edqueis Golden Goddess &#8211; Jogue ca\u00e7a-n\u00edqueis de gra\u00e7a"},"content":{"rendered":"<p>O ca\u00e7a-n\u00edquel Golden Goddess \u00e9 um popular jogo de ca\u00e7a-n\u00edquel online que oferece aos jogadores a chance de embarcar em uma emocionante aventura em busca de tesouros e riquezas escondidas. Com seus gr\u00e1ficos impressionantes, jogabilidade envolvente e recursos b\u00f4nus emocionantes, este jogo de ca\u00e7a-n\u00edquel certamente manter\u00e1 os jogadores entretidos por horas a fio. Seja voc\u00ea um jogador experiente ou um novato em busca de tentar a sorte, o ca\u00e7a-n\u00edquel Golden Goddess \u00e9 uma \u00f3tima escolha para quem busca uma experi\u00eancia de jogo divertida e gratificante. E a melhor parte? Voc\u00ea pode jogar este ca\u00e7a-n\u00edquel gratuitamente, dando-lhe a chance de testar sua sorte e ver se voc\u00ea tem o que \u00e9 preciso para descobrir os tesouros dourados \u00e0 espera de serem encontrados. Ent\u00e3o, por que esperar? Mergulhe no mundo do ca\u00e7a-n\u00edquel Golden Goddess e veja se voc\u00ea tem o que \u00e9 preciso para ficar rico!<\/p>\n<div class=\"go-btn-container\"><div class=\"tosh-btn\"><a href=\"\/go-casino\/\" target=\"_blank\" rel=\"noopener\">JOGUE AGORA<\/a><\/div><\/div>\n<h2>VIS\u00c3O GERAL DO CA\u00c7A-N\u00cdQUEIS GOLDEN GODDESS<\/h2>\n<p>O ca\u00e7a-n\u00edquel Golden Goddess \u00e9 um popular jogo de ca\u00e7a-n\u00edquel online desenvolvido pela IGT que cativou os jogadores com seu tema encantador e jogabilidade emocionante. Com um jardim m\u00edstico como pano de fundo, o jogo apresenta s\u00edmbolos como a pr\u00f3pria Deusa Dourada, um belo pr\u00edncipe, um cavalo branco e uma pomba. Com 5 cilindros e 40 linhas de pagamento, os jogadores t\u00eam muitas oportunidades de ganhar muito enquanto giram os cilindros em busca da elusiva Deusa Dourada. O jogo tamb\u00e9m conta com o recurso Super Stacks, onde um s\u00edmbolo escolhido aleatoriamente pode preencher cilindros inteiros e gerar pagamentos massivos. Al\u00e9m disso, o ca\u00e7a-n\u00edquel Golden Goddess oferece uma rodada b\u00f4nus de Giros Gr\u00e1tis, na qual os jogadores podem ganhar at\u00e9 7 giros gr\u00e1tis com a chance de acion\u00e1-los novamente para ainda mais recompensas. Com seus belos gr\u00e1ficos, jogabilidade envolvente e potencial para grandes vit\u00f3rias, n\u00e3o \u00e9 de se admirar que o ca\u00e7a-n\u00edquel Golden Goddess continue sendo um dos favoritos entre os jogadores de cassino online.<\/p>\n<p><img loading=\"lazy\" decoding=\"async\" class=\"aligncenter size-full wp-image-8917\" src=\"https:\/\/rocketplay-new.com\/wp-content\/uploads\/2025\/07\/golden-goddess-slot-2.webp\" alt=\"Golden Goddess slot - Play Slot for Free 2\" width=\"800\" height=\"366\" srcset=\"https:\/\/rocketplay-new.com\/wp-content\/uploads\/2025\/07\/golden-goddess-slot-2.webp 800w, https:\/\/rocketplay-new.com\/wp-content\/uploads\/2025\/07\/golden-goddess-slot-2-300x137.webp 300w, https:\/\/rocketplay-new.com\/wp-content\/uploads\/2025\/07\/golden-goddess-slot-2-768x351.webp 768w\" sizes=\"auto, (max-width: 800px) 100vw, 800px\" \/><\/p>\n<h2>CA\u00c7A-N\u00cdQUEIS GOLDEN GODDESS: TEMA, VISUAL E M\u00daSICA<\/h2>\n<p>O ca\u00e7a-n\u00edquel Golden Goddess \u00e9 um popular jogo de cassino online que apresenta um tema cativante, visuais deslumbrantes e m\u00fasica encantadora. O tema do jogo gira em torno da mitologia grega antiga, com a pr\u00f3pria Deusa Dourada como personagem principal. Os visuais do jogo s\u00e3o incrivelmente detalhados e lindamente projetados, com s\u00edmbolos que incluem criaturas m\u00edsticas, rosas douradas e a ic\u00f4nica Deusa Dourada. O cen\u00e1rio do jogo \u00e9 um jardim exuberante repleto de flores vibrantes e joias brilhantes, criando uma atmosfera m\u00e1gica e envolvente para os jogadores. A m\u00fasica do jogo \u00e9 et\u00e9rea e relaxante, contribuindo para o ambiente geral e aprimorando a experi\u00eancia do jogador. Com seu tema envolvente, visuais deslumbrantes e m\u00fasica encantadora, o ca\u00e7a-n\u00edquel Golden Goddess oferece aos jogadores uma experi\u00eancia de jogo verdadeiramente cativante e agrad\u00e1vel.<\/p>\n<h2>COMO JOGAR O CA\u00c7A-N\u00cdQUEIS GOLDEN GODDESS<\/h2>\n<p>Golden Goddess \u00e9 um popular jogo de ca\u00e7a-n\u00edqueis que pode ser encontrado em muitos cassinos online e offline. Para jogar no ca\u00e7a-n\u00edqueis Golden Goddess, primeiro voc\u00ea precisa selecionar o tamanho da sua aposta, ajustando o valor da moeda e o n\u00famero de linhas de pagamento. Depois de definir sua aposta, basta clicar no bot\u00e3o de giro para iniciar o jogo. O jogo apresenta s\u00edmbolos como a pr\u00f3pria Deusa Dourada, um belo pr\u00edncipe, um cavalo branco e uma pomba. O objetivo do jogo \u00e9 combinar esses s\u00edmbolos em combina\u00e7\u00f5es vencedoras para receber pr\u00eamios. O s\u00edmbolo da Deusa Dourada \u00e9 o s\u00edmbolo de maior pagamento e pode premi\u00e1-lo com um jackpot se voc\u00ea conseguir cinco deles em uma linha de pagamento. Al\u00e9m disso, h\u00e1 um s\u00edmbolo de b\u00f4nus que pode acionar uma rodada de giros gr\u00e1tis, onde voc\u00ea pode ganhar ainda mais pr\u00eamios. No geral, jogar no ca\u00e7a-n\u00edqueis Golden Goddess \u00e9 f\u00e1cil e divertido, tornando-o uma \u00f3tima op\u00e7\u00e3o tanto para iniciantes quanto para jogadores experientes.<\/p>\n<div class=\"go-btn-container\"><div class=\"tosh-btn\"><a href=\"\/go-casino\/\" target=\"_blank\" rel=\"noopener\">JOGUE AGORA<\/a><\/div><\/div>\n<h2>CA\u00c7A-N\u00cdQUEIS GOLDEN GODDESS: OP\u00c7\u00d5ES DE APOSTAS E POTENCIAL DE GANHO<\/h2>\n<p>O ca\u00e7a-n\u00edquel Golden Goddess \u00e9 uma escolha popular tanto para jogadores casuais quanto para grandes apostadores devido \u00e0 sua ampla gama de op\u00e7\u00f5es de apostas e impressionante potencial de ganho. Os jogadores podem optar por apostar de 1 a 50 linhas de pagamento, com a op\u00e7\u00e3o de ajustar a aposta por linha de apenas US$ 0,01 a at\u00e9 US$ 10. Essa flexibilidade permite que os jogadores adaptem suas apostas \u00e0s suas prefer\u00eancias e or\u00e7amentos individuais, tornando o jogo acess\u00edvel a todos os tipos de jogadores. O jogo tamb\u00e9m oferece uma variedade de recursos de b\u00f4nus, incluindo s\u00edmbolos empilhados, wilds e giros gr\u00e1tis, que podem aumentar significativamente as chances do jogador de ganhar muito. Com um jackpot m\u00e1ximo de 1000 moedas, o ca\u00e7a-n\u00edquel Golden Goddess oferece bastante potencial para pagamentos lucrativos, tornando-se uma escolha empolgante para jogadores que buscam ficar ricos. No geral, a combina\u00e7\u00e3o de op\u00e7\u00f5es de apostas personaliz\u00e1veis e o generoso potencial de ganho fazem do ca\u00e7a-n\u00edqueis Golden Goddess a melhor escolha para jogadores que buscam entretenimento e a chance de ganhar muito.<\/p>\n<p><img loading=\"lazy\" decoding=\"async\" class=\"aligncenter size-full wp-image-8908\" src=\"https:\/\/rocketplay-new.com\/wp-content\/uploads\/2025\/07\/golden-goddess-slot-1.webp\" alt=\"Golden Goddess slot - Play Slot for Free\" width=\"800\" height=\"389\" srcset=\"https:\/\/rocketplay-new.com\/wp-content\/uploads\/2025\/07\/golden-goddess-slot-1.webp 800w, https:\/\/rocketplay-new.com\/wp-content\/uploads\/2025\/07\/golden-goddess-slot-1-300x146.webp 300w, https:\/\/rocketplay-new.com\/wp-content\/uploads\/2025\/07\/golden-goddess-slot-1-768x373.webp 768w\" sizes=\"auto, (max-width: 800px) 100vw, 800px\" \/><\/p>\n<h2>PERGUNTAS E RESPOSTAS COMUNS &#8211; CA\u00c7A-N\u00cdQUEIS GOLDEN GODDESS<\/h2>\n<p>Golden Goddess \u00e9 um jogo de ca\u00e7a-n\u00edqueis popular que atraiu muita aten\u00e7\u00e3o de jogadores do mundo todo. Como em qualquer jogo, existem algumas perguntas comuns que os jogadores t\u00eam sobre o ca\u00e7a-n\u00edqueis Golden Goddess. Uma das perguntas mais frequentes \u00e9 como ativar os recursos de b\u00f4nus do jogo. Para ativar a rodada b\u00f4nus de giros gr\u00e1tis, os jogadores precisam conseguir tr\u00eas s\u00edmbolos scatter de rosas nos rolos 2, 3 e 4. Outra pergunta comum \u00e9 sobre o RTP (retorno ao jogador) do jogo. O RTP do Golden Goddess \u00e9 de cerca de 94%, o que \u00e9 bastante normal para um jogo de ca\u00e7a-n\u00edqueis. Os jogadores tamb\u00e9m costumam perguntar sobre a volatilidade do jogo, que \u00e9 considerada m\u00e9dia. No geral, Golden Goddess \u00e9 um jogo de ca\u00e7a-n\u00edqueis muito popular que oferece uma experi\u00eancia de jogo emocionante e agrad\u00e1vel para todos os tipos de jogadores.<\/p>\n","protected":false},"excerpt":{"rendered":"<p>O ca\u00e7a-n\u00edquel Golden Goddess \u00e9 um popular jogo de ca\u00e7a-n\u00edquel online que oferece aos jogadores a chance de embarcar em uma emocionante aventura em busca de tesouros e riquezas escondidas. Com seus gr\u00e1ficos impressionantes, jogabilidade envolvente e recursos b\u00f4nus emocionantes, este jogo de ca\u00e7a-n\u00edquel certamente manter\u00e1 os jogadores entretidos por horas a fio. Seja voc\u00ea&#8230;<\/p>\n","protected":false},"author":1,"featured_media":6777,"parent":2614,"menu_order":0,"comment_status":"closed","ping_status":"closed","template":"","meta":{"_acf_changed":false,"_kad_post_transparent":"default","_kad_post_title":"default","_kad_post_layout":"default","_kad_post_sidebar_id":"","_kad_post_content_style":"default","_kad_post_vertical_padding":"default","_kad_post_feature":"","_kad_post_feature_position":"","_kad_post_header":false,"_kad_post_footer":false,"footnotes":""},"class_list":["post-8953","page","type-page","status-publish","has-post-thumbnail","hentry"],"acf":[],"rttpg_featured_image_url":{"full":["https:\/\/rocketplay-new.com\/wp-content\/uploads\/2025\/05\/golden-goddess-slot-play-slot-for-free.png",1149,698,false],"landscape":["https:\/\/rocketplay-new.com\/wp-content\/uploads\/2025\/05\/golden-goddess-slot-play-slot-for-free.png",1149,698,false],"portraits":["https:\/\/rocketplay-new.com\/wp-content\/uploads\/2025\/05\/golden-goddess-slot-play-slot-for-free.png",1149,698,false],"thumbnail":["https:\/\/rocketplay-new.com\/wp-content\/uploads\/2025\/05\/golden-goddess-slot-play-slot-for-free-150x150.png",150,150,true],"medium":["https:\/\/rocketplay-new.com\/wp-content\/uploads\/2025\/05\/golden-goddess-slot-play-slot-for-free-300x182.png",300,182,true],"large":["https:\/\/rocketplay-new.com\/wp-content\/uploads\/2025\/05\/golden-goddess-slot-play-slot-for-free-1024x622.png",1024,622,true],"1536x1536":["https:\/\/rocketplay-new.com\/wp-content\/uploads\/2025\/05\/golden-goddess-slot-play-slot-for-free.png",1149,698,false],"2048x2048":["https:\/\/rocketplay-new.com\/wp-content\/uploads\/2025\/05\/golden-goddess-slot-play-slot-for-free.png",1149,698,false],"wppb-medium":["https:\/\/rocketplay-new.com\/wp-content\/uploads\/2025\/05\/golden-goddess-slot-play-slot-for-free-600x450.png",600,450,true]},"rttpg_author":{"display_name":"John","author_link":"https:\/\/rocketplay-new.com\/pt-br\/author\/pemvas95n89x\/"},"rttpg_comment":0,"rttpg_category":null,"rttpg_excerpt":"O ca\u00e7a-n\u00edquel Golden Goddess \u00e9 um popular jogo de ca\u00e7a-n\u00edquel online que oferece aos jogadores a chance de embarcar em uma emocionante aventura em busca de tesouros e riquezas escondidas. Com seus gr\u00e1ficos impressionantes, jogabilidade envolvente e recursos b\u00f4nus emocionantes, este jogo de ca\u00e7a-n\u00edquel certamente manter\u00e1 os jogadores entretidos por horas a fio. Seja voc\u00ea...","_links":{"self":[{"href":"https:\/\/rocketplay-new.com\/pt-br\/wp-json\/wp\/v2\/pages\/8953","targetHints":{"allow":["GET"]}}],"collection":[{"href":"https:\/\/rocketplay-new.com\/pt-br\/wp-json\/wp\/v2\/pages"}],"about":[{"href":"https:\/\/rocketplay-new.com\/pt-br\/wp-json\/wp\/v2\/types\/page"}],"author":[{"embeddable":true,"href":"https:\/\/rocketplay-new.com\/pt-br\/wp-json\/wp\/v2\/users\/1"}],"replies":[{"embeddable":true,"href":"https:\/\/rocketplay-new.com\/pt-br\/wp-json\/wp\/v2\/comments?post=8953"}],"version-history":[{"count":2,"href":"https:\/\/rocketplay-new.com\/pt-br\/wp-json\/wp\/v2\/pages\/8953\/revisions"}],"predecessor-version":[{"id":8957,"href":"https:\/\/rocketplay-new.com\/pt-br\/wp-json\/wp\/v2\/pages\/8953\/revisions\/8957"}],"up":[{"embeddable":true,"href":"https:\/\/rocketplay-new.com\/pt-br\/wp-json\/wp\/v2\/pages\/2614"}],"wp:featuredmedia":[{"embeddable":true,"href":"https:\/\/rocketplay-new.com\/pt-br\/wp-json\/wp\/v2\/media\/6777"}],"wp:attachment":[{"href":"https:\/\/rocketplay-new.com\/pt-br\/wp-json\/wp\/v2\/media?parent=8953"}],"curies":[{"name":"wp","href":"https:\/\/api.w.org\/{rel}","templated":true}]}}