{"id":8802,"date":"2025-05-29T11:39:54","date_gmt":"2025-05-29T08:39:54","guid":{"rendered":"https:\/\/rocketplay-new.com\/slot-machines\/white-orchid\/"},"modified":"2025-07-16T19:36:07","modified_gmt":"2025-07-16T16:36:07","slug":"white-orchid","status":"publish","type":"page","link":"https:\/\/rocketplay-new.com\/pt-br\/slot-machines\/white-orchid\/","title":{"rendered":"Ca\u00e7a-n\u00edqueis White Orchid &#8211; Jogue ca\u00e7a-n\u00edqueis de gra\u00e7a"},"content":{"rendered":"<p>O ca\u00e7a-n\u00edqueis White Orchid \u00e9 um popular jogo de ca\u00e7a-n\u00edqueis online que oferece aos jogadores a chance de ganhar grandes pr\u00eamios enquanto desfrutam de belos gr\u00e1ficos e uma jogabilidade envolvente. Os jogadores podem tentar a sorte gratuitamente jogando a vers\u00e3o demo do jogo, que lhes permite experimentar toda a emo\u00e7\u00e3o do ca\u00e7a-n\u00edqueis sem precisar apostar dinheiro real. Com seu tema ex\u00f3tico e pagamentos generosos, o ca\u00e7a-n\u00edqueis White Orchid certamente manter\u00e1 os jogadores entretidos por horas a fio. Ent\u00e3o, por que esperar? Experimente hoje mesmo e veja se voc\u00ea consegue um grande pr\u00eamio!<\/p>\n<div class=\"go-btn-container\"><div class=\"tosh-btn\"><a href=\"\/go-casino\/\" target=\"_blank\" rel=\"noopener\">JOGUE AGORA<\/a><\/div><\/div>\n<h2>VIS\u00c3O GERAL DO CA\u00c7A-N\u00cdQUEIS WHITE ORCHID<\/h2>\n<p>White Orchid \u00e9 um popular jogo de ca\u00e7a-n\u00edqueis desenvolvido pela IGT, conhecido por seus gr\u00e1ficos impressionantes e jogabilidade envolvente. Ambientado em uma bela selva tropical repleta de flores e vida selvagem ex\u00f3ticas, o jogo possui cinco cilindros e 40 linhas de pagamento, oferecendo aos jogadores in\u00fameras oportunidades de ganhar muito. Os s\u00edmbolos nos cilindros incluem orqu\u00eddeas coloridas, p\u00e1ssaros tropicais e outras esp\u00e9cies da flora e fauna nativas do cen\u00e1rio da selva. Um dos recursos de destaque do White Orchid \u00e9 o MultiWay Xtra, que permite aos jogadores ganhar de 1.024 maneiras diferentes. Esse recurso exclusivo, combinado com a rodada b\u00f4nus de giros gr\u00e1tis do jogo, pode resultar em pagamentos impressionantes. No geral, o White Orchid \u00e9 um ca\u00e7a-n\u00edqueis visualmente atraente e divertido que certamente atrair\u00e1 jogadores casuais e apostadores experientes.<\/p>\n<p><img loading=\"lazy\" decoding=\"async\" class=\"aligncenter size-full wp-image-8785\" src=\"https:\/\/rocketplay-new.com\/wp-content\/uploads\/2025\/07\/white-orchid-slot-2.webp\" alt=\"White Orchid slot machine - Play Slot for Free 2\" width=\"800\" height=\"410\" srcset=\"https:\/\/rocketplay-new.com\/wp-content\/uploads\/2025\/07\/white-orchid-slot-2.webp 800w, https:\/\/rocketplay-new.com\/wp-content\/uploads\/2025\/07\/white-orchid-slot-2-300x154.webp 300w, https:\/\/rocketplay-new.com\/wp-content\/uploads\/2025\/07\/white-orchid-slot-2-768x394.webp 768w\" sizes=\"auto, (max-width: 800px) 100vw, 800px\" \/><\/p>\n<h2>CA\u00c7A-N\u00cdQUEIS WHITE ORCHID: TEMA, VISUAL E M\u00daSICA<\/h2>\n<p>O ca\u00e7a-n\u00edqueis White Orchid \u00e9 um jogo popular que apresenta um tema centrado na elegante e ex\u00f3tica flor de orqu\u00eddea branca. O visual do jogo \u00e9 deslumbrante, com cores vibrantes e detalhes intrincados que d\u00e3o vida \u00e0 beleza da flor na tela. Os rolos s\u00e3o adornados com s\u00edmbolos como a orqu\u00eddea branca, borboletas coloridas e p\u00e1ssaros tropicais, criando uma experi\u00eancia de jogo visualmente atraente e imersiva. A m\u00fasica de fundo do jogo \u00e9 relaxante e relaxante, com uma melodia suave que aprimora a atmosfera geral do jogo. A combina\u00e7\u00e3o do visual deslumbrante com a m\u00fasica relaxante torna o jogo no ca\u00e7a-n\u00edqueis White Orchid uma experi\u00eancia verdadeiramente agrad\u00e1vel e envolvente para jogadores que buscam uma experi\u00eancia de jogo serena e visualmente agrad\u00e1vel.<\/p>\n<h2>COMO JOGAR NO CA\u00c7A-N\u00cdQUEIS WHITE ORCHID<\/h2>\n<p>White Orchid \u00e9 um popular jogo de ca\u00e7a-n\u00edqueis que pode ser encontrado em muitos cassinos online e offline. Jogar no ca\u00e7a-n\u00edqueis White Orchid \u00e9 bastante simples e direto. O jogo possui 5 cilindros e 40 linhas de pagamento, oferecendo aos jogadores in\u00fameras oportunidades de ganhar muito. Para come\u00e7ar a jogar, primeiro voc\u00ea precisa definir o valor da sua aposta, ajustando o valor da moeda e o n\u00famero de moedas por linha. Depois de definir sua aposta, voc\u00ea pode girar os cilindros e aguardar o resultado. O objetivo \u00e9 combinar s\u00edmbolos nas linhas de pagamento para ganhar pr\u00eamios. O jogo apresenta uma variedade de s\u00edmbolos, incluindo o s\u00edmbolo White Orchid, que atua como curinga e pode substituir outros s\u00edmbolos para criar combina\u00e7\u00f5es vencedoras. Al\u00e9m disso, h\u00e1 uma rodada b\u00f4nus de giros gr\u00e1tis que pode ser ativada ao acertar o s\u00edmbolo b\u00f4nus nos cilindros 3, 4 e 5. No geral, jogar no ca\u00e7a-n\u00edqueis White Orchid \u00e9 uma experi\u00eancia divertida e emocionante que pode levar a grandes vit\u00f3rias, se voc\u00ea tiver sorte.<\/p>\n<div class=\"go-btn-container\"><div class=\"tosh-btn\"><a href=\"\/go-casino\/\" target=\"_blank\" rel=\"noopener\">JOGUE AGORA<\/a><\/div><\/div>\n<h2>CA\u00c7A-N\u00cdQUEIS WHITE ORCHID: OP\u00c7\u00d5ES DE APOSTAS E POTENCIAL DE GANHO<\/h2>\n<p>O ca\u00e7a-n\u00edqueis White Orchid \u00e9 um jogo popular, conhecido por seus belos gr\u00e1ficos e jogabilidade emocionante. Uma das principais caracter\u00edsticas deste ca\u00e7a-n\u00edqueis \u00e9 sua ampla gama de op\u00e7\u00f5es de apostas, permitindo que os jogadores personalizem suas apostas de acordo com suas prefer\u00eancias. Os jogadores podem optar por apostar desde alguns centavos at\u00e9 centenas de d\u00f3lares por rodada, tornando-o acess\u00edvel tanto para jogadores casuais quanto para grandes apostadores. O jogo tamb\u00e9m oferece v\u00e1rios recursos de b\u00f4nus e rodadas gr\u00e1tis, aumentando o potencial de ganho para os jogadores. Com uma alta porcentagem de retorno ao jogador (RTP) e a possibilidade de grandes vit\u00f3rias, o ca\u00e7a-n\u00edqueis White Orchid oferece uma experi\u00eancia de jogo emocionante e gratificante para quem busca testar a sorte. Seja voc\u00ea um jogador iniciante ou um apostador experiente, este ca\u00e7a-n\u00edqueis oferece amplas oportunidades para ganhar muito e desfrutar de horas de entretenimento.<\/p>\n<p><img loading=\"lazy\" decoding=\"async\" class=\"aligncenter size-full wp-image-8776\" src=\"https:\/\/rocketplay-new.com\/wp-content\/uploads\/2025\/07\/white-orchid-slot-1.webp\" alt=\"White Orchid slot machine - Play Slot for Free\" width=\"800\" height=\"479\" srcset=\"https:\/\/rocketplay-new.com\/wp-content\/uploads\/2025\/07\/white-orchid-slot-1.webp 800w, https:\/\/rocketplay-new.com\/wp-content\/uploads\/2025\/07\/white-orchid-slot-1-300x180.webp 300w, https:\/\/rocketplay-new.com\/wp-content\/uploads\/2025\/07\/white-orchid-slot-1-768x460.webp 768w\" sizes=\"auto, (max-width: 800px) 100vw, 800px\" \/><\/p>\n<h2>PERGUNTAS E RESPOSTAS COMUNS &#8211; CA\u00c7A-N\u00cdQUEIS WHITE ORCHID<\/h2>\n<p>O ca\u00e7a-n\u00edqueis White Orchid \u00e9 um jogo popular em cassinos e plataformas de jogos online, e os jogadores frequentemente t\u00eam d\u00favidas sobre como jogar e ganhar. Uma d\u00favida comum \u00e9 como ativar os recursos de b\u00f4nus do jogo, como rodadas gr\u00e1tis ou multiplicadores. Para ativar esses b\u00f4nus, os jogadores normalmente precisam obter uma determinada combina\u00e7\u00e3o de s\u00edmbolos nos rolos, que pode variar dependendo das regras do jogo. Outra d\u00favida comum \u00e9 se \u00e9 poss\u00edvel aumentar as chances de ganhar no ca\u00e7a-n\u00edqueis White Orchid. Embora n\u00e3o haja garantia de vit\u00f3ria nos ca\u00e7a-n\u00edqueis, os jogadores podem melhorar suas chances apostando em todas as linhas de pagamento e gerenciando seu saldo com sabedoria. Al\u00e9m disso, os jogadores frequentemente perguntam se h\u00e1 algum truque ou hack para manipular o resultado do jogo. \u00c9 importante lembrar que o uso de truques ou hacks \u00e9 ilegal e anti\u00e9tico, podendo resultar em penalidades ou banimentos do cassino. No geral, a m\u00e1quina ca\u00e7a-n\u00edqueis White Orchid oferece uma experi\u00eancia de jogo emocionante e gratificante para os jogadores, com muitas oportunidades de ganhar grandes pr\u00eamios.<\/p>\n","protected":false},"excerpt":{"rendered":"<p>O ca\u00e7a-n\u00edqueis White Orchid \u00e9 um popular jogo de ca\u00e7a-n\u00edqueis online que oferece aos jogadores a chance de ganhar grandes pr\u00eamios enquanto desfrutam de belos gr\u00e1ficos e uma jogabilidade envolvente. Os jogadores podem tentar a sorte gratuitamente jogando a vers\u00e3o demo do jogo, que lhes permite experimentar toda a emo\u00e7\u00e3o do ca\u00e7a-n\u00edqueis sem precisar apostar&#8230;<\/p>\n","protected":false},"author":1,"featured_media":6661,"parent":2614,"menu_order":0,"comment_status":"closed","ping_status":"closed","template":"single-no-sidebar.php","meta":{"_acf_changed":false,"_kad_post_transparent":"default","_kad_post_title":"default","_kad_post_layout":"default","_kad_post_sidebar_id":"","_kad_post_content_style":"default","_kad_post_vertical_padding":"default","_kad_post_feature":"","_kad_post_feature_position":"","_kad_post_header":false,"_kad_post_footer":false,"footnotes":""},"class_list":["post-8802","page","type-page","status-publish","has-post-thumbnail","hentry"],"acf":[],"rttpg_featured_image_url":{"full":["https:\/\/rocketplay-new.com\/wp-content\/uploads\/2025\/05\/white-orchid-slot-machine-play-slot-for-free.png",1491,765,false],"landscape":["https:\/\/rocketplay-new.com\/wp-content\/uploads\/2025\/05\/white-orchid-slot-machine-play-slot-for-free.png",1491,765,false],"portraits":["https:\/\/rocketplay-new.com\/wp-content\/uploads\/2025\/05\/white-orchid-slot-machine-play-slot-for-free.png",1491,765,false],"thumbnail":["https:\/\/rocketplay-new.com\/wp-content\/uploads\/2025\/05\/white-orchid-slot-machine-play-slot-for-free-150x150.png",150,150,true],"medium":["https:\/\/rocketplay-new.com\/wp-content\/uploads\/2025\/05\/white-orchid-slot-machine-play-slot-for-free-300x154.png",300,154,true],"large":["https:\/\/rocketplay-new.com\/wp-content\/uploads\/2025\/05\/white-orchid-slot-machine-play-slot-for-free-1024x525.png",1024,525,true],"1536x1536":["https:\/\/rocketplay-new.com\/wp-content\/uploads\/2025\/05\/white-orchid-slot-machine-play-slot-for-free.png",1491,765,false],"2048x2048":["https:\/\/rocketplay-new.com\/wp-content\/uploads\/2025\/05\/white-orchid-slot-machine-play-slot-for-free.png",1491,765,false],"wppb-medium":["https:\/\/rocketplay-new.com\/wp-content\/uploads\/2025\/05\/white-orchid-slot-machine-play-slot-for-free-600x450.png",600,450,true]},"rttpg_author":{"display_name":"John","author_link":"https:\/\/rocketplay-new.com\/pt-br\/author\/pemvas95n89x\/"},"rttpg_comment":0,"rttpg_category":null,"rttpg_excerpt":"O ca\u00e7a-n\u00edqueis White Orchid \u00e9 um popular jogo de ca\u00e7a-n\u00edqueis online que oferece aos jogadores a chance de ganhar grandes pr\u00eamios enquanto desfrutam de belos gr\u00e1ficos e uma jogabilidade envolvente. Os jogadores podem tentar a sorte gratuitamente jogando a vers\u00e3o demo do jogo, que lhes permite experimentar toda a emo\u00e7\u00e3o do ca\u00e7a-n\u00edqueis sem precisar apostar...","_links":{"self":[{"href":"https:\/\/rocketplay-new.com\/pt-br\/wp-json\/wp\/v2\/pages\/8802","targetHints":{"allow":["GET"]}}],"collection":[{"href":"https:\/\/rocketplay-new.com\/pt-br\/wp-json\/wp\/v2\/pages"}],"about":[{"href":"https:\/\/rocketplay-new.com\/pt-br\/wp-json\/wp\/v2\/types\/page"}],"author":[{"embeddable":true,"href":"https:\/\/rocketplay-new.com\/pt-br\/wp-json\/wp\/v2\/users\/1"}],"replies":[{"embeddable":true,"href":"https:\/\/rocketplay-new.com\/pt-br\/wp-json\/wp\/v2\/comments?post=8802"}],"version-history":[{"count":2,"href":"https:\/\/rocketplay-new.com\/pt-br\/wp-json\/wp\/v2\/pages\/8802\/revisions"}],"predecessor-version":[{"id":8804,"href":"https:\/\/rocketplay-new.com\/pt-br\/wp-json\/wp\/v2\/pages\/8802\/revisions\/8804"}],"up":[{"embeddable":true,"href":"https:\/\/rocketplay-new.com\/pt-br\/wp-json\/wp\/v2\/pages\/2614"}],"wp:featuredmedia":[{"embeddable":true,"href":"https:\/\/rocketplay-new.com\/pt-br\/wp-json\/wp\/v2\/media\/6661"}],"wp:attachment":[{"href":"https:\/\/rocketplay-new.com\/pt-br\/wp-json\/wp\/v2\/media?parent=8802"}],"curies":[{"name":"wp","href":"https:\/\/api.w.org\/{rel}","templated":true}]}}