{"id":8770,"date":"2025-05-29T11:34:47","date_gmt":"2025-05-29T08:34:47","guid":{"rendered":"https:\/\/rocketplay-new.com\/slot-machines\/big-bad-wolf\/"},"modified":"2025-07-16T19:01:05","modified_gmt":"2025-07-16T16:01:05","slug":"big-bad-wolf","status":"publish","type":"page","link":"https:\/\/rocketplay-new.com\/pt-br\/slot-machines\/big-bad-wolf\/","title":{"rendered":"Ca\u00e7a-n\u00edqueis Big Bad Wolf &#8211; Jogue ca\u00e7a-n\u00edqueis de gra\u00e7a"},"content":{"rendered":"<p>O ca\u00e7a-n\u00edqueis Big Bad Wolf \u00e9 um popular jogo de ca\u00e7a-n\u00edqueis online que d\u00e1 vida ao cl\u00e1ssico conto de fadas de uma forma emocionante e envolvente. Os jogadores podem girar os rolos e tentar a sorte para ganhar muito enquanto apreciam os gr\u00e1ficos fant\u00e1sticos e as anima\u00e7\u00f5es divertidas. Com uma variedade de recursos b\u00f4nus e giros gr\u00e1tis, este ca\u00e7a-n\u00edqueis oferece muitas oportunidades para os jogadores aumentarem seus ganhos. E a melhor parte? Os jogadores podem experimentar este ca\u00e7a-n\u00edqueis gratuitamente antes de decidirem jogar com dinheiro real, tornando-o uma \u00f3tima op\u00e7\u00e3o tanto para jogadores casuais quanto para apostadores experientes em busca de entretenimento.<\/p>\n<div class=\"go-btn-container\"><div class=\"tosh-btn\"><a href=\"\/go-casino\/\" target=\"_blank\" rel=\"noopener\">JOGUE AGORA<\/a><\/div><\/div>\n<h2>VIS\u00c3O GERAL DO CA\u00c7A-N\u00cdQUEIS BIG BAD WOLF<\/h2>\n<p>O ca\u00e7a-n\u00edqueis Big Bad Wolf \u00e9 um popular jogo de ca\u00e7a-n\u00edqueis de v\u00eddeo criado pela Quickspin, com um tema cl\u00e1ssico de conto de fadas baseado na hist\u00f3ria dos Tr\u00eas Porquinhos. O design do jogo \u00e9 visualmente atraente, com gr\u00e1ficos e anima\u00e7\u00f5es de alta qualidade que d\u00e3o vida aos personagens dos livros de hist\u00f3rias nos rolos. A jogabilidade \u00e9 r\u00e1pida e envolvente, com cinco cilindros e 25 linhas de pagamento, oferecendo in\u00fameras oportunidades de grandes ganhos. Um dos recursos exclusivos do ca\u00e7a-n\u00edqueis Big Bad Wolf s\u00e3o os Swooping Reels, onde combina\u00e7\u00f5es vencedoras desaparecem e novos s\u00edmbolos aparecem, potencialmente criando mais vit\u00f3rias em uma \u00fanica rodada. O jogo tamb\u00e9m inclui uma rodada b\u00f4nus de Giros Gr\u00e1tis, onde os jogadores podem ganhar at\u00e9 20 giros gr\u00e1tis e ativar recursos adicionais, como o recurso &#8220;Blowing Down the House&#8221;, que pode levar a pagamentos ainda mais lucrativos. No geral, o ca\u00e7a-n\u00edqueis Big Bad Wolf \u00e9 um jogo divertido e envolvente que atrai tanto jogadores casuais quanto entusiastas experientes.<\/p>\n<p><img loading=\"lazy\" decoding=\"async\" class=\"aligncenter size-full wp-image-8741\" src=\"https:\/\/rocketplay-new.com\/wp-content\/uploads\/2025\/07\/big-bad-wolf-2.webp\" alt=\"Big Bad Wolf slot machine - Play Slot for Free 2\" width=\"800\" height=\"335\" srcset=\"https:\/\/rocketplay-new.com\/wp-content\/uploads\/2025\/07\/big-bad-wolf-2.webp 800w, https:\/\/rocketplay-new.com\/wp-content\/uploads\/2025\/07\/big-bad-wolf-2-300x126.webp 300w, https:\/\/rocketplay-new.com\/wp-content\/uploads\/2025\/07\/big-bad-wolf-2-768x322.webp 768w\" sizes=\"auto, (max-width: 800px) 100vw, 800px\" \/><\/p>\n<h2>CA\u00c7A-N\u00cdQUEIS BIG BAD WOLF: TEMA, VISUAL E M\u00daSICA<\/h2>\n<p>O ca\u00e7a-n\u00edqueis Big Bad Wolf \u00e9 um jogo online popular inspirado no cl\u00e1ssico conto de fadas dos Tr\u00eas Porquinhos. O tema do jogo gira em torno do infame vil\u00e3o, o Lobo Mau, que tem a miss\u00e3o de destruir as casas dos tr\u00eas porquinhos. O visual do jogo \u00e9 vibrante e envolvente, com gr\u00e1ficos que lembram desenhos animados que d\u00e3o vida \u00e0 hist\u00f3ria. Os rolos t\u00eam como pano de fundo as casas dos porquinhos, com o lobo \u00e0 espreita. Os s\u00edmbolos nos rolos incluem os tr\u00eas porquinhos, o lobo e v\u00e1rios itens relacionados \u00e0 hist\u00f3ria, como palha, gravetos e tijolos. A trilha sonora do jogo \u00e9 animada e exc\u00eantrica, contribuindo para a divers\u00e3o geral e a atmosfera leve do jogo. No geral, o ca\u00e7a-n\u00edqueis Big Bad Wolf \u00e9 um jogo visualmente atraente e divertido que oferece aos jogadores uma experi\u00eancia de jogo \u00fanica e envolvente.<\/p>\n<h2>COMO JOGAR NO CA\u00c7A-N\u00cdQUEIS BIG BAD WOLF<\/h2>\n<p>O Lobo Mau \u00e9 um popular jogo de ca\u00e7a-n\u00edqueis baseado no cl\u00e1ssico conto de fadas dos Tr\u00eas Porquinhos. Para jogar, primeiro voc\u00ea precisa selecionar o valor da sua aposta clicando no bot\u00e3o &#8220;Aposta&#8221;. Depois de escolher o valor da sua aposta, voc\u00ea pode girar as colunas clicando no bot\u00e3o &#8220;Girar&#8221;. O objetivo do jogo \u00e9 combinar s\u00edmbolos para ganhar pr\u00eamios. Os s\u00edmbolos neste jogo incluem os Tr\u00eas Porquinhos, o Lobo Mau e v\u00e1rios outros \u00edcones com tem\u00e1tica de fazenda. Um dos recursos exclusivos deste jogo \u00e9 a rodada b\u00f4nus &#8220;Derrubando a Casa&#8221;, que \u00e9 ativada quando voc\u00ea acerta tr\u00eas ou mais s\u00edmbolos de Lobo nas colunas. Durante esta rodada b\u00f4nus, o Lobo Mau derrubar\u00e1 as casas, revelando pr\u00eamios em dinheiro. No geral, jogar no ca\u00e7a-n\u00edqueis Lobo Mau \u00e9 uma experi\u00eancia divertida e emocionante que pode resultar em grandes vit\u00f3rias para jogadores sortudos.<\/p>\n<div class=\"go-btn-container\"><div class=\"tosh-btn\"><a href=\"\/go-casino\/\" target=\"_blank\" rel=\"noopener\">JOGUE AGORA<\/a><\/div><\/div>\n<h2>CA\u00c7A-N\u00cdQUEIS BIG BAD WOLF: OP\u00c7\u00d5ES DE APOSTAS E POTENCIAL DE GANHO<\/h2>\n<p>O ca\u00e7a-n\u00edqueis Big Bad Wolf \u00e9 um jogo popular que oferece aos jogadores uma variedade de op\u00e7\u00f5es de apostas e o potencial para grandes vit\u00f3rias. Os jogadores podem optar por apostar de alguns centavos a v\u00e1rios d\u00f3lares por rodada, permitindo flexibilidade na quantia que desejam apostar. O jogo apresenta um layout padr\u00e3o com cinco rolos e tr\u00eas linhas, juntamente com 25 linhas de pagamento que oferecem aos jogadores muitas oportunidades de ganhar. O jogo tamb\u00e9m inclui uma s\u00e9rie de recursos de b\u00f4nus, incluindo rodadas gr\u00e1tis e multiplicadores, que podem ajudar os jogadores a aumentar seus ganhos. Com um RTP de cerca de 97%, o ca\u00e7a-n\u00edqueis Big Bad Wolf tem o potencial de oferecer aos jogadores pagamentos impressionantes. No geral, as op\u00e7\u00f5es de apostas e o potencial de ganho do jogo o tornam uma escolha popular tanto para jogadores casuais quanto para grandes apostadores que buscam emo\u00e7\u00e3o e a chance de ganhar muito.<\/p>\n<p><img loading=\"lazy\" decoding=\"async\" class=\"aligncenter size-full wp-image-8732\" src=\"https:\/\/rocketplay-new.com\/wp-content\/uploads\/2025\/07\/big-bad-wolf-1.webp\" alt=\"Big Bad Wolf slot machine - Play Slot for Free\" width=\"800\" height=\"437\" srcset=\"https:\/\/rocketplay-new.com\/wp-content\/uploads\/2025\/07\/big-bad-wolf-1.webp 800w, https:\/\/rocketplay-new.com\/wp-content\/uploads\/2025\/07\/big-bad-wolf-1-300x164.webp 300w, https:\/\/rocketplay-new.com\/wp-content\/uploads\/2025\/07\/big-bad-wolf-1-768x420.webp 768w\" sizes=\"auto, (max-width: 800px) 100vw, 800px\" \/><\/p>\n<h2>PERGUNTAS E RESPOSTAS COMUNS &#8211; CA\u00c7A-N\u00cdQUEIS BIG BAD WOLF<\/h2>\n<p>O ca\u00e7a-n\u00edqueis Big Bad Wolf \u00e9 um jogo popular apreciado por muitos jogadores, tanto em cassinos f\u00edsicos quanto online. Uma d\u00favida comum que os jogadores t\u00eam sobre este jogo \u00e9 como ganhar muito. A chave para ganhar muito no ca\u00e7a-n\u00edqueis Big Bad Wolf \u00e9 ativar as rodadas de b\u00f4nus, que podem resultar em pagamentos substanciais. Outra d\u00favida comum \u00e9 sobre a porcentagem de RTP (Retorno ao Jogador) do jogo. O RTP do ca\u00e7a-n\u00edqueis Big Bad Wolf \u00e9 de cerca de 97,35%, considerado bastante alto em compara\u00e7\u00e3o com outros jogos de ca\u00e7a-n\u00edqueis. Os jogadores tamb\u00e9m costumam perguntar sobre a volatilidade do jogo, que \u00e9 baixa, o que significa que os jogadores podem esperar ganhos mais frequentes, por\u00e9m menores. No geral, o ca\u00e7a-n\u00edqueis Big Bad Wolf \u00e9 um jogo divertido e gratificante que oferece muitas oportunidades para os jogadores ganharem muito.<\/p>\n","protected":false},"excerpt":{"rendered":"<p>O ca\u00e7a-n\u00edqueis Big Bad Wolf \u00e9 um popular jogo de ca\u00e7a-n\u00edqueis online que d\u00e1 vida ao cl\u00e1ssico conto de fadas de uma forma emocionante e envolvente. Os jogadores podem girar os rolos e tentar a sorte para ganhar muito enquanto apreciam os gr\u00e1ficos fant\u00e1sticos e as anima\u00e7\u00f5es divertidas. Com uma variedade de recursos b\u00f4nus e&#8230;<\/p>\n","protected":false},"author":1,"featured_media":6632,"parent":2614,"menu_order":0,"comment_status":"closed","ping_status":"closed","template":"single-no-sidebar.php","meta":{"_acf_changed":false,"_kad_post_transparent":"default","_kad_post_title":"default","_kad_post_layout":"default","_kad_post_sidebar_id":"","_kad_post_content_style":"default","_kad_post_vertical_padding":"default","_kad_post_feature":"","_kad_post_feature_position":"","_kad_post_header":false,"_kad_post_footer":false,"footnotes":""},"class_list":["post-8770","page","type-page","status-publish","has-post-thumbnail","hentry"],"acf":[],"rttpg_featured_image_url":{"full":["https:\/\/rocketplay-new.com\/wp-content\/uploads\/2025\/05\/big-bad-wolf-slot-machine-play-slot-for-free.png",975,697,false],"landscape":["https:\/\/rocketplay-new.com\/wp-content\/uploads\/2025\/05\/big-bad-wolf-slot-machine-play-slot-for-free.png",975,697,false],"portraits":["https:\/\/rocketplay-new.com\/wp-content\/uploads\/2025\/05\/big-bad-wolf-slot-machine-play-slot-for-free.png",975,697,false],"thumbnail":["https:\/\/rocketplay-new.com\/wp-content\/uploads\/2025\/05\/big-bad-wolf-slot-machine-play-slot-for-free-150x150.png",150,150,true],"medium":["https:\/\/rocketplay-new.com\/wp-content\/uploads\/2025\/05\/big-bad-wolf-slot-machine-play-slot-for-free-300x214.png",300,214,true],"large":["https:\/\/rocketplay-new.com\/wp-content\/uploads\/2025\/05\/big-bad-wolf-slot-machine-play-slot-for-free.png",975,697,false],"1536x1536":["https:\/\/rocketplay-new.com\/wp-content\/uploads\/2025\/05\/big-bad-wolf-slot-machine-play-slot-for-free.png",975,697,false],"2048x2048":["https:\/\/rocketplay-new.com\/wp-content\/uploads\/2025\/05\/big-bad-wolf-slot-machine-play-slot-for-free.png",975,697,false],"wppb-medium":["https:\/\/rocketplay-new.com\/wp-content\/uploads\/2025\/05\/big-bad-wolf-slot-machine-play-slot-for-free-600x450.png",600,450,true]},"rttpg_author":{"display_name":"John","author_link":"https:\/\/rocketplay-new.com\/pt-br\/author\/pemvas95n89x\/"},"rttpg_comment":0,"rttpg_category":null,"rttpg_excerpt":"O ca\u00e7a-n\u00edqueis Big Bad Wolf \u00e9 um popular jogo de ca\u00e7a-n\u00edqueis online que d\u00e1 vida ao cl\u00e1ssico conto de fadas de uma forma emocionante e envolvente. Os jogadores podem girar os rolos e tentar a sorte para ganhar muito enquanto apreciam os gr\u00e1ficos fant\u00e1sticos e as anima\u00e7\u00f5es divertidas. Com uma variedade de recursos b\u00f4nus e...","_links":{"self":[{"href":"https:\/\/rocketplay-new.com\/pt-br\/wp-json\/wp\/v2\/pages\/8770","targetHints":{"allow":["GET"]}}],"collection":[{"href":"https:\/\/rocketplay-new.com\/pt-br\/wp-json\/wp\/v2\/pages"}],"about":[{"href":"https:\/\/rocketplay-new.com\/pt-br\/wp-json\/wp\/v2\/types\/page"}],"author":[{"embeddable":true,"href":"https:\/\/rocketplay-new.com\/pt-br\/wp-json\/wp\/v2\/users\/1"}],"replies":[{"embeddable":true,"href":"https:\/\/rocketplay-new.com\/pt-br\/wp-json\/wp\/v2\/comments?post=8770"}],"version-history":[{"count":2,"href":"https:\/\/rocketplay-new.com\/pt-br\/wp-json\/wp\/v2\/pages\/8770\/revisions"}],"predecessor-version":[{"id":8772,"href":"https:\/\/rocketplay-new.com\/pt-br\/wp-json\/wp\/v2\/pages\/8770\/revisions\/8772"}],"up":[{"embeddable":true,"href":"https:\/\/rocketplay-new.com\/pt-br\/wp-json\/wp\/v2\/pages\/2614"}],"wp:featuredmedia":[{"embeddable":true,"href":"https:\/\/rocketplay-new.com\/pt-br\/wp-json\/wp\/v2\/media\/6632"}],"wp:attachment":[{"href":"https:\/\/rocketplay-new.com\/pt-br\/wp-json\/wp\/v2\/media?parent=8770"}],"curies":[{"name":"wp","href":"https:\/\/api.w.org\/{rel}","templated":true}]}}