{"id":8443,"date":"2025-05-28T23:39:01","date_gmt":"2025-05-28T20:39:01","guid":{"rendered":"https:\/\/rocketplay-new.com\/slot-machines\/triple-diamond\/"},"modified":"2025-07-12T01:57:58","modified_gmt":"2025-07-11T22:57:58","slug":"triple-diamond","status":"publish","type":"page","link":"https:\/\/rocketplay-new.com\/pt-br\/slot-machines\/triple-diamond\/","title":{"rendered":"Ca\u00e7a-n\u00edqueis Triple Diamond &#8211; Jogue ca\u00e7a-n\u00edqueis de gra\u00e7a"},"content":{"rendered":"<p>O ca\u00e7a-n\u00edqueis Triple Diamond \u00e9 um jogo cl\u00e1ssico de tr\u00eas cilindros que oferece aos jogadores uma experi\u00eancia de jogo simples, por\u00e9m emocionante. Com seus s\u00edmbolos tradicionais como cerejas, barras e setes, este ca\u00e7a-n\u00edqueis remonta \u00e0 era de ouro dos jogos de ca\u00e7a-n\u00edqueis. Os jogadores podem desfrutar da emo\u00e7\u00e3o de girar os cilindros e tentar conseguir combina\u00e7\u00f5es vencedoras para ganhar grandes pr\u00eamios. E a melhor parte \u00e9 que voc\u00ea pode jogar o ca\u00e7a-n\u00edqueis Triple Diamond gratuitamente online, dando a voc\u00ea a chance de experimentar a emo\u00e7\u00e3o deste jogo ic\u00f4nico sem nenhum risco. Ent\u00e3o, por que n\u00e3o dar uma volta e ver se voc\u00ea consegue ganhar o jackpot?<\/p>\n<div class=\"go-btn-container\"><div class=\"tosh-btn\"><a href=\"\/go-casino\/\" target=\"_blank\" rel=\"noopener\">JOGUE AGORA<\/a><\/div><\/div>\n<h2>VIS\u00c3O GERAL DO CA\u00c7A-N\u00cdQUEIS TRIPLE DIAMOND<\/h2>\n<p>O ca\u00e7a-n\u00edqueis Triple Diamond \u00e9 um jogo cl\u00e1ssico e popular no mundo dos cassinos. Desenvolvido pela IGT, este ca\u00e7a-n\u00edqueis de tr\u00eas cilindros e nove linhas de pagamento apresenta s\u00edmbolos tradicionais como cerejas, barras e setes, bem como o ic\u00f4nico logotipo Triple Diamond. O jogo \u00e9 conhecido por sua simplicidade e altos pagamentos, com o logotipo do Triple Diamond atuando como um s\u00edmbolo curinga e um multiplicador. Quando um s\u00edmbolo do Triple Diamond aparece em uma linha de pagamento, os ganhos do jogador s\u00e3o dobrados, e quando dois s\u00edmbolos do Triple Diamond aparecem em uma linha de pagamento, os ganhos s\u00e3o quadruplicados. Se um jogador tiver a sorte de conseguir tr\u00eas s\u00edmbolos do Triple Diamond em uma linha de pagamento, ele ser\u00e1 recompensado com o pr\u00eamio principal de 1.199 vezes sua aposta inicial. O design retr\u00f4 e a jogabilidade direta do jogo o tornam um favorito entre jogadores de ca\u00e7a-n\u00edqueis iniciantes e experientes. Seja para uma experi\u00eancia de jogo nost\u00e1lgica ou para ganhar muito, o ca\u00e7a-n\u00edqueis Triple Diamond oferece muita emo\u00e7\u00e3o e recompensas potenciais.<\/p>\n<p><img loading=\"lazy\" decoding=\"async\" class=\"aligncenter size-full wp-image-8416\" src=\"https:\/\/rocketplay-new.com\/wp-content\/uploads\/2025\/07\/triple-diamond-2.webp\" alt=\"Triple Diamond 2\" width=\"800\" height=\"447\" srcset=\"https:\/\/rocketplay-new.com\/wp-content\/uploads\/2025\/07\/triple-diamond-2.webp 800w, https:\/\/rocketplay-new.com\/wp-content\/uploads\/2025\/07\/triple-diamond-2-300x168.webp 300w, https:\/\/rocketplay-new.com\/wp-content\/uploads\/2025\/07\/triple-diamond-2-768x429.webp 768w\" sizes=\"auto, (max-width: 800px) 100vw, 800px\" \/><\/p>\n<h2>CA\u00c7A-N\u00cdQUEIS TRIPLE DIAMOND: TEMA, VISUAL E M\u00daSICA<\/h2>\n<p>O ca\u00e7a-n\u00edqueis Triple Diamond \u00e9 um jogo cl\u00e1ssico popular em cassinos h\u00e1 muitos anos. O tema do jogo \u00e9 simples e direto, com s\u00edmbolos como ouros, barras e setes adornando as colunas. O visual do jogo \u00e9 vibrante e colorido, com um toque retr\u00f4 que remete aos tempos das m\u00e1quinas ca\u00e7a-n\u00edqueis tradicionais. Os gr\u00e1ficos s\u00e3o n\u00edtidos e limpos, facilitando a visualiza\u00e7\u00e3o dos s\u00edmbolos e o acompanhamento da jogabilidade. A m\u00fasica do jogo \u00e9 animada e energ\u00e9tica, contribuindo para a emo\u00e7\u00e3o geral de girar as colunas. Os efeitos sonoros tamb\u00e9m s\u00e3o bem-feitos, com jingles e sinos agrad\u00e1veis que sinalizam vit\u00f3rias e b\u00f4nus. No geral, o ca\u00e7a-n\u00edqueis Triple Diamond \u00e9 um jogo divertido e envolvente que oferece uma experi\u00eancia cl\u00e1ssica de cassino com um toque moderno.<\/p>\n<h2>COMO JOGAR NO CA\u00c7A-N\u00cdQUEIS TRIPLE DIAMOND<\/h2>\n<p>Jogar no ca\u00e7a-n\u00edqueis Triple Diamond \u00e9 uma experi\u00eancia emocionante que pode levar a grandes vit\u00f3rias se voc\u00ea souber como jogar corretamente. Para come\u00e7ar, voc\u00ea precisa se familiarizar com a tabela de pagamento, que descreve as diferentes combina\u00e7\u00f5es vencedoras e seus respectivos pagamentos. Em seguida, voc\u00ea precisa decidir em quantas linhas de pagamento deseja apostar e quanto deseja apostar por linha. Quanto mais linhas de pagamento voc\u00ea apostar, maiores ser\u00e3o suas chances de ganhar, mas lembre-se de que isso tamb\u00e9m aumenta o valor total da sua aposta. Depois de definir sua aposta, basta girar os rolos e esperar que os s\u00edmbolos se alinhem em combina\u00e7\u00f5es vencedoras. Fique de olho no s\u00edmbolo Triple Diamond, pois ele atua como um curinga e pode substituir qualquer outro s\u00edmbolo para ajud\u00e1-lo a formar combina\u00e7\u00f5es vencedoras. Com um pouco de sorte e estrat\u00e9gia, voc\u00ea pode estar a caminho de ganhar o jackpot no ca\u00e7a-n\u00edqueis Triple Diamond.<\/p>\n<div class=\"go-btn-container\"><div class=\"tosh-btn\"><a href=\"\/go-casino\/\" target=\"_blank\" rel=\"noopener\">JOGUE AGORA<\/a><\/div><\/div>\n<h2>CA\u00c7A-N\u00cdQUEIS TRIPLE DIAMOND: OP\u00c7\u00d5ES DE APOSTAS E POTENCIAL DE GANHO<\/h2>\n<p>O ca\u00e7a-n\u00edqueis Triple Diamond \u00e9 uma escolha popular entre os jogadores devido ao seu design cl\u00e1ssico e potencial para grandes ganhos. Quando se trata de op\u00e7\u00f5es de apostas, os jogadores t\u00eam uma variedade de op\u00e7\u00f5es para atender \u00e0s suas prefer\u00eancias. O jogo oferece uma variedade de denomina\u00e7\u00f5es de moedas, permitindo que os jogadores apostem desde alguns centavos at\u00e9 v\u00e1rios d\u00f3lares por rodada. O jogo tamb\u00e9m possui um bot\u00e3o de aposta m\u00e1xima para aqueles que desejam apostar o valor m\u00e1ximo poss\u00edvel em cada rodada. Em termos de potencial de ganho, o ca\u00e7a-n\u00edqueis Triple Diamond oferece aos jogadores a chance de ganhar muito com seus s\u00edmbolos de alto valor e recursos de b\u00f4nus. Com tr\u00eas s\u00edmbolos Triple Diamond na linha de pagamento, os jogadores podem ganhar at\u00e9 1.199 vezes sua aposta inicial. Al\u00e9m disso, o jogo inclui um s\u00edmbolo wild que pode substituir qualquer outro s\u00edmbolo nas colunas para criar combina\u00e7\u00f5es vencedoras. No geral, a m\u00e1quina ca\u00e7a-n\u00edqueis Triple Diamond oferece aos jogadores uma experi\u00eancia de jogo emocionante e o potencial de pagamentos significativos.<\/p>\n<p><img loading=\"lazy\" decoding=\"async\" class=\"aligncenter size-full wp-image-8406\" src=\"https:\/\/rocketplay-new.com\/wp-content\/uploads\/2025\/07\/triple-diamond-1.webp\" alt=\"Triple Diamond\" width=\"800\" height=\"433\" srcset=\"https:\/\/rocketplay-new.com\/wp-content\/uploads\/2025\/07\/triple-diamond-1.webp 800w, https:\/\/rocketplay-new.com\/wp-content\/uploads\/2025\/07\/triple-diamond-1-300x162.webp 300w, https:\/\/rocketplay-new.com\/wp-content\/uploads\/2025\/07\/triple-diamond-1-768x416.webp 768w\" sizes=\"auto, (max-width: 800px) 100vw, 800px\" \/><\/p>\n<h2>PERGUNTAS E RESPOSTAS COMUNS &#8211; CA\u00c7A-N\u00cdQUEIS TRIPLE DIAMOND<\/h2>\n<p>O ca\u00e7a-n\u00edqueis Triple Diamond \u00e9 uma escolha popular entre os jogadores de cassino devido ao seu design cl\u00e1ssico e potencial para grandes ganhos. Uma pergunta comum que os jogadores costumam fazer \u00e9 como aumentar suas chances de ganhar nesta m\u00e1quina. Embora n\u00e3o haja uma maneira infal\u00edvel de garantir uma vit\u00f3ria, uma dica \u00e9 apostar o m\u00e1ximo de cr\u00e9ditos para ativar todas as linhas de pagamento e aumentar suas chances de acertar uma combina\u00e7\u00e3o vencedora. Outra d\u00favida comum \u00e9 se h\u00e1 ou n\u00e3o recursos especiais ou rodadas de b\u00f4nus no ca\u00e7a-n\u00edqueis Triple Diamond. Infelizmente, este jogo n\u00e3o possui rodadas de b\u00f4nus ou recursos especiais, mas a simplicidade da jogabilidade \u00e9 parte do seu apelo para muitos jogadores. No geral, o ca\u00e7a-n\u00edqueis Triple Diamond \u00e9 um jogo simples e divertido que oferece o potencial de grandes pr\u00eamios para aqueles que t\u00eam a sorte de ganhar o jackpot.<\/p>\n","protected":false},"excerpt":{"rendered":"<p>O ca\u00e7a-n\u00edqueis Triple Diamond \u00e9 um jogo cl\u00e1ssico de tr\u00eas cilindros que oferece aos jogadores uma experi\u00eancia de jogo simples, por\u00e9m emocionante. Com seus s\u00edmbolos tradicionais como cerejas, barras e setes, este ca\u00e7a-n\u00edqueis remonta \u00e0 era de ouro dos jogos de ca\u00e7a-n\u00edqueis. Os jogadores podem desfrutar da emo\u00e7\u00e3o de girar os cilindros e tentar conseguir&#8230;<\/p>\n","protected":false},"author":1,"featured_media":6458,"parent":2614,"menu_order":0,"comment_status":"closed","ping_status":"closed","template":"","meta":{"_acf_changed":false,"_kad_post_transparent":"default","_kad_post_title":"default","_kad_post_layout":"default","_kad_post_sidebar_id":"","_kad_post_content_style":"default","_kad_post_vertical_padding":"default","_kad_post_feature":"","_kad_post_feature_position":"","_kad_post_header":false,"_kad_post_footer":false,"footnotes":""},"class_list":["post-8443","page","type-page","status-publish","has-post-thumbnail","hentry"],"acf":[],"rttpg_featured_image_url":{"full":["https:\/\/rocketplay-new.com\/wp-content\/uploads\/2025\/05\/triple-diamond-slot-machine-play-slot-for-free.png",1502,682,false],"landscape":["https:\/\/rocketplay-new.com\/wp-content\/uploads\/2025\/05\/triple-diamond-slot-machine-play-slot-for-free.png",1502,682,false],"portraits":["https:\/\/rocketplay-new.com\/wp-content\/uploads\/2025\/05\/triple-diamond-slot-machine-play-slot-for-free.png",1502,682,false],"thumbnail":["https:\/\/rocketplay-new.com\/wp-content\/uploads\/2025\/05\/triple-diamond-slot-machine-play-slot-for-free-150x150.png",150,150,true],"medium":["https:\/\/rocketplay-new.com\/wp-content\/uploads\/2025\/05\/triple-diamond-slot-machine-play-slot-for-free-300x136.png",300,136,true],"large":["https:\/\/rocketplay-new.com\/wp-content\/uploads\/2025\/05\/triple-diamond-slot-machine-play-slot-for-free-1024x465.png",1024,465,true],"1536x1536":["https:\/\/rocketplay-new.com\/wp-content\/uploads\/2025\/05\/triple-diamond-slot-machine-play-slot-for-free.png",1502,682,false],"2048x2048":["https:\/\/rocketplay-new.com\/wp-content\/uploads\/2025\/05\/triple-diamond-slot-machine-play-slot-for-free.png",1502,682,false],"wppb-medium":["https:\/\/rocketplay-new.com\/wp-content\/uploads\/2025\/05\/triple-diamond-slot-machine-play-slot-for-free-600x450.png",600,450,true]},"rttpg_author":{"display_name":"John","author_link":"https:\/\/rocketplay-new.com\/pt-br\/author\/pemvas95n89x\/"},"rttpg_comment":0,"rttpg_category":null,"rttpg_excerpt":"O ca\u00e7a-n\u00edqueis Triple Diamond \u00e9 um jogo cl\u00e1ssico de tr\u00eas cilindros que oferece aos jogadores uma experi\u00eancia de jogo simples, por\u00e9m emocionante. Com seus s\u00edmbolos tradicionais como cerejas, barras e setes, este ca\u00e7a-n\u00edqueis remonta \u00e0 era de ouro dos jogos de ca\u00e7a-n\u00edqueis. Os jogadores podem desfrutar da emo\u00e7\u00e3o de girar os cilindros e tentar conseguir...","_links":{"self":[{"href":"https:\/\/rocketplay-new.com\/pt-br\/wp-json\/wp\/v2\/pages\/8443","targetHints":{"allow":["GET"]}}],"collection":[{"href":"https:\/\/rocketplay-new.com\/pt-br\/wp-json\/wp\/v2\/pages"}],"about":[{"href":"https:\/\/rocketplay-new.com\/pt-br\/wp-json\/wp\/v2\/types\/page"}],"author":[{"embeddable":true,"href":"https:\/\/rocketplay-new.com\/pt-br\/wp-json\/wp\/v2\/users\/1"}],"replies":[{"embeddable":true,"href":"https:\/\/rocketplay-new.com\/pt-br\/wp-json\/wp\/v2\/comments?post=8443"}],"version-history":[{"count":2,"href":"https:\/\/rocketplay-new.com\/pt-br\/wp-json\/wp\/v2\/pages\/8443\/revisions"}],"predecessor-version":[{"id":8446,"href":"https:\/\/rocketplay-new.com\/pt-br\/wp-json\/wp\/v2\/pages\/8443\/revisions\/8446"}],"up":[{"embeddable":true,"href":"https:\/\/rocketplay-new.com\/pt-br\/wp-json\/wp\/v2\/pages\/2614"}],"wp:featuredmedia":[{"embeddable":true,"href":"https:\/\/rocketplay-new.com\/pt-br\/wp-json\/wp\/v2\/media\/6458"}],"wp:attachment":[{"href":"https:\/\/rocketplay-new.com\/pt-br\/wp-json\/wp\/v2\/media?parent=8443"}],"curies":[{"name":"wp","href":"https:\/\/api.w.org\/{rel}","templated":true}]}}