{"id":4471,"date":"2024-01-19T12:21:26","date_gmt":"2024-01-19T09:21:26","guid":{"rendered":"https:\/\/rocketplay-new.com\/responsible-gaming\/"},"modified":"2024-01-19T23:53:27","modified_gmt":"2024-01-19T20:53:27","slug":"responsible-gaming","status":"publish","type":"page","link":"https:\/\/rocketplay-new.com\/pt-br\/responsible-gaming\/","title":{"rendered":"Jogo respons\u00e1vel"},"content":{"rendered":"<p>No emocionante mundo dos cassinos on-line, o RocketPlay se destaca n\u00e3o apenas por seus jogos emocionantes e tecnologia de ponta, mas tamb\u00e9m por seu compromisso inabal\u00e1vel com o jogo respons\u00e1vel. Como uma plataforma respons\u00e1vel e centrada no jogador, o RocketPlay Casino coloca o bem-estar de seus usu\u00e1rios em primeiro plano, garantindo um ambiente de jogo seguro e agrad\u00e1vel para todos. Esta explora\u00e7\u00e3o abrangente investiga os v\u00e1rios aspectos das iniciativas de jogo respons\u00e1vel do RocketPlay, destacando as medidas tomadas para promover uma experi\u00eancia de jogo saud\u00e1vel.<\/p>\n<h2>Pol\u00edticas de Prote\u00e7\u00e3o ao Jogador<\/h2>\n<p>No RocketPlay Casino, a base do jogo respons\u00e1vel est\u00e1 em pol\u00edticas robustas de prote\u00e7\u00e3o ao jogador. A plataforma segue rigorosamente as melhores pr\u00e1ticas do setor e os padr\u00f5es regulat\u00f3rios para proteger seus usu\u00e1rios. Processos rigorosos de verifica\u00e7\u00e3o de idade est\u00e3o em vigor para garantir que apenas indiv\u00edduos com idade legal para jogar tenham acesso \u00e0 plataforma. Essa abordagem meticulosa impede o jogo de menores de idade e promove um espa\u00e7o de jogo seguro e confi\u00e1vel.<\/p>\n<h2>Iniciativas educacionais<\/h2>\n<p>A RocketPlay entende a import\u00e2ncia da tomada de decis\u00f5es informadas quando se trata de jogos de azar on-line. A plataforma vai al\u00e9m, implementando iniciativas educacionais abrangentes para promover a conscientiza\u00e7\u00e3o sobre pr\u00e1ticas de jogo respons\u00e1veis. Por meio de artigos informativos, tutoriais interativos e conte\u00fado envolvente, o RocketPlay capacita seus jogadores com o conhecimento necess\u00e1rio para fazer escolhas respons\u00e1veis. Os t\u00f3picos v\u00e3o desde a compreens\u00e3o dos riscos associados aos jogos de azar at\u00e9 o reconhecimento de sinais de comportamento problem\u00e1tico e a cria\u00e7\u00e3o de uma cultura de jogos informados e respons\u00e1veis.<\/p>\n<h2>Op\u00e7\u00f5es de autoexclus\u00e3o<\/h2>\n<p>Reconhecendo que alguns jogadores podem precisar de uma pausa nos jogos, o RocketPlay Casino oferece op\u00e7\u00f5es de autoexclus\u00e3o. Esse recurso fortalecedor permite que os usu\u00e1rios assumam o controle de seus h\u00e1bitos de jogo, excluindo-se voluntariamente da plataforma por um per\u00edodo espec\u00edfico. Os usu\u00e1rios n\u00e3o podem acessar suas contas durante esse per\u00edodo, refor\u00e7ando a import\u00e2ncia do jogo respons\u00e1vel e incentivando os jogadores a fazer pausas quando necess\u00e1rio. O recurso de autoexclus\u00e3o \u00e9 uma prova da dedica\u00e7\u00e3o da RocketPlay em promover um equil\u00edbrio saud\u00e1vel entre o entretenimento e o jogo respons\u00e1vel.<\/p>\n<h2>Limites de Dep\u00f3sitos e Apostas<\/h2>\n<p>O RocketPlay Casino implementou limites de dep\u00f3sitos e apostas para evitar o jogo excessivo e promover a responsabilidade financeira. Os jogadores podem definir limites personalizados em suas contas, garantindo que eles permane\u00e7am dentro de limites predefinidos. Esses limites podem ser ajustados com base nas prefer\u00eancias individuais, permitindo que os jogadores personalizem sua experi\u00eancia de jogo para se alinharem \u00e0s pr\u00e1ticas respons\u00e1veis. O RocketPlay promove uma experi\u00eancia de jogo sustent\u00e1vel e agrad\u00e1vel, incentivando os usu\u00e1rios a estabelecer limites financeiros.<\/p>\n<h2>Monitoramento e interven\u00e7\u00e3o<\/h2>\n<p>O RocketPlay emprega sistemas avan\u00e7ados de monitoramento para identificar poss\u00edveis sinais de comportamento problem\u00e1tico em rela\u00e7\u00e3o ao jogo. Esses sistemas analisam a atividade do usu\u00e1rio, procurando padr\u00f5es que indiquem jogos excessivos ou h\u00e1bitos pouco saud\u00e1veis. Nos casos em que s\u00e3o detectados sinais de alerta, o cassino interv\u00e9m prontamente, entrando em contato com o jogador para oferecer suporte e recursos. Essa abordagem proativa ressalta o compromisso da RocketPlay em promover uma comunidade de jogadores respons\u00e1veis, onde a assist\u00eancia est\u00e1 prontamente dispon\u00edvel para aqueles que possam precisar dela.<\/p>\n<h2>Colabora\u00e7\u00e3o com Organiza\u00e7\u00f5es de Jogo Respons\u00e1vel<\/h2>\n<p>O RocketPlay Casino colabora ativamente com organiza\u00e7\u00f5es de jogo respons\u00e1veis e renomadas para se manter na vanguarda das melhores pr\u00e1ticas do setor. Ao estabelecer parcerias com entidades dedicadas \u00e0 promo\u00e7\u00e3o do jogo respons\u00e1vel, o RocketPlay garante que suas pol\u00edticas e iniciativas estejam alinhadas com as pesquisas e os padr\u00f5es mais recentes. Esse esfor\u00e7o colaborativo aumenta a capacidade da plataforma de enfrentar os desafios emergentes e fornecer aos usu\u00e1rios, de forma consistente, um ambiente de jogo seguro e respons\u00e1vel.<\/p>\n<h2>Promo\u00e7\u00e3o de publicidade respons\u00e1vel<\/h2>\n<p>Al\u00e9m das medidas internas, o RocketPlay Casino assume a responsabilidade por suas pr\u00e1ticas de publicidade. A plataforma tem o compromisso de promover o jogo respons\u00e1vel em seus materiais de marketing, abstendo-se de usar linguagem enganosa ou sedutora que possa incentivar o jogo excessivo. Ao adotar pr\u00e1ticas \u00e9ticas de publicidade, a RocketPlay visa criar uma representa\u00e7\u00e3o transparente e honesta de sua experi\u00eancia de jogo, alinhando-se com seu compromisso mais amplo com o jogo respons\u00e1vel.<\/p>\n<h2>Engajamento e suporte da comunidade<\/h2>\n<p>A RocketPlay entende que o jogo respons\u00e1vel \u00e9 um esfor\u00e7o coletivo que envolve a plataforma e sua comunidade. O cassino se envolve com seus usu\u00e1rios por meio de f\u00f3runs da comunidade, m\u00eddias sociais e canais de suporte para promover discuss\u00f5es abertas sobre jogos respons\u00e1veis. O RocketPlay incentiva os jogadores a compartilharem suas experi\u00eancias e buscarem assist\u00eancia, criando uma comunidade de apoio e compreens\u00e3o, refor\u00e7ando a import\u00e2ncia do jogo respons\u00e1vel dentro da base de usu\u00e1rios.<\/p>\n<h2>Aperfei\u00e7oamento e inova\u00e7\u00e3o cont\u00ednuos<\/h2>\n<p>O RocketPlay Casino continua dedicado \u00e0 melhoria cont\u00ednua e \u00e0 inova\u00e7\u00e3o em suas iniciativas de jogo respons\u00e1vel \u00e0 medida que o cen\u00e1rio de jogos evolui. A plataforma busca ativamente o feedback de usu\u00e1rios, especialistas e partes interessadas do setor para refinar suas pol\u00edticas e introduzir novos recursos que aumentem a prote\u00e7\u00e3o do jogador. Ao se manter \u00e0 frente das tend\u00eancias e dos desafios emergentes, a RocketPlay garante que sua estrutura de jogo respons\u00e1vel evolua para atender \u00e0s necessidades de mudan\u00e7a de sua base diversificada de jogadores.<\/p>\n<h2>Conclus\u00e3o: Uma experi\u00eancia de jogo mais segura e agrad\u00e1vel<\/h2>\n<p>Concluindo, o compromisso do RocketPlay Casino com o jogo respons\u00e1vel n\u00e3o \u00e9 apenas uma caracter\u00edstica, mas um valor central que molda sua identidade. Ao implementar um conjunto abrangente de medidas, desde pol\u00edticas de prote\u00e7\u00e3o ao jogador at\u00e9 esfor\u00e7os de colabora\u00e7\u00e3o com organiza\u00e7\u00f5es de jogos respons\u00e1veis, o RocketPlay vai al\u00e9m para criar uma experi\u00eancia de jogo mais segura e agrad\u00e1vel. \u00c0 medida que o setor de jogos on-line continua a evoluir, a RocketPlay permanece firme em sua dedica\u00e7\u00e3o \u00e0 promo\u00e7\u00e3o de uma cultura de jogos respons\u00e1veis, na qual os jogadores podem se entregar \u00e0 emo\u00e7\u00e3o do entretenimento do cassino com confian\u00e7a e tranquilidade.<\/p>\n","protected":false},"excerpt":{"rendered":"<p>No emocionante mundo dos cassinos on-line, o RocketPlay se destaca n\u00e3o apenas por seus jogos emocionantes e tecnologia de ponta, mas tamb\u00e9m por seu compromisso inabal\u00e1vel com o jogo respons\u00e1vel. Como uma plataforma respons\u00e1vel e centrada no jogador, o RocketPlay Casino coloca o bem-estar de seus usu\u00e1rios em primeiro plano, garantindo um ambiente de jogo&#8230;<\/p>\n","protected":false},"author":1,"featured_media":0,"parent":0,"menu_order":0,"comment_status":"closed","ping_status":"closed","template":"","meta":{"_acf_changed":false,"_kad_post_transparent":"default","_kad_post_title":"default","_kad_post_layout":"default","_kad_post_sidebar_id":"","_kad_post_content_style":"default","_kad_post_vertical_padding":"default","_kad_post_feature":"","_kad_post_feature_position":"","_kad_post_header":false,"_kad_post_footer":false,"footnotes":""},"class_list":["post-4471","page","type-page","status-publish","hentry"],"acf":[],"rttpg_featured_image_url":null,"rttpg_author":{"display_name":"John","author_link":"https:\/\/rocketplay-new.com\/pt-br\/author\/pemvas95n89x\/"},"rttpg_comment":0,"rttpg_category":null,"rttpg_excerpt":"No emocionante mundo dos cassinos on-line, o RocketPlay se destaca n\u00e3o apenas por seus jogos emocionantes e tecnologia de ponta, mas tamb\u00e9m por seu compromisso inabal\u00e1vel com o jogo respons\u00e1vel. Como uma plataforma respons\u00e1vel e centrada no jogador, o RocketPlay Casino coloca o bem-estar de seus usu\u00e1rios em primeiro plano, garantindo um ambiente de jogo...","_links":{"self":[{"href":"https:\/\/rocketplay-new.com\/pt-br\/wp-json\/wp\/v2\/pages\/4471","targetHints":{"allow":["GET"]}}],"collection":[{"href":"https:\/\/rocketplay-new.com\/pt-br\/wp-json\/wp\/v2\/pages"}],"about":[{"href":"https:\/\/rocketplay-new.com\/pt-br\/wp-json\/wp\/v2\/types\/page"}],"author":[{"embeddable":true,"href":"https:\/\/rocketplay-new.com\/pt-br\/wp-json\/wp\/v2\/users\/1"}],"replies":[{"embeddable":true,"href":"https:\/\/rocketplay-new.com\/pt-br\/wp-json\/wp\/v2\/comments?post=4471"}],"version-history":[{"count":2,"href":"https:\/\/rocketplay-new.com\/pt-br\/wp-json\/wp\/v2\/pages\/4471\/revisions"}],"predecessor-version":[{"id":4473,"href":"https:\/\/rocketplay-new.com\/pt-br\/wp-json\/wp\/v2\/pages\/4471\/revisions\/4473"}],"wp:attachment":[{"href":"https:\/\/rocketplay-new.com\/pt-br\/wp-json\/wp\/v2\/media?parent=4471"}],"curies":[{"name":"wp","href":"https:\/\/api.w.org\/{rel}","templated":true}]}}