{"id":4443,"date":"2024-01-19T13:55:57","date_gmt":"2024-01-19T10:55:57","guid":{"rendered":"https:\/\/rocketplay-new.com\/privacy-policy\/"},"modified":"2024-01-19T23:24:59","modified_gmt":"2024-01-19T20:24:59","slug":"privacy-policy","status":"publish","type":"page","link":"https:\/\/rocketplay-new.com\/pt-br\/privacy-policy\/","title":{"rendered":"Pol\u00edtica de Privacidade"},"content":{"rendered":"<p>Em nossa era digital, a privacidade \u00e9 fundamental e, no RocketPlay Casino, priorizamos a prote\u00e7\u00e3o de suas informa\u00e7\u00f5es pessoais. Esta Pol\u00edtica de Privacidade descreve nosso compromisso com a prote\u00e7\u00e3o de seus dados, garantindo transpar\u00eancia e promovendo a confian\u00e7a entre voc\u00ea e nossa plataforma. Ao se envolver com o RocketPlay Casino, voc\u00ea concorda com as pr\u00e1ticas aqui descritas.<\/p>\n<h2>Nosso Compromisso com sua Privacidade<\/h2>\n<p>No RocketPlay Casino, reconhecemos a import\u00e2ncia da privacidade nos jogos on-line. Esta se\u00e7\u00e3o fornece uma vis\u00e3o geral de nossa dedica\u00e7\u00e3o em proteger seus dados e manter os mais altos padr\u00f5es de confidencialidade.<\/p>\n<h2>Informa\u00e7\u00f5es que coletamos: Alcan\u00e7ando o equil\u00edbrio certo<\/h2>\n<p>Entender os tipos de informa\u00e7\u00f5es que coletamos \u00e9 crucial para a constru\u00e7\u00e3o de um ambiente on-line seguro. O RocketPlay Casino re\u00fane dados para melhorar sua experi\u00eancia de jogo, mas coletamos cuidadosamente apenas as informa\u00e7\u00f5es necess\u00e1rias. Esta se\u00e7\u00e3o detalha as categorias de informa\u00e7\u00f5es que podemos coletar, incluindo detalhes pessoais, informa\u00e7\u00f5es do dispositivo e prefer\u00eancias de jogo.<\/p>\n<h2>Como usamos suas informa\u00e7\u00f5es: Personalizando sua experi\u00eancia<\/h2>\n<p>O RocketPlay Casino utiliza seus dados para personalizar e aprimorar sua experi\u00eancia de jogo. Esta se\u00e7\u00e3o descreve as v\u00e1rias maneiras pelas quais podemos usar suas informa\u00e7\u00f5es, desde o gerenciamento de contas at\u00e9 a otimiza\u00e7\u00e3o de sugest\u00f5es de jogos. Fique tranquilo, pois seus dados s\u00e3o usados de forma respons\u00e1vel e de acordo com as normas legais.<\/p>\n<h2>Seguran\u00e7a de dados: Fortalecendo suas informa\u00e7\u00f5es<\/h2>\n<p>A prote\u00e7\u00e3o de suas informa\u00e7\u00f5es \u00e9 uma prioridade m\u00e1xima no RocketPlay Casino. Esta se\u00e7\u00e3o aborda as medidas de seguran\u00e7a que empregamos para proteger seus dados contra acesso, divulga\u00e7\u00e3o ou altera\u00e7\u00e3o n\u00e3o autorizados. Nosso uso de criptografia, tecnologia de camada de soquete seguro e auditorias de seguran\u00e7a regulares demonstram nosso compromisso inabal\u00e1vel com sua privacidade.<\/p>\n<h2>Compartilhamento de suas informa\u00e7\u00f5es: A transpar\u00eancia \u00e9 fundamental<\/h2>\n<p>Embora tomemos medidas para proteger suas informa\u00e7\u00f5es, h\u00e1 casos em que o compartilhamento \u00e9 necess\u00e1rio para a opera\u00e7\u00e3o cont\u00ednua do RocketPlay Casino. Esta se\u00e7\u00e3o detalha as circunst\u00e2ncias em que podemos compartilhar seus dados com terceiros, garantindo que isso seja feito de forma respons\u00e1vel e em conformidade com as leis aplic\u00e1veis.<\/p>\n<h2>Suas escolhas e controle: Dando poder \u00e0 sua privacidade<\/h2>\n<p>O RocketPlay Casino acredita em coloc\u00e1-lo no controle de seus dados. Esta se\u00e7\u00e3o descreve suas escolhas em rela\u00e7\u00e3o \u00e0s informa\u00e7\u00f5es fornecidas e como elas s\u00e3o usadas. Desde as configura\u00e7\u00f5es da conta at\u00e9 as prefer\u00eancias de comunica\u00e7\u00e3o, n\u00f3s o capacitamos a adaptar sua experi\u00eancia de acordo com suas prefer\u00eancias de privacidade.<\/p>\n<h2>Cookies e tecnologias de rastreamento: Aprimoramento da experi\u00eancia do usu\u00e1rio<\/h2>\n<p>Os cookies e as tecnologias de rastreamento desempenham um papel importante na otimiza\u00e7\u00e3o de sua intera\u00e7\u00e3o com o RocketPlay Casino. Esta se\u00e7\u00e3o elucida nosso uso dessas ferramentas, explicando como elas o beneficiam, melhorando a funcionalidade do site, personalizando o conte\u00fado e facilitando uma experi\u00eancia de jogo mais agrad\u00e1vel.<\/p>\n<h2>Transfer\u00eancias internacionais de dados: Garantia de conformidade global<\/h2>\n<p>Como uma plataforma on-line, o RocketPlay Casino pode transferir seus dados internacionalmente. Esta se\u00e7\u00e3o aborda como navegamos em transfer\u00eancias de dados internacionais, enfatizando nosso compromisso com a conformidade com as leis de prote\u00e7\u00e3o de dados relevantes e garantindo que suas informa\u00e7\u00f5es permane\u00e7am seguras, independentemente do local.<\/p>\n<h2>Privacidade das Crian\u00e7as: Uma considera\u00e7\u00e3o especial<\/h2>\n<p>O RocketPlay Casino \u00e9 destinado a adultos, e n\u00e3o coletamos intencionalmente informa\u00e7\u00f5es de indiv\u00edduos abaixo da idade legal para jogar. Esta se\u00e7\u00e3o detalha nossos esfor\u00e7os para proteger a privacidade das crian\u00e7as e incentiva pr\u00e1ticas de jogo respons\u00e1veis.<\/p>\n<h2>Altera\u00e7\u00f5es na Pol\u00edtica de Privacidade: Mantendo voc\u00ea informado<\/h2>\n<p>O RocketPlay Casino est\u00e1 comprometido com a transpar\u00eancia, e esta se\u00e7\u00e3o explica como comunicamos as mudan\u00e7as em nossa Pol\u00edtica de Privacidade. Atualiza\u00e7\u00f5es regulares garantem que voc\u00ea esteja sempre informado sobre como seus dados s\u00e3o tratados e permitem que voc\u00ea revise e ajuste suas configura\u00e7\u00f5es de privacidade de acordo.<\/p>\n<h2>Entre em contato conosco: Seu feedback \u00e9 importante<\/h2>\n<p>Seu feedback \u00e9 de grande import\u00e2ncia para o RocketPlay Casino. Esta se\u00e7\u00e3o fornece informa\u00e7\u00f5es sobre como entrar em contato conosco com perguntas, preocupa\u00e7\u00f5es ou solicita\u00e7\u00f5es relacionadas \u00e0 sua privacidade. N\u00f3s agradecemos a comunica\u00e7\u00e3o aberta e nos dedicamos a responder suas perguntas de forma r\u00e1pida e eficaz.<\/p>\n<h2>Sua Confian\u00e7a, Nossa Prioridade<\/h2>\n<p>Em conclus\u00e3o, o RocketPlay Casino valoriza a sua privacidade e est\u00e1 comprometido em promover um ambiente de jogo seguro e confi\u00e1vel. Ao priorizar a transpar\u00eancia, empregar medidas de seguran\u00e7a robustas e coloc\u00e1-lo no controle de seus dados, pretendemos construir um relacionamento duradouro baseado na confian\u00e7a e no respeito m\u00fatuo. Obrigado por escolher o RocketPlay Casino, onde sua privacidade \u00e9 nossa prioridade.<\/p>\n","protected":false},"excerpt":{"rendered":"<p>Em nossa era digital, a privacidade \u00e9 fundamental e, no RocketPlay Casino, priorizamos a prote\u00e7\u00e3o de suas informa\u00e7\u00f5es pessoais. Esta Pol\u00edtica de Privacidade descreve nosso compromisso com a prote\u00e7\u00e3o de seus dados, garantindo transpar\u00eancia e promovendo a confian\u00e7a entre voc\u00ea e nossa plataforma. Ao se envolver com o RocketPlay Casino, voc\u00ea concorda com as pr\u00e1ticas&#8230;<\/p>\n","protected":false},"author":1,"featured_media":0,"parent":0,"menu_order":0,"comment_status":"closed","ping_status":"closed","template":"","meta":{"_acf_changed":false,"_kad_post_transparent":"default","_kad_post_title":"default","_kad_post_layout":"default","_kad_post_sidebar_id":"","_kad_post_content_style":"default","_kad_post_vertical_padding":"default","_kad_post_feature":"","_kad_post_feature_position":"","_kad_post_header":false,"_kad_post_footer":false,"footnotes":""},"class_list":["post-4443","page","type-page","status-publish","hentry"],"acf":[],"rttpg_featured_image_url":null,"rttpg_author":{"display_name":"John","author_link":"https:\/\/rocketplay-new.com\/pt-br\/author\/pemvas95n89x\/"},"rttpg_comment":0,"rttpg_category":null,"rttpg_excerpt":"Em nossa era digital, a privacidade \u00e9 fundamental e, no RocketPlay Casino, priorizamos a prote\u00e7\u00e3o de suas informa\u00e7\u00f5es pessoais. Esta Pol\u00edtica de Privacidade descreve nosso compromisso com a prote\u00e7\u00e3o de seus dados, garantindo transpar\u00eancia e promovendo a confian\u00e7a entre voc\u00ea e nossa plataforma. Ao se envolver com o RocketPlay Casino, voc\u00ea concorda com as pr\u00e1ticas...","_links":{"self":[{"href":"https:\/\/rocketplay-new.com\/pt-br\/wp-json\/wp\/v2\/pages\/4443","targetHints":{"allow":["GET"]}}],"collection":[{"href":"https:\/\/rocketplay-new.com\/pt-br\/wp-json\/wp\/v2\/pages"}],"about":[{"href":"https:\/\/rocketplay-new.com\/pt-br\/wp-json\/wp\/v2\/types\/page"}],"author":[{"embeddable":true,"href":"https:\/\/rocketplay-new.com\/pt-br\/wp-json\/wp\/v2\/users\/1"}],"replies":[{"embeddable":true,"href":"https:\/\/rocketplay-new.com\/pt-br\/wp-json\/wp\/v2\/comments?post=4443"}],"version-history":[{"count":1,"href":"https:\/\/rocketplay-new.com\/pt-br\/wp-json\/wp\/v2\/pages\/4443\/revisions"}],"predecessor-version":[{"id":4444,"href":"https:\/\/rocketplay-new.com\/pt-br\/wp-json\/wp\/v2\/pages\/4443\/revisions\/4444"}],"wp:attachment":[{"href":"https:\/\/rocketplay-new.com\/pt-br\/wp-json\/wp\/v2\/media?parent=4443"}],"curies":[{"name":"wp","href":"https:\/\/api.w.org\/{rel}","templated":true}]}}