{"id":4388,"date":"2024-01-19T14:07:26","date_gmt":"2024-01-19T11:07:26","guid":{"rendered":"https:\/\/rocketplay-new.com\/gdpr-policy\/"},"modified":"2024-01-19T22:38:30","modified_gmt":"2024-01-19T19:38:30","slug":"gdpr-policy","status":"publish","type":"page","link":"https:\/\/rocketplay-new.com\/pt-br\/gdpr-policy\/","title":{"rendered":"Pol\u00edtica de GDPR"},"content":{"rendered":"<p>Na era do entretenimento digital, o RocketPlay Casino reconhece a import\u00e2ncia primordial de proteger sua privacidade. Nossa pol\u00edtica de GDPR (Regulamento Geral de Prote\u00e7\u00e3o de Dados) resume nosso compromisso com a transpar\u00eancia e a seguran\u00e7a dos dados. Essa estrutura abrangente garante que suas informa\u00e7\u00f5es pessoais sejam tratadas com cuidado e cumpram rigorosamente os padr\u00f5es internacionais de prote\u00e7\u00e3o de dados.<\/p>\n<h2>Prote\u00e7\u00e3o de dados na esfera do jogo<\/h2>\n<p>O RocketPlay Casino n\u00e3o \u00e9 apenas uma plataforma para jogos; \u00e9 uma comunidade constru\u00edda com base na confian\u00e7a. Nossa pol\u00edtica de GDPR \u00e9 uma prova de nossa dedica\u00e7\u00e3o em proteger a privacidade em um mundo cada vez mais interconectado. Entendemos a import\u00e2ncia de suas informa\u00e7\u00f5es pessoais e estamos comprometidos em garantir que seus dados sejam processados de forma respons\u00e1vel.<\/p>\n<h2>Escopo da pol\u00edtica do GDPR: O que ela abrange?<\/h2>\n<p>Nossa pol\u00edtica de GDPR se estende a todos os aspectos das opera\u00e7\u00f5es do RocketPlay Casino, abrangendo a coleta, o processamento, o armazenamento e o compartilhamento de dados pessoais. Isso inclui informa\u00e7\u00f5es obtidas durante o registro da conta, jogabilidade, transa\u00e7\u00f5es financeiras e outras intera\u00e7\u00f5es com nossa plataforma. Somos transparentes quanto aos dados que coletamos e os utilizamos apenas para fins leg\u00edtimos descritos nesta pol\u00edtica.<\/p>\n<h2>Base legal para o processamento de dados: Seu consentimento \u00e9 importante<\/h2>\n<p>O RocketPlay Casino adere ao princ\u00edpio da legalidade no processamento de dados. Garantimos que seus dados sejam processados somente com uma base legal v\u00e1lida. Na maioria dos casos, essa base legal \u00e9 o seu consentimento expl\u00edcito, que voc\u00ea fornece ao registrar uma conta ou se envolver com nossos servi\u00e7os. Voc\u00ea tem o direito de retirar seu consentimento a qualquer momento, e fazemos com que esse processo seja t\u00e3o simples quanto o consentimento inicial.<\/p>\n<h2>Informa\u00e7\u00f5es que coletamos: Equil\u00edbrio entre relev\u00e2ncia e necessidade<\/h2>\n<p>Para aprimorar sua experi\u00eancia de jogo e fornecer servi\u00e7os personalizados, coletamos informa\u00e7\u00f5es espec\u00edficas, como seu nome, endere\u00e7o de e-mail e detalhes de pagamento. No entanto, limitamos a coleta de dados ao que \u00e9 estritamente necess\u00e1rio para esses fins. Fique tranquilo, o RocketPlay Casino n\u00e3o processa dados excessivos ou irrelevantes.<\/p>\n<h2>Seguran\u00e7a de dados: Fortificando sua fortaleza digital<\/h2>\n<p>A seguran\u00e7a est\u00e1 na vanguarda de nossas opera\u00e7\u00f5es. O RocketPlay Casino emprega medidas de seguran\u00e7a de \u00faltima gera\u00e7\u00e3o para proteger seus dados contra acesso n\u00e3o autorizado, divulga\u00e7\u00e3o, altera\u00e7\u00e3o e destrui\u00e7\u00e3o. Nosso compromisso com a sua privacidade inclui auditorias de seguran\u00e7a regulares, protocolos de criptografia e controles de acesso rigorosos, garantindo que suas informa\u00e7\u00f5es permane\u00e7am confidenciais e seguras.<\/p>\n<h2>Parcerias com terceiros: Garantindo a prote\u00e7\u00e3o de dados al\u00e9m de nossos muros<\/h2>\n<p>O RocketPlay Casino \u00e0s vezes colabora com provedores de servi\u00e7os terceirizados para melhorar nossas ofertas. Quando essas parcerias envolvem o processamento de dados pessoais, garantimos que essas entidades sigam os mesmos padr\u00f5es rigorosos de prote\u00e7\u00e3o de dados. Firmamos acordos com eles para garantir que sua privacidade seja respeitada e mantida mesmo al\u00e9m das fronteiras de nossa plataforma.<\/p>\n<h2>Reten\u00e7\u00e3o de dados: Equil\u00edbrio entre a necessidade e o respeito por suas escolhas<\/h2>\n<p>Retemos seus dados somente pelo tempo necess\u00e1rio para cumprir as finalidades para as quais foram coletados. Caso opte por desativar sua conta ou retirar seu consentimento, o RocketPlay Casino excluir\u00e1 imediatamente ou tornar\u00e1 an\u00f4nimos seus dados, a menos que a reten\u00e7\u00e3o seja exigida por lei ou necess\u00e1ria para fins comerciais leg\u00edtimos.<\/p>\n<h2>Seus direitos sob o GDPR: Capacitando-o com controle<\/h2>\n<p>O RocketPlay Casino est\u00e1 comprometido em dar a voc\u00ea o controle sobre seus dados. De acordo com o GDPR, voc\u00ea pode acessar, retificar ou apagar suas informa\u00e7\u00f5es. Voc\u00ea tamb\u00e9m pode se opor a determinados tipos de processamento e solicitar a portabilidade de seus dados. Nossa interface amig\u00e1vel e o suporte ao cliente responsivo facilitam o exerc\u00edcio desses direitos.<\/p>\n<h2>Resposta a viola\u00e7\u00f5es de dados: A\u00e7\u00e3o r\u00e1pida e transparente<\/h2>\n<p>No infeliz evento de uma viola\u00e7\u00e3o de dados, o RocketPlay Casino estabeleceu protocolos para responder de forma r\u00e1pida e transparente. Notificaremos voc\u00ea e as autoridades relevantes prontamente, descrevendo a natureza da viola\u00e7\u00e3o e as medidas tomadas para mitigar seu impacto. Nosso compromisso n\u00e3o \u00e9 apenas evitar viola\u00e7\u00f5es, mas tamb\u00e9m lidar com elas de forma respons\u00e1vel, caso ocorram.<\/p>\n<h2>Privacidade das crian\u00e7as: Uma considera\u00e7\u00e3o especial<\/h2>\n<p>O RocketPlay Casino foi projetado para entretenimento adulto, e n\u00e3o coletamos ou processamos intencionalmente dados pessoais de indiv\u00edduos menores de 18 anos. Se voc\u00ea \u00e9 pai ou respons\u00e1vel e sabe que seu filho nos forneceu informa\u00e7\u00f5es sem o seu consentimento, entre em contato conosco e tomaremos as medidas adequadas para corrigir a situa\u00e7\u00e3o.<\/p>\n<h2>Atualiza\u00e7\u00f5es de pol\u00edticas: Crescendo de forma respons\u00e1vel com os avan\u00e7os tecnol\u00f3gicos<\/h2>\n<p>\u00c0 medida que a tecnologia evolui, tamb\u00e9m evolui nosso compromisso com a prote\u00e7\u00e3o de dados. O RocketPlay Casino se compromete a revisar e atualizar regularmente nossa pol\u00edtica de GDPR para refletir as mudan\u00e7as tecnol\u00f3gicas, os requisitos legais e o feedback dos usu\u00e1rios. Incentivamos voc\u00ea a revisitar esta pol\u00edtica periodicamente para se manter informado sobre como protegemos sua privacidade.<\/p>\n<h2>Uma responsabilidade compartilhada para um playground digital seguro<\/h2>\n<p>A pol\u00edtica de GDPR do RocketPlay Casino n\u00e3o \u00e9 apenas um conjunto de regras; \u00e9 um pacto. Ela representa nosso compromisso de criar um playground digital onde voc\u00ea pode explorar, se envolver e ganhar, tudo isso com a garantia de que sua privacidade \u00e9 fundamental. \u00c0 medida que continuamos a inovar e crescer, nossa pol\u00edtica de GDPR evoluir\u00e1 para enfrentar os desafios do cen\u00e1rio digital, garantindo que o RocketPlay Casino continue sendo um destino confi\u00e1vel e seguro para os entusiastas de jogos em todo o mundo.<\/p>\n","protected":false},"excerpt":{"rendered":"<p>Na era do entretenimento digital, o RocketPlay Casino reconhece a import\u00e2ncia primordial de proteger sua privacidade. Nossa pol\u00edtica de GDPR (Regulamento Geral de Prote\u00e7\u00e3o de Dados) resume nosso compromisso com a transpar\u00eancia e a seguran\u00e7a dos dados. Essa estrutura abrangente garante que suas informa\u00e7\u00f5es pessoais sejam tratadas com cuidado e cumpram rigorosamente os padr\u00f5es internacionais&#8230;<\/p>\n","protected":false},"author":1,"featured_media":0,"parent":0,"menu_order":0,"comment_status":"closed","ping_status":"closed","template":"","meta":{"_acf_changed":false,"_kad_post_transparent":"default","_kad_post_title":"default","_kad_post_layout":"default","_kad_post_sidebar_id":"","_kad_post_content_style":"default","_kad_post_vertical_padding":"default","_kad_post_feature":"","_kad_post_feature_position":"","_kad_post_header":false,"_kad_post_footer":false,"footnotes":""},"class_list":["post-4388","page","type-page","status-publish","hentry"],"acf":[],"rttpg_featured_image_url":null,"rttpg_author":{"display_name":"John","author_link":"https:\/\/rocketplay-new.com\/pt-br\/author\/pemvas95n89x\/"},"rttpg_comment":0,"rttpg_category":null,"rttpg_excerpt":"Na era do entretenimento digital, o RocketPlay Casino reconhece a import\u00e2ncia primordial de proteger sua privacidade. Nossa pol\u00edtica de GDPR (Regulamento Geral de Prote\u00e7\u00e3o de Dados) resume nosso compromisso com a transpar\u00eancia e a seguran\u00e7a dos dados. Essa estrutura abrangente garante que suas informa\u00e7\u00f5es pessoais sejam tratadas com cuidado e cumpram rigorosamente os padr\u00f5es internacionais...","_links":{"self":[{"href":"https:\/\/rocketplay-new.com\/pt-br\/wp-json\/wp\/v2\/pages\/4388","targetHints":{"allow":["GET"]}}],"collection":[{"href":"https:\/\/rocketplay-new.com\/pt-br\/wp-json\/wp\/v2\/pages"}],"about":[{"href":"https:\/\/rocketplay-new.com\/pt-br\/wp-json\/wp\/v2\/types\/page"}],"author":[{"embeddable":true,"href":"https:\/\/rocketplay-new.com\/pt-br\/wp-json\/wp\/v2\/users\/1"}],"replies":[{"embeddable":true,"href":"https:\/\/rocketplay-new.com\/pt-br\/wp-json\/wp\/v2\/comments?post=4388"}],"version-history":[{"count":2,"href":"https:\/\/rocketplay-new.com\/pt-br\/wp-json\/wp\/v2\/pages\/4388\/revisions"}],"predecessor-version":[{"id":4390,"href":"https:\/\/rocketplay-new.com\/pt-br\/wp-json\/wp\/v2\/pages\/4388\/revisions\/4390"}],"wp:attachment":[{"href":"https:\/\/rocketplay-new.com\/pt-br\/wp-json\/wp\/v2\/media?parent=4388"}],"curies":[{"name":"wp","href":"https:\/\/api.w.org\/{rel}","templated":true}]}}