{"id":4344,"date":"2024-01-19T11:58:54","date_gmt":"2024-01-19T08:58:54","guid":{"rendered":"https:\/\/rocketplay-new.com\/contact-us\/"},"modified":"2024-01-19T22:03:08","modified_gmt":"2024-01-19T19:03:08","slug":"contact-us","status":"publish","type":"page","link":"https:\/\/rocketplay-new.com\/pt-br\/contact-us\/","title":{"rendered":"Entre em contato conosco"},"content":{"rendered":"<p>Embarque em uma jornada de atendimento superior ao cliente com o RocketPlay Casino, onde sua satisfa\u00e7\u00e3o \u00e9 nossa prioridade. Nossa p\u00e1gina Fale Conosco foi meticulosamente projetada para fornecer acesso f\u00e1cil \u00e0 assist\u00eancia, garantindo que sua experi\u00eancia de jogo com o RocketPlay permane\u00e7a estelar.<\/p>\n<h2>Conecte-se instantaneamente: Suporte por Chat ao Vivo<\/h2>\n<p>O RocketPlay Casino entende o valor da assist\u00eancia em tempo real, e \u00e9 por isso que nosso suporte por bate-papo ao vivo est\u00e1 dispon\u00edvel 24 horas por dia, 7 dias por semana. Se tiver d\u00favidas sobre jogos espec\u00edficos, precisar de ajuda com sua conta ou quiser compartilhar seus coment\u00e1rios, nossa equipe de suporte experiente e amig\u00e1vel est\u00e1 pronta para interagir com voc\u00ea instantaneamente. Melhore sua experi\u00eancia de jogo resolvendo d\u00favidas em tempo real, garantindo uma jogabilidade ininterrupta.<\/p>\n<h2>Suporte por e-mail: Solu\u00e7\u00f5es detalhadas na ponta de seus dedos<\/h2>\n<p>Para consultas mais abrangentes ou se voc\u00ea preferir uma comunica\u00e7\u00e3o por escrito, o RocketPlay Casino oferece suporte por e-mail. Envie-nos uma mensagem para support@rocketplaycasino.com e nossa equipe dedicada lhe fornecer\u00e1 uma resposta r\u00e1pida e detalhada. Damos prioridade a solu\u00e7\u00f5es completas, abordando cada aspecto de sua preocupa\u00e7\u00e3o com precis\u00e3o e cuidado. Sua satisfa\u00e7\u00e3o \u00e9 nosso compromisso, e nosso suporte por e-mail garante que suas perguntas sejam respondidas de forma abrangente.<\/p>\n<h2>Suporte por telefone: Uma abordagem personalizada<\/h2>\n<p>\u00c0s vezes, ouvir uma voz amig\u00e1vel pode fazer toda a diferen\u00e7a. O RocketPlay Casino oferece suporte telef\u00f4nico por meio de nossa linha direta dedicada no n\u00famero 1-800-ROCKET-1. Conecte-se diretamente com nossos agentes de suporte, prontos para ajud\u00e1-lo com qualquer d\u00favida ou preocupa\u00e7\u00e3o. Nosso objetivo \u00e9 dar um toque pessoal \u00e0 sua experi\u00eancia de atendimento ao cliente, fazendo com que voc\u00ea se sinta valorizado e ouvido. Ao escolher o suporte por telefone, voc\u00ea est\u00e1 selecionando uma linha direta para a excel\u00eancia.<\/p>\n<h2>FAQs: Navegando pelo universo de informa\u00e7\u00f5es<\/h2>\n<p>Explore a abrangente se\u00e7\u00e3o de Perguntas Frequentes (FAQs) do RocketPlay Casino antes de entrar em contato com a nossa equipe de suporte. Esse recurso inestim\u00e1vel abrange v\u00e1rios t\u00f3picos, desde o gerenciamento da conta at\u00e9 as regras do jogo. Navegue por problemas comuns com facilidade, pois nossas Perguntas Frequentes fornecem solu\u00e7\u00f5es passo a passo. \u00c9 a sua fonte de respostas r\u00e1pidas 24 horas por dia, 7 dias por semana, garantindo que voc\u00ea possa resolver as d\u00favidas de forma independente e eficiente.<\/p>\n<h2>Seu feedback \u00e9 importante: Informando problemas e sugest\u00f5es<\/h2>\n<p>O RocketPlay Casino valoriza a melhoria cont\u00ednua, e seu feedback \u00e9 crucial para aprimorar nossa experi\u00eancia de jogo. Se voc\u00ea encontrar algum problema ou tiver sugest\u00f5es de melhoria, recomendamos que voc\u00ea as relate por meio de nossos canais dedicados.<\/p>\n<h2>Relatar um Bug: Ajudando-nos a garantir lan\u00e7amentos sem problemas<\/h2>\n<p>Se voc\u00ea se deparar com falhas t\u00e9cnicas ou bugs durante sua jornada de jogo, informe-nos. Sua vigil\u00e2ncia nos ajuda a garantir lan\u00e7amentos sem problemas e a manter o alto padr\u00e3o de qualidade que o RocketPlay Casino se compromete a oferecer.<\/p>\n<p>Entre em contato com o RocketPlay Casino hoje mesmo &#8211; a sua porta de entrada para um suporte incompar\u00e1vel e uma experi\u00eancia de jogo de alto n\u00edvel.<\/p>\n","protected":false},"excerpt":{"rendered":"<p>Embarque em uma jornada de atendimento superior ao cliente com o RocketPlay Casino, onde sua satisfa\u00e7\u00e3o \u00e9 nossa prioridade. Nossa p\u00e1gina Fale Conosco foi meticulosamente projetada para fornecer acesso f\u00e1cil \u00e0 assist\u00eancia, garantindo que sua experi\u00eancia de jogo com o RocketPlay permane\u00e7a estelar. Conecte-se instantaneamente: Suporte por Chat ao Vivo O RocketPlay Casino entende o&#8230;<\/p>\n","protected":false},"author":1,"featured_media":0,"parent":0,"menu_order":0,"comment_status":"closed","ping_status":"closed","template":"","meta":{"_acf_changed":false,"_kad_post_transparent":"default","_kad_post_title":"default","_kad_post_layout":"default","_kad_post_sidebar_id":"","_kad_post_content_style":"default","_kad_post_vertical_padding":"default","_kad_post_feature":"","_kad_post_feature_position":"","_kad_post_header":false,"_kad_post_footer":false,"footnotes":""},"class_list":["post-4344","page","type-page","status-publish","hentry"],"acf":[],"rttpg_featured_image_url":null,"rttpg_author":{"display_name":"John","author_link":"https:\/\/rocketplay-new.com\/pt-br\/author\/pemvas95n89x\/"},"rttpg_comment":0,"rttpg_category":null,"rttpg_excerpt":"Embarque em uma jornada de atendimento superior ao cliente com o RocketPlay Casino, onde sua satisfa\u00e7\u00e3o \u00e9 nossa prioridade. Nossa p\u00e1gina Fale Conosco foi meticulosamente projetada para fornecer acesso f\u00e1cil \u00e0 assist\u00eancia, garantindo que sua experi\u00eancia de jogo com o RocketPlay permane\u00e7a estelar. Conecte-se instantaneamente: Suporte por Chat ao Vivo O RocketPlay Casino entende o...","_links":{"self":[{"href":"https:\/\/rocketplay-new.com\/pt-br\/wp-json\/wp\/v2\/pages\/4344","targetHints":{"allow":["GET"]}}],"collection":[{"href":"https:\/\/rocketplay-new.com\/pt-br\/wp-json\/wp\/v2\/pages"}],"about":[{"href":"https:\/\/rocketplay-new.com\/pt-br\/wp-json\/wp\/v2\/types\/page"}],"author":[{"embeddable":true,"href":"https:\/\/rocketplay-new.com\/pt-br\/wp-json\/wp\/v2\/users\/1"}],"replies":[{"embeddable":true,"href":"https:\/\/rocketplay-new.com\/pt-br\/wp-json\/wp\/v2\/comments?post=4344"}],"version-history":[{"count":1,"href":"https:\/\/rocketplay-new.com\/pt-br\/wp-json\/wp\/v2\/pages\/4344\/revisions"}],"predecessor-version":[{"id":4345,"href":"https:\/\/rocketplay-new.com\/pt-br\/wp-json\/wp\/v2\/pages\/4344\/revisions\/4345"}],"wp:attachment":[{"href":"https:\/\/rocketplay-new.com\/pt-br\/wp-json\/wp\/v2\/media?parent=4344"}],"curies":[{"name":"wp","href":"https:\/\/api.w.org\/{rel}","templated":true}]}}