{"id":4306,"date":"2024-01-19T14:17:15","date_gmt":"2024-01-19T11:17:15","guid":{"rendered":"https:\/\/rocketplay-new.com\/aml-policy\/"},"modified":"2024-01-19T21:36:47","modified_gmt":"2024-01-19T18:36:47","slug":"aml-policy","status":"publish","type":"page","link":"https:\/\/rocketplay-new.com\/pt-br\/aml-policy\/","title":{"rendered":"Pol\u00edtica AML"},"content":{"rendered":"<p>No din\u00e2mico mundo dos cassinos on-line, a seguran\u00e7a e a transpar\u00eancia s\u00e3o os pilares de uma experi\u00eancia de jogo confi\u00e1vel. O RocketPlay Casino reconhece a import\u00e2ncia primordial de proteger seus jogadores e manter a integridade de sua plataforma. A implementa\u00e7\u00e3o de uma pol\u00edtica robusta de combate \u00e0 lavagem de dinheiro (AML) \u00e9 crucial para esse compromisso. Essa pol\u00edtica est\u00e1 alinhada com os requisitos legais e vai al\u00e9m para criar um ambiente de jogo seguro e justo para todos os participantes.<\/p>\n<h2>Introdu\u00e7\u00e3o \u00e0 Pol\u00edtica AML do RocketPlay Casino<\/h2>\n<p>O RocketPlay Casino valoriza a integridade e o jogo limpo, e sua pol\u00edtica AML \u00e9 um baluarte contra atividades financeiras il\u00edcitas. A pol\u00edtica de AML \u00e9 projetada para detectar e prevenir quaisquer tentativas de lavagem de dinheiro, garantindo que a plataforma permane\u00e7a imaculada por irregularidades financeiras.<\/p>\n<h2>Conformidade com padr\u00f5es regulat\u00f3rios<\/h2>\n<p>Para fortalecer seu compromisso com a integridade, o RocketPlay Casino adere estritamente a todos os padr\u00f5es e requisitos regulat\u00f3rios relevantes. A pol\u00edtica de AML \u00e9 atualizada regularmente para se alinhar com as estruturas legais mais recentes, refletindo a dedica\u00e7\u00e3o do cassino em se manter \u00e0 frente do cen\u00e1rio em constante evolu\u00e7\u00e3o das regulamenta\u00e7\u00f5es de jogos on-line.<\/p>\n<h2>Procedimentos para conhecer seu cliente (KYC)<\/h2>\n<p>O RocketPlay Casino emprega procedimentos KYC rigorosos como parte integrante de sua estrutura AML. Antes que um jogador possa se envolver totalmente na experi\u00eancia de jogo, ele deve passar por um processo de verifica\u00e7\u00e3o completo. Esse processo envolve a apresenta\u00e7\u00e3o de documentos de identifica\u00e7\u00e3o, comprovante de endere\u00e7o e outras informa\u00e7\u00f5es pertinentes, garantindo que a identidade de cada jogador seja verificada com um alto grau de certeza.<\/p>\n<h2>Monitoramento de transa\u00e7\u00f5es e relat\u00f3rios<\/h2>\n<p>A pol\u00edtica de AML do cassino se estende ao monitoramento vigilante de todas as transa\u00e7\u00f5es financeiras na plataforma. Algoritmos e an\u00e1lises avan\u00e7ados s\u00e3o empregados para identificar padr\u00f5es e anomalias que possam indicar poss\u00edveis atividades de lavagem de dinheiro. Todas as transa\u00e7\u00f5es suspeitas s\u00e3o prontamente comunicadas \u00e0s autoridades competentes, demonstrando o compromisso do RocketPlay Casino com a colabora\u00e7\u00e3o com \u00f3rg\u00e3os reguladores para combater crimes financeiros.<\/p>\n<h2>Abordagem baseada em risco<\/h2>\n<p>O RocketPlay Casino adota uma abordagem baseada em risco para AML, adaptando suas medidas preventivas ao n\u00edvel de risco associado a cada jogador e transa\u00e7\u00e3o. Essa estrat\u00e9gia diferenciada permite que o cassino aloque recursos de forma eficaz, concentrando-se mais nas atividades de alto risco e garantindo uma experi\u00eancia simplificada para os jogadores de baixo risco.<\/p>\n<h2>Treinamento e conscientiza\u00e7\u00e3o da equipe<\/h2>\n<p>A efic\u00e1cia de qualquer pol\u00edtica de AML depende da vigil\u00e2ncia coletiva de toda a equipe. O RocketPlay Casino investe em programas de treinamento abrangentes para garantir que sua equipe esteja bem familiarizada com o reconhecimento e a resposta a poss\u00edveis riscos de lavagem de dinheiro. Campanhas cont\u00ednuas de educa\u00e7\u00e3o e conscientiza\u00e7\u00e3o promovem uma cultura de conformidade e dilig\u00eancia em toda a organiza\u00e7\u00e3o.<\/p>\n<h2>Devida dilig\u00eancia aprimorada para clientes de alto risco<\/h2>\n<p>Reconhecendo que clientes espec\u00edficos podem representar um risco maior de envolvimento em atividades de lavagem de dinheiro, o RocketPlay Casino implementa medidas aprimoradas de due diligence para esses indiv\u00edduos. Isso inclui um exame minucioso adicional de suas transa\u00e7\u00f5es financeiras, da origem de seus fundos e de outros fatores relevantes. Ao exercer a prud\u00eancia ao lidar com clientes de alto risco, o cassino protege sua estrutura de AML.<\/p>\n<h2>Colabora\u00e7\u00e3o com as autoridades policiais<\/h2>\n<p>O RocketPlay Casino mant\u00e9m linhas abertas de comunica\u00e7\u00e3o com as ag\u00eancias de aplica\u00e7\u00e3o da lei, compartilhando informa\u00e7\u00f5es sobre poss\u00edveis atividades de lavagem de dinheiro, conforme necess\u00e1rio. Essa abordagem colaborativa n\u00e3o apenas fortalece os esfor\u00e7os de AML do cassino, mas tamb\u00e9m contribui para os esfor\u00e7os mais amplos da ind\u00fastria de jogos e dos \u00f3rg\u00e3os reguladores no combate ao crime financeiro.<\/p>\n<h2>Transpar\u00eancia e comunica\u00e7\u00e3o com os jogadores<\/h2>\n<p>A comunica\u00e7\u00e3o transparente \u00e9 fundamental para criar confian\u00e7a entre o cassino e seus jogadores. O RocketPlay Casino garante que os jogadores estejam cientes das medidas de AML em vigor, promovendo um senso de confian\u00e7a na imparcialidade e seguran\u00e7a do ambiente de jogo. A comunica\u00e7\u00e3o clara tamb\u00e9m inclui diretrizes sobre jogos respons\u00e1veis e as consequ\u00eancias do envolvimento em atividades financeiras proibidas.<\/p>\n<h2>Aperfei\u00e7oamento e adapta\u00e7\u00e3o cont\u00ednuos<\/h2>\n<p>No cen\u00e1rio em constante evolu\u00e7\u00e3o dos jogos on-line e das regulamenta\u00e7\u00f5es financeiras, o RocketPlay Casino continua comprometido com a melhoria cont\u00ednua. A pol\u00edtica de AML passa por revis\u00f5es regulares, e o cassino adapta suas estrat\u00e9gias de forma eficaz para lidar com amea\u00e7as e desafios emergentes. Essa abordagem proativa garante que o RocketPlay Casino permane\u00e7a na vanguarda da conformidade com a AML, proporcionando aos jogadores uma experi\u00eancia de jogo segura e agrad\u00e1vel.<\/p>\n<p>A pol\u00edtica de AML do RocketPlay Casino \u00e9 um testemunho de seu compromisso inabal\u00e1vel em oferecer um ambiente de jogo seguro e justo. O cassino atende e supera os padr\u00f5es regulat\u00f3rios ao combinar tecnologia de ponta com uma abordagem abrangente e adapt\u00e1vel \u00e0 AML. Ao mergulharem na emo\u00e7\u00e3o dos jogos no RocketPlay Casino, os jogadores podem faz\u00ea-lo com a confian\u00e7a de que uma pol\u00edtica de AML robusta e proativa protege suas transa\u00e7\u00f5es financeiras.<\/p>\n","protected":false},"excerpt":{"rendered":"<p>No din\u00e2mico mundo dos cassinos on-line, a seguran\u00e7a e a transpar\u00eancia s\u00e3o os pilares de uma experi\u00eancia de jogo confi\u00e1vel. O RocketPlay Casino reconhece a import\u00e2ncia primordial de proteger seus jogadores e manter a integridade de sua plataforma. A implementa\u00e7\u00e3o de uma pol\u00edtica robusta de combate \u00e0 lavagem de dinheiro (AML) \u00e9 crucial para esse&#8230;<\/p>\n","protected":false},"author":1,"featured_media":0,"parent":0,"menu_order":0,"comment_status":"closed","ping_status":"closed","template":"","meta":{"_acf_changed":false,"_kad_post_transparent":"default","_kad_post_title":"default","_kad_post_layout":"default","_kad_post_sidebar_id":"","_kad_post_content_style":"default","_kad_post_vertical_padding":"default","_kad_post_feature":"","_kad_post_feature_position":"","_kad_post_header":false,"_kad_post_footer":false,"footnotes":""},"class_list":["post-4306","page","type-page","status-publish","hentry"],"acf":[],"rttpg_featured_image_url":null,"rttpg_author":{"display_name":"John","author_link":"https:\/\/rocketplay-new.com\/pt-br\/author\/pemvas95n89x\/"},"rttpg_comment":0,"rttpg_category":null,"rttpg_excerpt":"No din\u00e2mico mundo dos cassinos on-line, a seguran\u00e7a e a transpar\u00eancia s\u00e3o os pilares de uma experi\u00eancia de jogo confi\u00e1vel. O RocketPlay Casino reconhece a import\u00e2ncia primordial de proteger seus jogadores e manter a integridade de sua plataforma. A implementa\u00e7\u00e3o de uma pol\u00edtica robusta de combate \u00e0 lavagem de dinheiro (AML) \u00e9 crucial para esse...","_links":{"self":[{"href":"https:\/\/rocketplay-new.com\/pt-br\/wp-json\/wp\/v2\/pages\/4306","targetHints":{"allow":["GET"]}}],"collection":[{"href":"https:\/\/rocketplay-new.com\/pt-br\/wp-json\/wp\/v2\/pages"}],"about":[{"href":"https:\/\/rocketplay-new.com\/pt-br\/wp-json\/wp\/v2\/types\/page"}],"author":[{"embeddable":true,"href":"https:\/\/rocketplay-new.com\/pt-br\/wp-json\/wp\/v2\/users\/1"}],"replies":[{"embeddable":true,"href":"https:\/\/rocketplay-new.com\/pt-br\/wp-json\/wp\/v2\/comments?post=4306"}],"version-history":[{"count":1,"href":"https:\/\/rocketplay-new.com\/pt-br\/wp-json\/wp\/v2\/pages\/4306\/revisions"}],"predecessor-version":[{"id":4307,"href":"https:\/\/rocketplay-new.com\/pt-br\/wp-json\/wp\/v2\/pages\/4306\/revisions\/4307"}],"wp:attachment":[{"href":"https:\/\/rocketplay-new.com\/pt-br\/wp-json\/wp\/v2\/media?parent=4306"}],"curies":[{"name":"wp","href":"https:\/\/api.w.org\/{rel}","templated":true}]}}