{"id":4279,"date":"2024-01-19T11:44:56","date_gmt":"2024-01-19T08:44:56","guid":{"rendered":"https:\/\/rocketplay-new.com\/about-us\/"},"modified":"2024-01-19T20:50:47","modified_gmt":"2024-01-19T17:50:47","slug":"about-us","status":"publish","type":"page","link":"https:\/\/rocketplay-new.com\/pt-br\/about-us\/","title":{"rendered":"Sobre o RocketPlay"},"content":{"rendered":"<p>Bem-vindo ao RocketPlay Casino, onde a emo\u00e7\u00e3o dos jogos atinge novos patamares. Explore um universo de entretenimento, inova\u00e7\u00e3o e emo\u00e7\u00e3o sem igual. Descubra por que o RocketPlay Casino \u00e9 o destino final para jogadores que buscam uma experi\u00eancia de jogo extraordin\u00e1ria.<\/p>\n<h2>Nossa miss\u00e3o: Redefinir a excel\u00eancia em jogos<\/h2>\n<p>No RocketPlay Casino, nossa miss\u00e3o \u00e9 clara: redefinir a excel\u00eancia dos jogos. N\u00f3s nos esfor\u00e7amos para criar um ambiente din\u00e2mico e imersivo onde os jogadores possam escapar da realidade e embarcar em aventuras emocionantes. Nosso compromisso com a inova\u00e7\u00e3o, a imparcialidade e o jogo respons\u00e1vel nos diferencia no setor de cassinos on-line.<\/p>\n<h2>Sele\u00e7\u00e3o incompar\u00e1vel de jogos<\/h2>\n<p>O RocketPlay Casino possui uma vasta e diversificada sele\u00e7\u00e3o de jogos para atender \u00e0s prefer\u00eancias de todos os jogadores. De jogos de mesa cl\u00e1ssicos a ca\u00e7a-n\u00edqueis de \u00faltima gera\u00e7\u00e3o, nosso portf\u00f3lio \u00e9 selecionado para oferecer uma experi\u00eancia de jogo inigual\u00e1vel. Em parceria com os principais desenvolvedores de jogos, asseguramos que nossa cole\u00e7\u00e3o esteja sempre atualizada com os \u00faltimos lan\u00e7amentos, garantindo um fluxo constante de emo\u00e7\u00e3o para nossos jogadores.<\/p>\n<h2>Tecnologia de ponta<\/h2>\n<p>No centro do RocketPlay Casino est\u00e1 a tecnologia de ponta que alimenta a nossa plataforma. Utilizamos software de \u00faltima gera\u00e7\u00e3o para oferecer uma jogabilidade perfeita, gr\u00e1ficos impressionantes e uma interface de usu\u00e1rio intuitiva. Nosso compromisso com a inova\u00e7\u00e3o tecnol\u00f3gica garante que os jogadores possam desfrutar de seus jogos favoritos em v\u00e1rios dispositivos sem comprometer a qualidade.<\/p>\n<h2>Jogo justo e seguran\u00e7a<\/h2>\n<p>A integridade e a seguran\u00e7a s\u00e3o fundamentais no RocketPlay Casino. Operamos comprometidos com o jogo justo, usando geradores de n\u00fameros aleat\u00f3rios certificados para garantir que cada resultado seja inesperado. Nossa plataforma segura e criptografada protege suas informa\u00e7\u00f5es pessoais, permitindo que voc\u00ea se concentre no que mais importa &#8211; aproveitar a emo\u00e7\u00e3o do jogo.<\/p>\n<h2>Pr\u00eamios do RocketPlay: Aumente seus ganhos<\/h2>\n<p>O RocketPlay Rewards \u00e9 a nossa maneira de mostrar apre\u00e7o aos nossos jogadores fi\u00e9is. Com um programa de fidelidade em n\u00edveis, os jogadores podem desbloquear b\u00f4nus exclusivos, promo\u00e7\u00f5es personalizadas e outras recompensas interessantes. Quanto mais voc\u00ea joga, mais alto voc\u00ea sobe e mais luxuosas s\u00e3o as recompensas. O RocketPlay Casino n\u00e3o \u00e9 apenas um destino; \u00e9 uma jornada repleta de vantagens e privil\u00e9gios.<\/p>\n<h2>Experi\u00eancia imersiva de cassino ao vivo<\/h2>\n<p>Nosso cassino ao vivo \u00e9 a resposta para aqueles que buscam a emo\u00e7\u00e3o de um cassino f\u00edsico no conforto de suas casas. Interaja com dealers profissionais, mergulhe no ambiente de um cassino real e desfrute de jogos como blackjack, roleta e bacar\u00e1 em tempo real. O RocketPlay Casino traz a aut\u00eantica experi\u00eancia de cassino para a sua tela.<\/p>\n<h2>Defesa do Jogo Respons\u00e1vel<\/h2>\n<p>O RocketPlay Casino tem o compromisso de promover pr\u00e1ticas de jogo respons\u00e1veis. Entendemos a import\u00e2ncia do jogo como uma forma de entretenimento e recrea\u00e7\u00e3o. Por meio de ferramentas como op\u00e7\u00f5es de autoexclus\u00e3o, limites de dep\u00f3sito e recursos de jogo confi\u00e1veis, capacitamos nossos jogadores a manter o controle sobre seus h\u00e1bitos de jogo. Nosso objetivo \u00e9 garantir que o RocketPlay continue sendo uma fonte de alegria e entretenimento.<\/p>\n<h2>Suporte ao cliente 24 horas por dia, 7 dias por semana<\/h2>\n<p>No RocketPlay Casino, sua satisfa\u00e7\u00e3o \u00e9 nossa prioridade. Nossa equipe dedicada de suporte ao cliente est\u00e1 dispon\u00edvel 24 horas por dia, 7 dias por semana, para ajud\u00e1-lo com quaisquer d\u00favidas ou preocupa\u00e7\u00f5es. Quer tenha uma pergunta sobre um jogo, precise de ajuda com uma transa\u00e7\u00e3o ou queira um feedback, nossa equipe est\u00e1 pronta para fornecer assist\u00eancia imediata e \u00fatil. Sua experi\u00eancia de jogo est\u00e1 em boas m\u00e3os com o RocketPlay Casino.<\/p>\n<h2>Comunidade global, toque local<\/h2>\n<p>O RocketPlay Casino n\u00e3o \u00e9 apenas uma plataforma global de jogos; \u00e9 uma comunidade. Celebramos a diversidade e acolhemos jogadores de todo o mundo. Nossa plataforma est\u00e1 dispon\u00edvel em v\u00e1rios idiomas, e nossa equipe de suporte \u00e9 fluente em v\u00e1rios idiomas para garantir que cada jogador se sinta em casa. O RocketPlay Casino combina a empolga\u00e7\u00e3o de uma comunidade global de jogos com um toque local que ressoa com os jogadores pessoalmente.<\/p>\n<h2>A inova\u00e7\u00e3o nunca termina<\/h2>\n<p>Ao olharmos para o futuro, o RocketPlay Casino continua comprometido em ultrapassar os limites da inova\u00e7\u00e3o. Exploramos continuamente novas tecnologias, conceitos de jogos e recursos para manter nossa plataforma na vanguarda do setor de cassinos on-line. Com o RocketPlay, voc\u00ea n\u00e3o est\u00e1 apenas jogando os jogos de hoje; voc\u00ea est\u00e1 vislumbrando o futuro dos jogos on-line.<\/p>\n<h2>Junte-se \u00e0 aventura do RocketPlay hoje mesmo!<\/h2>\n<p>Embarque em uma jornada emocionante com o RocketPlay Casino e experimente jogos como nunca antes. Nosso compromisso com a excel\u00eancia, a imparcialidade e a inova\u00e7\u00e3o garante que cada momento conosco seja repleto de emo\u00e7\u00e3o e possibilidades. Junte-se \u00e0 nossa comunidade de ca\u00e7adores de emo\u00e7\u00f5es, reivindique suas recompensas RocketPlay e deixe os jogos come\u00e7arem. O RocketPlay Casino \u00e9 o lugar onde a aventura nunca termina e a emo\u00e7\u00e3o n\u00e3o tem limites.<\/p>\n","protected":false},"excerpt":{"rendered":"<p>Bem-vindo ao RocketPlay Casino, onde a emo\u00e7\u00e3o dos jogos atinge novos patamares. Explore um universo de entretenimento, inova\u00e7\u00e3o e emo\u00e7\u00e3o sem igual. Descubra por que o RocketPlay Casino \u00e9 o destino final para jogadores que buscam uma experi\u00eancia de jogo extraordin\u00e1ria. Nossa miss\u00e3o: Redefinir a excel\u00eancia em jogos No RocketPlay Casino, nossa miss\u00e3o \u00e9 clara:&#8230;<\/p>\n","protected":false},"author":1,"featured_media":0,"parent":0,"menu_order":0,"comment_status":"closed","ping_status":"closed","template":"","meta":{"_acf_changed":false,"_kad_post_transparent":"default","_kad_post_title":"default","_kad_post_layout":"default","_kad_post_sidebar_id":"","_kad_post_content_style":"default","_kad_post_vertical_padding":"default","_kad_post_feature":"","_kad_post_feature_position":"","_kad_post_header":false,"_kad_post_footer":false,"footnotes":""},"class_list":["post-4279","page","type-page","status-publish","hentry"],"acf":[],"rttpg_featured_image_url":null,"rttpg_author":{"display_name":"John","author_link":"https:\/\/rocketplay-new.com\/pt-br\/author\/pemvas95n89x\/"},"rttpg_comment":0,"rttpg_category":null,"rttpg_excerpt":"Bem-vindo ao RocketPlay Casino, onde a emo\u00e7\u00e3o dos jogos atinge novos patamares. Explore um universo de entretenimento, inova\u00e7\u00e3o e emo\u00e7\u00e3o sem igual. Descubra por que o RocketPlay Casino \u00e9 o destino final para jogadores que buscam uma experi\u00eancia de jogo extraordin\u00e1ria. Nossa miss\u00e3o: Redefinir a excel\u00eancia em jogos No RocketPlay Casino, nossa miss\u00e3o \u00e9 clara:...","_links":{"self":[{"href":"https:\/\/rocketplay-new.com\/pt-br\/wp-json\/wp\/v2\/pages\/4279","targetHints":{"allow":["GET"]}}],"collection":[{"href":"https:\/\/rocketplay-new.com\/pt-br\/wp-json\/wp\/v2\/pages"}],"about":[{"href":"https:\/\/rocketplay-new.com\/pt-br\/wp-json\/wp\/v2\/types\/page"}],"author":[{"embeddable":true,"href":"https:\/\/rocketplay-new.com\/pt-br\/wp-json\/wp\/v2\/users\/1"}],"replies":[{"embeddable":true,"href":"https:\/\/rocketplay-new.com\/pt-br\/wp-json\/wp\/v2\/comments?post=4279"}],"version-history":[{"count":1,"href":"https:\/\/rocketplay-new.com\/pt-br\/wp-json\/wp\/v2\/pages\/4279\/revisions"}],"predecessor-version":[{"id":4280,"href":"https:\/\/rocketplay-new.com\/pt-br\/wp-json\/wp\/v2\/pages\/4279\/revisions\/4280"}],"wp:attachment":[{"href":"https:\/\/rocketplay-new.com\/pt-br\/wp-json\/wp\/v2\/media?parent=4279"}],"curies":[{"name":"wp","href":"https:\/\/api.w.org\/{rel}","templated":true}]}}