{"id":3996,"date":"2023-01-13T23:29:50","date_gmt":"2023-01-13T20:29:50","guid":{"rendered":"https:\/\/rocketplay-new.com\/sport-betting\/volleyball\/"},"modified":"2025-04-02T16:04:02","modified_gmt":"2025-04-02T13:04:02","slug":"volleyball","status":"publish","type":"page","link":"https:\/\/rocketplay-new.com\/pt-br\/sport\/volleyball\/","title":{"rendered":"Guia de apostas para iniciantes"},"content":{"rendered":"<p>Aqui est\u00e1 um tutorial sobre as probabilidades de apostas em Voleibol e outras peculiaridades. Tente aprender mais informa\u00e7\u00f5es \u00fateis e aprenda como ganhar dinheiro com o esporte de praia. Isso permitir\u00e1 que voc\u00ea participe com mais frequ\u00eancia de torneios famosos, ganhe b\u00f4nus extras e geralmente aumente a divers\u00e3o.<\/p>\n<p style=\"text-align: center;\"><span style=\"font-weight: 400;\">\u00a0<div class=\"go-btn-container\"><div class=\"tosh-btn\"><a href=\"\/go-casino\/\" target=\"_blank\" rel=\"noopener\">JOGUE AGORA<\/a><\/div><\/div> <\/span><\/p>\n<h2>COMO APOSTAR NO V\u00d4LEI<\/h2>\n<p>Primeiro, voc\u00ea deve estudar a se\u00e7\u00e3o de dicas de apostas em v\u00f4lei e aprender a administrar seu or\u00e7amento corretamente. Gra\u00e7as \u00e0 capacidade de controlar suas emo\u00e7\u00f5es e recursos, voc\u00ea pode usar todas as apostas dispon\u00edveis com mais efici\u00eancia. No entanto, apenas usu\u00e1rios registrados podem jogar com dinheiro real.<\/p>\n<p>Para criar uma conta pessoal, escolha uma empresa de jogo adequada em nosso site e comece:<\/p>\n<ol>\n<li>Insira todas as informa\u00e7\u00f5es pessoais que voc\u00ea precisar\u00e1 no futuro para verificar sua conta. Os dados ser\u00e3o cruzados, ent\u00e3o voc\u00ea deve ter cuidado.<\/li>\n<li>Em seguida, escolha um evento de jogo adequado e analise os jogadores e as equipes. Voc\u00ea pode encontrar uma fraqueza na defesa do advers\u00e1rio e obter excelentes chances de prever os resultados do evento.<\/li>\n<li>Depois disso, use o sistema exclusivo de constru\u00e7\u00e3o de uma aposta por meio do cupom. N\u00e3o se esque\u00e7a de usar um cart\u00e3o de cr\u00e9dito ou criptomoeda para financiar sua conta.<\/li>\n<\/ol>\n<p>Para apostas de v\u00f4lei, voc\u00ea tamb\u00e9m pode tentar obter um b\u00f4nus da empresa de jogos de azar. Isso ajudar\u00e1 voc\u00ea a come\u00e7ar a usar v\u00e1rias t\u00e9cnicas de especialistas com mais efici\u00eancia.<\/p>\n<p><img loading=\"lazy\" decoding=\"async\" class=\"aligncenter wp-image-4651\" src=\"https:\/\/rocketplay-new.com\/wp-content\/uploads\/2024\/02\/female-professional-volleyball-players-action-3d-stadium.jpg\" alt=\"Volleyball Betting\" width=\"800\" height=\"450\" srcset=\"https:\/\/rocketplay-new.com\/wp-content\/uploads\/2024\/02\/female-professional-volleyball-players-action-3d-stadium.jpg 1000w, https:\/\/rocketplay-new.com\/wp-content\/uploads\/2024\/02\/female-professional-volleyball-players-action-3d-stadium-300x169.jpg 300w, https:\/\/rocketplay-new.com\/wp-content\/uploads\/2024\/02\/female-professional-volleyball-players-action-3d-stadium-768x432.jpg 768w\" sizes=\"auto, (max-width: 800px) 100vw, 800px\" \/><\/p>\n<h2>COMO FUNCIONAM AS APOSTAS NO V\u00d4LEI<\/h2>\n<p>A maneira mais f\u00e1cil de entender como funcionam as melhores apostas on-line de Voleibol \u00e9 usar sua experi\u00eancia, ent\u00e3o cadastre uma conta pessoal e fa\u00e7a sua primeira aposta. Voc\u00ea pode escolher o valor m\u00ednimo dispon\u00edvel, o que permitir\u00e1 testar as diversas possibilidades do sistema. Em geral, a l\u00f3gica \u00e9 bastante simples.<\/p>\n<p>Voc\u00ea coloca seu palpite contra a previs\u00e3o de uma empresa de jogos de azar. Dependendo das probabilidades expostas, cada resultado tem suas probabilidades pelas quais sua aposta ser\u00e1 multiplicada. Se voc\u00ea ganhar, receber\u00e1 sua aposta de volta e adicionar\u00e1 seus ganhos. Uma perda significa que o cassino leva seu dinheiro. O sistema \u00e9 bastante honesto e transparente.<\/p>\n<h2>PROBABILIDADES DE V\u00d4LEI EXPLICADAS<\/h2>\n<p>Os usu\u00e1rios geralmente acham dif\u00edcil decidir exatamente como as promo\u00e7\u00f5es de apostas em v\u00f4lei permitir\u00e3o que eles ganhem. Afinal, as probabilidades permanecem, ent\u00e3o voc\u00ea deve calcular cada aposta manualmente. O site calcula automaticamente seu lucro e receita total no cupom. Por exemplo, apostando $ 500 com chances de 1,5, voc\u00ea pode obter $ 750. Duzentos e cinquenta d\u00f3lares ser\u00e3o o seu lucro e 500 retornar\u00e3o \u00e0 conta.<\/p>\n<p style=\"text-align: center;\"><strong><span style=\"font-weight: 400;\">\u00a0<div class=\"go-btn-container\"><div class=\"tosh-btn\"><a href=\"\/go-casino\/\" target=\"_blank\" rel=\"noopener\">JOGUE AGORA<\/a><\/div><\/div> <\/span><\/strong><\/p>\n<h2>APOSTAS POPULARES DE V\u00d4LEI<\/h2>\n<p>Entre as apostas mais populares deve estar a vit\u00f3ria regular de uma das equipes e o total de pontos. Esses resultados simples permitem que os jogadores ganhem centenas de milhares de d\u00f3lares diariamente. Resultados mais complicados geralmente t\u00eam chances maiores, mas o risco \u00e9 maior. Teste diferentes op\u00e7\u00f5es de apostas.<\/p>\n<h2>OS TORNEIOS DE V\u00d4LEI MAIS POPULARES PARA APOSTAR<\/h2>\n<p>Voc\u00ea pode aproveitar a estrat\u00e9gia de apostas em Voleibol em qualquer torneio. E, portanto, \u00e9 necess\u00e1rio conhecer as competi\u00e7\u00f5es mais tituladas na disciplina esportiva:<\/p>\n<ul>\n<li>Jogos Ol\u00edmpicos;<\/li>\n<li>Campeonatos mundiais;<\/li>\n<li>Bola dourada.<\/li>\n<\/ul>\n<p>Tente assistir melhor a transmiss\u00e3o para entender os termos e regras do jogo. Isso ajudar\u00e1 voc\u00ea a gerenciar seus recursos com mais efici\u00eancia e ganhar mais dinheiro. Voc\u00ea tamb\u00e9m poder\u00e1 acessar muitos resultados porque as empresas de jogos de azar est\u00e3o interessadas em atrair o m\u00e1ximo n\u00famero de jogadores para torneios de classe mundial.<\/p>\n<p><img loading=\"lazy\" decoding=\"async\" class=\"aligncenter wp-image-4660\" src=\"https:\/\/rocketplay-new.com\/wp-content\/uploads\/2024\/02\/girl-posing-with-volley-ball.jpg\" alt=\"Volleyball Betting 2\" width=\"800\" height=\"534\" srcset=\"https:\/\/rocketplay-new.com\/wp-content\/uploads\/2024\/02\/girl-posing-with-volley-ball.jpg 1000w, https:\/\/rocketplay-new.com\/wp-content\/uploads\/2024\/02\/girl-posing-with-volley-ball-300x200.jpg 300w, https:\/\/rocketplay-new.com\/wp-content\/uploads\/2024\/02\/girl-posing-with-volley-ball-768x513.jpg 768w\" sizes=\"auto, (max-width: 800px) 100vw, 800px\" \/><\/p>\n<h2>Perguntas frequentes<\/h2>\n<p>A maioria dos novatos come\u00e7a a fazer perguntas aos especialistas depois de se registrar e fazer sua primeira aposta. Oferecemos a voc\u00ea uma pequena se\u00e7\u00e3o de ajuda contendo respostas para as perguntas mais populares sobre a disciplina esportiva.<\/p>\n<h3>DE QUAIS DISPOSITIVOS POSSO APOSTAR?<\/h3>\n<p>As apostas em v\u00f4lei permitir\u00e3o que voc\u00ea aposte em qualquer dispositivo. Primeiro, tudo depende do cassino ou site de apostas que voc\u00ea escolher. Algumas empresas oferecem apenas uma vers\u00e3o m\u00f3vel, enquanto outras aprovam imediatamente o uso de um aplicativo separado dos desenvolvedores. Fazer apostas no navegador no PC \u00e9 o mais conveniente, mas sempre h\u00e1 acesso a um computador. Sugerimos experimentar diferentes op\u00e7\u00f5es e experimentar as vantagens e desvantagens de todos os m\u00e9todos.<\/p>\n<h3>QUAL \u00c9 A TAXA M\u00c1XIMA DE GANHAR?<\/h3>\n<p>Na maioria das vezes, as probabilidades mais altas s\u00e3o dadas em um time potencialmente perdedor que est\u00e1 pior preparado ou joga em outra liga. Nesse caso, \u00e9 recomend\u00e1vel ficar atento \u00e0 linha de apostas do vencedor de todo o torneio. Escolha o azar\u00e3o mais recente e tente vencer com chances de 50 ou 150. Apostas menos arriscadas s\u00e3o pontos totais. Nesse caso, um desvio de 10 pontos pode afetar o aumento das chances para 3.<\/p>\n<h3>COMO ENTENDER EM QUEM APOSTAR NO V\u00d4LEI?<\/h3>\n<p>A primeira coisa a fazer \u00e9 encontrar os melhores sites de apostas online de V\u00f4lei para ter uma vis\u00e3o melhor das partidas do jogo. \u00c9 necess\u00e1rio ler atentamente sobre os participantes, o torneio em si e as estat\u00edsticas entre os advers\u00e1rios. Tente analisar qualitativamente todos os aspectos da partida e voc\u00ea poder\u00e1 encontrar a combina\u00e7\u00e3o perfeita para voc\u00ea. Recomenda-se come\u00e7ar com uma pequena quantidade.<\/p>\n","protected":false},"excerpt":{"rendered":"<p>Aqui est\u00e1 um tutorial sobre as probabilidades de apostas em Voleibol e outras peculiaridades. Tente aprender mais informa\u00e7\u00f5es \u00fateis e aprenda como ganhar dinheiro com o esporte de praia. Isso permitir\u00e1 que voc\u00ea participe com mais frequ\u00eancia de torneios famosos, ganhe b\u00f4nus extras e geralmente aumente a divers\u00e3o. \u00a0 COMO APOSTAR NO V\u00d4LEI Primeiro, voc\u00ea&#8230;<\/p>\n","protected":false},"author":1,"featured_media":0,"parent":3717,"menu_order":0,"comment_status":"closed","ping_status":"closed","template":"","meta":{"_acf_changed":false,"_kad_post_transparent":"default","_kad_post_title":"default","_kad_post_layout":"default","_kad_post_sidebar_id":"","_kad_post_content_style":"default","_kad_post_vertical_padding":"default","_kad_post_feature":"","_kad_post_feature_position":"","_kad_post_header":false,"_kad_post_footer":false,"footnotes":""},"class_list":["post-3996","page","type-page","status-publish","hentry"],"acf":[],"rttpg_featured_image_url":null,"rttpg_author":{"display_name":"John","author_link":"https:\/\/rocketplay-new.com\/pt-br\/author\/pemvas95n89x\/"},"rttpg_comment":0,"rttpg_category":null,"rttpg_excerpt":"Aqui est\u00e1 um tutorial sobre as probabilidades de apostas em Voleibol e outras peculiaridades. Tente aprender mais informa\u00e7\u00f5es \u00fateis e aprenda como ganhar dinheiro com o esporte de praia. Isso permitir\u00e1 que voc\u00ea participe com mais frequ\u00eancia de torneios famosos, ganhe b\u00f4nus extras e geralmente aumente a divers\u00e3o. \u00a0 COMO APOSTAR NO V\u00d4LEI Primeiro, voc\u00ea...","_links":{"self":[{"href":"https:\/\/rocketplay-new.com\/pt-br\/wp-json\/wp\/v2\/pages\/3996","targetHints":{"allow":["GET"]}}],"collection":[{"href":"https:\/\/rocketplay-new.com\/pt-br\/wp-json\/wp\/v2\/pages"}],"about":[{"href":"https:\/\/rocketplay-new.com\/pt-br\/wp-json\/wp\/v2\/types\/page"}],"author":[{"embeddable":true,"href":"https:\/\/rocketplay-new.com\/pt-br\/wp-json\/wp\/v2\/users\/1"}],"replies":[{"embeddable":true,"href":"https:\/\/rocketplay-new.com\/pt-br\/wp-json\/wp\/v2\/comments?post=3996"}],"version-history":[{"count":4,"href":"https:\/\/rocketplay-new.com\/pt-br\/wp-json\/wp\/v2\/pages\/3996\/revisions"}],"predecessor-version":[{"id":5670,"href":"https:\/\/rocketplay-new.com\/pt-br\/wp-json\/wp\/v2\/pages\/3996\/revisions\/5670"}],"up":[{"embeddable":true,"href":"https:\/\/rocketplay-new.com\/pt-br\/wp-json\/wp\/v2\/pages\/3717"}],"wp:attachment":[{"href":"https:\/\/rocketplay-new.com\/pt-br\/wp-json\/wp\/v2\/media?parent=3996"}],"curies":[{"name":"wp","href":"https:\/\/api.w.org\/{rel}","templated":true}]}}