{"id":3934,"date":"2023-01-13T21:01:16","date_gmt":"2023-01-13T18:01:16","guid":{"rendered":"https:\/\/rocketplay-new.com\/sport-betting\/horse-racing\/"},"modified":"2025-11-26T20:07:20","modified_gmt":"2025-11-26T17:07:20","slug":"horse-racing","status":"publish","type":"page","link":"https:\/\/rocketplay-new.com\/pt-br\/sport\/horse-racing\/","title":{"rendered":"Revis\u00e3o de apostas em corridas de cavalos"},"content":{"rendered":"<p>Voc\u00ea pode ver os maiores benef\u00edcios nas apostas em Corridas de Cavalos se fizer pequenas apostas regularmente. As corridas s\u00e3o realizadas com bastante frequ\u00eancia, ent\u00e3o voc\u00ea tem a garantia de encontrar uma op\u00e7\u00e3o adequada para voc\u00ea e aproveitar a partida. O principal \u00e9 ler todas as regras, assistir algumas transmiss\u00f5es online antes e come\u00e7ar a apostar com conhecimento b\u00e1sico.<\/p>\n<p style=\"text-align: center;\"><span style=\"font-weight: 400;\">\u00a0<div class=\"go-btn-container\"><div class=\"tosh-btn\"><a href=\"\/go-casino\/\" target=\"_blank\" rel=\"noopener\">JOGUE AGORA<\/a><\/div><\/div> <\/span><\/p>\n<h2>TIPOS DE APOSTAS EM CORRIDAS DE CAVALOS<\/h2>\n<p>Em geral, as apostas mais populares nas corridas de cavalos da Austr\u00e1lia s\u00e3o as apostas no vencedor da corrida. Nesse caso, voc\u00ea deve analisar cuidadosamente todas as informa\u00e7\u00f5es dispon\u00edveis sobre os participantes e escolher o favorito, com garantia de vit\u00f3ria. Certifique-se de considerar todos os par\u00e2metros essenciais e n\u00e3o se esque\u00e7a de que mesmo os favoritos claros \u00e0s vezes n\u00e3o est\u00e3o com vontade de vencer.<\/p>\n<p>Iniciantes devem apostar no n\u00famero de pontos que podem ser concedidos. Tamb\u00e9m \u00e9 poss\u00edvel apostar no cavalo mais lento, mas essas op\u00e7\u00f5es de apostas s\u00e3o mais indicadas para profissionais. N\u00e3o tente apenas adivinhar o vencedor, mas fa\u00e7a um verdadeiro trabalho anal\u00edtico.<\/p>\n<h2>COMO ESCOLHER O SEU CAVALO VENCEDOR<\/h2>\n<p>Na maioria dos casos, os jogadores profissionais podem escolher as melhores apostas em Corridas de Cavalos como o principal tipo de receita. Essas pessoas sabem que a maioria dos cavaleiros e cavalos h\u00e1 muito tempo consegue analisar com anteced\u00eancia, gra\u00e7as a v\u00e1rios servi\u00e7os. No entanto, os iniciantes devem ser explicados adicionalmente que, mesmo neste caso, cada corrida \u00e9 \u00fanica e pode ocorrer de acordo com diferentes cen\u00e1rios.<\/p>\n<p><img loading=\"lazy\" decoding=\"async\" class=\"aligncenter wp-image-4691\" src=\"https:\/\/rocketplay-new.com\/wp-content\/uploads\/2024\/02\/generative-ai-horse-racing.jpg\" alt=\"Horse Racing betting\" width=\"800\" height=\"449\" srcset=\"https:\/\/rocketplay-new.com\/wp-content\/uploads\/2024\/02\/generative-ai-horse-racing.jpg 1000w, https:\/\/rocketplay-new.com\/wp-content\/uploads\/2024\/02\/generative-ai-horse-racing-300x168.jpg 300w, https:\/\/rocketplay-new.com\/wp-content\/uploads\/2024\/02\/generative-ai-horse-racing-768x431.jpg 768w\" sizes=\"auto, (max-width: 800px) 100vw, 800px\" \/><\/p>\n<p>Para garantir a vit\u00f3ria, voc\u00ea deve primeiro se registrar e fazer uma aposta:<\/p>\n<ol>\n<li>Crie uma conta pessoal e especifique suas informa\u00e7\u00f5es pessoais, o que o ajudar\u00e1 a passar no procedimento de verifica\u00e7\u00e3o sem problemas adicionais.<\/li>\n<li>Certifique-se de financiar sua conta de qualquer maneira conveniente. A criptomoeda est\u00e1 se tornando cada vez mais popular ultimamente porque as transfer\u00eancias s\u00e3o creditadas rapidamente e quase n\u00e3o h\u00e1 limites para o valor do dep\u00f3sito.<\/li>\n<li>Depois disso, voc\u00ea precisa come\u00e7ar a analisar a partida de seu interesse. Encontre imediatamente os perfis de seus oponentes e comece a ler as informa\u00e7\u00f5es estat\u00edsticas. Isso pode ajud\u00e1-lo a ver as apostas aparentes nas corridas.<\/li>\n<\/ol>\n<p>Tamb\u00e9m recomendamos que voc\u00ea passe pelo procedimento de verifica\u00e7\u00e3o, aumentando suas chances de obter altos limites de apostas. Gra\u00e7as a isso, voc\u00ea pode apostar mais dinheiro de cada vez e ganhar uma grande quantia em dinheiro. Al\u00e9m disso, novos b\u00f4nus e oportunidades financeiras para sacar de sua conta ser\u00e3o abertos.<\/p>\n<h2>EXPLICA\u00c7\u00c3O DAS PROBABILIDADES DAS CORRIDAS DE CAVALOS<\/h2>\n<p>Descobrir as apostas em corridas de cavalos ao vivo com probabilidades n\u00e3o \u00e9 dif\u00edcil porque voc\u00ea s\u00f3 precisa verificar o trabalho anal\u00edtico com os n\u00fameros. Se voc\u00ea apostar $ 100 em um evento com odds de 1,8, ficar\u00e1 com $ 180 em sua conta. Basta multiplicar o valor da aposta pelo n\u00famero das probabilidades e voc\u00ea determinar\u00e1 imediatamente a pontua\u00e7\u00e3o final se vencer.<\/p>\n<p style=\"text-align: center;\"><span style=\"font-weight: 400;\">\u00a0<div class=\"go-btn-container\"><div class=\"tosh-btn\"><a href=\"\/go-casino\/\" target=\"_blank\" rel=\"noopener\">JOGUE AGORA<\/a><\/div><\/div> <\/span><\/p>\n<h2>DICAS E ESTRAT\u00c9GIA<\/h2>\n<p>Nossos especialistas podem oferecer dicas de apostas em Corridas de Cavalos para ajudar os iniciantes a entender seu capital, n\u00e3o perder todo o dinheiro de uma vez e ganhar o valor m\u00e1ximo na conta. Dentre eles, devemos citar:<\/p>\n<ul>\n<li>\u00e9 necess\u00e1rio manter o controle de seu or\u00e7amento e escrever cuidadosamente as estat\u00edsticas de todas as partidas disputadas. Isso o ajudar\u00e1 no futuro a analisar a estrat\u00e9gia escolhida e ajust\u00e1-la na dire\u00e7\u00e3o certa;<\/li>\n<li>\u00e9 melhor verificar novamente o resultado selecionado e o valor da aposta v\u00e1rias vezes. \u00c0s vezes, at\u00e9 mesmo os especialistas podem cometer um erro trivial, que muitas vezes leva a consequ\u00eancias fatais para os usu\u00e1rios;<\/li>\n<li>na maioria dos casos, \u00e9 melhor ir para a p\u00e1gina de promo\u00e7\u00f5es e obter b\u00f4nus especiais. Isso aumentar\u00e1 suas chances de sucesso e permitir\u00e1 que voc\u00ea ganhe mais de gra\u00e7a.<\/li>\n<\/ul>\n<p>Experimente diferentes estrat\u00e9gias e t\u00e1ticas para decidir qual \u00e9 a melhor e comece a ganhar regularmente.<\/p>\n<p><img loading=\"lazy\" decoding=\"async\" class=\"aligncenter wp-image-4700\" src=\"https:\/\/rocketplay-new.com\/wp-content\/uploads\/2024\/02\/equestrian-sport-young-girl-rides-horse-championship.jpg\" alt=\"Horse Racing betting 2\" width=\"800\" height=\"534\" srcset=\"https:\/\/rocketplay-new.com\/wp-content\/uploads\/2024\/02\/equestrian-sport-young-girl-rides-horse-championship.jpg 1000w, https:\/\/rocketplay-new.com\/wp-content\/uploads\/2024\/02\/equestrian-sport-young-girl-rides-horse-championship-300x200.jpg 300w, https:\/\/rocketplay-new.com\/wp-content\/uploads\/2024\/02\/equestrian-sport-young-girl-rides-horse-championship-768x512.jpg 768w\" sizes=\"auto, (max-width: 800px) 100vw, 800px\" \/><\/p>\n<h2>Perguntas frequentes<\/h2>\n<p>Especialmente para nossos leitores, compilamos um banco de dados de respostas de especialistas para as perguntas mais populares de iniciantes. Gra\u00e7as a isso, voc\u00ea n\u00e3o precisar\u00e1 passar horas estudando as informa\u00e7\u00f5es, mas poder\u00e1 come\u00e7ar a apostar imediatamente.<\/p>\n<h3>QUAL \u00c9 O VALOR M\u00cdNIMO DA APOSTA?<\/h3>\n<p>As apostas gratuitas em corridas de cavalos n\u00e3o exigir\u00e3o muito esfor\u00e7o de voc\u00ea, porque a empresa de jogos de azar geralmente oferece esse b\u00f4nus a todos os jogadores. Tente ganhar um presente e voc\u00ea poder\u00e1 apostar sem usar dinheiro real. Nesse caso, os ganhos ser\u00e3o creditados em sua conta, o que significa que essa aposta ser\u00e1 lucrativa. Por\u00e9m, sem levar em conta os b\u00f4nus, na maioria das vezes, a aposta m\u00ednima \u00e9 de um ou cinco d\u00f3lares americanos.<\/p>\n<h3>QUAL TIPO DE APOSTA \u00c9 MAIS COMUM?<\/h3>\n<p>Esta \u00e9 uma aposta no vencedor da corrida, que lhe permitir\u00e1 obter os seus ganhos de forma r\u00e1pida e eficiente. \u00c0s vezes, a empresa permite que voc\u00ea escolha v\u00e1rios vencedores poss\u00edveis simultaneamente, mas as chances s\u00e3o um pouco menores.<\/p>\n<h3>POSSO APOSTAR DO MEU TELEFONE?<\/h3>\n<p>Sim, o app de apostas em Corridas de Cavalos pode ser utilizado por todos os apostadores cadastrados no site oficial. Tente ficar online o tempo todo e saber exatamente o que est\u00e1 acontecendo na partida agora. Ao mesmo tempo, o sistema de retirada de dinheiro e recebimento de b\u00f4nus \u00e9 preservado, pois os jogadores podem at\u00e9 entrar em contato com o suporte t\u00e9cnico. Tente fazer uma aposta em uma longa fila de espera ou enquanto estiver se divertindo.<\/p>\n","protected":false},"excerpt":{"rendered":"<p>Voc\u00ea pode ver os maiores benef\u00edcios nas apostas em Corridas de Cavalos se fizer pequenas apostas regularmente. As corridas s\u00e3o realizadas com bastante frequ\u00eancia, ent\u00e3o voc\u00ea tem a garantia de encontrar uma op\u00e7\u00e3o adequada para voc\u00ea e aproveitar a partida. O principal \u00e9 ler todas as regras, assistir algumas transmiss\u00f5es online antes e come\u00e7ar a&#8230;<\/p>\n","protected":false},"author":1,"featured_media":0,"parent":3717,"menu_order":0,"comment_status":"closed","ping_status":"closed","template":"","meta":{"_acf_changed":false,"_kad_post_transparent":"default","_kad_post_title":"default","_kad_post_layout":"default","_kad_post_sidebar_id":"","_kad_post_content_style":"default","_kad_post_vertical_padding":"default","_kad_post_feature":"","_kad_post_feature_position":"","_kad_post_header":false,"_kad_post_footer":false,"footnotes":""},"class_list":["post-3934","page","type-page","status-publish","hentry"],"acf":[],"rttpg_featured_image_url":null,"rttpg_author":{"display_name":"John","author_link":"https:\/\/rocketplay-new.com\/pt-br\/author\/pemvas95n89x\/"},"rttpg_comment":0,"rttpg_category":null,"rttpg_excerpt":"Voc\u00ea pode ver os maiores benef\u00edcios nas apostas em Corridas de Cavalos se fizer pequenas apostas regularmente. As corridas s\u00e3o realizadas com bastante frequ\u00eancia, ent\u00e3o voc\u00ea tem a garantia de encontrar uma op\u00e7\u00e3o adequada para voc\u00ea e aproveitar a partida. O principal \u00e9 ler todas as regras, assistir algumas transmiss\u00f5es online antes e come\u00e7ar a...","_links":{"self":[{"href":"https:\/\/rocketplay-new.com\/pt-br\/wp-json\/wp\/v2\/pages\/3934","targetHints":{"allow":["GET"]}}],"collection":[{"href":"https:\/\/rocketplay-new.com\/pt-br\/wp-json\/wp\/v2\/pages"}],"about":[{"href":"https:\/\/rocketplay-new.com\/pt-br\/wp-json\/wp\/v2\/types\/page"}],"author":[{"embeddable":true,"href":"https:\/\/rocketplay-new.com\/pt-br\/wp-json\/wp\/v2\/users\/1"}],"replies":[{"embeddable":true,"href":"https:\/\/rocketplay-new.com\/pt-br\/wp-json\/wp\/v2\/comments?post=3934"}],"version-history":[{"count":4,"href":"https:\/\/rocketplay-new.com\/pt-br\/wp-json\/wp\/v2\/pages\/3934\/revisions"}],"predecessor-version":[{"id":5679,"href":"https:\/\/rocketplay-new.com\/pt-br\/wp-json\/wp\/v2\/pages\/3934\/revisions\/5679"}],"up":[{"embeddable":true,"href":"https:\/\/rocketplay-new.com\/pt-br\/wp-json\/wp\/v2\/pages\/3717"}],"wp:attachment":[{"href":"https:\/\/rocketplay-new.com\/pt-br\/wp-json\/wp\/v2\/media?parent=3934"}],"curies":[{"name":"wp","href":"https:\/\/api.w.org\/{rel}","templated":true}]}}