{"id":3878,"date":"2023-01-13T19:04:27","date_gmt":"2023-01-13T16:04:27","guid":{"rendered":"https:\/\/rocketplay-new.com\/sport-betting\/tennis\/"},"modified":"2025-04-02T15:53:32","modified_gmt":"2025-04-02T12:53:32","slug":"tennis","status":"publish","type":"page","link":"https:\/\/rocketplay-new.com\/pt-br\/sport\/tennis\/","title":{"rendered":"Um guia para apostar no t\u00eanis"},"content":{"rendered":"<p>Uma vantagem essencial das apostas em t\u00eanis \u00e9 que muitas partidas profissionais e amadoras est\u00e3o sendo jogadas. Gra\u00e7as a isso, todos podem colocar seu dinheiro nos ganhos de um determinado jogador e ganhar dinheiro com isso. Basta encontrar um site online adequado para jogos de azar e apostas e criar um cupom. Em nossa an\u00e1lise, voc\u00ea obter\u00e1 informa\u00e7\u00f5es \u00fateis e aprender\u00e1 como apostar.<\/p>\n<p style=\"text-align: center;\"><span style=\"font-weight: 400;\"><div class=\"go-btn-container\"><div class=\"tosh-btn\"><a href=\"\/go-casino\/\" target=\"_blank\" rel=\"noopener\">JOGUE AGORA<\/a><\/div><\/div> <\/span><\/p>\n<h2>ESTRAT\u00c9GIA DE APOSTAS NO T\u00caNIS<\/h2>\n<p>Uma estrat\u00e9gia interessante para iniciantes \u00e9 usar o app de apostas em T\u00eanis, que \u00e9 gratuito para todos os usu\u00e1rios. Esta \u00e9 uma \u00f3tima maneira de obter acesso a apostas regularmente. Ao mesmo tempo, voc\u00ea pode ganhar dinheiro at\u00e9 mesmo em um passeio ou enquanto espera na fila.<\/p>\n<p>Al\u00e9m disso, existe uma estrat\u00e9gia espec\u00edfica de apostas no T\u00eanis que se destaca pelos princ\u00edpios fundamentais do jogo:<\/p>\n<ul>\n<li>o or\u00e7amento inicial deve ser dividido em v\u00e1rias dezenas de partes e n\u00e3o apostar mais de uma por vez em qualquer partida. Nesse caso, voc\u00ea limitar\u00e1 n\u00e3o apenas seus ganhos, mas tamb\u00e9m suas perdas. Portanto, n\u00e3o haver\u00e1 perda de todo o dep\u00f3sito, o que \u00e9 uma vantagem significativa;<\/li>\n<li>voc\u00ea deve aprender a controlar suas emo\u00e7\u00f5es enquanto aposta, para n\u00e3o fazer uma aposta acidentalmente que o levar\u00e1 \u00e0 queda. A maioria dos iniciantes perde seu dinheiro precisamente porque tenta recuperar o dinheiro perdido rapidamente;<\/li>\n<li>voc\u00ea n\u00e3o pode usar an\u00e1lises de pessoas na internet como a \u00fanica op\u00e7\u00e3o de aposta correta. Al\u00e9m disso, a abordagem no ambiente de apostas \u00e9 chamada de pregui\u00e7osa e inevitavelmente leva a uma perda. Voc\u00ea deve abordar seu jogo com responsabilidade e sempre observar o valor da aposta. Realize an\u00e1lises e estude as correspond\u00eancias voc\u00ea mesmo para n\u00e3o cometer erros.<\/li>\n<\/ul>\n<p>Recomendamos que todos os rec\u00e9m-chegados usem os servi\u00e7os apenas daqueles sites confi\u00e1veis com muitos anos de experi\u00eancia. Voc\u00ea pode encontrar isso em nosso portal de jogos na se\u00e7\u00e3o de an\u00e1lises, onde os especialistas coletaram as melhores op\u00e7\u00f5es dispon\u00edveis. Tente iniciar seu jogo e obter um grande lucro diretamente de sua conta. Al\u00e9m disso, siga o procedimento de verifica\u00e7\u00e3o para que n\u00e3o haja problemas com a retirada de fundos no futuro.<\/p>\n<p><img loading=\"lazy\" decoding=\"async\" class=\"aligncenter wp-image-4672\" src=\"https:\/\/rocketplay-new.com\/wp-content\/uploads\/2024\/02\/tennis-girl-professional-tennis-court.jpg\" alt=\"Tennis Betting\" width=\"800\" height=\"500\" srcset=\"https:\/\/rocketplay-new.com\/wp-content\/uploads\/2024\/02\/tennis-girl-professional-tennis-court.jpg 1000w, https:\/\/rocketplay-new.com\/wp-content\/uploads\/2024\/02\/tennis-girl-professional-tennis-court-300x188.jpg 300w, https:\/\/rocketplay-new.com\/wp-content\/uploads\/2024\/02\/tennis-girl-professional-tennis-court-768x480.jpg 768w\" sizes=\"auto, (max-width: 800px) 100vw, 800px\" \/><\/p>\n<h2>AS APOSTAS DE T\u00caNIS MAIS POPULARES<\/h2>\n<p>O melhor lugar para os iniciantes nas apostas online de T\u00eanis come\u00e7arem \u00e9 com uma aposta mais direta. Normalmente, \u00e9 a vit\u00f3ria de um atleta espec\u00edfico ou de uma dupla de atletas em uma partida. Apostas mais complicadas ficam para profissionais que controlam seus recursos financeiros e distribuem bem os lucros. As apostas totais s\u00e3o consideradas mais complicadas porque \u00e9 muitas vezes mais desafiador calcular pontos e prev\u00ea-los.<\/p>\n<p>Voc\u00ea pode experimentar diferentes op\u00e7\u00f5es de apostas em um modo de demonstra\u00e7\u00e3o especial. Isso permitir\u00e1 que voc\u00ea evite gastar dinheiro extra e experimente todas as op\u00e7\u00f5es. \u00c0s vezes, este modo pode n\u00e3o estar dispon\u00edvel, mas esta \u00e9 a melhor op\u00e7\u00e3o se voc\u00ea puder ganhar dinheiro real em breve.<\/p>\n<p style=\"text-align: center;\"><span style=\"font-weight: 400;\"><div class=\"go-btn-container\"><div class=\"tosh-btn\"><a href=\"\/go-casino\/\" target=\"_blank\" rel=\"noopener\">JOGUE AGORA<\/a><\/div><\/div> <\/span><\/p>\n<h2>PROBABILIDADES DE T\u00caNIS EXPLICADAS<\/h2>\n<p>A maneira mais f\u00e1cil de explicar as probabilidades \u00e9 dar exemplos espec\u00edficos de apostas reais. Tente apostar $ 200 em um resultado com chances de 1,4. Nesse caso, voc\u00ea ter\u00e1 um lucro de $ 80 e $ 280 estar\u00e3o em sua conta. Por US$ 100 apostados com odds de 1,7, voc\u00ea obter\u00e1 US$ 70 de lucro l\u00edquido. Aqui \u00e9 o mesmo que investir, ent\u00e3o voc\u00ea pode descobrir se encontrar os melhores sites de apostas em T\u00eanis.<\/p>\n<h2>CONCLUS\u00c3O<\/h2>\n<p>Concluindo, gostar\u00edamos de dizer novamente que a melhor maneira de come\u00e7ar seu jogo \u00e9 obter apostas gr\u00e1tis em t\u00eanis no site oficial de jogos de azar a partir de nossas an\u00e1lises. Tente fazer sua primeira aposta e ganhe uma grande quantia em dinheiro. Isso ajudar\u00e1 voc\u00ea a se acostumar com a interface rapidamente e aprender a alocar seus recursos adequadamente. Somente com a ajuda de apostas reais voc\u00ea aprender\u00e1 a fazer apostas lucrativas e ganhar regularmente.<\/p>\n<p><img loading=\"lazy\" decoding=\"async\" class=\"aligncenter wp-image-4681\" src=\"https:\/\/rocketplay-new.com\/wp-content\/uploads\/2024\/02\/high-angle-tennis-racket-balls.jpg\" alt=\"Tennis Betting 2\" width=\"800\" height=\"534\" srcset=\"https:\/\/rocketplay-new.com\/wp-content\/uploads\/2024\/02\/high-angle-tennis-racket-balls.jpg 1000w, https:\/\/rocketplay-new.com\/wp-content\/uploads\/2024\/02\/high-angle-tennis-racket-balls-300x200.jpg 300w, https:\/\/rocketplay-new.com\/wp-content\/uploads\/2024\/02\/high-angle-tennis-racket-balls-768x512.jpg 768w\" sizes=\"auto, (max-width: 800px) 100vw, 800px\" \/><\/p>\n<h2>Perguntas frequentes<\/h2>\n<p>Al\u00e9m das dicas de apostas em T\u00eanis, aqui fica um pequeno guia para iniciantes. As respostas \u00e0s perguntas populares ajudar\u00e3o voc\u00ea a se familiarizar melhor com as apostas ativas e a ganhar mais dinheiro.<\/p>\n<h3>QUAL \u00c9 A APOSTA MAIS POPULAR NO T\u00caNIS?<\/h3>\n<p>Muitas vezes apostamos em um campe\u00e3o que pode vencer a partida e manter sua estrat\u00e9gia com confian\u00e7a. Em segundo lugar est\u00e3o as apostas no total de rodadas e pontos, que tamb\u00e9m podem ser analisados. O principal \u00e9 coletar informa\u00e7\u00f5es confi\u00e1veis \u200b\u200be aprender com anteced\u00eancia sobre quais recursos dessa disciplina. Neste caso, voc\u00ea tem todas as chances de ganhar.<\/p>\n<h3>\u00c9 DESAFIADOR APRENDER A APOSTAR NO T\u00caNIS?<\/h3>\n<p>N\u00e3o, os jogadores geralmente aprendem a apostar em apenas uma semana. Gra\u00e7as \u00e0s regras claras do site de apostas e \u00e0s transmiss\u00f5es honestas, fica f\u00e1cil pegar o jeito. Assista a alguns jogos para ajustar suas estrat\u00e9gias e t\u00e1ticas e comece a ganhar grandes somas. Voc\u00ea tamb\u00e9m pode fazer apostas m\u00ednimas de um d\u00f3lar para entender melhor o sistema e n\u00e3o perder capital.<\/p>\n<h3>COM QUE IDADE POSSO APOSTAR?<\/h3>\n<p>Uma limita\u00e7\u00e3o nas apostas de t\u00eanis ao vivo \u00e9 a maioridade no pa\u00eds de resid\u00eancia. Portanto, \u00e9 recomend\u00e1vel que voc\u00ea se familiarize novamente com a legisla\u00e7\u00e3o do seu estado ou pa\u00eds. Isso ajudar\u00e1 voc\u00ea a n\u00e3o perder sua conta porque, durante o processo de verifica\u00e7\u00e3o, a administra\u00e7\u00e3o encontrar\u00e1 uma discrep\u00e2ncia. Jogue bonito e voc\u00ea ter\u00e1 a garantia de vencer em algum momento.<\/p>\n","protected":false},"excerpt":{"rendered":"<p>Uma vantagem essencial das apostas em t\u00eanis \u00e9 que muitas partidas profissionais e amadoras est\u00e3o sendo jogadas. Gra\u00e7as a isso, todos podem colocar seu dinheiro nos ganhos de um determinado jogador e ganhar dinheiro com isso. Basta encontrar um site online adequado para jogos de azar e apostas e criar um cupom. Em nossa an\u00e1lise,&#8230;<\/p>\n","protected":false},"author":1,"featured_media":0,"parent":3717,"menu_order":0,"comment_status":"closed","ping_status":"closed","template":"","meta":{"_acf_changed":false,"_kad_post_transparent":"default","_kad_post_title":"default","_kad_post_layout":"default","_kad_post_sidebar_id":"","_kad_post_content_style":"default","_kad_post_vertical_padding":"default","_kad_post_feature":"","_kad_post_feature_position":"","_kad_post_header":false,"_kad_post_footer":false,"footnotes":""},"class_list":["post-3878","page","type-page","status-publish","hentry"],"acf":[],"rttpg_featured_image_url":null,"rttpg_author":{"display_name":"John","author_link":"https:\/\/rocketplay-new.com\/pt-br\/author\/pemvas95n89x\/"},"rttpg_comment":0,"rttpg_category":null,"rttpg_excerpt":"Uma vantagem essencial das apostas em t\u00eanis \u00e9 que muitas partidas profissionais e amadoras est\u00e3o sendo jogadas. Gra\u00e7as a isso, todos podem colocar seu dinheiro nos ganhos de um determinado jogador e ganhar dinheiro com isso. Basta encontrar um site online adequado para jogos de azar e apostas e criar um cupom. Em nossa an\u00e1lise,...","_links":{"self":[{"href":"https:\/\/rocketplay-new.com\/pt-br\/wp-json\/wp\/v2\/pages\/3878","targetHints":{"allow":["GET"]}}],"collection":[{"href":"https:\/\/rocketplay-new.com\/pt-br\/wp-json\/wp\/v2\/pages"}],"about":[{"href":"https:\/\/rocketplay-new.com\/pt-br\/wp-json\/wp\/v2\/types\/page"}],"author":[{"embeddable":true,"href":"https:\/\/rocketplay-new.com\/pt-br\/wp-json\/wp\/v2\/users\/1"}],"replies":[{"embeddable":true,"href":"https:\/\/rocketplay-new.com\/pt-br\/wp-json\/wp\/v2\/comments?post=3878"}],"version-history":[{"count":4,"href":"https:\/\/rocketplay-new.com\/pt-br\/wp-json\/wp\/v2\/pages\/3878\/revisions"}],"predecessor-version":[{"id":5660,"href":"https:\/\/rocketplay-new.com\/pt-br\/wp-json\/wp\/v2\/pages\/3878\/revisions\/5660"}],"up":[{"embeddable":true,"href":"https:\/\/rocketplay-new.com\/pt-br\/wp-json\/wp\/v2\/pages\/3717"}],"wp:attachment":[{"href":"https:\/\/rocketplay-new.com\/pt-br\/wp-json\/wp\/v2\/media?parent=3878"}],"curies":[{"name":"wp","href":"https:\/\/api.w.org\/{rel}","templated":true}]}}