{"id":3824,"date":"2023-01-13T18:30:54","date_gmt":"2023-01-13T15:30:54","guid":{"rendered":"https:\/\/rocketplay-new.com\/sport-betting\/american-football\/"},"modified":"2025-11-26T20:01:32","modified_gmt":"2025-11-26T17:01:32","slug":"american-football","status":"publish","type":"page","link":"https:\/\/rocketplay-new.com\/pt-br\/sport\/american-football\/","title":{"rendered":"Como apostar no futebol americano"},"content":{"rendered":"<p>O entretenimento popular nos Estados Unidos tamb\u00e9m atrai f\u00e3s de jogos de azar. Apostar no Futebol Americano \u00e9 uma excelente oportunidade de usar de forma r\u00e1pida e eficaz diferentes resultados para vencer. Um grande n\u00famero de partidas e alta din\u00e2mica permitir\u00e3o que at\u00e9 um iniciante entenda as regras e comece a ganhar rapidamente. Em nossa an\u00e1lise, coletamos as informa\u00e7\u00f5es mais \u00fateis sobre apostas no futebol americano.<\/p>\n<p style=\"text-align: center;\"><span style=\"font-weight: 400;\"><div class=\"go-btn-container\"><div class=\"tosh-btn\"><a href=\"\/go-casino\/\" target=\"_blank\" rel=\"noopener\">JOGUE AGORA<\/a><\/div><\/div> <\/span><\/p>\n<h2>PROBABILIDADES DO FUTEBOL AMERICANO EXPLICADAS<\/h2>\n<p>Na maioria dos casos, os sites de apostas de futebol americano s\u00e3o dif\u00edceis de escolher porque existem muitos concorrentes no mercado e trapaceiros. Voc\u00ea pode encontrar sites de apostas confi\u00e1veis \u200b\u200bgarantidos em nossas an\u00e1lises porque testamos todos os recursos das empresas de jogos de azar em detalhes. Voc\u00ea tamb\u00e9m deve abordar suas apostas com responsabilidade, estudando a linha geral de apostas no site.<\/p>\n<p>Quanto mais resultados poss\u00edveis forem oferecidos, mais abrangente ser\u00e1 considerada a linha de aposta poss\u00edvel. Tente encontrar as op\u00e7\u00f5es perfeitas e ganhe algumas dezenas de d\u00f3lares a mais. Esta \u00e9 a sua oportunidade de ganhar uma grande quantia em dinheiro. Voc\u00ea tamb\u00e9m pode experimentar diferentes op\u00e7\u00f5es.<\/p>\n<p>\u00c9 melhor olhar para apostar no vencedor da partida imediatamente. Este \u00e9 um tipo de aposta cl\u00e1ssico que atrair\u00e1 a maioria dos jogadores. A maneira mais f\u00e1cil de adivinhar o resultado da partida est\u00e1 aqui.<\/p>\n<p>Nas apostas em times de futebol americano, voc\u00ea tamb\u00e9m pode prestar aten\u00e7\u00e3o a v\u00e1rios resultados adicionais. Por exemplo, o total \u00e9 uma \u00f3tima op\u00e7\u00e3o para aumentar seu saldo v\u00e1rias vezes em uma \u00fanica aposta. Al\u00e9m disso, as variantes desse total podem ser diferentes, o que significa que ningu\u00e9m vai tirar sua chance de ganhar muito de uma vez.<\/p>\n<p><img loading=\"lazy\" decoding=\"async\" class=\"aligncenter wp-image-4739\" src=\"https:\/\/rocketplay-new.com\/wp-content\/uploads\/2024\/02\/american-football-player-professional-stadium.jpg\" alt=\"American Football \" width=\"800\" height=\"400\" srcset=\"https:\/\/rocketplay-new.com\/wp-content\/uploads\/2024\/02\/american-football-player-professional-stadium.jpg 1000w, https:\/\/rocketplay-new.com\/wp-content\/uploads\/2024\/02\/american-football-player-professional-stadium-300x150.jpg 300w, https:\/\/rocketplay-new.com\/wp-content\/uploads\/2024\/02\/american-football-player-professional-stadium-768x384.jpg 768w\" sizes=\"auto, (max-width: 800px) 100vw, 800px\" \/><\/p>\n<h2>TIPOS DE APOSTA NO FUTEBOL AMERICANO<\/h2>\n<p>Prestar aten\u00e7\u00e3o aos b\u00f4nus de apostas de futebol americano \u00e9 recomendado para evitar perder um grande pote em sua conta. Voc\u00ea pode descobrir as condi\u00e7\u00f5es exatas imediatamente ap\u00f3s registrar uma conta pessoal. Leia atentamente as regras e obtenha mais informa\u00e7\u00f5es sobre a empresa de jogos de azar. Depois disso, voc\u00ea pode come\u00e7ar a ganhar ativamente.<\/p>\n<p>Tamb\u00e9m podemos recomendar que voc\u00ea receba os seguintes presentes no futebol americano:<\/p>\n<ul>\n<li>maior cashback de cada perda gra\u00e7as \u00e0 assinatura do programa VIP;<\/li>\n<li>a oportunidade de aumentar seu dep\u00f3sito obtendo um b\u00f4nus adicional da administra\u00e7\u00e3o;<\/li>\n<li>a chance de obter uma aposta gr\u00e1tis e n\u00e3o perder capital em caso de perda.<\/li>\n<\/ul>\n<p>Isso pode ajud\u00e1-lo a aumentar suas economias e criar uma almofada financeira segura.<\/p>\n<p style=\"text-align: center;\"><span style=\"font-weight: 400;\"><div class=\"go-btn-container\"><div class=\"tosh-btn\"><a href=\"\/go-casino\/\" target=\"_blank\" rel=\"noopener\">JOGUE AGORA<\/a><\/div><\/div> <\/span><\/p>\n<h2>ESTRAT\u00c9GIAS DE APOSTAS NO FUTEBOL AMERICANO<\/h2>\n<p>Entre as melhores estrat\u00e9gias e melhores apostas online de Futebol Americano est\u00e3o algumas das mais famosas. \u00c9 necess\u00e1rio seguir atentamente as recomenda\u00e7\u00f5es dos especialistas para ter certeza de ganhar dinheiro e n\u00e3o perder todo o seu capital:<\/p>\n<ul>\n<li>tente dividir o valor total do seu banco em 20-30 partes e n\u00e3o aposte mais do que 3% do seu capital por vez. Desta forma, voc\u00ea n\u00e3o perder\u00e1 de uma vez, o que significa que voc\u00ea dominar\u00e1 gradualmente a arte do jogo;<\/li>\n<li>voc\u00ea deve abordar as apostas de maneira disciplinada, para que n\u00e3o haja problemas durante os sorteios. N\u00e3o deves apostar tudo na emo\u00e7\u00e3o ou se queres reconquistar porque isso te levar\u00e1 a mais perdas;<\/li>\n<li>os jogadores precisam estudar as regras de promo\u00e7\u00f5es e b\u00f4nus cuidadosamente para evitar a armadilha t\u00edpica de condi\u00e7\u00f5es mal compreendidas.<\/li>\n<\/ul>\n<p>Use todas as recomenda\u00e7\u00f5es e voc\u00ea pode ganhar.<\/p>\n<p><img loading=\"lazy\" decoding=\"async\" class=\"aligncenter wp-image-4749\" src=\"https:\/\/rocketplay-new.com\/wp-content\/uploads\/2024\/02\/american-football-american-football-player-professional-sport-stadium.jpg\" alt=\"American Football 2\" width=\"800\" height=\"462\" srcset=\"https:\/\/rocketplay-new.com\/wp-content\/uploads\/2024\/02\/american-football-american-football-player-professional-sport-stadium.jpg 1000w, https:\/\/rocketplay-new.com\/wp-content\/uploads\/2024\/02\/american-football-american-football-player-professional-sport-stadium-300x173.jpg 300w, https:\/\/rocketplay-new.com\/wp-content\/uploads\/2024\/02\/american-football-american-football-player-professional-sport-stadium-768x443.jpg 768w\" sizes=\"auto, (max-width: 800px) 100vw, 800px\" \/><\/p>\n<h2>CONCLUS\u00c3O<\/h2>\n<p>Em resumo, todos deveriam tentar apostar no futebol americano. Esta \u00e9 uma disciplina esportiva din\u00e2mica, da qual muitas pessoas v\u00e3o gostar por causa dos b\u00f4nus emocionantes e da ampla linha de apostas. Agora voc\u00ea pode experimentar todos os benef\u00edcios no site oficial de jogos de azar.<\/p>\n<h2>Perguntas frequentes<\/h2>\n<p>Al\u00e9m das dicas de apostas em futebol americano, compilamos as respostas para as perguntas mais populares para iniciantes. Leia as informa\u00e7\u00f5es \u00fateis e comece a jogar ativamente para ganhar e ganhar muito dinheiro extra. Voc\u00ea pode come\u00e7ar agora no site oficial do cassino.<\/p>\n<h3>QUAL \u00c9 A ESTRAT\u00c9GIA VENCEDORA?<\/h3>\n<p>Na maioria dos casos, voc\u00ea deve confiar nas probabilidades de apostas de futebol americano para avaliar suas chances de sucesso corretamente. Na maioria das vezes, as equipes est\u00e3o prontas para mostrar um bom resultado, ent\u00e3o voc\u00ea deve analisar o pr\u00f3ximo jogo com responsabilidade. Tente usar mais oportunidades de jogo para ganhar dinheiro e desenvolver sua estrat\u00e9gia. O modo de demonstra\u00e7\u00e3o pode ajud\u00e1-lo se estiver dispon\u00edvel no jogo.<\/p>\n<h3>QUAL A MELHOR EQUIPE PARA APOSTAR?<\/h3>\n<p>A maioria das escolhas de apostas de futebol americano s\u00e3o baseadas em an\u00e1lises das duas equipes. Estudar o confronto passado entre as organiza\u00e7\u00f5es e os atletas que ir\u00e3o atuar na pr\u00f3xima partida \u00e9 necess\u00e1rio. \u00c0s vezes, os jogadores est\u00e3o prontos para oferecer um show fant\u00e1stico, dif\u00edcil de prever. Caso contr\u00e1rio, voc\u00ea pode determinar o favorito de uma vez e observar os ganhos constantes.<\/p>\n","protected":false},"excerpt":{"rendered":"<p>O entretenimento popular nos Estados Unidos tamb\u00e9m atrai f\u00e3s de jogos de azar. Apostar no Futebol Americano \u00e9 uma excelente oportunidade de usar de forma r\u00e1pida e eficaz diferentes resultados para vencer. Um grande n\u00famero de partidas e alta din\u00e2mica permitir\u00e3o que at\u00e9 um iniciante entenda as regras e comece a ganhar rapidamente. Em nossa&#8230;<\/p>\n","protected":false},"author":1,"featured_media":0,"parent":3717,"menu_order":0,"comment_status":"closed","ping_status":"closed","template":"","meta":{"_acf_changed":false,"_kad_post_transparent":"default","_kad_post_title":"default","_kad_post_layout":"default","_kad_post_sidebar_id":"","_kad_post_content_style":"default","_kad_post_vertical_padding":"default","_kad_post_feature":"","_kad_post_feature_position":"","_kad_post_header":false,"_kad_post_footer":false,"footnotes":""},"class_list":["post-3824","page","type-page","status-publish","hentry"],"acf":[],"rttpg_featured_image_url":null,"rttpg_author":{"display_name":"John","author_link":"https:\/\/rocketplay-new.com\/pt-br\/author\/pemvas95n89x\/"},"rttpg_comment":0,"rttpg_category":null,"rttpg_excerpt":"O entretenimento popular nos Estados Unidos tamb\u00e9m atrai f\u00e3s de jogos de azar. Apostar no Futebol Americano \u00e9 uma excelente oportunidade de usar de forma r\u00e1pida e eficaz diferentes resultados para vencer. Um grande n\u00famero de partidas e alta din\u00e2mica permitir\u00e3o que at\u00e9 um iniciante entenda as regras e comece a ganhar rapidamente. Em nossa...","_links":{"self":[{"href":"https:\/\/rocketplay-new.com\/pt-br\/wp-json\/wp\/v2\/pages\/3824","targetHints":{"allow":["GET"]}}],"collection":[{"href":"https:\/\/rocketplay-new.com\/pt-br\/wp-json\/wp\/v2\/pages"}],"about":[{"href":"https:\/\/rocketplay-new.com\/pt-br\/wp-json\/wp\/v2\/types\/page"}],"author":[{"embeddable":true,"href":"https:\/\/rocketplay-new.com\/pt-br\/wp-json\/wp\/v2\/users\/1"}],"replies":[{"embeddable":true,"href":"https:\/\/rocketplay-new.com\/pt-br\/wp-json\/wp\/v2\/comments?post=3824"}],"version-history":[{"count":4,"href":"https:\/\/rocketplay-new.com\/pt-br\/wp-json\/wp\/v2\/pages\/3824\/revisions"}],"predecessor-version":[{"id":5688,"href":"https:\/\/rocketplay-new.com\/pt-br\/wp-json\/wp\/v2\/pages\/3824\/revisions\/5688"}],"up":[{"embeddable":true,"href":"https:\/\/rocketplay-new.com\/pt-br\/wp-json\/wp\/v2\/pages\/3717"}],"wp:attachment":[{"href":"https:\/\/rocketplay-new.com\/pt-br\/wp-json\/wp\/v2\/media?parent=3824"}],"curies":[{"name":"wp","href":"https:\/\/api.w.org\/{rel}","templated":true}]}}