{"id":3771,"date":"2023-01-13T17:47:51","date_gmt":"2023-01-13T14:47:51","guid":{"rendered":"https:\/\/rocketplay-new.com\/sport-betting\/hockey\/"},"modified":"2025-04-02T18:04:39","modified_gmt":"2025-04-02T15:04:39","slug":"hockey","status":"publish","type":"page","link":"https:\/\/rocketplay-new.com\/pt-br\/sport\/hockey\/","title":{"rendered":"Como apostar no h\u00f3quei"},"content":{"rendered":"<p>Escolher as linhas de apostas de h\u00f3quei certas \u00e9 o desafio mais desafiador para iniciantes. Tente entender as peculiaridades da disciplina esportiva e obtenha a f\u00f3rmula perfeita para o sucesso. Nossa breve vis\u00e3o geral se concentra em estrat\u00e9gias, t\u00e1ticas e vantagens de apostas em h\u00f3quei. Comece a ganhar mais dinheiro com apostas agora.<\/p>\n<p style=\"text-align: center;\"><span style=\"font-weight: 400;\"><div class=\"go-btn-container\"><div class=\"tosh-btn\"><a href=\"\/go-casino\/\" target=\"_blank\" rel=\"noopener\">JOGUE AGORA<\/a><\/div><\/div> <\/span><\/p>\n<h2>APOSTAS NA LINHA DO DISCO DE H\u00d3QUEI<\/h2>\n<p>Na maioria dos casos, os iniciantes est\u00e3o interessados em apostas gratuitas no h\u00f3quei porque \u00e9 uma \u00f3tima maneira de entender os fundamentos das apostas e come\u00e7ar a ganhar dinheiro rapidamente. A administra\u00e7\u00e3o distribui esses b\u00f4nus de forma independente a todos os participantes em uma p\u00e1gina de promo\u00e7\u00f5es separada, por isso \u00e9 recomend\u00e1vel tentar encontrar essa oferta agora. \u00c9 tamb\u00e9m uma chance de tentar apostar e testar diferentes estrat\u00e9gias sem gastar seu or\u00e7amento com isso.<\/p>\n<p>No entanto, as op\u00e7\u00f5es de apostas mais populares permanecem:<\/p>\n<ul>\n<li>vit\u00f3ria da equipe. \u00c9 preciso olhar com aten\u00e7\u00e3o para os encontros anteriores das equipes e seus resultados nos \u00faltimos jogos. Al\u00e9m disso, preste aten\u00e7\u00e3o especial \u00e0s substitui\u00e7\u00f5es, que ocorrem frequentemente e afetam significativamente o resultado final da partida;<\/li>\n<li>total de pucks pontuados. Uma op\u00e7\u00e3o de aposta popular para quem gosta de ganhar uma boa quantia em sua conta rapidamente. \u00c9 mais f\u00e1cil dividir esses discos em tr\u00eas per\u00edodos; portanto, voc\u00ea pode vencer at\u00e9 tr\u00eas vezes em uma partida. A an\u00e1lise \u00e9 bastante complicada, mas permitir\u00e1 que voc\u00ea obtenha um excelente lucro;<\/li>\n<li>tiros perigosos totais. A principal caracter\u00edstica desse tipo de aposta \u00e9 que apenas os profissionais tentam jogar a partir de chutes perigosos. Tal por partidas pode acontecer bastante, e para estudar esta quest\u00e3o, basta olhar para as estat\u00edsticas de vit\u00f3rias de equipes e jogadores. An\u00e1lise aprofundada e o dinheiro est\u00e1 no seu bolso.<\/li>\n<\/ul>\n<p>Voc\u00ea pode encontrar o seu ideal se usar um dos sites de cassino que temos<\/p>\n<p>descrito. Tente estudar seus recursos em nossas an\u00e1lises porque testamos minuciosamente cada recurso de jogo. Gra\u00e7as a isso, voc\u00ea pode obter experi\u00eancia, dinheiro e capacidade de analisar partidas futuras.<\/p>\n<p><img loading=\"lazy\" decoding=\"async\" class=\"aligncenter wp-image-4710\" src=\"https:\/\/rocketplay-new.com\/wp-content\/uploads\/2024\/02\/hockey-players.jpg\" alt=\"Hockey betting \" width=\"800\" height=\"400\" srcset=\"https:\/\/rocketplay-new.com\/wp-content\/uploads\/2024\/02\/hockey-players.jpg 1000w, https:\/\/rocketplay-new.com\/wp-content\/uploads\/2024\/02\/hockey-players-300x150.jpg 300w, https:\/\/rocketplay-new.com\/wp-content\/uploads\/2024\/02\/hockey-players-768x384.jpg 768w\" sizes=\"auto, (max-width: 800px) 100vw, 800px\" \/><\/p>\n<h2>APOSTAS DE H\u00d3QUEI AO VIVO<\/h2>\n<p>As apostas ao vivo no h\u00f3quei tamb\u00e9m s\u00e3o muito populares porque \u00e9 uma excelente oportunidade de obter um grande pr\u00eamio j\u00e1 sabendo o resultado da partida. Basta come\u00e7ar a jogar e assistir \u00e0 transmiss\u00e3o e, em determinado momento, fazer sua aposta. O principal \u00e9 ter nervos de a\u00e7o o m\u00e1ximo poss\u00edvel, porque a situa\u00e7\u00e3o em campo pode mudar a cada poucos minutos. \u00c9 o mais dif\u00edcil poss\u00edvel, mas voc\u00ea deve aprender a controlar suas emo\u00e7\u00f5es e, assim, ter\u00e1 todas as chances de vencer.<\/p>\n<p style=\"text-align: center;\"><span style=\"font-weight: 400;\"><div class=\"go-btn-container\"><div class=\"tosh-btn\"><a href=\"\/go-casino\/\" target=\"_blank\" rel=\"noopener\">JOGUE AGORA<\/a><\/div><\/div> <\/span><\/p>\n<h2>TIPOS DE APOSTA<\/h2>\n<p>Apostar em uma vit\u00f3ria \u00e9 popular porque as dicas de apostas ao vivo no h\u00f3quei no gelo disp\u00f5em disso. A maioria das estrat\u00e9gias depende do vencedor porque \u00e9 mais f\u00e1cil prever o resultado final. Podemos recomendar que voc\u00ea siga uma diretriz simples:<\/p>\n<ol>\n<li>V\u00e1 para a p\u00e1gina principal do site de apostas online e escolha uma combina\u00e7\u00e3o adequada.<\/li>\n<li>Depois disso, fa\u00e7a uma aposta de qualquer valor e assista \u00e0 partida.<\/li>\n<li>Escolha v\u00e1rios resultados e analise quais trazem mais dinheiro.<\/li>\n<\/ol>\n<p>Essa abordagem permite que voc\u00ea teste v\u00e1rias dire\u00e7\u00f5es e escolha a melhor. Caso contr\u00e1rio, ser\u00e1 mais dif\u00edcil obter bons resultados.<\/p>\n<h2>TERMOS DE APOSTAS DE H\u00d3QUEI<\/h2>\n<p>Em primeiro lugar, \u00e9 recomend\u00e1vel estudar as ofertas de apostas gratuitas no h\u00f3quei e todos os recursos das apostas modernas. As regras e regulamentos do casino s\u00e3o essenciais porque se n\u00e3o as seguir pode ser bloqueado. Voc\u00ea tamb\u00e9m deve aprender os pontos de perigo e como os pontos de penalidade s\u00e3o jogados.<\/p>\n<p>Tudo isso ajudar\u00e1 voc\u00ea a se adaptar mais rapidamente \u00e0s dicas de apostas do Hockey e a come\u00e7ar a aproveitar todos os benef\u00edcios do jogo. Tente aumentar seus lucros e ficar\u00e1 satisfeito com o resultado.<\/p>\n<p><img loading=\"lazy\" decoding=\"async\" class=\"aligncenter wp-image-4729\" src=\"https:\/\/rocketplay-new.com\/wp-content\/uploads\/2024\/02\/professional-hockey-player-skating-ice-isolated-white.jpg\" alt=\"Hockey betting 2\" width=\"800\" height=\"437\" srcset=\"https:\/\/rocketplay-new.com\/wp-content\/uploads\/2024\/02\/professional-hockey-player-skating-ice-isolated-white.jpg 1000w, https:\/\/rocketplay-new.com\/wp-content\/uploads\/2024\/02\/professional-hockey-player-skating-ice-isolated-white-300x164.jpg 300w, https:\/\/rocketplay-new.com\/wp-content\/uploads\/2024\/02\/professional-hockey-player-skating-ice-isolated-white-768x419.jpg 768w\" sizes=\"auto, (max-width: 800px) 100vw, 800px\" \/><\/p>\n<h2>Perguntas frequentes<\/h2>\n<p>\u00c9 prov\u00e1vel que os iniciantes se familiarizem rapidamente com os aspectos essenciais do jogo. Portanto, \u00e9 recomend\u00e1vel come\u00e7ar a ler as informa\u00e7\u00f5es valiosas de nossos especialistas. Reunimos para voc\u00ea as respostas para as perguntas mais populares.<\/p>\n<h3>\u00c9 DESAFIADOR APRENDER A APOSTAR NO H\u00d3QUEI?<\/h3>\n<p>Gra\u00e7as \u00e0 abertura das apostas no H\u00f3quei, voc\u00ea pode aprender como ganhar na primeira semana de jogo. Basta experimentar algo novo e se divertir no site oficial. Confira a se\u00e7\u00e3o de b\u00f4nus e promo\u00e7\u00f5es para obter recompensas adicionais. Isso ajudar\u00e1 voc\u00ea a ganhar dinheiro real com mais rapidez e efici\u00eancia.<\/p>\n<h3>QUAL \u00c9 A APOSTA M\u00cdNIMA NO H\u00d3QUEI?<\/h3>\n<p>O limite geralmente \u00e9 definido dependendo do torneio e do seu saldo. Tente apostar um d\u00f3lar porque esse \u00e9 o tamanho de aposta cl\u00e1ssico para um torneio regular. No entanto, \u00e0s vezes o cassino pode permitir que voc\u00ea defina o valor em alguns centavos. No entanto, essas pequenas apostas tamb\u00e9m s\u00e3o \u00fateis porque permitem que voc\u00ea entenda as apostas de h\u00f3quei on-line por dentro sem perder muito capital.<\/p>\n<h3>QUAL TIPO DE APOSTA \u00c9 MAIS RENT\u00c1VEL?<\/h3>\n<p>\u00c9 melhor usar diferentes op\u00e7\u00f5es de apostas durante o jogo. Alguns s\u00e3o mais adequados para jogos regulares, enquanto outros s\u00e3o ideais para transmiss\u00f5es ao vivo. Tente aprender a se ajustar a um tipo espec\u00edfico de jogo e fazer aquelas apostas que podem trazer o m\u00e1ximo lucro em um tempo relativamente curto. Ainda que a melhor op\u00e7\u00e3o, segundo nossos especialistas, seja apostar na quantidade de gols marcados na partida.<\/p>\n","protected":false},"excerpt":{"rendered":"<p>Escolher as linhas de apostas de h\u00f3quei certas \u00e9 o desafio mais desafiador para iniciantes. Tente entender as peculiaridades da disciplina esportiva e obtenha a f\u00f3rmula perfeita para o sucesso. Nossa breve vis\u00e3o geral se concentra em estrat\u00e9gias, t\u00e1ticas e vantagens de apostas em h\u00f3quei. Comece a ganhar mais dinheiro com apostas agora. APOSTAS NA&#8230;<\/p>\n","protected":false},"author":1,"featured_media":0,"parent":3717,"menu_order":0,"comment_status":"closed","ping_status":"closed","template":"","meta":{"_acf_changed":false,"_kad_post_transparent":"default","_kad_post_title":"default","_kad_post_layout":"default","_kad_post_sidebar_id":"","_kad_post_content_style":"default","_kad_post_vertical_padding":"default","_kad_post_feature":"","_kad_post_feature_position":"","_kad_post_header":false,"_kad_post_footer":false,"footnotes":""},"class_list":["post-3771","page","type-page","status-publish","hentry"],"acf":[],"rttpg_featured_image_url":null,"rttpg_author":{"display_name":"John","author_link":"https:\/\/rocketplay-new.com\/pt-br\/author\/pemvas95n89x\/"},"rttpg_comment":0,"rttpg_category":null,"rttpg_excerpt":"Escolher as linhas de apostas de h\u00f3quei certas \u00e9 o desafio mais desafiador para iniciantes. Tente entender as peculiaridades da disciplina esportiva e obtenha a f\u00f3rmula perfeita para o sucesso. Nossa breve vis\u00e3o geral se concentra em estrat\u00e9gias, t\u00e1ticas e vantagens de apostas em h\u00f3quei. Comece a ganhar mais dinheiro com apostas agora. APOSTAS NA...","_links":{"self":[{"href":"https:\/\/rocketplay-new.com\/pt-br\/wp-json\/wp\/v2\/pages\/3771","targetHints":{"allow":["GET"]}}],"collection":[{"href":"https:\/\/rocketplay-new.com\/pt-br\/wp-json\/wp\/v2\/pages"}],"about":[{"href":"https:\/\/rocketplay-new.com\/pt-br\/wp-json\/wp\/v2\/types\/page"}],"author":[{"embeddable":true,"href":"https:\/\/rocketplay-new.com\/pt-br\/wp-json\/wp\/v2\/users\/1"}],"replies":[{"embeddable":true,"href":"https:\/\/rocketplay-new.com\/pt-br\/wp-json\/wp\/v2\/comments?post=3771"}],"version-history":[{"count":4,"href":"https:\/\/rocketplay-new.com\/pt-br\/wp-json\/wp\/v2\/pages\/3771\/revisions"}],"predecessor-version":[{"id":5697,"href":"https:\/\/rocketplay-new.com\/pt-br\/wp-json\/wp\/v2\/pages\/3771\/revisions\/5697"}],"up":[{"embeddable":true,"href":"https:\/\/rocketplay-new.com\/pt-br\/wp-json\/wp\/v2\/pages\/3717"}],"wp:attachment":[{"href":"https:\/\/rocketplay-new.com\/pt-br\/wp-json\/wp\/v2\/media?parent=3771"}],"curies":[{"name":"wp","href":"https:\/\/api.w.org\/{rel}","templated":true}]}}