{"id":3717,"date":"2023-01-13T15:58:26","date_gmt":"2023-01-13T12:58:26","guid":{"rendered":"https:\/\/rocketplay-new.com\/a-beginner-s-guide-to-sport-betting\/"},"modified":"2026-04-01T00:32:39","modified_gmt":"2026-03-31T21:32:39","slug":"sport","status":"publish","type":"page","link":"https:\/\/rocketplay-new.com\/pt-br\/sport\/","title":{"rendered":"Um guia para iniciantes em apostas esportivas"},"content":{"rendered":"<p>Na maioria das vezes, as apostas esportivas atraem usu\u00e1rios em todo o mundo para ganhar algumas centenas de d\u00f3lares de forma r\u00e1pida e divertida. Especialmente para esses usu\u00e1rios, muitos cassinos abriram a possibilidade de apostar em eventos esportivos e ciberesportivos. No momento, oferecemos uma oportunidade \u00fanica de fazer um pouco de treinamento e ganhar v\u00e1rias vezes mais com as apostas.<\/p>\n<h2>UMA BREVE INTRODU\u00c7\u00c3O AO FUNCIONAMENTO DAS APOSTAS<\/h2>\n<p>Apostar \u00e9 uma forma de prever um determinado resultado em uma partida e obter uma certa quantia de dinheiro por isso. Quanto menos previs\u00edvel o resultado, mais voc\u00ea pode ganhar de uma s\u00f3 vez. Ao fazer isso, voc\u00ea est\u00e1 apostando com o site de jogos de azar, que tem sua opini\u00e3o expressa em desacordo. Tente aproveitar esse conhecimento para ganhar mais dinheiro.<\/p>\n<p>Na maioria dos casos, os iniciantes s\u00e3o aconselhados a usar o aplicativo de apostas esportivas em seus smartphones. \u00c9 uma maneira m\u00f3vel conveniente de obter dinheiro, assistir a transmiss\u00f5es e at\u00e9 mesmo sacar ganhos para o seu cart\u00e3o. Basta baixar um aplicativo separado da equipe de desenvolvimento ou usar a vers\u00e3o m\u00f3vel, que todos podem usar.<\/p>\n<p><img loading=\"lazy\" decoding=\"async\" class=\"aligncenter wp-image-4759\" src=\"https:\/\/rocketplay-new.com\/wp-content\/uploads\/2024\/02\/top-view-sports-gambling-money.jpg\" alt=\"sport betting\" width=\"800\" height=\"534\" srcset=\"https:\/\/rocketplay-new.com\/wp-content\/uploads\/2024\/02\/top-view-sports-gambling-money.jpg 1000w, https:\/\/rocketplay-new.com\/wp-content\/uploads\/2024\/02\/top-view-sports-gambling-money-300x200.jpg 300w, https:\/\/rocketplay-new.com\/wp-content\/uploads\/2024\/02\/top-view-sports-gambling-money-768x512.jpg 768w\" sizes=\"auto, (max-width: 800px) 100vw, 800px\" \/><\/p>\n<p>Para ver o impacto das apostas, as probabilidades podem ser completamente diferentes. Por exemplo, apostar $ 1.000 com chances de 1,6 pode render $ 600 extras em seu pote. Parece bom e n\u00e3o \u00e9 dif\u00edcil porque significa a clara lideran\u00e7a de uma equipe. Outra coisa \u00e9 que a partida pode n\u00e3o sair conforme o planejado. Isso \u00e9 exatamente o que voc\u00ea precisa prever para ter a ideia certa do jogo.<\/p>\n<h2>GUIA DE APOSTAS ESPORTIVAS, GLOSS\u00c1RIO, TERMOS<\/h2>\n<p>Na maioria dos casos, as melhores apostas esportivas podem aproveitar os usu\u00e1rios que passaram pelo procedimento de registro no site de jogos de azar. Tente criar uma conta pessoal:<\/p>\n<ol>\n<li>Registre-se no site, que est\u00e1 listado em nossos coment\u00e1rios. Dessa forma, voc\u00ea n\u00e3o cair\u00e1 em fraudadores e poder\u00e1 ganhar uma grande quantia sem problemas. Especifique apenas dados pessoais reais para que n\u00e3o haja problemas em sacar dinheiro para sua conta no futuro.<\/li>\n<li>Depois disso, use um dos sistemas de pagamento sugeridos para depositar e receber o dinheiro em sua conta. Certifique-se de usar o sistema que planeja usar para a retirada. Nesse caso, voc\u00ea n\u00e3o ter\u00e1 problemas para colocar o dinheiro em sua conta.<\/li>\n<li>Escolha uma partida com base no seu or\u00e7amento, torneios favoritos, quantidade de informa\u00e7\u00f5es para an\u00e1lise e v\u00e1rios outros fatores. \u00c9 melhor apostar um pouco e ganhar do que apostar tudo e perder o pote.<\/li>\n<\/ol>\n<p>Certifique-se de verificar sua conta. Isso ajudar\u00e1 a administra\u00e7\u00e3o a confirmar seu direito de possuir uma conta, sua maioridade e sua capacidade de jogar. Voc\u00ea tamb\u00e9m poder\u00e1 obter um aumento nos limites m\u00e1ximos de aposta e n\u00e3o enfrentar problemas de retirada. O procedimento envolve a transfer\u00eancia de documentos pessoais, mas todos os dados s\u00e3o criptografados e n\u00e3o s\u00e3o divulgados a terceiros.<\/p>\n<p>Nas principais apostas esportivas, voc\u00ea tamb\u00e9m deve estar ciente de conceitos como probabilidades, cupom e total. Por exemplo, o total \u00e9 o n\u00famero de pontos marcados no jogo. Um total de mais de 26,5 significa que voc\u00ea vencer\u00e1 se um time obtiver 27 pontos. Ao mesmo tempo, 26 pontos ou menos significam que voc\u00ea perde. Tudo isso n\u00e3o \u00e9 muito complicado, ent\u00e3o voc\u00ea ser\u00e1 capaz de descobrir a mec\u00e2nica do jogo.<\/p>\n<p style=\"text-align: center;\"><span style=\"font-weight: 400;\"><div class=\"go-btn-container\"><div class=\"tosh-btn\"><a href=\"\/go-casino\/\" target=\"_blank\" rel=\"noopener\">JOGUE AGORA<\/a><\/div><\/div><\/span><\/p>\n<h2>HABILIDADES B\u00c1SICAS DE APOSTAS<\/h2>\n<p>Ao criar previs\u00f5es de apostas esportivas, voc\u00ea deve perceber que certas qualidades suas podem ajud\u00e1-lo a vencer. Isso inclui uma mentalidade anal\u00edtica, na qual voc\u00ea analisa diferentes fatores e processa grandes quantidades de informa\u00e7\u00f5es. \u00c9 preciso estar atento e acompanhar as mudan\u00e7as no campo de jogo. Incluir v\u00e1rias informa\u00e7\u00f5es na Internet pode ser um motivo para alterar a aposta antes da partida.<\/p>\n<p>Mas, al\u00e9m disso, voc\u00ea deve ter um certo n\u00edvel de dilig\u00eancia e paci\u00eancia. A disciplina \u00e9 a base para ganhar constantemente e obter lucro em sua conta. Se voc\u00ea escolheu uma estrat\u00e9gia espec\u00edfica, deve segui-la at\u00e9 o fim. Voc\u00ea deve tratar seu jogo com responsabilidade e aproveitar ao m\u00e1ximo suas finan\u00e7as. Experimente, e voc\u00ea ter\u00e1 certeza de encontrar sucesso.<\/p>\n<p><img loading=\"lazy\" decoding=\"async\" class=\"aligncenter wp-image-4768\" src=\"https:\/\/rocketplay-new.com\/wp-content\/uploads\/2024\/02\/young-hispanic-man-supporting-soccer-match-using-smartphone-sitting-by-christmas-decor-home.jpg\" alt=\"sport betting 2\" width=\"800\" height=\"534\" srcset=\"https:\/\/rocketplay-new.com\/wp-content\/uploads\/2024\/02\/young-hispanic-man-supporting-soccer-match-using-smartphone-sitting-by-christmas-decor-home.jpg 1000w, https:\/\/rocketplay-new.com\/wp-content\/uploads\/2024\/02\/young-hispanic-man-supporting-soccer-match-using-smartphone-sitting-by-christmas-decor-home-300x200.jpg 300w, https:\/\/rocketplay-new.com\/wp-content\/uploads\/2024\/02\/young-hispanic-man-supporting-soccer-match-using-smartphone-sitting-by-christmas-decor-home-768x512.jpg 768w\" sizes=\"auto, (max-width: 800px) 100vw, 800px\" \/><\/p>\n<h2>ESTRAT\u00c9GIAS DE APOSTAS ESPORTIVAS<\/h2>\n<p>Existem algumas dicas de apostas esportivas dos especialistas, que certamente ajudar\u00e3o voc\u00ea a ganhar e ganhar dinheiro:<\/p>\n<ul>\n<li>divida seu or\u00e7amento em v\u00e1rias partes para n\u00e3o perder todo o seu dinheiro de uma vez;<\/li>\n<li>preste aten\u00e7\u00e3o aos b\u00f4nus da empresa de jogos de azar, que podem lhe trazer uma renda significativa e anim\u00e1-lo;<\/li>\n<li>vale a pena entrar em contato com o suporte t\u00e9cnico se voc\u00ea n\u00e3o entender alguma coisa. \u00c9 melhor esperar a resposta de um especialista do que ter a conta bloqueada posteriormente.<\/li>\n<\/ul>\n<p>Tente desenvolver sua estrat\u00e9gia e t\u00e1tica com base na experi\u00eancia e na an\u00e1lise. Isso ajudar\u00e1 voc\u00ea a entender a disciplina esportiva em grande medida e a ganhar v\u00e1rias vezes mais. Basta experiment\u00e1-lo e voc\u00ea ficar\u00e1 satisfeito com seus resultados impressionantes.<\/p>\n<p style=\"text-align: center;\"><span style=\"font-weight: 400;\"><div class=\"go-btn-container\"><div class=\"tosh-btn\"><a href=\"\/go-casino\/\" target=\"_blank\" rel=\"noopener\">JOGUE AGORA<\/a><\/div><\/div><\/span><\/p>\n<h2>Perguntas frequentes<\/h2>\n<p>Para nossos leitores, compilamos uma pequena lista de perguntas populares de iniciantes, cujas respostas n\u00e3o s\u00e3o f\u00e1ceis de encontrar. Por favor, leia as informa\u00e7\u00f5es \u00fateis e aproveite todas as oportunidades para ganhar uma grande quantia.<\/p>\n<h3>COMO ESCOLHER A MELHOR ESTRAT\u00c9GIA PARA APOSTAR EM ESPORTES?<\/h3>\n<p>Primeiro, voc\u00ea precisa encontrar um site de apostas esportivas adequado que atenda a todos os padr\u00f5es de qualidade modernos. Entre nossas an\u00e1lises, esses cassinos s\u00e3o encontrados o tempo todo, por isso recomendamos a leitura atenta da se\u00e7\u00e3o com dicas de especialistas. Tente encontrar o equil\u00edbrio perfeito entre o valor de uma aposta e as probabilidades. Isso permitir\u00e1 que voc\u00ea perca menos e ganhe mais.<\/p>\n<h3>COM QUE IDADE POSSO APOSTAR?<\/h3>\n<p>Os sites de jogos de azar s\u00f3 podem ser usados por usu\u00e1rios adultos com mais de 18 anos. Esse limite m\u00ednimo de entrada pode variar dependendo do seu pa\u00eds ou estado. Recomendamos estudar detalhadamente as estat\u00edsticas de sua regi\u00e3o e descobrir os detalhes para n\u00e3o enfrentar um bloqueio repentino de sua conta no futuro.<\/p>\n<h3>QUAL \u00c9 A HABILIDADE MAIS NECESS\u00c1RIA NAS APOSTAS?<\/h3>\n<p>As apostas esportivas australianas requerem um tempo significativo e a capacidade de analisar dados vastos. Isso permitir\u00e1 que voc\u00ea preveja o resultado de partidas espec\u00edficas e determine o vencedor com anteced\u00eancia. Aproveite a chance de usar diferentes b\u00f4nus e leia todas as informa\u00e7\u00f5es \u00fateis. Isso ajudar\u00e1 voc\u00ea a ganhar uma grande quantia de dinheiro mais rapidamente.<\/p>\n","protected":false},"excerpt":{"rendered":"<p>Na maioria das vezes, as apostas esportivas atraem usu\u00e1rios em todo o mundo para ganhar algumas centenas de d\u00f3lares de forma r\u00e1pida e divertida. Especialmente para esses usu\u00e1rios, muitos cassinos abriram a possibilidade de apostar em eventos esportivos e ciberesportivos. No momento, oferecemos uma oportunidade \u00fanica de fazer um pouco de treinamento e ganhar v\u00e1rias&#8230;<\/p>\n","protected":false},"author":1,"featured_media":0,"parent":0,"menu_order":0,"comment_status":"closed","ping_status":"closed","template":"single-no-sidebar.php","meta":{"_acf_changed":false,"_kad_post_transparent":"default","_kad_post_title":"default","_kad_post_layout":"default","_kad_post_sidebar_id":"","_kad_post_content_style":"default","_kad_post_vertical_padding":"default","_kad_post_feature":"","_kad_post_feature_position":"","_kad_post_header":false,"_kad_post_footer":false,"footnotes":""},"class_list":["post-3717","page","type-page","status-publish","hentry"],"acf":[],"rttpg_featured_image_url":null,"rttpg_author":{"display_name":"John","author_link":"https:\/\/rocketplay-new.com\/pt-br\/author\/pemvas95n89x\/"},"rttpg_comment":0,"rttpg_category":null,"rttpg_excerpt":"Na maioria das vezes, as apostas esportivas atraem usu\u00e1rios em todo o mundo para ganhar algumas centenas de d\u00f3lares de forma r\u00e1pida e divertida. Especialmente para esses usu\u00e1rios, muitos cassinos abriram a possibilidade de apostar em eventos esportivos e ciberesportivos. No momento, oferecemos uma oportunidade \u00fanica de fazer um pouco de treinamento e ganhar v\u00e1rias...","_links":{"self":[{"href":"https:\/\/rocketplay-new.com\/pt-br\/wp-json\/wp\/v2\/pages\/3717","targetHints":{"allow":["GET"]}}],"collection":[{"href":"https:\/\/rocketplay-new.com\/pt-br\/wp-json\/wp\/v2\/pages"}],"about":[{"href":"https:\/\/rocketplay-new.com\/pt-br\/wp-json\/wp\/v2\/types\/page"}],"author":[{"embeddable":true,"href":"https:\/\/rocketplay-new.com\/pt-br\/wp-json\/wp\/v2\/users\/1"}],"replies":[{"embeddable":true,"href":"https:\/\/rocketplay-new.com\/pt-br\/wp-json\/wp\/v2\/comments?post=3717"}],"version-history":[{"count":4,"href":"https:\/\/rocketplay-new.com\/pt-br\/wp-json\/wp\/v2\/pages\/3717\/revisions"}],"predecessor-version":[{"id":5651,"href":"https:\/\/rocketplay-new.com\/pt-br\/wp-json\/wp\/v2\/pages\/3717\/revisions\/5651"}],"wp:attachment":[{"href":"https:\/\/rocketplay-new.com\/pt-br\/wp-json\/wp\/v2\/media?parent=3717"}],"curies":[{"name":"wp","href":"https:\/\/api.w.org\/{rel}","templated":true}]}}