{"id":3663,"date":"2023-01-12T23:55:15","date_gmt":"2023-01-12T20:55:15","guid":{"rendered":"https:\/\/rocketplay-new.com\/live-dealer\/roulette\/"},"modified":"2025-11-25T23:25:00","modified_gmt":"2025-11-25T20:25:00","slug":"roulette","status":"publish","type":"page","link":"https:\/\/rocketplay-new.com\/pt-br\/live-dealer\/roulette\/","title":{"rendered":"Revendedor ao vivo de roleta no Rocket Play Review"},"content":{"rendered":"<p>A vantagem cr\u00edtica da roleta com dealer ao vivo \u00e9 a capacidade de aprender a jogar com calma e come\u00e7ar a ganhar dinheiro rapidamente. Na maioria dos casos, jogar com um dealer ao vivo \u00e9 divertido e interessante. Os jogadores adoram se divertir e fazer perguntas que a equipe est\u00e1 disposta a responder. Tente come\u00e7ar e voc\u00ea ter\u00e1 a garantia de se divertir.<\/p>\n<p><span style=\"font-weight: 400;\">\u00a0<div class=\"go-btn-container\"><div class=\"tosh-btn\"><a href=\"\/go-casino\/\" target=\"_blank\" rel=\"noopener\">JOGUE AGORA<\/a><\/div><\/div> <\/span><\/p>\n<h2>COMO JOGAR ROLETA DE DEALER AO VIVO ONLINE<\/h2>\n<p>Para iniciar uma roleta com dealer ao vivo, os cassinos online podem se divertir depois de criar uma conta pessoal:<\/p>\n<ol>\n<li>Preencha as informa\u00e7\u00f5es pessoais ao criar um perfil na p\u00e1gina principal. Lembre-se de que os dados inseridos podem ser usados posteriormente para o procedimento de verifica\u00e7\u00e3o da conta.<\/li>\n<li>Depois disso, deposite da maneira que for conveniente para voc\u00ea. Voc\u00ea pode usar sistemas de pagamento cl\u00e1ssicos ou banc\u00e1rios e criptomoedas para aumentar seu saldo rapidamente.<\/li>\n<li>Acesse o cat\u00e1logo de jogos e escolha as op\u00e7\u00f5es ao vivo. Sente-se \u00e0 mesa e prepare-se para a magia da vit\u00f3ria.<\/li>\n<\/ol>\n<p>Voc\u00ea deve passar pelo procedimento adicional de verifica\u00e7\u00e3o de sua conta. Isso ajudar\u00e1 voc\u00ea a aumentar seus limites m\u00e1ximos de apostas e a usar dep\u00f3sitos e saques de sua conta sem problemas. Tente aproveitar todas as vantagens dos jogos online.<\/p>\n<p><img loading=\"lazy\" decoding=\"async\" class=\"aligncenter wp-image-4836\" src=\"https:\/\/rocketplay-new.com\/wp-content\/uploads\/2024\/02\/6666.png\" alt=\"Roulette live dealer Rocket Play\" width=\"800\" height=\"455\" srcset=\"https:\/\/rocketplay-new.com\/wp-content\/uploads\/2024\/02\/6666.png 1442w, https:\/\/rocketplay-new.com\/wp-content\/uploads\/2024\/02\/6666-300x171.png 300w, https:\/\/rocketplay-new.com\/wp-content\/uploads\/2024\/02\/6666-1024x583.png 1024w, https:\/\/rocketplay-new.com\/wp-content\/uploads\/2024\/02\/6666-768x437.png 768w\" sizes=\"auto, (max-width: 800px) 100vw, 800px\" \/><\/p>\n<h2>VARIANTES DA ROLETA DE DEALERS AO VIVO<\/h2>\n<p>A primeira coisa para jogar Roleta Online Live Dealer \u00e9 jogar a vers\u00e3o cl\u00e1ssica sem regras adicionais. Isso vai te ajudar a entender o jogo e fazer as primeiras apostas. Depois disso, voc\u00ea pode passar para varia\u00e7\u00f5es mais complexas e combina\u00e7\u00f5es emocionantes. Experimente as diferentes varia\u00e7\u00f5es na p\u00e1gina de pesquisa principal.<\/p>\n<p><span style=\"font-weight: 400;\">\u00a0<div class=\"go-btn-container\"><div class=\"tosh-btn\"><a href=\"\/go-casino\/\" target=\"_blank\" rel=\"noopener\">JOGUE AGORA<\/a><\/div><\/div> <\/span><\/p>\n<h2>COMO A ROLETA DE DEALERS AO VIVO SE COMPARA A OUTROS JOGOS<\/h2>\n<p>Na maioria das vezes, a Live Dealer Roulette Australia \u00e9 uma oportunidade \u00fanica de se divertir a cada vit\u00f3ria. Voc\u00ea n\u00e3o apenas ganha e aumenta seu saldo, mas tamb\u00e9m pode se gabar de seus ganhos para outros usu\u00e1rios. Todos na sess\u00e3o ativa do jogo veem suas conquistas, o que significa que \u00e9 muito mais divertido e interessante de jogar.<\/p>\n<h2>TIPOS DE APOSTAS DE ROLETA DE DEALER ONLINE AO VIVO<\/h2>\n<p>Na maioria das vezes, os usu\u00e1rios param nas apostas regulares. Mas os especialistas podem dar dicas de roleta com dealer ao vivo:<\/p>\n<ul>\n<li>tente dividir o saldo e n\u00e3o use mais do que um cent\u00e9simo do capital de cada vez;<\/li>\n<li>trabalhe com suas emo\u00e7\u00f5es e tente fazer apenas as apostas que voc\u00ea precisa agora;<\/li>\n<li>use o modo de demonstra\u00e7\u00e3o e tente diferentes estrat\u00e9gias.<\/li>\n<\/ul>\n<p>Tudo isso ajudar\u00e1 voc\u00ea a melhorar seus resultados durante o jogo e a se divertir muito. Experimente agora e voc\u00ea ter\u00e1 a garantia de vencer no final.<\/p>\n<p><img loading=\"lazy\" decoding=\"async\" class=\"aligncenter wp-image-4846\" src=\"https:\/\/rocketplay-new.com\/wp-content\/uploads\/2024\/02\/2223232-1.png\" alt=\"Roulette live dealer Rocket Play 2\" width=\"800\" height=\"448\" srcset=\"https:\/\/rocketplay-new.com\/wp-content\/uploads\/2024\/02\/2223232-1.png 1183w, https:\/\/rocketplay-new.com\/wp-content\/uploads\/2024\/02\/2223232-1-300x168.png 300w, https:\/\/rocketplay-new.com\/wp-content\/uploads\/2024\/02\/2223232-1-1024x573.png 1024w, https:\/\/rocketplay-new.com\/wp-content\/uploads\/2024\/02\/2223232-1-768x430.png 768w\" sizes=\"auto, (max-width: 800px) 100vw, 800px\" \/><\/p>\n<h2>Perguntas frequentes<\/h2>\n<p>Especialmente para nossos usu\u00e1rios, reunimos uma pequena base de informa\u00e7\u00f5es \u00fateis. Veja as respostas para perguntas populares de iniciantes para n\u00e3o cometer erros cl\u00e1ssicos e ganhar o valor m\u00e1ximo rapidamente.<\/p>\n<h3>QUAIS S\u00c3O AS VANTAGENS DE JOGAR COM UM DEALER AO VIVO?<\/h3>\n<p>A principal vantagem da Live Dealer Roulette \u00e9 a capacidade de pegar o jeito rapidamente e come\u00e7ar a ganhar dinheiro real. Mesmo um iniciante pode come\u00e7ar a trabalhar as combina\u00e7\u00f5es certas de suas a\u00e7\u00f5es com a ajuda de regras simples e treinamento com o dealer. A primeira aposta costuma ser f\u00e1cil de fazer, mas aquela que vai te permitir ganhar um milh\u00e3o \u00e9 dif\u00edcil.<\/p>\n<h3>VALE A PENA COME\u00c7AR A JOGAR COM UM OR\u00c7AMENTO M\u00cdNIMO?<\/h3>\n<p>Sim, mesmo com pouco dinheiro, voc\u00ea pode ganhar rapidamente. Tudo gra\u00e7as \u00e0 capacidade de dobrar qualquer aposta, o que leva a um r\u00e1pido crescimento do capital. Voc\u00ea tamb\u00e9m poder\u00e1 escolher uma estrat\u00e9gia que combina com voc\u00ea e obter mais dinheiro rapidamente.<\/p>\n<h3>POSSO USAR T\u00c1TICAS INCOMUNS?<\/h3>\n<p>Qualquer jogador pode usar estrat\u00e9gias \u00fanicas na roleta online ao vivo para obter mais dinheiro. Ao mesmo tempo, eles n\u00e3o devem ser baseados em trapa\u00e7a, ent\u00e3o jogue com cuidado e corretamente. Voc\u00ea pode desenvolver t\u00e1ticas pessoais em um modo de demonstra\u00e7\u00e3o especial sem revendedor, o que permitir\u00e1 que voc\u00ea aprenda e, no futuro, ganhe.<\/p>\n","protected":false},"excerpt":{"rendered":"<p>A vantagem cr\u00edtica da roleta com dealer ao vivo \u00e9 a capacidade de aprender a jogar com calma e come\u00e7ar a ganhar dinheiro rapidamente. Na maioria dos casos, jogar com um dealer ao vivo \u00e9 divertido e interessante. Os jogadores adoram se divertir e fazer perguntas que a equipe est\u00e1 disposta a responder. Tente come\u00e7ar&#8230;<\/p>\n","protected":false},"author":1,"featured_media":0,"parent":3448,"menu_order":0,"comment_status":"closed","ping_status":"closed","template":"","meta":{"_acf_changed":false,"_kad_post_transparent":"default","_kad_post_title":"default","_kad_post_layout":"default","_kad_post_sidebar_id":"","_kad_post_content_style":"default","_kad_post_vertical_padding":"default","_kad_post_feature":"","_kad_post_feature_position":"","_kad_post_header":false,"_kad_post_footer":false,"footnotes":""},"class_list":["post-3663","page","type-page","status-publish","hentry"],"acf":[],"rttpg_featured_image_url":null,"rttpg_author":{"display_name":"John","author_link":"https:\/\/rocketplay-new.com\/pt-br\/author\/pemvas95n89x\/"},"rttpg_comment":0,"rttpg_category":null,"rttpg_excerpt":"A vantagem cr\u00edtica da roleta com dealer ao vivo \u00e9 a capacidade de aprender a jogar com calma e come\u00e7ar a ganhar dinheiro rapidamente. Na maioria dos casos, jogar com um dealer ao vivo \u00e9 divertido e interessante. Os jogadores adoram se divertir e fazer perguntas que a equipe est\u00e1 disposta a responder. Tente come\u00e7ar...","_links":{"self":[{"href":"https:\/\/rocketplay-new.com\/pt-br\/wp-json\/wp\/v2\/pages\/3663","targetHints":{"allow":["GET"]}}],"collection":[{"href":"https:\/\/rocketplay-new.com\/pt-br\/wp-json\/wp\/v2\/pages"}],"about":[{"href":"https:\/\/rocketplay-new.com\/pt-br\/wp-json\/wp\/v2\/types\/page"}],"author":[{"embeddable":true,"href":"https:\/\/rocketplay-new.com\/pt-br\/wp-json\/wp\/v2\/users\/1"}],"replies":[{"embeddable":true,"href":"https:\/\/rocketplay-new.com\/pt-br\/wp-json\/wp\/v2\/comments?post=3663"}],"version-history":[{"count":4,"href":"https:\/\/rocketplay-new.com\/pt-br\/wp-json\/wp\/v2\/pages\/3663\/revisions"}],"predecessor-version":[{"id":5821,"href":"https:\/\/rocketplay-new.com\/pt-br\/wp-json\/wp\/v2\/pages\/3663\/revisions\/5821"}],"up":[{"embeddable":true,"href":"https:\/\/rocketplay-new.com\/pt-br\/wp-json\/wp\/v2\/pages\/3448"}],"wp:attachment":[{"href":"https:\/\/rocketplay-new.com\/pt-br\/wp-json\/wp\/v2\/media?parent=3663"}],"curies":[{"name":"wp","href":"https:\/\/api.w.org\/{rel}","templated":true}]}}