{"id":3610,"date":"2023-01-12T22:24:23","date_gmt":"2023-01-12T19:24:23","guid":{"rendered":"https:\/\/rocketplay-new.com\/live-dealer\/baccarat\/"},"modified":"2025-04-02T22:18:36","modified_gmt":"2025-04-02T19:18:36","slug":"baccarat","status":"publish","type":"page","link":"https:\/\/rocketplay-new.com\/pt-br\/live-dealer\/baccarat\/","title":{"rendered":"Baccarat com dealer ao vivo na revis\u00e3o do Rocket Play"},"content":{"rendered":"<p>Todos os jogadores podem experimentar o Live Dealer Baccarat porque \u00e9 divertido e lucrativo. Gra\u00e7as ao equil\u00edbrio perfeitamente constru\u00eddo, voc\u00ea pode experimentar todas as t\u00e1ticas sem gastar muito dinheiro. Experimente o jogo e ficar\u00e1 satisfeito com as habilidades e o dinheiro que ganhou.<\/p>\n<p style=\"text-align: center;\"><span style=\"font-weight: 400;\"><div class=\"tosh-btn\"><a href=\"\/go-casino\/\" target=\"_blank\" rel=\"noopener\">GANHE B\u00d4NUS<\/a><\/div><\/span><\/p>\n<h2>GUIA DE JOGO DE BACCARAT DE DEALER AO VIVO<\/h2>\n<p>Uma das vantagens significativas do Baccarat Live Dealer online \u00e9 que mesmo um iniciante pode tentar jogar e ganhar. Mesmo um or\u00e7amento pequeno permitir\u00e1 que voc\u00ea melhore suas habilidades e experimente diferentes estrat\u00e9gias que podem n\u00e3o estar dispon\u00edveis em outros jogos. Voc\u00ea tamb\u00e9m poder\u00e1 usar as t\u00e1ticas modernas de outros usu\u00e1rios para melhorar seus resultados.<\/p>\n<p><img loading=\"lazy\" decoding=\"async\" class=\"aligncenter wp-image-4894\" src=\"https:\/\/rocketplay-new.com\/wp-content\/uploads\/2024\/02\/7777.png\" alt=\"Live Dealer Baccarat Rocket Play\" width=\"800\" height=\"451\" srcset=\"https:\/\/rocketplay-new.com\/wp-content\/uploads\/2024\/02\/7777.png 1443w, https:\/\/rocketplay-new.com\/wp-content\/uploads\/2024\/02\/7777-300x169.png 300w, https:\/\/rocketplay-new.com\/wp-content\/uploads\/2024\/02\/7777-1024x577.png 1024w, https:\/\/rocketplay-new.com\/wp-content\/uploads\/2024\/02\/7777-768x433.png 768w\" sizes=\"auto, (max-width: 800px) 100vw, 800px\" \/><\/p>\n<p>O in\u00edcio do jogo geralmente se parece com isso:<\/p>\n<ol>\n<li>Voc\u00ea acessa o site oficial do cassino e completa o registro, especificando dados pessoais para posterior verifica\u00e7\u00e3o.<\/li>\n<li>Depois disso, voc\u00ea convenientemente reabastece sua conta e acessa o cat\u00e1logo de entretenimento. Escolha a mesa com cuidado, pois diferem n\u00e3o apenas no dealer, mas tamb\u00e9m nos limites de apostas e no n\u00famero m\u00e1ximo de usu\u00e1rios.<\/li>\n<li>Fa\u00e7a uma aposta em um determinado resultado e obtenha o valor do seu dinheiro. Preste aten\u00e7\u00e3o nas cartas das quais voc\u00ea cai porque o pr\u00eamio final depende disso.<\/li>\n<\/ol>\n<p>N\u00e3o se esque\u00e7a de verificar sua identidade para que n\u00e3o haja problemas com o saque ou dep\u00f3sito no futuro.<\/p>\n<p><span style=\"font-weight: 400;\"><div class=\"tosh-btn\"><a href=\"\/go-casino\/\" target=\"_blank\" rel=\"noopener\">GANHE B\u00d4NUS<\/a><\/div><\/span><\/p>\n<h2>AS DIFERENTES VARIANTES DE BACCARAT DE DEALERS AO VIVO<\/h2>\n<p>No site oficial, o cassino online Live Dealer Baccarat Austr\u00e1lia \u00e9 apresentado em v\u00e1rias variantes para que voc\u00ea possa escolher o mais adequado. Tente combinar jogabilidade fascinante e equil\u00edbrio em termos de queda de cartas. Isso permitir\u00e1 que voc\u00ea comece seu jogo com mais efici\u00eancia e ganhe mais dinheiro.<\/p>\n<p>Voc\u00ea tamb\u00e9m pode tentar variantes incomuns de bacar\u00e1 para melhorar seus resultados. Isso inclui aqueles com um conjunto m\u00ednimo de cartas ou ganhos multiplicados. Voc\u00ea tamb\u00e9m pode usar b\u00f4nus para melhorar sua pontua\u00e7\u00e3o durante os ganhos.<\/p>\n<h2>DICAS PARA JOGAR BACCARAT DE DEALERS AO VIVO<\/h2>\n<p>Existem algumas recomenda\u00e7\u00f5es cr\u00edticas para o melhor Live Dealer Baccarat online que voc\u00ea ir\u00e1 gostar:<\/p>\n<ul>\n<li>observe suas emo\u00e7\u00f5es e n\u00e3o fa\u00e7a apostas arriscadas;<\/li>\n<li>preste mais aten\u00e7\u00e3o ao seu capital para n\u00e3o perder todo o dinheiro;<\/li>\n<li>siga a estrat\u00e9gia escolhida para n\u00e3o ser um perdedor.<\/li>\n<\/ul>\n<p>Voc\u00ea deve tratar seu dinheiro da forma mais respons\u00e1vel poss\u00edvel e gerenci\u00e1-lo de forma eficaz. Somente neste caso voc\u00ea poder\u00e1 obter resultados impressionantes no menor tempo poss\u00edvel e receber seus ganhos. N\u00e3o se esque\u00e7a do modo de demonstra\u00e7\u00e3o, garantido para agradar voc\u00ea.<\/p>\n<p><img loading=\"lazy\" decoding=\"async\" class=\"aligncenter wp-image-4903\" src=\"https:\/\/rocketplay-new.com\/wp-content\/uploads\/2024\/02\/77777777777777.png\" alt=\"Live Dealer Baccarat Rocket Play 2\" width=\"800\" height=\"456\" srcset=\"https:\/\/rocketplay-new.com\/wp-content\/uploads\/2024\/02\/77777777777777.png 1193w, https:\/\/rocketplay-new.com\/wp-content\/uploads\/2024\/02\/77777777777777-300x171.png 300w, https:\/\/rocketplay-new.com\/wp-content\/uploads\/2024\/02\/77777777777777-1024x584.png 1024w, https:\/\/rocketplay-new.com\/wp-content\/uploads\/2024\/02\/77777777777777-768x438.png 768w\" sizes=\"auto, (max-width: 800px) 100vw, 800px\" \/><\/p>\n<h2>Perguntas frequentes<\/h2>\n<p>Aqui, nossos melhores especialistas compilaram um pequeno banco de dados para ajudar os novatos a se familiarizarem com todos os aspectos emocionantes do jogo. Tente ler as respostas para perguntas populares para come\u00e7ar a jogar de forma eficaz.<\/p>\n<h3>QUAIS S\u00c3O AS VANTAGENS DE JOGAR COM UM DEALER AO VIVO NO BACCARAT?<\/h3>\n<p>A vantagem cr\u00edtica do Live Dealer Baccarat \u00e9 a novidade constante e a capacidade de se comunicar com o dealer. H\u00e1 tamb\u00e9m uma sala de bate-papo ao vivo onde os usu\u00e1rios podem tirar d\u00favidas ou trocar impress\u00f5es. \u00c9 uma \u00f3tima maneira de se divertir e jogar.<\/p>\n<h3>VALE A PENA COME\u00c7AR A JOGAR COM UM OR\u00c7AMENTO M\u00cdNIMO?<\/h3>\n<p>Mesmo com um pouco de dinheiro, os iniciantes podem aumentar seu capital e aprender rapidamente a colocar corretamente as combina\u00e7\u00f5es de cartas. Basta entender a mec\u00e2nica b\u00e1sica e experimentar novas t\u00e1ticas com as pr\u00f3prias m\u00e3os. Gra\u00e7as a isso, n\u00e3o haver\u00e1 como parar de atingir as metas.<\/p>\n<h3>QUAIS T\u00c1TICAS PODEM SER USADAS?<\/h3>\n<p>Todas as estrat\u00e9gias poss\u00edveis est\u00e3o dispon\u00edveis no jogo que n\u00e3o violam as regras. \u00c9 por isso que \u00e9 recomend\u00e1vel ler atentamente toda a se\u00e7\u00e3o de viola\u00e7\u00f5es e regulamentos exclusivos fornecidos pelo cassino. Neste caso, voc\u00ea n\u00e3o ter\u00e1 problemas em seguir todas as regras e poder\u00e1 desenvolver suas t\u00e1ticas at\u00e9 o limite.<\/p>\n","protected":false},"excerpt":{"rendered":"<p>Todos os jogadores podem experimentar o Live Dealer Baccarat porque \u00e9 divertido e lucrativo. Gra\u00e7as ao equil\u00edbrio perfeitamente constru\u00eddo, voc\u00ea pode experimentar todas as t\u00e1ticas sem gastar muito dinheiro. Experimente o jogo e ficar\u00e1 satisfeito com as habilidades e o dinheiro que ganhou. GUIA DE JOGO DE BACCARAT DE DEALER AO VIVO Uma das vantagens&#8230;<\/p>\n","protected":false},"author":1,"featured_media":0,"parent":3448,"menu_order":0,"comment_status":"closed","ping_status":"closed","template":"","meta":{"_acf_changed":false,"_kad_post_transparent":"default","_kad_post_title":"default","_kad_post_layout":"default","_kad_post_sidebar_id":"","_kad_post_content_style":"default","_kad_post_vertical_padding":"default","_kad_post_feature":"","_kad_post_feature_position":"","_kad_post_header":false,"_kad_post_footer":false,"footnotes":""},"class_list":["post-3610","page","type-page","status-publish","hentry"],"acf":[],"rttpg_featured_image_url":null,"rttpg_author":{"display_name":"John","author_link":"https:\/\/rocketplay-new.com\/pt-br\/author\/pemvas95n89x\/"},"rttpg_comment":0,"rttpg_category":null,"rttpg_excerpt":"Todos os jogadores podem experimentar o Live Dealer Baccarat porque \u00e9 divertido e lucrativo. Gra\u00e7as ao equil\u00edbrio perfeitamente constru\u00eddo, voc\u00ea pode experimentar todas as t\u00e1ticas sem gastar muito dinheiro. Experimente o jogo e ficar\u00e1 satisfeito com as habilidades e o dinheiro que ganhou. GUIA DE JOGO DE BACCARAT DE DEALER AO VIVO Uma das vantagens...","_links":{"self":[{"href":"https:\/\/rocketplay-new.com\/pt-br\/wp-json\/wp\/v2\/pages\/3610","targetHints":{"allow":["GET"]}}],"collection":[{"href":"https:\/\/rocketplay-new.com\/pt-br\/wp-json\/wp\/v2\/pages"}],"about":[{"href":"https:\/\/rocketplay-new.com\/pt-br\/wp-json\/wp\/v2\/types\/page"}],"author":[{"embeddable":true,"href":"https:\/\/rocketplay-new.com\/pt-br\/wp-json\/wp\/v2\/users\/1"}],"replies":[{"embeddable":true,"href":"https:\/\/rocketplay-new.com\/pt-br\/wp-json\/wp\/v2\/comments?post=3610"}],"version-history":[{"count":4,"href":"https:\/\/rocketplay-new.com\/pt-br\/wp-json\/wp\/v2\/pages\/3610\/revisions"}],"predecessor-version":[{"id":5795,"href":"https:\/\/rocketplay-new.com\/pt-br\/wp-json\/wp\/v2\/pages\/3610\/revisions\/5795"}],"up":[{"embeddable":true,"href":"https:\/\/rocketplay-new.com\/pt-br\/wp-json\/wp\/v2\/pages\/3448"}],"wp:attachment":[{"href":"https:\/\/rocketplay-new.com\/pt-br\/wp-json\/wp\/v2\/media?parent=3610"}],"curies":[{"name":"wp","href":"https:\/\/api.w.org\/{rel}","templated":true}]}}