{"id":3555,"date":"2023-01-12T14:36:58","date_gmt":"2023-01-12T11:36:58","guid":{"rendered":"https:\/\/rocketplay-new.com\/live-dealer\/poker\/"},"modified":"2025-04-03T20:18:04","modified_gmt":"2025-04-03T17:18:04","slug":"poker","status":"publish","type":"page","link":"https:\/\/rocketplay-new.com\/pt-br\/live-dealer\/poker\/","title":{"rendered":"Revis\u00e3o do Live Dealer Poker At Rocket Play"},"content":{"rendered":"<p>Qualquer usu\u00e1rio registrado no cassino pode come\u00e7ar a se divertir no poker ao vivo. Este \u00e9 um passatempo divertido que todos podem pagar. Voc\u00ea tamb\u00e9m ter\u00e1 a chance de ganhar uma grande quantia gra\u00e7as ao treinamento recebido no modo de demonstra\u00e7\u00e3o. Tente sua m\u00e3o agora mesmo e falaremos sobre as vantagens de jogar no cassino.<\/p>\n<p><span style=\"font-weight: 400;\">\u00a0<div class=\"go-btn-container\"><div class=\"tosh-btn\"><a href=\"\/go-casino\/\" target=\"_blank\" rel=\"noopener\">JOGUE AGORA<\/a><\/div><\/div> <\/span><\/p>\n<h2>PRINCIPAIS JOGOS DE POKER DE DEALERS AO VIVO<\/h2>\n<p>A melhor maneira de jogar em sites de p\u00f4quer com dealer ao vivo \u00e9 no cassino oficial. Isso permitir\u00e1 que voc\u00ea garanta seus ganhos e n\u00e3o seja pego por trapaceiros. Experimente diferentes varia\u00e7\u00f5es de jogos, incluindo roleta, blackjack e bacar\u00e1.<\/p>\n<h2>O QUE \u00c9 POKER?<\/h2>\n<p>O poker \u00e9 um jogo de cartas com a oportunidade de apostar dinheiro e ganhar. No poker online live dealer, voc\u00ea deve combinar suas cartas e as cartas do dealer. Tente vencer muitos usu\u00e1rios e ganhe todos os pr\u00eamios pessoalmente.<\/p>\n<p><img loading=\"lazy\" decoding=\"async\" class=\"aligncenter wp-image-4856\" src=\"https:\/\/rocketplay-new.com\/wp-content\/uploads\/2024\/02\/beautiful-girl-dealer-table-game-poker-dealer-deals-cards-he-is-looking-camera.jpg\" alt=\"Live Dealer Poker Rocket Play\" width=\"800\" height=\"534\" srcset=\"https:\/\/rocketplay-new.com\/wp-content\/uploads\/2024\/02\/beautiful-girl-dealer-table-game-poker-dealer-deals-cards-he-is-looking-camera.jpg 1000w, https:\/\/rocketplay-new.com\/wp-content\/uploads\/2024\/02\/beautiful-girl-dealer-table-game-poker-dealer-deals-cards-he-is-looking-camera-300x200.jpg 300w, https:\/\/rocketplay-new.com\/wp-content\/uploads\/2024\/02\/beautiful-girl-dealer-table-game-poker-dealer-deals-cards-he-is-looking-camera-768x512.jpg 768w\" sizes=\"auto, (max-width: 800px) 100vw, 800px\" \/><\/p>\n<h2>COMO GANHAR POKER DE DEALER ONLINE AO VIVO<\/h2>\n<p>A estrat\u00e9gia mais simples de usar \u00e9 a redu\u00e7\u00e3o de riscos. Tente colocar a aposta m\u00ednima regularmente e desista de cartas com frequ\u00eancia. Nesse caso, voc\u00ea n\u00e3o ter\u00e1 que perder dinheiro e poder\u00e1 escolher o momento certo para uma vit\u00f3ria incr\u00edvel. Certifique-se de usar todas as vantagens poss\u00edveis para vencer, o que voc\u00ea vai gostar.<\/p>\n<p><span style=\"font-weight: 400;\">\u00a0<div class=\"go-btn-container\"><div class=\"tosh-btn\"><a href=\"\/go-casino\/\" target=\"_blank\" rel=\"noopener\">JOGUE AGORA<\/a><\/div><\/div> <\/span><\/p>\n<h2>B\u00d4NUS DE POKER DE DEALER AO VIVO<\/h2>\n<p>Na maioria dos casos, os usu\u00e1rios podem obter de forma r\u00e1pida e eficiente muitos b\u00f4nus excelentes no melhor p\u00f4quer com dealer ao vivo. Tudo gra\u00e7as \u00e0 administra\u00e7\u00e3o do casino online, que procura melhorar a experi\u00eancia de jogo de cada utilizador. Tente pegar seu presente e voc\u00ea estar\u00e1 na p\u00e1gina de promo\u00e7\u00f5es oficiais e ofertas especiais.<\/p>\n<p>Entre as op\u00e7\u00f5es mais populares est\u00e3o:<\/p>\n<ul>\n<li>dinheiro de volta. Esta \u00e9 uma oportunidade de recuperar parte do dinheiro gasto gra\u00e7as a uma promo\u00e7\u00e3o especial. Voc\u00ea precisar\u00e1 reconquist\u00e1-los para coletar ou continuar apostando no site do cassino;<\/li>\n<li>um aumento no dep\u00f3sito. Uma excelente op\u00e7\u00e3o para iniciantes, o que aumentar\u00e1 seu investimento v\u00e1rias vezes. O valor do b\u00f4nus recebido precisar\u00e1 ser apostado no jogo, ent\u00e3o prepare-se para se divertir;<\/li>\n<li>aposta gr\u00e1tis. Esta \u00e9 uma \u00f3tima chance de melhorar seus resultados e tentar a sorte. Jogue uma aposta gr\u00e1tis e, em caso de vit\u00f3ria, leve todo o dinheiro.<\/li>\n<\/ul>\n<p>Tente ganhar v\u00e1rias vezes mais e administre seu dinheiro corretamente. Isso ajudar\u00e1 a melhorar a situa\u00e7\u00e3o no jogo e a ganhar v\u00e1rias vezes mais para voc\u00ea.<\/p>\n<p><img loading=\"lazy\" decoding=\"async\" class=\"aligncenter wp-image-4865\" src=\"https:\/\/rocketplay-new.com\/wp-content\/uploads\/2024\/02\/friends-having-fun-while-playing-poker.jpg\" alt=\"Live Dealer Poker Rocket Play 2\" width=\"800\" height=\"534\" srcset=\"https:\/\/rocketplay-new.com\/wp-content\/uploads\/2024\/02\/friends-having-fun-while-playing-poker.jpg 1000w, https:\/\/rocketplay-new.com\/wp-content\/uploads\/2024\/02\/friends-having-fun-while-playing-poker-300x200.jpg 300w, https:\/\/rocketplay-new.com\/wp-content\/uploads\/2024\/02\/friends-having-fun-while-playing-poker-768x513.jpg 768w\" sizes=\"auto, (max-width: 800px) 100vw, 800px\" \/><\/p>\n<h2>PERGUNTAS FREQUENTES DE POKER COM DEALERS AO VIVO<\/h2>\n<p>Recomendamos que voc\u00ea leia as respostas populares para perguntas de iniciantes. Isso permitir\u00e1 que voc\u00ea n\u00e3o perca tempo treinando e comece a ganhar ativamente imediatamente. Tente aprender novas informa\u00e7\u00f5es \u00fateis.<\/p>\n<h3>ONDE POSSO ENCONTRAR UM BOM REVENDEDOR?<\/h3>\n<p>Recomendamos que voc\u00ea experimente mesas diferentes no poker com dealer ao vivo, cada uma com seu dealer. Gra\u00e7as a isso, voc\u00ea poder\u00e1 come\u00e7ar a lucrar com muito mais efici\u00eancia porque come\u00e7ar\u00e1 a gostar mais do jogo em si. Voc\u00ea tamb\u00e9m poder\u00e1 aprender diferentes estilos de festa, o que lhe dar\u00e1 algumas vantagens a longo prazo.<\/p>\n<h3>QUANTO DINHEIRO VOC\u00ca PRECISA ENCONTRAR PARA JOGAR O JOGO?<\/h3>\n<p>Os especialistas recomendam ter pelo menos 15 a 20 d\u00f3lares para fazer algumas apostas m\u00ednimas e entender a ess\u00eancia do entretenimento. Isso tornar\u00e1 muito mais f\u00e1cil para voc\u00ea aprender a se divertir e se divertir. Voc\u00ea tamb\u00e9m pode aumentar sua renda se administrar seu capital corretamente e fizer as apostas certas.<\/p>\n<h3>POSSO USAR T\u00c1TICAS INCOMUNS?<\/h3>\n<p>Cada utilizador registado tem o direito de desenvolver a sua estrat\u00e9gia, que no final lhe permitir\u00e1 ganhar v\u00e1rias vezes mais do que o habitual. O principal \u00e9 aprender a usar o modo de demonstra\u00e7\u00e3o, que d\u00e1 direito ao erro e n\u00e3o retira o dep\u00f3sito em caso de perda. Experimente diferentes variantes do jogo e voc\u00ea certamente encontrar\u00e1 o perfeito para voc\u00ea.<\/p>\n","protected":false},"excerpt":{"rendered":"<p>Qualquer usu\u00e1rio registrado no cassino pode come\u00e7ar a se divertir no poker ao vivo. Este \u00e9 um passatempo divertido que todos podem pagar. Voc\u00ea tamb\u00e9m ter\u00e1 a chance de ganhar uma grande quantia gra\u00e7as ao treinamento recebido no modo de demonstra\u00e7\u00e3o. Tente sua m\u00e3o agora mesmo e falaremos sobre as vantagens de jogar no cassino&#8230;.<\/p>\n","protected":false},"author":1,"featured_media":0,"parent":3448,"menu_order":0,"comment_status":"closed","ping_status":"closed","template":"","meta":{"_acf_changed":false,"_kad_post_transparent":"default","_kad_post_title":"default","_kad_post_layout":"default","_kad_post_sidebar_id":"","_kad_post_content_style":"default","_kad_post_vertical_padding":"default","_kad_post_feature":"","_kad_post_feature_position":"","_kad_post_header":false,"_kad_post_footer":false,"footnotes":""},"class_list":["post-3555","page","type-page","status-publish","hentry"],"acf":[],"rttpg_featured_image_url":null,"rttpg_author":{"display_name":"John","author_link":"https:\/\/rocketplay-new.com\/pt-br\/author\/pemvas95n89x\/"},"rttpg_comment":0,"rttpg_category":null,"rttpg_excerpt":"Qualquer usu\u00e1rio registrado no cassino pode come\u00e7ar a se divertir no poker ao vivo. Este \u00e9 um passatempo divertido que todos podem pagar. Voc\u00ea tamb\u00e9m ter\u00e1 a chance de ganhar uma grande quantia gra\u00e7as ao treinamento recebido no modo de demonstra\u00e7\u00e3o. Tente sua m\u00e3o agora mesmo e falaremos sobre as vantagens de jogar no cassino....","_links":{"self":[{"href":"https:\/\/rocketplay-new.com\/pt-br\/wp-json\/wp\/v2\/pages\/3555","targetHints":{"allow":["GET"]}}],"collection":[{"href":"https:\/\/rocketplay-new.com\/pt-br\/wp-json\/wp\/v2\/pages"}],"about":[{"href":"https:\/\/rocketplay-new.com\/pt-br\/wp-json\/wp\/v2\/types\/page"}],"author":[{"embeddable":true,"href":"https:\/\/rocketplay-new.com\/pt-br\/wp-json\/wp\/v2\/users\/1"}],"replies":[{"embeddable":true,"href":"https:\/\/rocketplay-new.com\/pt-br\/wp-json\/wp\/v2\/comments?post=3555"}],"version-history":[{"count":4,"href":"https:\/\/rocketplay-new.com\/pt-br\/wp-json\/wp\/v2\/pages\/3555\/revisions"}],"predecessor-version":[{"id":5812,"href":"https:\/\/rocketplay-new.com\/pt-br\/wp-json\/wp\/v2\/pages\/3555\/revisions\/5812"}],"up":[{"embeddable":true,"href":"https:\/\/rocketplay-new.com\/pt-br\/wp-json\/wp\/v2\/pages\/3448"}],"wp:attachment":[{"href":"https:\/\/rocketplay-new.com\/pt-br\/wp-json\/wp\/v2\/media?parent=3555"}],"curies":[{"name":"wp","href":"https:\/\/api.w.org\/{rel}","templated":true}]}}