{"id":3501,"date":"2023-01-11T01:02:46","date_gmt":"2023-01-10T22:02:46","guid":{"rendered":"https:\/\/rocketplay-new.com\/live-dealer\/blackjack\/"},"modified":"2025-04-03T20:00:31","modified_gmt":"2025-04-03T17:00:31","slug":"blackjack","status":"publish","type":"page","link":"https:\/\/rocketplay-new.com\/pt-br\/live-dealer\/blackjack\/","title":{"rendered":"Revis\u00e3o do Live Dealer Blackjack no Rocket Play"},"content":{"rendered":"<p>A vantagem essencial de um Live Blackjack Dealer \u00e9 o baixo limite de entrada e excelentes b\u00f4nus para os jogadores. Qualquer pessoa pode ir \u00e0 se\u00e7\u00e3o do cat\u00e1logo e escolher a op\u00e7\u00e3o certa de blackjack. Voc\u00ea tamb\u00e9m pode ganhar a quantia m\u00e1xima de dinheiro em apenas alguns minutos porque as cartas s\u00e3o distribu\u00eddas de forma justa. O jogo se torna ainda mais divertido com um dealer.<\/p>\n<p><span style=\"font-weight: 400;\">\u00a0<div class=\"go-btn-container\"><div class=\"tosh-btn\"><a href=\"\/go-casino\/\" target=\"_blank\" rel=\"noopener\">JOGUE AGORA<\/a><\/div><\/div> <\/span><\/p>\n<h2>POR QUE VOC\u00ca DEVE JOGAR BLACKJACK DE DEALER AO VIVO<\/h2>\n<p>A melhor resposta a esta pergunta \u00e9 um Blackjack online Live Dealer. \u00c9 divertido e excitante porque o jogo normal fica entediante rapidamente. Voc\u00ea pode se comunicar bem com o dealer e outros jogadores no servidor. Isso torna o cassino mais emocionante e o entret\u00e9m melhor.<\/p>\n<p>Al\u00e9m disso, o revendedor pode dizer algo ou responder a uma pergunta. Isso faz com que o jogo pare\u00e7a mais din\u00e2mico e voc\u00ea pode fazer apostas mais altas. Voc\u00ea tamb\u00e9m tem a oportunidade de escolher a mesa certa, o que o ajudar\u00e1 a come\u00e7ar a se divertir com mais efici\u00eancia. Ainda \u00e9 melhor jogar com pessoas com o mesmo or\u00e7amento que voc\u00ea.<\/p>\n<p><img loading=\"lazy\" decoding=\"async\" class=\"aligncenter wp-image-4875\" src=\"https:\/\/rocketplay-new.com\/wp-content\/uploads\/2024\/02\/666666.png\" alt=\"Live Dealer Blackjack Rocket Play\" width=\"800\" height=\"440\" srcset=\"https:\/\/rocketplay-new.com\/wp-content\/uploads\/2024\/02\/666666.png 1455w, https:\/\/rocketplay-new.com\/wp-content\/uploads\/2024\/02\/666666-300x165.png 300w, https:\/\/rocketplay-new.com\/wp-content\/uploads\/2024\/02\/666666-1024x564.png 1024w, https:\/\/rocketplay-new.com\/wp-content\/uploads\/2024\/02\/666666-768x423.png 768w\" sizes=\"auto, (max-width: 800px) 100vw, 800px\" \/><\/p>\n<h2>TIPOS DE REGRAS DE BLACKJACK DE DEALER AO VIVO<\/h2>\n<p>A base do Live Dealer Blackjack Australia \u00e9 a necessidade de tratar todos os usu\u00e1rios da mesa e o dealer com respeito. \u00c0s vezes, os usu\u00e1rios podem ter azar, mas isso n\u00e3o \u00e9 motivo para come\u00e7ar a insultar as pessoas. \u00c9 por isso que um grande n\u00famero de novatos \u00e9 banido do jogo online.<\/p>\n<p>Voc\u00ea tamb\u00e9m deve estar ciente do que \u00e9 proibido:<\/p>\n<ul>\n<li>trapacear no jogo;<\/li>\n<li>implorar por dinheiro de outros usu\u00e1rios ou do revendedor;<\/li>\n<li>reclama\u00e7\u00f5es sobre jogo injusto.<\/li>\n<\/ul>\n<p>Todas as mesas s\u00e3o extremamente bem regulamentadas pela administra\u00e7\u00e3o e por um comit\u00ea de justi\u00e7a especialmente monitorado.<\/p>\n<p><span style=\"font-weight: 400;\">\u00a0<div class=\"go-btn-container\"><div class=\"tosh-btn\"><a href=\"\/go-casino\/\" target=\"_blank\" rel=\"noopener\">JOGUE AGORA<\/a><\/div><\/div> <\/span><\/p>\n<h2>COMO JOGAR BLACKJACK DE DEALER AO VIVO<\/h2>\n<p>Primeiro, voc\u00ea precisa escolher os melhores sites de Blackjack com Dealer ao Vivo para seu entretenimento. \u00c9 melhor escolher o site oficial do cassino e:<\/p>\n<ol>\n<li>Crie uma conta pessoal na p\u00e1gina principal.<\/li>\n<li>Recarregue sua conta e v\u00e1 para uma mesa adequada.<\/li>\n<li>Fa\u00e7a uma aposta e desfrute de ganhos regulares.<\/li>\n<\/ol>\n<p>Gra\u00e7as a isso, voc\u00ea poder\u00e1 prestar mais aten\u00e7\u00e3o ao jogo e ganhar muito dinheiro na conta. Voc\u00ea pode come\u00e7ar agora para garantir resultados impressionantes.<\/p>\n<h2>TIPOS DE JOGO DE BLACKJACK DE DEALER AO VIVO<\/h2>\n<p>A estrat\u00e9gia Live Dealer Blackjack \u00e9 a mais popular, mas voc\u00ea tamb\u00e9m pode escolher outros tipos de entretenimento. Entre os jogos de azar populares est\u00e3o roleta, blackjack, bacar\u00e1 e outros. Tente encontrar o entretenimento perfeito para voc\u00ea e aproveite o jogo no modo ao vivo.<\/p>\n<p><img loading=\"lazy\" decoding=\"async\" class=\"aligncenter wp-image-4884\" src=\"https:\/\/rocketplay-new.com\/wp-content\/uploads\/2024\/02\/close-up-player-s-hand-holding-two-aces-playing-cards.jpg\" alt=\"Live Dealer Blackjack Rocket Play 2\" width=\"800\" height=\"534\" srcset=\"https:\/\/rocketplay-new.com\/wp-content\/uploads\/2024\/02\/close-up-player-s-hand-holding-two-aces-playing-cards.jpg 1000w, https:\/\/rocketplay-new.com\/wp-content\/uploads\/2024\/02\/close-up-player-s-hand-holding-two-aces-playing-cards-300x200.jpg 300w, https:\/\/rocketplay-new.com\/wp-content\/uploads\/2024\/02\/close-up-player-s-hand-holding-two-aces-playing-cards-768x512.jpg 768w\" sizes=\"auto, (max-width: 800px) 100vw, 800px\" \/><\/p>\n<h2>Perguntas frequentes<\/h2>\n<p>Especialmente para aqueles que gostam de come\u00e7ar imediatamente com sucesso retumbante, reunimos um banco de dados \u00fatil de respostas para perguntas populares de iniciantes. Isso ajudar\u00e1 voc\u00ea a entender o Live Blackjack Dealer e come\u00e7ar a jogar v\u00e1rias vezes com mais efici\u00eancia.<\/p>\n<h3>POR QUE VOC\u00ca PRECISA DE UM DEALER AO VIVO?<\/h3>\n<p>O principal motivo \u00e9 a capacidade de acompanhar o andamento de suas partidas e ganhar grandes somas de dinheiro, n\u00e3o por conta pr\u00f3pria. Voc\u00ea poder\u00e1 se divertir conversando com outros jogadores e aproveitar cada vit\u00f3ria. Nesse caso, voc\u00ea tem a chance de lucrar e se gabar para todos os usu\u00e1rios da rede.<\/p>\n<h3>QUANTO DINHEIRO POSSO GANHAR NO BLACKJACK?<\/h3>\n<p>A maioria dos usu\u00e1rios est\u00e1 ansiosa para obter o m\u00e1ximo de ganhos de dezenas de milhares de d\u00f3lares de uma s\u00f3 vez. Mas, inicialmente, \u00e9 melhor limitar-se \u00e0s apostas m\u00ednimas e tentar estrat\u00e9gias diferentes para determinar o ritmo de jogo adequado. Voc\u00ea pode obter centenas e milhares de d\u00f3lares se tiver paci\u00eancia e desejo de se desenvolver.<\/p>\n<h3>QUAIS ESTRAT\u00c9GIAS PODEM SER USADAS NO JOGO?<\/h3>\n<p>Freq\u00fcentemente, os especialistas recomendam que os usu\u00e1rios comecem com estrat\u00e9gias simples e aprendam a disciplina. Esta \u00e9 a base de seus ganhos futuros, permitindo que voc\u00ea ganhe mais e aproveite suas vit\u00f3rias. Cada vit\u00f3ria pode mudar sua vida e lhe dar muitas emo\u00e7\u00f5es positivas. \u00c9 por isso que \u00e9 recomend\u00e1vel come\u00e7ar com um jogo de demonstra\u00e7\u00e3o e s\u00f3 depois disso seguir em frente.<\/p>\n","protected":false},"excerpt":{"rendered":"<p>A vantagem essencial de um Live Blackjack Dealer \u00e9 o baixo limite de entrada e excelentes b\u00f4nus para os jogadores. Qualquer pessoa pode ir \u00e0 se\u00e7\u00e3o do cat\u00e1logo e escolher a op\u00e7\u00e3o certa de blackjack. Voc\u00ea tamb\u00e9m pode ganhar a quantia m\u00e1xima de dinheiro em apenas alguns minutos porque as cartas s\u00e3o distribu\u00eddas de forma&#8230;<\/p>\n","protected":false},"author":1,"featured_media":0,"parent":3448,"menu_order":0,"comment_status":"closed","ping_status":"closed","template":"","meta":{"_acf_changed":false,"_kad_post_transparent":"default","_kad_post_title":"default","_kad_post_layout":"default","_kad_post_sidebar_id":"","_kad_post_content_style":"default","_kad_post_vertical_padding":"default","_kad_post_feature":"","_kad_post_feature_position":"","_kad_post_header":false,"_kad_post_footer":false,"footnotes":""},"class_list":["post-3501","page","type-page","status-publish","hentry"],"acf":[],"rttpg_featured_image_url":null,"rttpg_author":{"display_name":"John","author_link":"https:\/\/rocketplay-new.com\/pt-br\/author\/pemvas95n89x\/"},"rttpg_comment":0,"rttpg_category":null,"rttpg_excerpt":"A vantagem essencial de um Live Blackjack Dealer \u00e9 o baixo limite de entrada e excelentes b\u00f4nus para os jogadores. Qualquer pessoa pode ir \u00e0 se\u00e7\u00e3o do cat\u00e1logo e escolher a op\u00e7\u00e3o certa de blackjack. Voc\u00ea tamb\u00e9m pode ganhar a quantia m\u00e1xima de dinheiro em apenas alguns minutos porque as cartas s\u00e3o distribu\u00eddas de forma...","_links":{"self":[{"href":"https:\/\/rocketplay-new.com\/pt-br\/wp-json\/wp\/v2\/pages\/3501","targetHints":{"allow":["GET"]}}],"collection":[{"href":"https:\/\/rocketplay-new.com\/pt-br\/wp-json\/wp\/v2\/pages"}],"about":[{"href":"https:\/\/rocketplay-new.com\/pt-br\/wp-json\/wp\/v2\/types\/page"}],"author":[{"embeddable":true,"href":"https:\/\/rocketplay-new.com\/pt-br\/wp-json\/wp\/v2\/users\/1"}],"replies":[{"embeddable":true,"href":"https:\/\/rocketplay-new.com\/pt-br\/wp-json\/wp\/v2\/comments?post=3501"}],"version-history":[{"count":4,"href":"https:\/\/rocketplay-new.com\/pt-br\/wp-json\/wp\/v2\/pages\/3501\/revisions"}],"predecessor-version":[{"id":5804,"href":"https:\/\/rocketplay-new.com\/pt-br\/wp-json\/wp\/v2\/pages\/3501\/revisions\/5804"}],"up":[{"embeddable":true,"href":"https:\/\/rocketplay-new.com\/pt-br\/wp-json\/wp\/v2\/pages\/3448"}],"wp:attachment":[{"href":"https:\/\/rocketplay-new.com\/pt-br\/wp-json\/wp\/v2\/media?parent=3501"}],"curies":[{"name":"wp","href":"https:\/\/api.w.org\/{rel}","templated":true}]}}