{"id":3448,"date":"2023-01-10T16:50:22","date_gmt":"2023-01-10T13:50:22","guid":{"rendered":"https:\/\/rocketplay-new.com\/live-dealer\/"},"modified":"2025-04-08T11:14:55","modified_gmt":"2025-04-08T08:14:55","slug":"live-dealer","status":"publish","type":"page","link":"https:\/\/rocketplay-new.com\/pt-br\/live-dealer\/","title":{"rendered":"Revis\u00e3o do Live Dealer Casino At Rocket Play"},"content":{"rendered":"<p>No cassino, o Live Dealer ainda \u00e9 considerado algo ex\u00f3tico e extremamente interessante. Gra\u00e7as \u00e0 influ\u00eancia de um funcion\u00e1rio, voc\u00ea v\u00ea como as cartas caem e pode verificar a honestidade do jogo. Al\u00e9m disso, todos podem tentar diferentes estrat\u00e9gias e t\u00e1ticas para ganhar uma grande quantia em dinheiro. Um grande n\u00famero de varia\u00e7\u00f5es de jogos dispon\u00edveis tamb\u00e9m agradar\u00e1 aos usu\u00e1rios.<\/p>\n<p><img loading=\"lazy\" decoding=\"async\" class=\"aligncenter wp-image-4913\" src=\"https:\/\/rocketplay-new.com\/wp-content\/uploads\/2024\/02\/croupier-woman-player-table-casino-picture-classic-casino-roulette-wheel-gambling-casino-roulette-poker-scaled.jpg\" alt=\"Live Dealer Casino\" width=\"800\" height=\"533\" srcset=\"https:\/\/rocketplay-new.com\/wp-content\/uploads\/2024\/02\/croupier-woman-player-table-casino-picture-classic-casino-roulette-wheel-gambling-casino-roulette-poker-scaled.jpg 2560w, https:\/\/rocketplay-new.com\/wp-content\/uploads\/2024\/02\/croupier-woman-player-table-casino-picture-classic-casino-roulette-wheel-gambling-casino-roulette-poker-300x200.jpg 300w, https:\/\/rocketplay-new.com\/wp-content\/uploads\/2024\/02\/croupier-woman-player-table-casino-picture-classic-casino-roulette-wheel-gambling-casino-roulette-poker-1024x683.jpg 1024w, https:\/\/rocketplay-new.com\/wp-content\/uploads\/2024\/02\/croupier-woman-player-table-casino-picture-classic-casino-roulette-wheel-gambling-casino-roulette-poker-768x512.jpg 768w, https:\/\/rocketplay-new.com\/wp-content\/uploads\/2024\/02\/croupier-woman-player-table-casino-picture-classic-casino-roulette-wheel-gambling-casino-roulette-poker-1536x1024.jpg 1536w, https:\/\/rocketplay-new.com\/wp-content\/uploads\/2024\/02\/croupier-woman-player-table-casino-picture-classic-casino-roulette-wheel-gambling-casino-roulette-poker-2048x1365.jpg 2048w\" sizes=\"auto, (max-width: 800px) 100vw, 800px\" \/><\/p>\n<h2>O QUE S\u00c3O CASINOS DE DEALERS AO VIVO?<\/h2>\n<p>O Live Dealer \u00e9 o mesmo que o entretenimento de jogos de azar, apenas com uma pessoa f\u00edsica. A tarefa do Dealer \u00e9 manusear as cartas, passar a bola e controlar o jogo. Em todos os momentos pol\u00eamicos, voc\u00ea pode perguntar ao Dealer e descobrir a resposta e ter uma conversa divertida.<\/p>\n<p>Existem tamb\u00e9m v\u00e1rios jogadores no jogo com voc\u00ea. Gra\u00e7as a isso, voc\u00ea pode ver seus outros ganhos e participar do jogo. Esse tipo de entretenimento \u00e9 chamado de entretenimento ao vivo e \u00e9 agrad\u00e1vel com sua atmosfera e proximidade de um cassino cl\u00e1ssico em um estabelecimento f\u00edsico.<\/p>\n<p><span style=\"font-weight: 400;\"><div class=\"go-btn-container\"><div class=\"tosh-btn\"><a href=\"\/go-casino\/\" target=\"_blank\" rel=\"noopener\">JOGUE AGORA<\/a><\/div><\/div> <\/span><\/p>\n<h2>VANTAGENS DO LIVE DEALER<\/h2>\n<p>Entre as principais vantagens dos jogos Live Dealer podemos citar:<\/p>\n<ul>\n<li>a capacidade de monitorar a justi\u00e7a do jogo e n\u00e3o se preocupar em receber cartas injustas;<\/li>\n<li>voc\u00ea pode se comunicar com o Dealer e outros jogadores na sala de chat, que tamb\u00e9m est\u00e3o se divertindo e querem grandes ganhos;<\/li>\n<li>na maioria das vezes, os limites de apostas s\u00e3o reduzidos, ent\u00e3o voc\u00ea tem a garantia de encontrar a mesa certa.<\/li>\n<\/ul>\n<p>Voc\u00ea tamb\u00e9m pode escolher entre v\u00e1rias op\u00e7\u00f5es de mesas. Alguns s\u00e3o mais adequados para jogos ativos, enquanto outros se concentram mais em entretenimento cl\u00e1ssico e apostas m\u00ednimas.<\/p>\n<h2>JOGOS ROCKET PLAY NO LIVE DEALER<\/h2>\n<p>Tente aproveitar ao m\u00e1ximo o b\u00f4nus de cassino com dealer ao vivo de um cassino especializado. Esta \u00e9 a sua oportunidade de se divertir e jogar com outros usu\u00e1rios. Voc\u00ea tamb\u00e9m ter\u00e1 a oportunidade de receber um grande presente dos desenvolvedores e usar v\u00e1rios b\u00f4nus e promo\u00e7\u00f5es. Permita-se mergulhar de cabe\u00e7a no emocionante mundo do jogo.<\/p>\n<p><span style=\"font-weight: 400;\"><div class=\"go-btn-container\"><div class=\"tosh-btn\"><a href=\"\/go-casino\/\" target=\"_blank\" rel=\"noopener\">JOGUE AGORA<\/a><\/div><\/div> <\/span><\/p>\n<h2>DICAS PARA JOGAR NO LIVE DEALER<\/h2>\n<p>Existem algumas recomenda\u00e7\u00f5es sobre o melhor cassino com dealer ao vivo que o ajudar\u00e3o a encontrar seu estilo de jogo e aproveitar a divers\u00e3o. Tente ganhar ainda mais dinheiro em sua conta e aproveite suas conquistas. Esta \u00e9 uma oportunidade para todos melhorarem sua situa\u00e7\u00e3o financeira.<\/p>\n<p>Recomendamos seguir algumas recomenda\u00e7\u00f5es dos especialistas:<\/p>\n<ul>\n<li>n\u00e3o perca a cabe\u00e7a e todo o seu or\u00e7amento no primeiro jogo;<\/li>\n<li>tente primeiro o modo de demonstra\u00e7\u00e3o e depois passe para as apostas reais;<\/li>\n<li>usar diferentes t\u00e1ticas e estrat\u00e9gias.<\/li>\n<\/ul>\n<p>Voc\u00ea pode vencer encontrando a estrat\u00e9gia perfeita e cumprindo-a.<\/p>\n<p><img loading=\"lazy\" decoding=\"async\" class=\"aligncenter wp-image-4923\" src=\"https:\/\/rocketplay-new.com\/wp-content\/uploads\/2024\/02\/88.png\" alt=\"Live Dealer Casino 2\" width=\"800\" height=\"450\" srcset=\"https:\/\/rocketplay-new.com\/wp-content\/uploads\/2024\/02\/88.png 1427w, https:\/\/rocketplay-new.com\/wp-content\/uploads\/2024\/02\/88-300x169.png 300w, https:\/\/rocketplay-new.com\/wp-content\/uploads\/2024\/02\/88-1024x576.png 1024w, https:\/\/rocketplay-new.com\/wp-content\/uploads\/2024\/02\/88-768x432.png 768w\" sizes=\"auto, (max-width: 800px) 100vw, 800px\" \/><\/p>\n<h2>Perguntas frequentes<\/h2>\n<p>Aqueles que gostam de come\u00e7ar bem podem conferir nosso bloco de respostas para perguntas populares. Isso permitir\u00e1 que voc\u00ea entenda o Live Dealer do cassino e tenha mais prazer em cada aposta.<\/p>\n<h3>COM QUAIS DEALERS DEVO ESCOLHER PARA JOGAR?<\/h3>\n<p>\u00c9 melhor experimentar algumas op\u00e7\u00f5es de mesa para aprender a reconhecer corretamente um iniciante e um especialista em dealers. Isso geralmente determina o ritmo do jogo e os poss\u00edveis ganhos porque voc\u00ea pega o clima certo. Experimente diferentes op\u00e7\u00f5es e escolha a melhor para voc\u00ea.<\/p>\n<h3>QUANTO DINHEIRO POSSO GANHAR NO JOGO?<\/h3>\n<p>Teoricamente, cada usu\u00e1rio pode ganhar dezenas de milhares de d\u00f3lares por cada partida. Tudo gra\u00e7as \u00e0s grandes oportunidades e limites altos durante esse jogo. Tente usar mais truques e estrat\u00e9gias importantes para obter uma grande quantia em sua conta.<\/p>\n<h3>COMO FA\u00c7O PARA RETIRAR MEUS GANHOS?<\/h3>\n<p>Depois de ganhar no cassino online Live Dealer, voc\u00ea pode sacar todo o seu dinheiro para o seu cart\u00e3o ou conta de criptomoeda. Acesse o menu de gest\u00e3o financeira e escolha o sistema de pagamento adequado. Insira os detalhes e o valor e aguarde o processamento do aplicativo.<\/p>\n","protected":false},"excerpt":{"rendered":"<p>No cassino, o Live Dealer ainda \u00e9 considerado algo ex\u00f3tico e extremamente interessante. Gra\u00e7as \u00e0 influ\u00eancia de um funcion\u00e1rio, voc\u00ea v\u00ea como as cartas caem e pode verificar a honestidade do jogo. Al\u00e9m disso, todos podem tentar diferentes estrat\u00e9gias e t\u00e1ticas para ganhar uma grande quantia em dinheiro. Um grande n\u00famero de varia\u00e7\u00f5es de jogos&#8230;<\/p>\n","protected":false},"author":1,"featured_media":0,"parent":0,"menu_order":0,"comment_status":"closed","ping_status":"closed","template":"single-no-sidebar.php","meta":{"_acf_changed":false,"_kad_post_transparent":"default","_kad_post_title":"default","_kad_post_layout":"default","_kad_post_sidebar_id":"","_kad_post_content_style":"default","_kad_post_vertical_padding":"default","_kad_post_feature":"","_kad_post_feature_position":"","_kad_post_header":false,"_kad_post_footer":false,"footnotes":""},"class_list":["post-3448","page","type-page","status-publish","hentry"],"acf":[],"rttpg_featured_image_url":null,"rttpg_author":{"display_name":"John","author_link":"https:\/\/rocketplay-new.com\/pt-br\/author\/pemvas95n89x\/"},"rttpg_comment":0,"rttpg_category":null,"rttpg_excerpt":"No cassino, o Live Dealer ainda \u00e9 considerado algo ex\u00f3tico e extremamente interessante. Gra\u00e7as \u00e0 influ\u00eancia de um funcion\u00e1rio, voc\u00ea v\u00ea como as cartas caem e pode verificar a honestidade do jogo. Al\u00e9m disso, todos podem tentar diferentes estrat\u00e9gias e t\u00e1ticas para ganhar uma grande quantia em dinheiro. Um grande n\u00famero de varia\u00e7\u00f5es de jogos...","_links":{"self":[{"href":"https:\/\/rocketplay-new.com\/pt-br\/wp-json\/wp\/v2\/pages\/3448","targetHints":{"allow":["GET"]}}],"collection":[{"href":"https:\/\/rocketplay-new.com\/pt-br\/wp-json\/wp\/v2\/pages"}],"about":[{"href":"https:\/\/rocketplay-new.com\/pt-br\/wp-json\/wp\/v2\/types\/page"}],"author":[{"embeddable":true,"href":"https:\/\/rocketplay-new.com\/pt-br\/wp-json\/wp\/v2\/users\/1"}],"replies":[{"embeddable":true,"href":"https:\/\/rocketplay-new.com\/pt-br\/wp-json\/wp\/v2\/comments?post=3448"}],"version-history":[{"count":6,"href":"https:\/\/rocketplay-new.com\/pt-br\/wp-json\/wp\/v2\/pages\/3448\/revisions"}],"predecessor-version":[{"id":5999,"href":"https:\/\/rocketplay-new.com\/pt-br\/wp-json\/wp\/v2\/pages\/3448\/revisions\/5999"}],"wp:attachment":[{"href":"https:\/\/rocketplay-new.com\/pt-br\/wp-json\/wp\/v2\/media?parent=3448"}],"curies":[{"name":"wp","href":"https:\/\/api.w.org\/{rel}","templated":true}]}}