{"id":2692,"date":"2022-06-13T20:16:21","date_gmt":"2022-06-13T17:16:21","guid":{"rendered":"https:\/\/rocketplay-new.com\/the-best-game-show\/"},"modified":"2025-04-03T22:08:15","modified_gmt":"2025-04-03T19:08:15","slug":"the-best-game-show","status":"publish","type":"page","link":"https:\/\/rocketplay-new.com\/pt-br\/the-best-game-show\/","title":{"rendered":"O Melhor Game Show no RocketPlay Casino"},"content":{"rendered":"<p><a href=\"https:\/\/rocketplay-new.com\/pt-br\/live-casino\/\">Os jogos de cassino ao vivo<\/a>\u00a0oferecem a emo\u00e7\u00e3o de um ambiente de cassino f\u00edsico e combinam isso com a conveni\u00eancia do jogo online.\u00a0<span class=\"\">Um show de jogos de cassino ao vivo funciona de maneira semelhante, mas \u00e9 uma proposta completamente diferente para os jogadores.<\/span><\/p>\n<p>Os n\u00edveis de conveni\u00eancia e facilidade de acesso do RocketPlay continuam altos.\u00a0No entanto, a emo\u00e7\u00e3o aumenta ainda mais.\u00a0Ao replicar a emo\u00e7\u00e3o dos jogos de transmiss\u00e3o ao vivo, esses produtos de cassino tornam os pr\u00f3prios jogadores as estrelas do show.<\/p>\n<p><img loading=\"lazy\" decoding=\"async\" class=\"aligncenter wp-image-4622\" src=\"https:\/\/rocketplay-new.com\/wp-content\/uploads\/2024\/02\/11.png\" alt=\"Best Game RocketPlay Casino \" width=\"800\" height=\"245\" srcset=\"https:\/\/rocketplay-new.com\/wp-content\/uploads\/2024\/02\/11.png 1671w, https:\/\/rocketplay-new.com\/wp-content\/uploads\/2024\/02\/11-300x92.png 300w, https:\/\/rocketplay-new.com\/wp-content\/uploads\/2024\/02\/11-1024x314.png 1024w, https:\/\/rocketplay-new.com\/wp-content\/uploads\/2024\/02\/11-768x235.png 768w, https:\/\/rocketplay-new.com\/wp-content\/uploads\/2024\/02\/11-1536x471.png 1536w\" sizes=\"auto, (max-width: 800px) 100vw, 800px\" \/><\/p>\n<h2>COMO FUNCIONAM OS SHOWS DE JOGOS DE CASSINO AO VIVO<\/h2>\n<p>O jogo RocketPlay mostra que os giros, arremessos e outras a\u00e7\u00f5es da Brasil s\u00e3o realizados por um anfitri\u00e3o profissional e altamente qualificado. Assim como na televis\u00e3o, um apresentador de um game show de cassino mant\u00e9m o jogo funcionando e mant\u00e9m os jogadores felizes, engajados e animados.<\/p>\n<p>Do ponto de vista de um jogador, eles s\u00f3 precisam de uma conex\u00e3o com a Internet e um dispositivo com acesso \u00e0 Internet.\u00a0O cliente faz login em sua conta do cassino e seleciona o jogo escolhido como qualquer outro produto.\u00a0A partir desta conta, o jogador pode se conectar aos melhores shows de jogos do RocketPlay que imitam a emo\u00e7\u00e3o dos jogos ao vivo.<\/p>\n<p><span style=\"font-weight: 400;\">\u00a0\u00a0\u00a0<div class=\"go-btn-container\"><div class=\"tosh-btn\"><a href=\"\/go-casino\/\" target=\"_blank\" rel=\"noopener\">JOGUE AGORA<\/a><\/div><\/div><\/span><\/p>\n<h2>MELHORES PROGRAMAS DE JOGOS AO VIVO<\/h2>\n<p>Os programas de jogos online gratuitos do RocketPlay oferecem aos jogadores v\u00e1rias op\u00e7\u00f5es, embora alguns jogos sejam mais populares do que outros.\u00a0As se\u00e7\u00f5es a seguir deste guia examinam mais de perto algumas dessas op\u00e7\u00f5es mais populares.\u00a0No entanto, esta se\u00e7\u00e3o fornecer\u00e1 apenas uma breve vis\u00e3o geral de alguns desses principais shows ao vivo.\u00a0Alguns dos programas de jogos populares do RocketPlay incluem:<\/p>\n<ul>\n<li>Monop\u00f3lio ao vivo da Evolution Gaming.<\/li>\n<li>Crazy Coin Flip Live by Evolution Gaming<\/li>\n<li>Mega Ball da Evolution Gaming<\/li>\n<li>Dreamcatcher da Evolution Gaming<\/li>\n<li>Acordo ou nenhum acordo da Evolution Gaming<\/li>\n<li>Est\u00fadio de futebol ao vivo da Evolution Gaming<\/li>\n<li>Dinheiro ou colapso da Evolution Gaming<\/li>\n<li>Dados de Rel\u00e2mpago da Evolution Gaming<\/li>\n<li>Mega Wheel da Pragmatic Play<\/li>\n<li>Playtech Aventuras Al\u00e9m do Pa\u00eds das Maravilhas<\/li>\n<li>Entrega de dinheiro pela Playtech Live<\/li>\n<li>Quem quer ser um milion\u00e1rio da Playtech?<\/li>\n<li>Buffalo Blitz da Playtech<\/li>\n<li>Ezugi Keno<\/li>\n<li>A aposta de Ezugi nos n\u00fameros.<\/li>\n<\/ul>\n<p>Embora a lista acima seja dominada por jogos da Evolution Gaming, o mercado de cassinos ao vivo \u00e9 diversificado e variado.\u00a0Existem muitas op\u00e7\u00f5es para jogadores que desejam experimentar jogos de diferentes desenvolvedores e fornecedores de software.\u00a0Pode ser uma boa ideia para os jogadores experimentarem diferentes empresas de software para encontrar o melhor.<\/p>\n<h2>OS JOGOS DE DEALER AO VIVO MAIS POPULARES<\/h2>\n<p>Os jogadores podem desfrutar de shows de jogos RocketPlay online por dinheiro, e essa variedade \u00e9 um fator importante na popularidade desse tipo de jogo.\u00a0Mas quais s\u00e3o os jogos de dealer ao vivo mais populares?<\/p>\n<p>Os melhores jogos ao vivo proporcionam uma experi\u00eancia emocionante para os jogadores.\u00a0Embora os jogadores individuais tenham muitas maneiras de determinar quais jogos s\u00e3o mais adequados para eles, analisar os jogos mais populares oferece uma introdu\u00e7\u00e3o \u00fatil aos programas de jogos ao vivo.\u00a0Continue lendo para saber mais sobre alguns dos jogos mais populares de todo o mundo.<\/p>\n<p><img loading=\"lazy\" decoding=\"async\" class=\"aligncenter wp-image-4632\" src=\"https:\/\/rocketplay-new.com\/wp-content\/uploads\/2024\/02\/22.png\" alt=\"Best Game RocketPlay Casino 2\" width=\"800\" height=\"477\" srcset=\"https:\/\/rocketplay-new.com\/wp-content\/uploads\/2024\/02\/22.png 1345w, https:\/\/rocketplay-new.com\/wp-content\/uploads\/2024\/02\/22-300x179.png 300w, https:\/\/rocketplay-new.com\/wp-content\/uploads\/2024\/02\/22-1024x611.png 1024w, https:\/\/rocketplay-new.com\/wp-content\/uploads\/2024\/02\/22-768x458.png 768w\" sizes=\"auto, (max-width: 800px) 100vw, 800px\" \/><\/p>\n<h2>MEGA RODA<\/h2>\n<p>O Mega Wheel \u00e9 oferecido pela Pragmatic Play, um fornecedor e est\u00fadio de software de jogos ao vivo.\u00a0O anfitri\u00e3o do est\u00fadio gira uma roda composta por 54 segmentos numerados.\u00a0Os jogadores devem fazer previs\u00f5es simples, mas empolgantes, sobre como a roda vai girar e qual n\u00famero ser\u00e1 exibido quando o giro estiver completo.<\/p>\n<p>At\u00e9 agora, Mega Wheel soa quase como roleta ao vivo.\u00a0Embora isso seja verdade \u2013 os elementos b\u00e1sicos dos dois jogos s\u00e3o os mesmos \u2013 existem muitos outros recursos que os jogadores podem usar para aumentar suas apostas e adicionar emo\u00e7\u00e3o extra.<\/p>\n<p><span style=\"font-weight: 400;\">\u00a0\u00a0\u00a0<div class=\"go-btn-container\"><div class=\"tosh-btn\"><a href=\"\/go-casino\/\" target=\"_blank\" rel=\"noopener\">JOGUE AGORA<\/a><\/div><\/div><\/span><\/p>\n<h2>ACORDO AO VIVO OU SEM ACORDO<\/h2>\n<p>Live Deal or No Deal segue a jogabilidade de um programa de TV popular.\u00a0Os jogadores escolhem uma caixa e excluem outras caixas do jogo \u00e0 medida que avan\u00e7am no jogo.\u00a0Em certos pontos, eles receber\u00e3o um acordo \u2013 essencialmente uma oportunidade de sacar.<\/p>\n<p>Se os jogadores puderem se livrar das caixas com o maior valor do jogo, o risco para o\u00a0<a href=\"https:\/\/rocketplay-new.com\/pt-br\/casino\/\">cassino<\/a>\u00a0aumenta com o acordo de saque oferecido.\u00a0Por outro lado, se as caixas de menor valor forem removidas no in\u00edcio, a oferta de saque \u00e9 menor.\u00a0A tomada de decis\u00e3o cuidadosa \u00e9 necess\u00e1ria neste jogo.<\/p>\n<h2>MONOP\u00d3LIO AO VIVO<\/h2>\n<p>Monopoly \u00e9 um jogo de tabuleiro testado e comprovado que tem sido o favorito da fam\u00edlia por gera\u00e7\u00f5es.\u00a0A vers\u00e3o show do Monopoly em um cassino ao vivo traz ainda mais emo\u00e7\u00e3o e prazer.\u00a0Os jogadores podem desfrutar do jogo ao qual se acostumaram ao longo dos anos em um novo cen\u00e1rio.<\/p>\n<p>A jogabilidade do Monopoly ao vivo \u00e9 um pouco diferente dos jogos de mesa.\u00a0Em vez de percorrer o tabuleiro, comprar propriedades e evitar a propriedade de outros, o destino do jogador \u00e9 determinado pelo giro da roda.\u00a0Isso torna o Live Monopoly semelhante a outros jogos de rodas, mas usa muitos dos conceitos familiares aos jogadores experientes do Monopoly.<\/p>\n<h2>HORA DA LOUCURA<\/h2>\n<p>Mad Time \u00e9 a pr\u00f3xima gera\u00e7\u00e3o de outro produto popular da Evolution Gaming, o Dream Catcher.\u00a0Os jogadores fazem apostas em diferentes segmentos da roda sob a supervis\u00e3o de um anfitri\u00e3o profissional.\u00a0O anfitri\u00e3o gira a roleta e as apostas s\u00e3o ganhas e perdidas nessa rodada.<\/p>\n<p>V\u00e1rios jogos de b\u00f4nus diferentes aumentam a dificuldade e o interesse dos jogadores.\u00a0Esses jogos adicionais incluem Pachinko, Coin Flip, Cash Hunt e o jogo-t\u00edtulo Crazy Time.\u00a0Apesar da variabilidade e dinamismo adicionados pelos quatro jogos extras, Crazy Time ainda \u00e9 f\u00e1cil para os jogadores dominarem, com uma curva de aprendizado suave e amig\u00e1vel.<\/p>\n<p><img loading=\"lazy\" decoding=\"async\" class=\"aligncenter wp-image-4641\" src=\"https:\/\/rocketplay-new.com\/wp-content\/uploads\/2024\/02\/33.png\" alt=\"Best Game RocketPlay Casino 3\" width=\"800\" height=\"483\" srcset=\"https:\/\/rocketplay-new.com\/wp-content\/uploads\/2024\/02\/33.png 1342w, https:\/\/rocketplay-new.com\/wp-content\/uploads\/2024\/02\/33-300x181.png 300w, https:\/\/rocketplay-new.com\/wp-content\/uploads\/2024\/02\/33-1024x619.png 1024w, https:\/\/rocketplay-new.com\/wp-content\/uploads\/2024\/02\/33-768x464.png 768w\" sizes=\"auto, (max-width: 800px) 100vw, 800px\" \/><\/p>\n<h2>MEGABOLA AO VIVO<\/h2>\n<p>Mega Ball \u2013 jogue shows de jogos online RocketPlay da Evolution Gaming.\u00a0Ao jogar este jogo, os clientes trabalham com 51 bolas numeradas, entregues em um formato familiar aos jogadores de loteria.\u00a0A jogabilidade progride rapidamente, adicionando emo\u00e7\u00e3o e intriga, mantendo-se relativamente amig\u00e1vel e f\u00e1cil para os jogadores aprenderem.<\/p>\n<p>Para acessar essas bolas numeradas, os jogadores compram diferentes cart\u00f5es no valor de at\u00e9 200 por rodada de jogo.\u00a0Combinar as cartas com as bolas \u00e0 medida que s\u00e3o desenhadas cria uma atmosfera emocionante.\u00a0V\u00e1rios multiplicadores de valor diferentes aumentam ainda mais essa empolga\u00e7\u00e3o.<\/p>\n<p>O jogo ao vivo mostra jogos com os limites de apostas mais altos<br \/>\nOs jogadores devem estar cientes dos limites de apostas ao escolher um jogo de cassino ao vivo.\u00a0Aqui est\u00e3o os par\u00e2metros de apostas a serem observados:<\/p>\n<ul>\n<li>Aposta m\u00e1xima \u2013 a aposta m\u00e1xima poss\u00edvel por jogo.<\/li>\n<li>Aposta m\u00ednima \u2013 a aposta mais baixa poss\u00edvel para acessar o jogo.<\/li>\n<li>Multiplicador M\u00e1ximo \u2013 o limite dos multiplicadores que podem ser usados \u200b\u200bdurante o jogo.<\/li>\n<li>Maximum Total Win \u2013 Um limite na quantidade de ganhos recebidos na mesa.<\/li>\n<li>Retirada M\u00e1xima \u2013 A maior quantia de dinheiro que pode ser retirada da conta do jogador.<\/li>\n<li>Retirada M\u00ednima \u2013 A quantia m\u00ednima de dinheiro que pode ser retirada da conta do cassino.<\/li>\n<\/ul>\n","protected":false},"excerpt":{"rendered":"<p>Os jogos de cassino ao vivo\u00a0oferecem a emo\u00e7\u00e3o de um ambiente de cassino f\u00edsico e combinam isso com a conveni\u00eancia do jogo online.\u00a0Um show de jogos de cassino ao vivo funciona de maneira semelhante, mas \u00e9 uma proposta completamente diferente para os jogadores. Os n\u00edveis de conveni\u00eancia e facilidade de acesso do RocketPlay continuam altos.\u00a0No&#8230;<\/p>\n","protected":false},"author":1,"featured_media":0,"parent":0,"menu_order":0,"comment_status":"closed","ping_status":"closed","template":"","meta":{"_acf_changed":false,"_kad_post_transparent":"default","_kad_post_title":"default","_kad_post_layout":"default","_kad_post_sidebar_id":"","_kad_post_content_style":"default","_kad_post_vertical_padding":"default","_kad_post_feature":"","_kad_post_feature_position":"","_kad_post_header":false,"_kad_post_footer":false,"footnotes":""},"class_list":["post-2692","page","type-page","status-publish","hentry"],"acf":[],"rttpg_featured_image_url":null,"rttpg_author":{"display_name":"John","author_link":"https:\/\/rocketplay-new.com\/pt-br\/author\/pemvas95n89x\/"},"rttpg_comment":0,"rttpg_category":null,"rttpg_excerpt":"Os jogos de cassino ao vivo\u00a0oferecem a emo\u00e7\u00e3o de um ambiente de cassino f\u00edsico e combinam isso com a conveni\u00eancia do jogo online.\u00a0Um show de jogos de cassino ao vivo funciona de maneira semelhante, mas \u00e9 uma proposta completamente diferente para os jogadores. Os n\u00edveis de conveni\u00eancia e facilidade de acesso do RocketPlay continuam altos.\u00a0No...","_links":{"self":[{"href":"https:\/\/rocketplay-new.com\/pt-br\/wp-json\/wp\/v2\/pages\/2692","targetHints":{"allow":["GET"]}}],"collection":[{"href":"https:\/\/rocketplay-new.com\/pt-br\/wp-json\/wp\/v2\/pages"}],"about":[{"href":"https:\/\/rocketplay-new.com\/pt-br\/wp-json\/wp\/v2\/types\/page"}],"author":[{"embeddable":true,"href":"https:\/\/rocketplay-new.com\/pt-br\/wp-json\/wp\/v2\/users\/1"}],"replies":[{"embeddable":true,"href":"https:\/\/rocketplay-new.com\/pt-br\/wp-json\/wp\/v2\/comments?post=2692"}],"version-history":[{"count":4,"href":"https:\/\/rocketplay-new.com\/pt-br\/wp-json\/wp\/v2\/pages\/2692\/revisions"}],"predecessor-version":[{"id":5925,"href":"https:\/\/rocketplay-new.com\/pt-br\/wp-json\/wp\/v2\/pages\/2692\/revisions\/5925"}],"wp:attachment":[{"href":"https:\/\/rocketplay-new.com\/pt-br\/wp-json\/wp\/v2\/media?parent=2692"}],"curies":[{"name":"wp","href":"https:\/\/api.w.org\/{rel}","templated":true}]}}