{"id":2688,"date":"2022-09-20T13:49:36","date_gmt":"2022-09-20T10:49:36","guid":{"rendered":"https:\/\/rocketplay-new.com\/wolf-treasure\/"},"modified":"2025-04-02T19:13:13","modified_gmt":"2025-04-02T16:13:13","slug":"wolf-treasure","status":"publish","type":"page","link":"https:\/\/rocketplay-new.com\/pt-br\/wolf-treasure\/","title":{"rendered":"Tesouro do Lobo"},"content":{"rendered":"<p><img loading=\"lazy\" decoding=\"async\" class=\" wp-image-461 aligncenter\" src=\"https:\/\/rocketplay-new.com\/wp-content\/uploads\/2022\/09\/wolf-treasure-slot-intro-300x145.webp\" alt=\"Wolf Treasure slot\" width=\"660\" height=\"319\" srcset=\"https:\/\/rocketplay-new.com\/wp-content\/uploads\/2022\/09\/wolf-treasure-slot-intro-300x145.webp 300w, https:\/\/rocketplay-new.com\/wp-content\/uploads\/2022\/09\/wolf-treasure-slot-intro-768x372.webp 768w, https:\/\/rocketplay-new.com\/wp-content\/uploads\/2022\/09\/wolf-treasure-slot-intro.webp 825w\" sizes=\"auto, (max-width: 660px) 100vw, 660px\" \/><\/p>\n<h2>INFORMA\u00c7\u00d5ES DO SLOT<\/h2>\n<p>O entretenimento em um cassino n\u00e3o pode ser imaginado sem slots.\u00a0Esta \u00e9 uma parte integrante da vida de qualquer jogador.\u00a0E as m\u00e1quinas ca\u00e7a-n\u00edqueis com temas animalescos sempre ocupam um lugar especial entre elas.\u00a0No mundo da natureza selvagem, voc\u00ea pode n\u00e3o apenas desfrutar de novas sensa\u00e7\u00f5es, mas tamb\u00e9m encontrar muitos tesouros raros.\u00a0Como, por exemplo, no\u00a0slot online Rocket Play Wolf Treasure.<\/p>\n<p>O slot foi lan\u00e7ado em 2017, mas ainda \u00e9 popular.\u00a0Al\u00e9m disso, muitos cassinos o usam para dar aos seus clientes rodadas gr\u00e1tis dos rolos.<\/p>\n<p>Isso \u00e9 entretenimento para quem ama os cl\u00e1ssicos.\u00a0Assemelha-se a m\u00e1quinas ca\u00e7a-n\u00edqueis retr\u00f4 que est\u00e3o em cassinos f\u00edsicos.\u00a0Tudo nele: design, acompanhamento musical e rodadas de b\u00f4nus, levam o jogador ao mundo do jogo.\u00a0Experimente e voc\u00ea testar\u00e1 sua sorte nele.\u00a0Mas antes disso, conhe\u00e7a as principais informa\u00e7\u00f5es sobre como funciona.<\/p>\n<p><span style=\"font-weight: 400;\"><div class=\"tosh-btn\"><a href=\"\/go-casino\/\" target=\"_blank\" rel=\"noopener\">GANHE B\u00d4NUS<\/a><\/div><\/span><\/p>\n<h2>WOLF TREASURE SLOT RTP, DETALHES E LIMITES DE APOSTAS<\/h2>\n<p>Os jogadores brasileiros, infelizmente, n\u00e3o podem desfrutar de toda a sele\u00e7\u00e3o diversificada de slots. Alguns provedores n\u00e3o funcionam no pa\u00eds.\u00a0Mas voc\u00ea n\u00e3o precisa ficar chateado.\u00a0Afinal, muitos slots se assemelham a jogos cult de desenvolvedores conhecidos e \u00e0s vezes at\u00e9 os superam.<\/p>\n<p>Esta m\u00e1quina ca\u00e7a-n\u00edqueis foi criada com base em Wolf Gold.\u00a0Voc\u00ea pode notar que eles t\u00eam designs muito semelhantes.\u00a0Mas esta m\u00e1quina ca\u00e7a-n\u00edqueis \u00e9 exclusiva.\u00a0Foi desenvolvido por uma equipe da IGTech.\u00a0E agora, gra\u00e7as a isso, os habitantes do pa\u00eds podem desfrutar de temas interessantes.<\/p>\n<p>As rodadas gr\u00e1tis do Wolf Treasure Brasil est\u00e3o dispon\u00edveis no site\u00a0Rocket Play\u00a0.\u00a0Mas al\u00e9m disso, existem muitos outros recursos interessantes.\u00a0Eles s\u00e3o descritos com mais detalhes na tabela.<\/p>\n<table>\n<tbody>\n<tr>\n<td>Retornar ao jogador<\/td>\n<td>96% \u2014 indicador m\u00e9dio e bom no campo de slots<\/td>\n<\/tr>\n<tr>\n<td>Taxas m\u00ednimas e m\u00e1ximas<\/td>\n<td>0,25 &#8211; 125 BRL<\/td>\n<\/tr>\n<tr>\n<td>S\u00edmbolos de b\u00f4nus<\/td>\n<td>H\u00e1 um s\u00edmbolo Scatter, Wild, Multiplier<\/td>\n<\/tr>\n<tr>\n<td>Rodada de b\u00f4nus com pagamentos aumentados<\/td>\n<td>Sim, permite que voc\u00ea ganhe o jackpot ou multiplique os ganhos<\/td>\n<\/tr>\n<tr>\n<td>Recurso Jackpot<\/td>\n<td>Presente<\/td>\n<\/tr>\n<\/tbody>\n<\/table>\n<p>Tais caracter\u00edsticas podem ser consideradas muito boas.\u00a0Especialmente quando voc\u00ea considera que este slot tem mais de 5 anos.\u00a0Ainda \u00e9 relevante e capaz de trazer lucro.\u00a0Al\u00e9m disso, seu design n\u00e3o parece datado.\u00a0S\u00f3 pode causar nostalgia a quem h\u00e1 muito participa do mundo da excita\u00e7\u00e3o.<\/p>\n<p>Os s\u00edmbolos aqui s\u00e3o denomina\u00e7\u00f5es de cartas, s\u00e3o os mais baratos.\u00a0As imagens de animais j\u00e1 est\u00e3o se tornando mais valiosas, entre as quais, \u00e9 claro, tamb\u00e9m h\u00e1 um lobo.\u00a0Ent\u00e3o\u00a0, os ca\u00e7a-n\u00edqueis online Rocket Play Wolf Treasure\u00a0parecem brilhantes e coloridos.<\/p>\n<h2>RECURSOS B\u00d4NUS<\/h2>\n<p>O jogo tem v\u00e1rias rodadas de b\u00f4nus.\u00a0A primeira s\u00e3o as rodadas gr\u00e1tis.\u00a0Eles s\u00e3o ativados por scatters e n\u00e3o possuem regras complicadas.\u00a0Tudo \u00e9 simples e acontece nesta ordem:<\/p>\n<ol>\n<li aria-level=\"1\">Voc\u00ea recebe s\u00edmbolos de dispers\u00e3o.<\/li>\n<li aria-level=\"1\">Uma rodada de 5 rodadas come\u00e7a.<\/li>\n<li aria-level=\"1\">Se os scatters pousarem novamente, mais 3 rodadas ser\u00e3o adicionadas.<\/li>\n<\/ol>\n<p>Para que tudo funcione, voc\u00ea precisa do n\u00famero de dispers\u00f5es \u2014 3. Gra\u00e7as a isso, voc\u00ea pode ganhar um bom dinheiro no slot.\u00a0Especialmente se voc\u00ea usar\u00a0Rocket Play Wolf Treasure sem b\u00f4nus de dep\u00f3sito.<\/p>\n<p>Outro recurso de b\u00f4nus \u00e9 respins.\u00a0Eles s\u00e3o lan\u00e7ados quando os s\u00edmbolos de dinheiro aparecem e s\u00e3o repetidos um n\u00famero ilimitado de vezes.\u00a0Tudo depende de qu\u00e3o sortudo voc\u00ea \u00e9!<\/p>\n<p><span style=\"font-weight: 400;\"><div class=\"tosh-btn\"><a href=\"\/go-casino\/\" target=\"_blank\" rel=\"noopener\">GANHE B\u00d4NUS<\/a><\/div><\/span><\/p>\n<p>Voc\u00ea pode seguramente considerar esta m\u00e1quina uma \u00f3tima maneira de se divertir.\u00a0Sim, n\u00e3o \u00e9 a mais nova m\u00e1quina ca\u00e7a-n\u00edqueis por a\u00ed, mas ainda est\u00e1 forte gra\u00e7as ao seu design nost\u00e1lgico e recursos de b\u00f4nus interessantes.<\/p>\n<p><img loading=\"lazy\" decoding=\"async\" class=\"wp-image-462 aligncenter lazy-loaded\" src=\"https:\/\/rocketplay-new.com\/wp-content\/uploads\/2022\/09\/wolf-treasure-screenshot-intro-300x170.webp\" sizes=\"auto, (max-width: 745px) 100vw, 745px\" srcset=\"https:\/\/rocketplay-new.com\/wp-content\/uploads\/2022\/09\/wolf-treasure-screenshot-intro-300x170.webp 300w, https:\/\/rocketplay-new.com\/wp-content\/uploads\/2022\/09\/wolf-treasure-screenshot-intro.webp 750w\" alt=\"Jogo ca\u00e7a-n\u00edqueis Wolf Treasure\" width=\"745\" height=\"422\" data-lazy-type=\"image\" data-src=\"https:\/\/rocketplay-new.com\/wp-content\/uploads\/2022\/09\/wolf-treasure-screenshot-intro-300x170.webp\" data-srcset=\"\" \/><\/p>\n<h2>PERGUNTAS FREQUENTES<\/h2>\n<h3>\u00c9 POSS\u00cdVEL JOGAR ESTE JOGO SEM INVESTIMENTOS?<\/h3>\n<p>Claro, se voc\u00ea n\u00e3o quiser gastar seu dinheiro, voc\u00ea pode jogar de gra\u00e7a.\u00a0Para fazer isso, voc\u00ea s\u00f3 precisa executar o slot no modo de demonstra\u00e7\u00e3o.<\/p>\n<h3>QUAL \u00c9 A VIT\u00d3RIA M\u00c1XIMA QUE POSSO OBTER?<\/h3>\n<p>Depende do tamanho da sua aposta.\u00a0Multiplique por 2000 e descubra quanto voc\u00ea pode ganhar se tiver sorte.<\/p>\n<h3>\u00c9 POSS\u00cdVEL JOGAR A PARTIR DE TELEM\u00d3VEIS?<\/h3>\n<p>Sim, esta m\u00e1quina ca\u00e7a-n\u00edqueis \u00e9 adaptada para telas pequenas.<\/p>\n<p>Leia tamb\u00e9m sobre:\u00a0<a href=\"https:\/\/rocketplay-new.com\/pt-br\/9-coins\/\">\u200b\u200bSlot de 9 Moedas<\/a><\/p>\n","protected":false},"excerpt":{"rendered":"<p>INFORMA\u00c7\u00d5ES DO SLOT O entretenimento em um cassino n\u00e3o pode ser imaginado sem slots.\u00a0Esta \u00e9 uma parte integrante da vida de qualquer jogador.\u00a0E as m\u00e1quinas ca\u00e7a-n\u00edqueis com temas animalescos sempre ocupam um lugar especial entre elas.\u00a0No mundo da natureza selvagem, voc\u00ea pode n\u00e3o apenas desfrutar de novas sensa\u00e7\u00f5es, mas tamb\u00e9m encontrar muitos tesouros raros.\u00a0Como, por&#8230;<\/p>\n","protected":false},"author":1,"featured_media":0,"parent":0,"menu_order":0,"comment_status":"closed","ping_status":"closed","template":"","meta":{"_acf_changed":false,"_kad_post_transparent":"default","_kad_post_title":"default","_kad_post_layout":"default","_kad_post_sidebar_id":"","_kad_post_content_style":"default","_kad_post_vertical_padding":"default","_kad_post_feature":"","_kad_post_feature_position":"","_kad_post_header":false,"_kad_post_footer":false,"footnotes":""},"class_list":["post-2688","page","type-page","status-publish","hentry"],"acf":[],"rttpg_featured_image_url":null,"rttpg_author":{"display_name":"John","author_link":"https:\/\/rocketplay-new.com\/pt-br\/author\/pemvas95n89x\/"},"rttpg_comment":0,"rttpg_category":null,"rttpg_excerpt":"INFORMA\u00c7\u00d5ES DO SLOT O entretenimento em um cassino n\u00e3o pode ser imaginado sem slots.\u00a0Esta \u00e9 uma parte integrante da vida de qualquer jogador.\u00a0E as m\u00e1quinas ca\u00e7a-n\u00edqueis com temas animalescos sempre ocupam um lugar especial entre elas.\u00a0No mundo da natureza selvagem, voc\u00ea pode n\u00e3o apenas desfrutar de novas sensa\u00e7\u00f5es, mas tamb\u00e9m encontrar muitos tesouros raros.\u00a0Como, por...","_links":{"self":[{"href":"https:\/\/rocketplay-new.com\/pt-br\/wp-json\/wp\/v2\/pages\/2688","targetHints":{"allow":["GET"]}}],"collection":[{"href":"https:\/\/rocketplay-new.com\/pt-br\/wp-json\/wp\/v2\/pages"}],"about":[{"href":"https:\/\/rocketplay-new.com\/pt-br\/wp-json\/wp\/v2\/types\/page"}],"author":[{"embeddable":true,"href":"https:\/\/rocketplay-new.com\/pt-br\/wp-json\/wp\/v2\/users\/1"}],"replies":[{"embeddable":true,"href":"https:\/\/rocketplay-new.com\/pt-br\/wp-json\/wp\/v2\/comments?post=2688"}],"version-history":[{"count":3,"href":"https:\/\/rocketplay-new.com\/pt-br\/wp-json\/wp\/v2\/pages\/2688\/revisions"}],"predecessor-version":[{"id":5777,"href":"https:\/\/rocketplay-new.com\/pt-br\/wp-json\/wp\/v2\/pages\/2688\/revisions\/5777"}],"wp:attachment":[{"href":"https:\/\/rocketplay-new.com\/pt-br\/wp-json\/wp\/v2\/media?parent=2688"}],"curies":[{"name":"wp","href":"https:\/\/api.w.org\/{rel}","templated":true}]}}