{"id":2674,"date":"2022-09-20T11:00:07","date_gmt":"2022-09-20T08:00:07","guid":{"rendered":"https:\/\/rocketplay-new.com\/welcome-offer\/"},"modified":"2025-04-02T21:57:32","modified_gmt":"2025-04-02T18:57:32","slug":"welcome-offer","status":"publish","type":"page","link":"https:\/\/rocketplay-new.com\/pt-br\/welcome-offer\/","title":{"rendered":"O que \u00e9 um b\u00f4nus de boas-vindas do cassino?"},"content":{"rendered":"<p><img loading=\"lazy\" decoding=\"async\" class=\" wp-image-430 aligncenter\" src=\"https:\/\/rocketplay-new.com\/wp-content\/uploads\/2022\/09\/rocket-play-welcome-bonus-2-300x93.jpg\" alt=\"Welcome bonus Rocket play\" width=\"694\" height=\"215\" srcset=\"https:\/\/rocketplay-new.com\/wp-content\/uploads\/2022\/09\/rocket-play-welcome-bonus-2-300x93.jpg 300w, https:\/\/rocketplay-new.com\/wp-content\/uploads\/2022\/09\/rocket-play-welcome-bonus-2-768x238.jpg 768w, https:\/\/rocketplay-new.com\/wp-content\/uploads\/2022\/09\/rocket-play-welcome-bonus-2.jpg 905w\" sizes=\"auto, (max-width: 694px) 100vw, 694px\" \/><\/p>\n<p>H\u00e1 pr\u00eamios que est\u00e3o dispon\u00edveis apenas para rec\u00e9m-chegados.\u00a0Esses privil\u00e9gios s\u00e3o chamados de ofertas de boas-vindas.\u00a0Eles s\u00e3o ativados depois que uma pessoa cria uma conta no site.\u00a0\u00c0s vezes, voc\u00ea ainda precisa usar seu dinheiro (conta de recarga) ou usar um determinado c\u00f3digo promocional para receber uma recompensa.<\/p>\n<p>Claro, h\u00e1 tamb\u00e9m a oferta de boas-vindas do\u00a0cassino\u00a0<a href=\"https:\/\/rocketplay-new.com\/pt-br\">Rocket Play<\/a>\u00a0.\u00a0Existem at\u00e9 dois deles, para que voc\u00ea definitivamente se sinta especial ao se tornar um membro da comunidade desta casa de apostas.\u00a0O principal objetivo desses b\u00f4nus \u00e9 atra\u00ed-lo para o cassino, aumentar seu saldo e apresent\u00e1-lo a alguns ca\u00e7a-n\u00edqueis.\u00a0Os pr\u00eamios s\u00f3 podem ser recebidos por iniciantes.\u00a0Ningu\u00e9m mais recebe tais recompensas.<\/p>\n<p>Qualquer cassino, se quiser atrair muitos clientes, deve criar algo para atrair seus convidados.\u00a0Assim, os\u00a0b\u00f4nus de boas-vindas do cassino online Rocket Play\u00a0provam que este site est\u00e1 pronto para lhe dar presentes e \u00f3timas ofertas para que voc\u00ea aproveite a experi\u00eancia de passar o tempo aqui.<\/p>\n<p><span style=\"font-weight: 400;\"><div class=\"tosh-btn\"><a href=\"\/go-casino\/\" target=\"_blank\" rel=\"noopener\">GANHE B\u00d4NUS<\/a><\/div><\/span><\/p>\n<h2><span class=\"\">TIPOS DE OFERTAS DE BOAS-VINDAS ROCKET PLAY CASINO<\/span><\/h2>\n<p><span class=\"\">Nesta institui\u00e7\u00e3o, para receber um pr\u00eamio, voc\u00ea precisa reabastecer sua conta.\u00a0<\/span>Esta \u00e9 uma pr\u00e1tica normal.\u00a0Se uma pessoa j\u00e1 tem dinheiro em sua conta, o cassino o percebe como solvente.\u00a0Neste caso, ele tem direito a presentes mais generosos e interessantes.<\/p>\n<p>Isto \u00e9 o que aconteceu neste casino.\u00a0As recompensas s\u00e3o realmente muito boas.\u00a0Eles s\u00e3o emitidos duas vezes:<\/p>\n<ul>\n<li aria-level=\"1\">para o primeiro reabastecimento da conta;<\/li>\n<li aria-level=\"1\">para um novo dep\u00f3sito.<\/li>\n<\/ul>\n<p>H\u00e1 algo que distingue\u00a0os melhores b\u00f4nus\u00a0de boas-vindas do Rocket Play do resto.\u00a0Este \u00e9 o seu tamanho e conte\u00fado.\u00a0Afinal, al\u00e9m do dinheiro, voc\u00ea tamb\u00e9m receber\u00e1 rodadas gr\u00e1tis em alguns slots.<\/p>\n<p>O dinheiro \u00e9 dado na forma de um b\u00f4nus de jogo.\u00a0Este \u00e9 um tipo de recompensa, cuja quantidade depende do seu reabastecimento.\u00a0O b\u00f4nus \u00e9 uma certa porcentagem do dep\u00f3sito.\u00a0Neste cassino pela primeira vez voc\u00ea ganha 100% extra, ou seja, o dobro do valor.\u00a0E na segunda vez, o valor triplicar\u00e1, porque o cassino cobrar\u00e1 200%.<\/p>\n<p>As rodadas gr\u00e1tis s\u00e3o lan\u00e7amentos de bobinas em slots \u00e0s custas da casa.\u00a0Neste site, voc\u00ea receber\u00e1 at\u00e9 100. A edi\u00e7\u00e3o ser\u00e1 dividida em v\u00e1rias vezes para que voc\u00ea possa aproveitar o jogo gratuito pelo maior tempo poss\u00edvel e n\u00e3o usar tudo de uma vez.<\/p>\n<p>Acontece que a\u00a0oferta de boas-vindas do Rocket Play Brasil cont\u00e9m dois b\u00f4nus de dep\u00f3sito e rodadas adicionais como presente para todos que n\u00e3o tiveram medo de fazer um dep\u00f3sito pela primeira ou pela segunda vez.\u00a0Tais condi\u00e7\u00f5es s\u00e3o raras, ent\u00e3o podemos supor que a institui\u00e7\u00e3o tem uma oferta muito bacana para os rec\u00e9m-chegados.<\/p>\n<p><img loading=\"lazy\" decoding=\"async\" class=\"wp-image-435 aligncenter lazy-loaded\" src=\"https:\/\/rocketplay-new.com\/wp-content\/uploads\/2022\/09\/rocketplay-site-3-300x114.png\" sizes=\"auto, (max-width: 737px) 100vw, 737px\" srcset=\"https:\/\/rocketplay-new.com\/wp-content\/uploads\/2022\/09\/rocketplay-site-3-300x114.png 300w, https:\/\/rocketplay-new.com\/wp-content\/uploads\/2022\/09\/rocketplay-site-3-768x291.png 768w, https:\/\/rocketplay-new.com\/wp-content\/uploads\/2022\/09\/rocketplay-site-3.png 930w\" alt=\"Slots de foguetes\" width=\"737\" height=\"280\" data-lazy-type=\"image\" data-src=\"https:\/\/rocketplay-new.com\/wp-content\/uploads\/2022\/09\/rocketplay-site-3-300x114.png\" data-srcset=\"\" \/><\/p>\n<p>Confira suas principais particularidades.<\/p>\n<table>\n<tbody>\n<tr>\n<td>B\u00f4nus<\/td>\n<td>Quantia<\/td>\n<td>Dep\u00f3sito m\u00ednimo<\/td>\n<td>Quantidade m\u00e1xima de dinheiro<\/td>\n<td>Aposta<\/td>\n<\/tr>\n<tr>\n<td>1 dep\u00f3sito<\/td>\n<td>Adicione 100% e 100 rodadas<\/td>\n<td>30 BRL<\/td>\n<td>300 BRL<\/td>\n<td>x40<\/td>\n<\/tr>\n<tr>\n<td>2 dep\u00f3sito<\/td>\n<td>200%<\/td>\n<td>75 BRL<\/td>\n<td>300 BRL<\/td>\n<td>x40<\/td>\n<\/tr>\n<\/tbody>\n<\/table>\n<p>Al\u00e9m disso, voc\u00ea precisa saber que os lan\u00e7amentos de bobinas gratuitos s\u00f3 podem ser usados \u200b\u200bem alguns slots, e n\u00e3o em todos seguidos.\u00a0Este casino oferece-lhe para gastar o b\u00f3nus nos seguintes jogos da BGaming:<\/p>\n<ul>\n<li aria-level=\"1\">Aztec Magic \u00e9 um ca\u00e7a-n\u00edqueis legal com um recurso de queda de bobinas que permite que voc\u00ea fa\u00e7a combina\u00e7\u00f5es lucrativas mesmo sem girar as bobinas;<\/li>\n<li aria-level=\"1\">Fire Lightning \u00e9 um ca\u00e7a-n\u00edqueis com tema grego antigo que vem com s\u00edmbolos de b\u00f4nus e muitas outras coisas interessantes.<\/li>\n<\/ul>\n<p>Se voc\u00ea est\u00e1 pronto para receber a\u00a0melhor oferta de boas-vindas do cassino Rocket Play\u00a0, n\u00e3o perca a chance e crie uma conta agora!<\/p>\n<p><span style=\"font-weight: 400;\"><div class=\"tosh-btn\"><a href=\"\/go-casino\/\" target=\"_blank\" rel=\"noopener\">GANHE B\u00d4NUS<\/a><\/div><\/span><\/p>\n<h2>PERGUNTAS FREQUENTES<\/h2>\n<h3>QUAL \u00c9 O PER\u00cdODO DE VALIDADE DESTE B\u00d4NUS?<\/h3>\n<p>\u00c9 v\u00e1lido por 5 dias.\u00a0Se durante esse per\u00edodo voc\u00ea n\u00e3o reabasteceu sua conta ou come\u00e7ou a jogar com esse dinheiro, o b\u00f4nus ser\u00e1 desativado.\u00a0Portanto, ap\u00f3s o registro, voc\u00ea n\u00e3o precisa esperar, precisa reabastecer sua conta imediatamente e agir!<\/p>\n<h3>COMO CONSEGUIR AINDA MAIS DINHEIRO DA INSTITUI\u00c7\u00c3O?<\/h3>\n<p>Al\u00e9m de boas-vindas, o cassino tem uma s\u00e9rie de outras ofertas.\u00a0Por exemplo, para rolos altos.\u00a0Com ele, voc\u00ea pode ganhar ainda mais dinheiro.<\/p>\n<h3>COMO ATIVAR O B\u00d4NUS?<\/h3>\n<p>Voc\u00ea s\u00f3 precisa criar uma conta e depositar pelo menos 30 d\u00f3lares brasileiros em sua conta. O b\u00f4nus \u00e9 ativado automaticamente ap\u00f3s essas a\u00e7\u00f5es.<\/p>\n<p>Leia tamb\u00e9m sobre:\u00a0<a href=\"https:\/\/rocketplay-new.com\/pt-br\/regular-bonuses\/\">\u200b\u200bB\u00f4nus Regulares Rocket Play<\/a><\/p>\n","protected":false},"excerpt":{"rendered":"<p>H\u00e1 pr\u00eamios que est\u00e3o dispon\u00edveis apenas para rec\u00e9m-chegados.\u00a0Esses privil\u00e9gios s\u00e3o chamados de ofertas de boas-vindas.\u00a0Eles s\u00e3o ativados depois que uma pessoa cria uma conta no site.\u00a0\u00c0s vezes, voc\u00ea ainda precisa usar seu dinheiro (conta de recarga) ou usar um determinado c\u00f3digo promocional para receber uma recompensa. Claro, h\u00e1 tamb\u00e9m a oferta de boas-vindas do\u00a0cassino\u00a0Rocket Play\u00a0.\u00a0Existem&#8230;<\/p>\n","protected":false},"author":1,"featured_media":0,"parent":0,"menu_order":0,"comment_status":"closed","ping_status":"closed","template":"","meta":{"_acf_changed":false,"_kad_post_transparent":"default","_kad_post_title":"default","_kad_post_layout":"default","_kad_post_sidebar_id":"","_kad_post_content_style":"default","_kad_post_vertical_padding":"default","_kad_post_feature":"","_kad_post_feature_position":"","_kad_post_header":false,"_kad_post_footer":false,"footnotes":""},"class_list":["post-2674","page","type-page","status-publish","hentry"],"acf":[],"rttpg_featured_image_url":null,"rttpg_author":{"display_name":"John","author_link":"https:\/\/rocketplay-new.com\/pt-br\/author\/pemvas95n89x\/"},"rttpg_comment":0,"rttpg_category":null,"rttpg_excerpt":"H\u00e1 pr\u00eamios que est\u00e3o dispon\u00edveis apenas para rec\u00e9m-chegados.\u00a0Esses privil\u00e9gios s\u00e3o chamados de ofertas de boas-vindas.\u00a0Eles s\u00e3o ativados depois que uma pessoa cria uma conta no site.\u00a0\u00c0s vezes, voc\u00ea ainda precisa usar seu dinheiro (conta de recarga) ou usar um determinado c\u00f3digo promocional para receber uma recompensa. Claro, h\u00e1 tamb\u00e9m a oferta de boas-vindas do\u00a0cassino\u00a0Rocket Play\u00a0.\u00a0Existem...","_links":{"self":[{"href":"https:\/\/rocketplay-new.com\/pt-br\/wp-json\/wp\/v2\/pages\/2674","targetHints":{"allow":["GET"]}}],"collection":[{"href":"https:\/\/rocketplay-new.com\/pt-br\/wp-json\/wp\/v2\/pages"}],"about":[{"href":"https:\/\/rocketplay-new.com\/pt-br\/wp-json\/wp\/v2\/types\/page"}],"author":[{"embeddable":true,"href":"https:\/\/rocketplay-new.com\/pt-br\/wp-json\/wp\/v2\/users\/1"}],"replies":[{"embeddable":true,"href":"https:\/\/rocketplay-new.com\/pt-br\/wp-json\/wp\/v2\/comments?post=2674"}],"version-history":[{"count":5,"href":"https:\/\/rocketplay-new.com\/pt-br\/wp-json\/wp\/v2\/pages\/2674\/revisions"}],"predecessor-version":[{"id":5786,"href":"https:\/\/rocketplay-new.com\/pt-br\/wp-json\/wp\/v2\/pages\/2674\/revisions\/5786"}],"wp:attachment":[{"href":"https:\/\/rocketplay-new.com\/pt-br\/wp-json\/wp\/v2\/media?parent=2674"}],"curies":[{"name":"wp","href":"https:\/\/api.w.org\/{rel}","templated":true}]}}