{"id":2670,"date":"2022-08-18T13:21:33","date_gmt":"2022-08-18T10:21:33","guid":{"rendered":"https:\/\/rocketplay-new.com\/slot-machines\/wizard-of-oz\/"},"modified":"2025-11-26T20:11:45","modified_gmt":"2025-11-26T17:11:45","slug":"wizard-of-oz","status":"publish","type":"page","link":"https:\/\/rocketplay-new.com\/pt-br\/slot-machines\/wizard-of-oz\/","title":{"rendered":"Reveja o ca\u00e7a-n\u00edqueis O M\u00e1gico de Oz"},"content":{"rendered":"<p>O fato de os contos de fadas infantis se tornarem a inspira\u00e7\u00e3o para os desenvolvedores de jogos de azar \u00e9 uma pr\u00e1tica normal.\u00a0Afinal, as imagens de contos de fadas s\u00e3o conhecidas e familiares a todos desde muito jovens.\u00a0Assim, o slot M\u00e1gico de Oz poder\u00e1 transferir o jogador para um mundo fict\u00edcio onde voc\u00ea pode n\u00e3o apenas se divertir e escapar da realidade, mas tamb\u00e9m ganhar dinheiro extra.<\/p>\n<p><span style=\"font-weight: 400;\"><div class=\"tosh-btn\"><a href=\"\/go-casino\/\" target=\"_blank\" rel=\"noopener\">GANHE B\u00d4NUS<\/a><\/div><\/span><span style=\"font-weight: 400;\">\u00a0 <\/span><\/p>\n<h2>M\u00c1GICO DE OZ: \u00c9 LUCRATIVO JOGAR POR DINHEIRO?<\/h2>\n<p>\u00c9 real ganhar dinheiro no jogo M\u00e1gico de Oz?\u00a0Depois de estudar este slot, voc\u00ea pode responder com confian\u00e7a \u2013 sim!\u00a0Existem muitas fun\u00e7\u00f5es para isso:<\/p>\n<ul>\n<li>v\u00e1rias rodadas de b\u00f4nus;<\/li>\n<li>respins pela perda de certos s\u00edmbolos;<\/li>\n<li>apresentam 5\u00a0<b><\/b>rodadas gr\u00e1tis seguidas;<\/li>\n<li>multiplicadores de apostas aleat\u00f3rias;<\/li>\n<li>jackpot.<\/li>\n<\/ul>\n<p>Portanto, n\u00e3o perca a oportunidade de investir dinheiro real neste slot.\u00a0Mas um grande n\u00famero de fun\u00e7\u00f5es diferentes pode confundir o jogador.\u00a0Portanto, a melhor maneira de experimentar o Wizard of Oz \u00e9 no modo de demonstra\u00e7\u00e3o, que est\u00e1 sempre dispon\u00edvel para jogadores brasileiros.<\/p>\n<p><img loading=\"lazy\" decoding=\"async\" class=\"aligncenter wp-image-308 size-full lazy-loaded\" src=\"https:\/\/rocketplay-new.com\/wp-content\/uploads\/2022\/08\/wizard-of-oz-logo.jpeg\" sizes=\"auto, (max-width: 1024px) 100vw, 1024px\" srcset=\"https:\/\/rocketplay-new.com\/wp-content\/uploads\/2022\/08\/wizard-of-oz-logo.jpeg 1024w, https:\/\/rocketplay-new.com\/wp-content\/uploads\/2022\/08\/wizard-of-oz-logo-300x146.jpeg 300w, https:\/\/rocketplay-new.com\/wp-content\/uploads\/2022\/08\/wizard-of-oz-logo-768x375.jpeg 768w\" alt=\"Logo M\u00e1gico de Oz\" width=\"1024\" height=\"500\" data-lazy-type=\"image\" data-src=\"https:\/\/rocketplay-new.com\/wp-content\/uploads\/2022\/08\/wizard-of-oz-logo.jpeg\" data-srcset=\"\" \/><\/p>\n<h2>DETALHES E RECURSOS DO JOGO<\/h2>\n<p>Vamos come\u00e7ar com as caracter\u00edsticas externas deste bandido de um bra\u00e7o s\u00f3 online.\u00a0Feito no estilo tem\u00e1tico e totalmente consistente com a hist\u00f3ria do conto de fadas.\u00a0O fundo nos mostra a cidade esmeralda e personagens e objetos de um conto de fadas atuam como s\u00edmbolos.\u00a0Por exemplo:<\/p>\n<ul>\n<li>menina Dorothy;<\/li>\n<li>homem de Ferro;<\/li>\n<li>espantalho;<\/li>\n<li>homem le\u00e3o;<\/li>\n<li>bruxa;<\/li>\n<li>bruxo;<\/li>\n<li>fada Glinda;<\/li>\n<li>c\u00e3o Tot\u00f3;<\/li>\n<li>imagem dos personagens principais de \u201cFriends\u201d;<\/li>\n<li>objetos diferentes: uma cesta, um pirulito, uma ma\u00e7\u00e3, uma ampulheta.<\/li>\n<\/ul>\n<p>O desenvolvedor n\u00e3o incluiu imagens t\u00edpicas de cassino aqui, e \u00e9 por isso que o Wizard of Oz online se destaca do resto.<\/p>\n<p>O acompanhamento musical \u00e9 discreto.\u00a0O som \u00e9 ativado apenas durante a rota\u00e7\u00e3o das bobinas e a forma\u00e7\u00e3o de combina\u00e7\u00f5es.<\/p>\n<p>Principais caracter\u00edsticas importantes para os jogadores:<\/p>\n<ul>\n<li>S\u00edmbolo de dispers\u00e3o \u2013 sim, v\u00e1rios;<\/li>\n<li>multiplicadores \u2013 sim;<\/li>\n<li>s\u00edmbolo do jackpot \u2013 sim;<\/li>\n<li>jogo autom\u00e1tico \u2013 sim;<\/li>\n<li>jogo com b\u00f4nus \u2013 sim;<\/li>\n<li>S\u00edmbolo curinga (substitui outros) \u2013 sim;<\/li>\n<li>rodadas gr\u00e1tis (respins e em uma rodada separada) \u2013 sim.<\/li>\n<\/ul>\n<p>Gra\u00e7as a isso, a jogabilidade \u00e9 variada e interessante.\u00a0Os ganhos surgem com bastante frequ\u00eancia.\u00a0Eles s\u00e3o pequenos, mas em geral, voc\u00ea pode contar com um aumento gradual do seu bankroll.\u00a0Quanto maior a sua aposta, maior ser\u00e1 o pr\u00eamio.<\/p>\n<p>Os indicadores t\u00e9cnicos do Wizard of Oz Brasil s\u00e3o m\u00e9dios. O RTP aqui \u00e9 de 95,99%, que \u00e9 a m\u00e9dia do mercado.\u00a0A volatilidade est\u00e1 ligeiramente abaixo da m\u00e9dia.\u00a0Isso n\u00e3o \u00e9 bom nem ruim, e voc\u00ea s\u00f3 precisa saber que a m\u00e1quina n\u00e3o lhe dar\u00e1 uma grande vit\u00f3ria imediatamente.\u00a0Este slot \u00e9 mais adequado para jogos de longo prazo.<\/p>\n<p><img loading=\"lazy\" decoding=\"async\" class=\"aligncenter wp-image-311 size-full lazy-loaded\" src=\"https:\/\/rocketplay-new.com\/wp-content\/uploads\/2022\/08\/wizard-of-oz-slot-2.png\" sizes=\"auto, (max-width: 853px) 100vw, 853px\" srcset=\"https:\/\/rocketplay-new.com\/wp-content\/uploads\/2022\/08\/wizard-of-oz-slot-2.png 853w, https:\/\/rocketplay-new.com\/wp-content\/uploads\/2022\/08\/wizard-of-oz-slot-2-300x169.png 300w, https:\/\/rocketplay-new.com\/wp-content\/uploads\/2022\/08\/wizard-of-oz-slot-2-768x432.png 768w\" alt=\"slot magico de oz\" width=\"853\" height=\"480\" data-lazy-type=\"image\" data-src=\"https:\/\/rocketplay-new.com\/wp-content\/uploads\/2022\/08\/wizard-of-oz-slot-2.png\" data-srcset=\"\" \/><\/p>\n<h2>TIRANDO CONCLUS\u00d5ES SOBRE O SLOT WIZARD OF OZ<\/h2>\n<p>Este jogo foi lan\u00e7ado em 2011 e transmitia perfeitamente a atmosfera do filme antigo.\u00a0A apar\u00eancia \u00e9 feita em estilo retr\u00f4, que pode parecer desatualizado.\u00a0Mas, de acordo com a ideia do desenvolvedor do WMS, isso deve dar uma dica ao jogador sobre o filme, que foi lan\u00e7ado em 1939. A anima\u00e7\u00e3o e os efeitos sonoros tamb\u00e9m transitam para aquela \u00e9poca, ent\u00e3o, apesar da baixa qualidade dos gr\u00e1ficos, \u00e9 plenamente justificado.<\/p>\n<p>De acordo com indicadores t\u00e9cnicos, esse slot \u00e9 m\u00e9dio.\u00a0Existem muitos recursos interessantes que permitem que voc\u00ea ganhe dinheiro.\u00a0Mas a porcentagem de RTP \u00e9 baixa, e isso mostra que o jogo n\u00e3o dar\u00e1 grandes vit\u00f3rias com frequ\u00eancia.\u00a0\u00c9 bom para o longo prazo.<\/p>\n<p>Os jogadores n\u00e3o familiarizados com ele s\u00e3o aconselhados a experimentar as m\u00e1quinas ca\u00e7a-n\u00edqueis gr\u00e1tis do Wizard of Oz.\u00a0Em geral, podemos elogiar o desenvolvedor por uma ideia interessante.\u00a0Existem realmente poucos slots, ent\u00e3o eles sempre se destacam favoravelmente do resto.<\/p>\n<p><span style=\"font-weight: 400;\"><div class=\"tosh-btn\"><a href=\"\/go-casino\/\" target=\"_blank\" rel=\"noopener\">GANHE B\u00d4NUS<\/a><\/div><\/span><span style=\"font-weight: 400;\">\u00a0 <\/span><\/p>\n<h2>PERGUNTAS POPULARES PARA NOVOS JOGADORES<\/h2>\n<h3>\u00c9 POSS\u00cdVEL AJUSTAR O N\u00daMERO DE LINHAS DE PAGAMENTO NESTE SLOT?<\/h3>\n<p>O M\u00e1gico de Oz tem 30 linhas de pagamento que s\u00e3o ativadas automaticamente quando voc\u00ea inicia o jogo.\u00a0Mas esse valor pode ser alterado nas configura\u00e7\u00f5es que se abrem sob o bot\u00e3o para lan\u00e7ar as bobinas.<\/p>\n<h3>QUAIS S\u00c3O OS TAMANHOS DE APOSTA M\u00c1XIMA E M\u00cdNIMA NESTE SLOT?<\/h3>\n<p>Em uma linha, voc\u00ea pode definir uma aposta no valor de 0,01 a 2. Ent\u00e3o, em dinheiro, a aposta m\u00e1xima ser\u00e1 de 60 (30 linhas, 2 moedas do saldo para cada).<\/p>\n<h3>COMO O M\u00c1GICO DE OZ ABRE A RODADA DE B\u00d4NUS?<\/h3>\n<p>Para fazer isso, voc\u00ea precisa pousar um s\u00edmbolo especial em um dos rolos.\u00a0Estes incluem os personagens principais do conto: Dorothy, o Espantalho, Homem de Ferro, o Le\u00e3o Covarde, a Bruxa, o Feiticeiro e a Bola M\u00e1gica.\u00a0Ao pousar em campo, uma nova anima\u00e7\u00e3o \u00e9 acionada e o jogador pode aproveitar o jogo b\u00f4nus, que \u00e9 fornecido pelas regras.<\/p>\n<p><strong>Coment\u00e1rios sobre slots:<\/strong><\/p>\n<ul>\n<li style=\"list-style-type: none;\">\n<ul>\n<li><a href=\"https:\/\/rocketplay-new.com\/pt-br\/slot-machines\/buffalo-gold\/\">Ouro de B\u00fafalo<\/a><\/li>\n<li><a href=\"https:\/\/rocketplay-new.com\/pt-br\/slot-machines\/lucky-88\/\">Sorte 88<\/a><\/li>\n<\/ul>\n<\/li>\n<\/ul>\n","protected":false},"excerpt":{"rendered":"<p>O fato de os contos de fadas infantis se tornarem a inspira\u00e7\u00e3o para os desenvolvedores de jogos de azar \u00e9 uma pr\u00e1tica normal.\u00a0Afinal, as imagens de contos de fadas s\u00e3o conhecidas e familiares a todos desde muito jovens.\u00a0Assim, o slot M\u00e1gico de Oz poder\u00e1 transferir o jogador para um mundo fict\u00edcio onde voc\u00ea pode n\u00e3o&#8230;<\/p>\n","protected":false},"author":1,"featured_media":0,"parent":2614,"menu_order":0,"comment_status":"closed","ping_status":"closed","template":"","meta":{"_acf_changed":false,"_kad_post_transparent":"default","_kad_post_title":"default","_kad_post_layout":"default","_kad_post_sidebar_id":"","_kad_post_content_style":"default","_kad_post_vertical_padding":"default","_kad_post_feature":"","_kad_post_feature_position":"","_kad_post_header":false,"_kad_post_footer":false,"footnotes":""},"class_list":["post-2670","page","type-page","status-publish","hentry"],"acf":[],"rttpg_featured_image_url":null,"rttpg_author":{"display_name":"John","author_link":"https:\/\/rocketplay-new.com\/pt-br\/author\/pemvas95n89x\/"},"rttpg_comment":0,"rttpg_category":null,"rttpg_excerpt":"O fato de os contos de fadas infantis se tornarem a inspira\u00e7\u00e3o para os desenvolvedores de jogos de azar \u00e9 uma pr\u00e1tica normal.\u00a0Afinal, as imagens de contos de fadas s\u00e3o conhecidas e familiares a todos desde muito jovens.\u00a0Assim, o slot M\u00e1gico de Oz poder\u00e1 transferir o jogador para um mundo fict\u00edcio onde voc\u00ea pode n\u00e3o...","_links":{"self":[{"href":"https:\/\/rocketplay-new.com\/pt-br\/wp-json\/wp\/v2\/pages\/2670","targetHints":{"allow":["GET"]}}],"collection":[{"href":"https:\/\/rocketplay-new.com\/pt-br\/wp-json\/wp\/v2\/pages"}],"about":[{"href":"https:\/\/rocketplay-new.com\/pt-br\/wp-json\/wp\/v2\/types\/page"}],"author":[{"embeddable":true,"href":"https:\/\/rocketplay-new.com\/pt-br\/wp-json\/wp\/v2\/users\/1"}],"replies":[{"embeddable":true,"href":"https:\/\/rocketplay-new.com\/pt-br\/wp-json\/wp\/v2\/comments?post=2670"}],"version-history":[{"count":3,"href":"https:\/\/rocketplay-new.com\/pt-br\/wp-json\/wp\/v2\/pages\/2670\/revisions"}],"predecessor-version":[{"id":5956,"href":"https:\/\/rocketplay-new.com\/pt-br\/wp-json\/wp\/v2\/pages\/2670\/revisions\/5956"}],"up":[{"embeddable":true,"href":"https:\/\/rocketplay-new.com\/pt-br\/wp-json\/wp\/v2\/pages\/2614"}],"wp:attachment":[{"href":"https:\/\/rocketplay-new.com\/pt-br\/wp-json\/wp\/v2\/media?parent=2670"}],"curies":[{"name":"wp","href":"https:\/\/api.w.org\/{rel}","templated":true}]}}