{"id":2659,"date":"2022-08-18T12:23:24","date_gmt":"2022-08-18T09:23:24","guid":{"rendered":"https:\/\/rocketplay-new.com\/slot-machines\/starburst\/"},"modified":"2025-11-25T23:26:58","modified_gmt":"2025-11-25T20:26:58","slug":"starburst","status":"publish","type":"page","link":"https:\/\/rocketplay-new.com\/pt-br\/slot-machines\/starburst\/","title":{"rendered":"Revis\u00e3o do slot Starburst"},"content":{"rendered":"<p>O espa\u00e7o misterioso com suas extens\u00f5es ilimitadas e constela\u00e7\u00f5es brilhantes est\u00e1 pronto para receb\u00ea-lo no slot Starburst Brasil. Sinta-se como um verdadeiro astronauta, navegue no espa\u00e7o e ganhe dinheiro neste videogame exclusivo. Inicie o Starburst online e entenda o que s\u00e3o slots de qualidade.<\/p>\n<p><span style=\"font-weight: 400;\"><div class=\"tosh-btn\"><a href=\"\/go-casino\/\" target=\"_blank\" rel=\"noopener\">GANHE B\u00d4NUS<\/a><\/div><\/span><span style=\"font-weight: 400;\">\u00a0 <\/span><\/p>\n<h2>UM POUCO SOBRE COMO STARBURST APARECEU<\/h2>\n<p>Embora o slot Starburst tenha sido criado em 2012 pela NetEnt, ele n\u00e3o perdeu sua relev\u00e2ncia at\u00e9 hoje.\u00a0Tudo gra\u00e7as ao design intemporal e \u00e0s caracter\u00edsticas altamente vantajosas.<\/p>\n<p>O slot foi inspirado no tema espacial, que \u00e9 comum em casas de jogos e \u00e9 interessante para os apostadores.\u00a0No momento do lan\u00e7amento, parecia novo e original, e mesmo agora, pouco mudou.<\/p>\n<p>Este slot \u00e9 considerado inovador devido \u00e0s linhas de pagamento que d\u00e3o ganhos em qualquer dire\u00e7\u00e3o.\u00a0Em bandidos de um bra\u00e7o padr\u00e3o, isso s\u00f3 acontece da esquerda para a direita.<\/p>\n<p><img loading=\"lazy\" decoding=\"async\" class=\"aligncenter wp-image-305 size-full lazy-loaded\" src=\"https:\/\/rocketplay-new.com\/wp-content\/uploads\/2022\/08\/starburst-logo.jpeg\" sizes=\"auto, (max-width: 752px) 100vw, 752px\" srcset=\"https:\/\/rocketplay-new.com\/wp-content\/uploads\/2022\/08\/starburst-logo.jpeg 752w, https:\/\/rocketplay-new.com\/wp-content\/uploads\/2022\/08\/starburst-logo-300x199.jpeg 300w\" alt=\"logo estrela\" width=\"752\" height=\"500\" data-lazy-type=\"image\" data-src=\"https:\/\/rocketplay-new.com\/wp-content\/uploads\/2022\/08\/starburst-logo.jpeg\" data-srcset=\"\" \/><\/p>\n<h2>S\u00cdMBOLO STARBURST: SEU VALOR, SIGNIFICADO E FUN\u00c7\u00d5ES ESPECIAIS<\/h2>\n<p>Embora o tema do slot seja o espa\u00e7o, os s\u00edmbolos aqui s\u00e3o tradicionais dos cassinos: pedras preciosas, setes e a barra de inscri\u00e7\u00e3o.\u00a0H\u00e1 mais um \u2013 uma estrela multicolorida brilhante \u00e9 o \u00fanico s\u00edmbolo especial no slot, que substitui o b\u00f4nus e o curinga.<\/p>\n<p>Vamos dar uma olhada na tabela de pagamento para que voc\u00ea possa entender quanto dinheiro real este jogo pode trazer.<\/p>\n<table border=\"0\" width=\"602\" cellspacing=\"0\" cellpadding=\"0\">\n<tbody>\n<tr>\n<td>\n<p align=\"center\">Quantidade nas bobinas<\/p>\n<\/td>\n<td>\n<p align=\"center\">3<\/p>\n<\/td>\n<td>\n<p align=\"center\">4<\/p>\n<\/td>\n<td>\n<p align=\"center\">5<\/p>\n<\/td>\n<\/tr>\n<tr>\n<td>\n<p align=\"center\">pedra roxa<\/p>\n<\/td>\n<td>\n<p align=\"center\">5<\/p>\n<\/td>\n<td>\n<p align=\"center\">10<\/p>\n<\/td>\n<td>\n<p align=\"center\">25<\/p>\n<\/td>\n<\/tr>\n<tr>\n<td>\n<p align=\"center\">Azul<\/p>\n<\/td>\n<td>\n<p align=\"center\">5<\/p>\n<\/td>\n<td>\n<p align=\"center\">10<\/p>\n<\/td>\n<td>\n<p align=\"center\">25<\/p>\n<\/td>\n<\/tr>\n<tr>\n<td>\n<p align=\"center\">Vermelho<\/p>\n<\/td>\n<td>\n<p align=\"center\">7<\/p>\n<\/td>\n<td>\n<p align=\"center\">15<\/p>\n<\/td>\n<td>\n<p align=\"center\">40<\/p>\n<\/td>\n<\/tr>\n<tr>\n<td>\n<p align=\"center\">Verde<\/p>\n<\/td>\n<td>\n<p align=\"center\">8<\/p>\n<\/td>\n<td>\n<p align=\"center\">20<\/p>\n<\/td>\n<td>\n<p align=\"center\">50<\/p>\n<\/td>\n<\/tr>\n<tr>\n<td>\n<p align=\"center\">Amarelo<\/p>\n<\/td>\n<td>\n<p align=\"center\">10<\/p>\n<\/td>\n<td>\n<p align=\"center\">25<\/p>\n<\/td>\n<td>\n<p align=\"center\">60<\/p>\n<\/td>\n<\/tr>\n<tr>\n<td>\n<p align=\"center\">Sete<\/p>\n<\/td>\n<td>\n<p align=\"center\">25<\/p>\n<\/td>\n<td>\n<p align=\"center\">60<\/p>\n<\/td>\n<td>\n<p align=\"center\">120<\/p>\n<\/td>\n<\/tr>\n<tr>\n<td>\n<p align=\"center\">BAR<\/p>\n<\/td>\n<td>\n<p align=\"center\">500<\/p>\n<\/td>\n<td>\n<p align=\"center\">200<\/p>\n<\/td>\n<td>\n<p align=\"center\">250<\/p>\n<\/td>\n<\/tr>\n<\/tbody>\n<\/table>\n<p>O \u00edcone de estrela \u00e9 selvagem.\u00a0Ele tem duas fun\u00e7\u00f5es, a primeira delas \u00e9 substituir outros s\u00edmbolos para voc\u00ea ter lucro.\u00a0Al\u00e9m disso, ocupa todo o carretel e aciona uma rodada de rodadas.\u00a0A rodada de b\u00f4nus pode ser repetida apenas 3 vezes.\u00a0Isso significa que o jogo s\u00f3 permite que voc\u00ea gire as bobinas 3 vezes gratuitamente em uma rodada.<\/p>\n<p>Neste caso, todos os tr\u00eas carret\u00e9is (2, 3 e 4) s\u00e3o preenchidos com o s\u00edmbolo de estrela.\u00a0O jogador recebe uma vit\u00f3ria em todas as 10 linhas de uma vez.\u00a0Este \u00e9 um b\u00f4nus original e incomum que atrai jogadores.<\/p>\n<p>Portanto, mesmo apesar da aus\u00eancia do jogo de risco usual ou de uma rodada de b\u00f4nus separada completa, esse bandido de um bra\u00e7o \u00e9 o favorito de muitos.\u00a0O processo de coleta de s\u00edmbolos selvagens \u00e9 intenso e de jogo e \u00e9 acompanhado por anima\u00e7\u00e3o especial e elementos sonoros.<\/p>\n<p><span style=\"font-weight: 400;\"><div class=\"tosh-btn\"><a href=\"\/go-casino\/\" target=\"_blank\" rel=\"noopener\">GANHE B\u00d4NUS<\/a><\/div><\/span><span style=\"font-weight: 400;\">\u00a0 <\/span><\/p>\n<h2>INFORMA\u00c7\u00d5ES T\u00c9CNICAS STARBURST: VOLATILIDADE, RTP E RODADAS GR\u00c1TIS<\/h2>\n<p>Os indicadores t\u00e9cnicos desta m\u00e1quina s\u00e3o m\u00e9dios.\u00a0Mas, ao mesmo tempo, continua sendo um dos favoritos entre os apostadores.\u00a0Vamos ver quais s\u00e3o suas caracter\u00edsticas:<\/p>\n<ul>\n<li>RTP \u2013 96,1%;<\/li>\n<li>a volatilidade \u00e9 baixa;<\/li>\n<li>n\u00famero de linhas de pagamento \u2013 10;<\/li>\n<li>layout do campo \u2013 5 por 3.<\/li>\n<\/ul>\n<p>A porcentagem de RTP \u00e9 m\u00e9dia para a ind\u00fastria de jogos de azar.\u00a0Isso significa que a m\u00e1quina devolve em m\u00e9dia 96% do dinheiro do jogador.\u00a0E baixa volatilidade n\u00e3o \u00e9 ruim.\u00a0Ele prev\u00ea que os ganhos ser\u00e3o pequenos, mas frequentes, e voc\u00ea n\u00e3o poder\u00e1 ganhar um grande jackpot repentino aqui.<\/p>\n<p>Em geral, os ganhos depender\u00e3o da aposta para pagar.\u00a0Seu tamanho aqui \u00e9 de 0,01 a 100, o que permite que jogadores com qualquer bankroll se divirtam.<\/p>\n<p>Mesmo que n\u00e3o haja rodadas gr\u00e1tis por aqui, voc\u00ea pode obter uma oferta do cassino e gastar 50 rodadas gr\u00e1tis no Starburst. Isso permitir\u00e1 que voc\u00ea ganhe um bom dinheiro e descubra como esse jogo funciona sem gastar um \u00fanico centavo do seu bolso. Para jogadores da Brasil, ofertas de b\u00f4nus semelhantes s\u00e3o frequentemente recebidas neste slot espec\u00edfico.<\/p>\n<p><img loading=\"lazy\" decoding=\"async\" class=\"aligncenter wp-image-304 size-full lazy-loaded\" src=\"https:\/\/rocketplay-new.com\/wp-content\/uploads\/2022\/08\/starburst.jpeg\" sizes=\"auto, (max-width: 735px) 100vw, 735px\" srcset=\"https:\/\/rocketplay-new.com\/wp-content\/uploads\/2022\/08\/starburst.jpeg 735w, https:\/\/rocketplay-new.com\/wp-content\/uploads\/2022\/08\/starburst-300x209.jpeg 300w\" alt=\"Espa\u00e7o Starburst\" width=\"735\" height=\"512\" data-lazy-type=\"image\" data-src=\"https:\/\/rocketplay-new.com\/wp-content\/uploads\/2022\/08\/starburst.jpeg\" data-srcset=\"\" \/><\/p>\n<h2>DICAS SOBRE COMO JOGAR O CA\u00c7A-N\u00cdQUEIS ONLINE STARBURST GR\u00c1TIS<\/h2>\n<p>Voc\u00ea n\u00e3o precisa gastar dinheiro para conhecer este maravilhoso slot.\u00a0Afinal, o jogo gr\u00e1tis Starburst est\u00e1 dispon\u00edvel para todos os clientes.\u00a0Gra\u00e7as a isso, voc\u00ea pode se familiarizar com a mec\u00e2nica e entender se gosta do jogo.\u00a0A vers\u00e3o demo mostrar\u00e1 com que frequ\u00eancia as combina\u00e7\u00f5es vencedoras aparecem, e voc\u00ea j\u00e1 pode decidir se vale a pena jogar aqui.<\/p>\n<p>Tamb\u00e9m \u00e9 indicado para quem ainda n\u00e3o tem uma banca inicial para jogar no cassino. O slot Starburst sem dep\u00f3sito est\u00e1 dispon\u00edvel para todos os usu\u00e1rios brasileiros. Para fazer isso, voc\u00ea s\u00f3 precisa:<\/p>\n<ol>\n<li>Crie seu perfil de cassino para se tornar um cliente de cassino e tenha acesso total aos recursos.<\/li>\n<li>Encontre este jogo na lista de slots.<\/li>\n<li>Execute-o na vers\u00e3o demo.<\/li>\n<\/ol>\n<p>Voc\u00ea n\u00e3o precisar\u00e1 baixar nada ou esperar por um longo lan\u00e7amento.\u00a0A reprodu\u00e7\u00e3o instant\u00e2nea permite que voc\u00ea acesse o entretenimento muito rapidamente.<\/p>\n<p>N\u00e3o perca a oportunidade de jogar Starburst.\u00a0Se voc\u00ea gosta de temas espaciais, ent\u00e3o este slot \u00e9 exatamente o que voc\u00ea precisa.\u00a0Ningu\u00e9m ficar\u00e1 indiferente ao design simples e agrad\u00e1vel, trilha sonora tem\u00e1tica e jogabilidade suave.<\/p>\n<p><strong>Coment\u00e1rios sobre slots:<\/strong><\/p>\n<ul>\n<li style=\"list-style-type: none;\">\n<ul>\n<li><a href=\"https:\/\/rocketplay-new.com\/pt-br\/slot-machines\/wizard-of-oz\/\">m\u00e1gico de Oz<\/a><\/li>\n<li><a href=\"https:\/\/rocketplay-new.com\/pt-br\/slot-machines\/book-of-dead\/\">Livro dos Mortos<\/a><\/li>\n<\/ul>\n<\/li>\n<\/ul>\n","protected":false},"excerpt":{"rendered":"<p>O espa\u00e7o misterioso com suas extens\u00f5es ilimitadas e constela\u00e7\u00f5es brilhantes est\u00e1 pronto para receb\u00ea-lo no slot Starburst Brasil. Sinta-se como um verdadeiro astronauta, navegue no espa\u00e7o e ganhe dinheiro neste videogame exclusivo. Inicie o Starburst online e entenda o que s\u00e3o slots de qualidade. \u00a0 UM POUCO SOBRE COMO STARBURST APARECEU Embora o slot Starburst&#8230;<\/p>\n","protected":false},"author":1,"featured_media":0,"parent":2614,"menu_order":0,"comment_status":"closed","ping_status":"closed","template":"","meta":{"_acf_changed":false,"_kad_post_transparent":"default","_kad_post_title":"default","_kad_post_layout":"default","_kad_post_sidebar_id":"","_kad_post_content_style":"default","_kad_post_vertical_padding":"default","_kad_post_feature":"","_kad_post_feature_position":"","_kad_post_header":false,"_kad_post_footer":false,"footnotes":""},"class_list":["post-2659","page","type-page","status-publish","hentry"],"acf":[],"rttpg_featured_image_url":null,"rttpg_author":{"display_name":"John","author_link":"https:\/\/rocketplay-new.com\/pt-br\/author\/pemvas95n89x\/"},"rttpg_comment":0,"rttpg_category":null,"rttpg_excerpt":"O espa\u00e7o misterioso com suas extens\u00f5es ilimitadas e constela\u00e7\u00f5es brilhantes est\u00e1 pronto para receb\u00ea-lo no slot Starburst Brasil. Sinta-se como um verdadeiro astronauta, navegue no espa\u00e7o e ganhe dinheiro neste videogame exclusivo. Inicie o Starburst online e entenda o que s\u00e3o slots de qualidade. \u00a0 UM POUCO SOBRE COMO STARBURST APARECEU Embora o slot Starburst...","_links":{"self":[{"href":"https:\/\/rocketplay-new.com\/pt-br\/wp-json\/wp\/v2\/pages\/2659","targetHints":{"allow":["GET"]}}],"collection":[{"href":"https:\/\/rocketplay-new.com\/pt-br\/wp-json\/wp\/v2\/pages"}],"about":[{"href":"https:\/\/rocketplay-new.com\/pt-br\/wp-json\/wp\/v2\/types\/page"}],"author":[{"embeddable":true,"href":"https:\/\/rocketplay-new.com\/pt-br\/wp-json\/wp\/v2\/users\/1"}],"replies":[{"embeddable":true,"href":"https:\/\/rocketplay-new.com\/pt-br\/wp-json\/wp\/v2\/comments?post=2659"}],"version-history":[{"count":3,"href":"https:\/\/rocketplay-new.com\/pt-br\/wp-json\/wp\/v2\/pages\/2659\/revisions"}],"predecessor-version":[{"id":5957,"href":"https:\/\/rocketplay-new.com\/pt-br\/wp-json\/wp\/v2\/pages\/2659\/revisions\/5957"}],"up":[{"embeddable":true,"href":"https:\/\/rocketplay-new.com\/pt-br\/wp-json\/wp\/v2\/pages\/2614"}],"wp:attachment":[{"href":"https:\/\/rocketplay-new.com\/pt-br\/wp-json\/wp\/v2\/media?parent=2659"}],"curies":[{"name":"wp","href":"https:\/\/api.w.org\/{rel}","templated":true}]}}