{"id":2655,"date":"2022-08-18T14:58:14","date_gmt":"2022-08-18T11:58:14","guid":{"rendered":"https:\/\/rocketplay-new.com\/slot-machines\/lucky-88\/"},"modified":"2025-11-26T20:03:19","modified_gmt":"2025-11-26T17:03:19","slug":"lucky-88","status":"publish","type":"page","link":"https:\/\/rocketplay-new.com\/pt-br\/slot-machines\/lucky-88\/","title":{"rendered":"Revisar Lucky 88 Slot"},"content":{"rendered":"<p><img loading=\"lazy\" decoding=\"async\" class=\"alignleft wp-image-344 size-thumbnail lazy-loaded\" src=\"https:\/\/rocketplay-new.com\/wp-content\/uploads\/2022\/08\/lucky-88-slot-150x150.png\" alt=\"Ca\u00e7a-n\u00edqueis da sorte 88\" width=\"150\" height=\"150\" data-lazy-type=\"image\" data-src=\"https:\/\/rocketplay-new.com\/wp-content\/uploads\/2022\/08\/lucky-88-slot-150x150.png\" \/>O provedor de jogos de cassino Aristocrat pode ser legitimamente considerado o rei dos temas asi\u00e1ticos.\u00a0E um dos mais populares nesta categoria pode ser considerado o slot Lucky 88.\u00a0Esta \u00e9 uma m\u00e1quina ca\u00e7a-n\u00edqueis simples e compreens\u00edvel em termos de mec\u00e2nica, que cont\u00e9m muitos recursos de b\u00f4nus interessantes.<\/p>\n<p>Ent\u00e3o, vamos descobrir se voc\u00ea pode ganhar dinheiro real aqui e como exatamente faz\u00ea-lo.<\/p>\n<h2>PR\u00d3S E CONTRAS<\/h2>\n<p>Como qualquer outro jogo, um slot n\u00e3o pode consistir apenas em m\u00e9rito.\u00a0E o Lucky 88 online pode ser avaliado de forma objetiva.\u00a0Pr\u00f3s que s\u00e3o dif\u00edceis de discutir:<\/p>\n<ul>\n<li>v\u00e1rias rodadas de b\u00f4nus em grandes quantidades;<\/li>\n<li>a presen\u00e7a de s\u00edmbolos e multiplicadores especiais;<\/li>\n<li>ampla faixa de taxas 0,01\u20136,25;<\/li>\n<li>interface clara e simples;<\/li>\n<li>a presen\u00e7a de jogo autom\u00e1tico.<\/li>\n<\/ul>\n<p>Mas \u00e9 imposs\u00edvel n\u00e3o mencionar as desvantagens deste slot:<\/p>\n<ul>\n<li>design um pouco desatualizado que nem todo mundo gosta;<\/li>\n<li>a trilha sonora \u00e9 normal e chata;<\/li>\n<li>anima\u00e7\u00f5es deixam muito a desejar.<\/li>\n<\/ul>\n<p>As caracter\u00edsticas externas podem ser explicadas pelo fato de o slot ter sido lan\u00e7ado em 2016. Durante esse per\u00edodo, os gr\u00e1ficos avan\u00e7aram muito, por isso n\u00e3o \u00e9 de surpreender que o slot pare\u00e7a desatualizado.\u00a0No entanto, ainda atrair\u00e1 aqueles que preferem ca\u00e7a-n\u00edqueis retr\u00f4 que os levem \u00e0 antiga atmosfera de cassino.<\/p>\n<p><span style=\"font-weight: 400;\"><div class=\"tosh-btn\"><a href=\"\/go-casino\/\" target=\"_blank\" rel=\"noopener\">GANHE B\u00d4NUS<\/a><\/div><\/span><span style=\"font-weight: 400;\">\u00a0 <\/span><\/p>\n<h2>RTP E VOLATILIDADE<\/h2>\n<p>Esses dois indicadores s\u00e3o o que determinam a lucratividade do slot.\u00a0Ningu\u00e9m sonha em jogar Lucky 88 sem a esperan\u00e7a de uma boa vit\u00f3ria, por isso \u00e9 importante saber esta informa\u00e7\u00e3o.<\/p>\n<p>Felizmente para os jogadores, o slot est\u00e1 indo bem com essas caracter\u00edsticas.\u00a0\u00c9 capaz de trazer bons ganhos, mesmo que pare\u00e7a que eles caem muito raramente.<\/p>\n<p>Dados t\u00e9cnicos principais:<\/p>\n<ul>\n<li>volatilidade \u2013 m\u00e9dia-alta (borderline);<\/li>\n<li>tambores \u2013 5;<\/li>\n<li>linhas \u2013 25;<\/li>\n<li>RTP \u2013 97%.<\/li>\n<\/ul>\n<p>Essa porcentagem de RTP \u00e9 muito boa.\u00a0No campo do jogo, este n\u00famero \u00e9 bem-vindo em 95%.<\/p>\n<p>A volatilidade desse tamanho significa que h\u00e1 altos riscos no jogo.\u00a0Os ganhos cair\u00e3o com pouca frequ\u00eancia, mas se o jogador for paciente, eles o agradar\u00e3o com um tamanho enorme.\u00a0Em tais m\u00e1quinas, \u00e9 melhor jogar at\u00e9 o primeiro grande lucro.<\/p>\n<h2>EXPERI\u00caNCIA M\u00d3VEL<\/h2>\n<p>Este slot est\u00e1 dispon\u00edvel n\u00e3o apenas para usu\u00e1rios de computador.\u00a0E esta \u00e9 outra vantagem.\u00a0Por ter sido desenvolvido usando a tecnologia HTML5, qualquer usu\u00e1rio m\u00f3vel tem a capacidade de execut\u00e1-lo em um gadget.<\/p>\n<p>O aplicativo Pokie Lucky 88 permite que voc\u00ea jogue em qualquer lugar com a m\u00e1xima conveni\u00eancia.\u00a0A principal condi\u00e7\u00e3o \u00e9 ter uma conex\u00e3o com a internet.\u00a0O jogo n\u00e3o ocupa muito espa\u00e7o de mem\u00f3ria e n\u00e3o requer as vers\u00f5es mais recentes do sistema operacional.<\/p>\n<p>Voc\u00ea tamb\u00e9m pode jogar atrav\u00e9s de um navegador m\u00f3vel.\u00a0Esta op\u00e7\u00e3o est\u00e1 dispon\u00edvel para usu\u00e1rios de qualquer sistema operacional.\u00a0Lucky 88 Android funciona muito bem, assim como a vers\u00e3o para iPhone.\u00a0Voc\u00ea tamb\u00e9m pode jogar em tablets.<\/p>\n<p>As vers\u00f5es para telefones celulares s\u00e3o feitas para se ajustar automaticamente ao tamanho da diagonal.\u00a0Voc\u00ea n\u00e3o notar\u00e1 nenhum problema com a transmiss\u00e3o da imagem.\u00a0Para jogar, voc\u00ea precisa implantar horizontalmente o gadget.\u00a0Todos os recursos permanecem dispon\u00edveis, e voc\u00ea pode alterar o tamanho da aposta, girar os rolos, ver a tabela de pagamento, etc. Voc\u00ea sempre pode usar o Lucky 88 pokie download gratuito se realmente gostou deste jogo e n\u00e3o tiver problemas para acessar seu entretenimento favorito.<\/p>\n<p><img loading=\"lazy\" decoding=\"async\" class=\"aligncenter wp-image-342 size-full lazy-loaded\" src=\"https:\/\/rocketplay-new.com\/wp-content\/uploads\/2022\/08\/lucky-88-slot.jpeg\" sizes=\"auto, (max-width: 995px) 100vw, 995px\" srcset=\"https:\/\/rocketplay-new.com\/wp-content\/uploads\/2022\/08\/lucky-88-slot.jpeg 995w, https:\/\/rocketplay-new.com\/wp-content\/uploads\/2022\/08\/lucky-88-slot-300x194.jpeg 300w, https:\/\/rocketplay-new.com\/wp-content\/uploads\/2022\/08\/lucky-88-slot-768x496.jpeg 768w\" alt=\"slot de sorte 88\" width=\"995\" height=\"643\" data-lazy-type=\"image\" data-src=\"https:\/\/rocketplay-new.com\/wp-content\/uploads\/2022\/08\/lucky-88-slot.jpeg\" data-srcset=\"\" \/><\/p>\n<h2>LUCKY 88: O PROCESSO DE JOGAR<\/h2>\n<p>A mec\u00e2nica \u00e9 o mais simples poss\u00edvel.\u00a0Os jogadores que est\u00e3o familiarizados com o cassino n\u00e3o ter\u00e3o d\u00favidas.\u00a0Ap\u00f3s o lan\u00e7amento do slot, um campo de jogo ser\u00e1 aberto, feito no estilo tradicional oriental.\u00a0O apostador precisa:<\/p>\n<ol>\n<li>Defina o tamanho de aposta apropriado para ele.<\/li>\n<li>Clique no bot\u00e3o iniciar rodadas.<\/li>\n<\/ol>\n<p>Obviamente, para que essas a\u00e7\u00f5es estejam dispon\u00edveis, voc\u00ea precisa ser um usu\u00e1rio registrado e ter pelo menos um dep\u00f3sito m\u00ednimo em sua conta.\u00a0Se voc\u00ea n\u00e3o conseguir fazer isso, voc\u00ea pode usar a vers\u00e3o gratuita.\u00a0\u00c9 adequado apenas para divers\u00e3o e familiariza\u00e7\u00e3o com a mec\u00e2nica.<\/p>\n<p>No jogo, voc\u00ea pode ativar uma rodada com rodadas gr\u00e1tis.\u00a0Para fazer isso, \u00e9 importante que pelo menos 3 s\u00edmbolos de dispers\u00e3o apare\u00e7am na tela.\u00a0O papel de tal s\u00edmbolo aqui \u00e9 desempenhado por uma lanterna vermelha.\u00a0Uma fun\u00e7\u00e3o de sele\u00e7\u00e3o est\u00e1 dispon\u00edvel aqui.\u00a0Isso \u00e9 raro.\u00a0Em vez de rodadas gr\u00e1tis, voc\u00ea pode iniciar um jogo de dados, que diluir\u00e1 perfeitamente a mec\u00e2nica usual.<\/p>\n<p>Se voc\u00ea ainda quiser girar as bobinas gratuitamente, o jogo lhe dar\u00e1 a oportunidade de escolher o n\u00famero de rodadas e o multiplicador que ser\u00e1 aplicado a cada vit\u00f3ria (at\u00e9 x88).<\/p>\n<p><span style=\"font-weight: 400;\"><div class=\"tosh-btn\"><a href=\"\/go-casino\/\" target=\"_blank\" rel=\"noopener\">GANHE B\u00d4NUS<\/a><\/div><\/span><span style=\"font-weight: 400;\">\u00a0 <\/span><\/p>\n<h2>PERGUNTAS FREQUENTES<\/h2>\n<h3>QUE S\u00cdMBOLOS ESPECIAIS ESTE SLOT OFERECE?<\/h3>\n<p>Aqui est\u00e1 um conjunto de caracteres cl\u00e1ssico.\u00a0A imagem de um homem \u00e9 Wild, que substitui outros s\u00edmbolos e traz multiplicadores.\u00a0A dispers\u00e3o \u00e9 uma lanterna vermelha e \u00e9 necess\u00e1ria para acionar a rodada de b\u00f4nus.\u00a0Todas as outras imagens apenas trazem ganhos.<\/p>\n<h3>QUAL ESTRAT\u00c9GIA \u00c9 ADEQUADA PARA LUCKY 88?<\/h3>\n<p>N\u00e3o existe uma sequ\u00eancia espec\u00edfica de a\u00e7\u00f5es que o levar\u00e1 ao sucesso.\u00a0O principal aqui \u00e9 ser paciente e esperar por uma grande vit\u00f3ria.\u00a0O slot tem alta volatilidade, ent\u00e3o, mais cedo ou mais tarde, ele definitivamente chegar\u00e1 at\u00e9 voc\u00ea.<\/p>\n<h3>EM QUE CASINO ONLINE ENCONTRO ESTA SLOT?<\/h3>\n<p>Se a casa de jogos oferece jogos da marca Aristocrat, esse jogo tamb\u00e9m estar\u00e1 l\u00e1.<\/p>\n<p><strong>Coment\u00e1rios sobre slots:\u00a0<\/strong><\/p>\n<ul>\n<li style=\"list-style-type: none;\">\n<ul>\n<li><a href=\"https:\/\/rocketplay-new.com\/pt-br\/slot-machines\/book-of-dead\/\">Livro dos Mortos<\/a><\/li>\n<li><a href=\"https:\/\/rocketplay-new.com\/pt-br\/slot-machines\/gonzos-quest\/\">A miss\u00e3o de Gonzo<\/a><\/li>\n<\/ul>\n<\/li>\n<\/ul>\n","protected":false},"excerpt":{"rendered":"<p>O provedor de jogos de cassino Aristocrat pode ser legitimamente considerado o rei dos temas asi\u00e1ticos.\u00a0E um dos mais populares nesta categoria pode ser considerado o slot Lucky 88.\u00a0Esta \u00e9 uma m\u00e1quina ca\u00e7a-n\u00edqueis simples e compreens\u00edvel em termos de mec\u00e2nica, que cont\u00e9m muitos recursos de b\u00f4nus interessantes. Ent\u00e3o, vamos descobrir se voc\u00ea pode ganhar dinheiro&#8230;<\/p>\n","protected":false},"author":1,"featured_media":0,"parent":2614,"menu_order":0,"comment_status":"closed","ping_status":"closed","template":"single-no-sidebar.php","meta":{"_acf_changed":false,"_kad_post_transparent":"default","_kad_post_title":"default","_kad_post_layout":"default","_kad_post_sidebar_id":"","_kad_post_content_style":"default","_kad_post_vertical_padding":"default","_kad_post_feature":"","_kad_post_feature_position":"","_kad_post_header":false,"_kad_post_footer":false,"footnotes":""},"class_list":["post-2655","page","type-page","status-publish","hentry"],"acf":[],"rttpg_featured_image_url":null,"rttpg_author":{"display_name":"John","author_link":"https:\/\/rocketplay-new.com\/pt-br\/author\/pemvas95n89x\/"},"rttpg_comment":0,"rttpg_category":null,"rttpg_excerpt":"O provedor de jogos de cassino Aristocrat pode ser legitimamente considerado o rei dos temas asi\u00e1ticos.\u00a0E um dos mais populares nesta categoria pode ser considerado o slot Lucky 88.\u00a0Esta \u00e9 uma m\u00e1quina ca\u00e7a-n\u00edqueis simples e compreens\u00edvel em termos de mec\u00e2nica, que cont\u00e9m muitos recursos de b\u00f4nus interessantes. Ent\u00e3o, vamos descobrir se voc\u00ea pode ganhar dinheiro...","_links":{"self":[{"href":"https:\/\/rocketplay-new.com\/pt-br\/wp-json\/wp\/v2\/pages\/2655","targetHints":{"allow":["GET"]}}],"collection":[{"href":"https:\/\/rocketplay-new.com\/pt-br\/wp-json\/wp\/v2\/pages"}],"about":[{"href":"https:\/\/rocketplay-new.com\/pt-br\/wp-json\/wp\/v2\/types\/page"}],"author":[{"embeddable":true,"href":"https:\/\/rocketplay-new.com\/pt-br\/wp-json\/wp\/v2\/users\/1"}],"replies":[{"embeddable":true,"href":"https:\/\/rocketplay-new.com\/pt-br\/wp-json\/wp\/v2\/comments?post=2655"}],"version-history":[{"count":3,"href":"https:\/\/rocketplay-new.com\/pt-br\/wp-json\/wp\/v2\/pages\/2655\/revisions"}],"predecessor-version":[{"id":5959,"href":"https:\/\/rocketplay-new.com\/pt-br\/wp-json\/wp\/v2\/pages\/2655\/revisions\/5959"}],"up":[{"embeddable":true,"href":"https:\/\/rocketplay-new.com\/pt-br\/wp-json\/wp\/v2\/pages\/2614"}],"wp:attachment":[{"href":"https:\/\/rocketplay-new.com\/pt-br\/wp-json\/wp\/v2\/media?parent=2655"}],"curies":[{"name":"wp","href":"https:\/\/api.w.org\/{rel}","templated":true}]}}