{"id":2651,"date":"2022-08-18T14:49:07","date_gmt":"2022-08-18T11:49:07","guid":{"rendered":"https:\/\/rocketplay-new.com\/slot-machines\/lightning-link\/"},"modified":"2025-04-03T21:53:48","modified_gmt":"2025-04-03T18:53:48","slug":"lightning-link","status":"publish","type":"page","link":"https:\/\/rocketplay-new.com\/pt-br\/slot-machines\/lightning-link\/","title":{"rendered":"Revisar slot de link do Lightning"},"content":{"rendered":"<p>Um dos desenvolvimentos mais famosos da marca Aristocrat \u00e9 o slot Lightning Link, que inclui 4 temas diferentes ao mesmo tempo.\u00a0O jogador pode escolher para onde ir: para o misterioso mundo subaqu\u00e1tico, o deserto do Saara, a brilhante e barulhenta Las Vegas ou os pa\u00edses do Oriente.<\/p>\n<p>Em todos os lugares, o jogador ter\u00e1 que fazer combina\u00e7\u00f5es vencedoras em 50 linhas de pagamento e 5 cilindros, pegar s\u00edmbolos de b\u00f4nus e esperar ganhar um jackpot maior.\u00a0O jogo instant\u00e2neo est\u00e1 dispon\u00edvel para todos os jogadores da Brasil.<\/p>\n<p><img loading=\"lazy\" decoding=\"async\" class=\"aligncenter wp-image-336 size-large lazy-loaded\" src=\"https:\/\/rocketplay-new.com\/wp-content\/uploads\/2022\/08\/lightning-link-logo-1024x373.png\" sizes=\"auto, (max-width: 1024px) 100vw, 1024px\" srcset=\"https:\/\/rocketplay-new.com\/wp-content\/uploads\/2022\/08\/lightning-link-logo-1024x373.png 1024w, https:\/\/rocketplay-new.com\/wp-content\/uploads\/2022\/08\/lightning-link-logo-300x109.png 300w, https:\/\/rocketplay-new.com\/wp-content\/uploads\/2022\/08\/lightning-link-logo-768x279.png 768w, https:\/\/rocketplay-new.com\/wp-content\/uploads\/2022\/08\/lightning-link-logo.png 1440w\" alt=\"Logo Link Rel\u00e2mpago\" width=\"1024\" height=\"373\" data-lazy-type=\"image\" data-src=\"https:\/\/rocketplay-new.com\/wp-content\/uploads\/2022\/08\/lightning-link-logo-1024x373.png\" data-srcset=\"\" \/><\/p>\n<h2>S\u00cdMBOLOS QUE APARECEM NO SLOT<\/h2>\n<p>Este slot \u00e9 \u00fanico e n\u00e3o possui an\u00e1logos entre outras marcas.\u00a0No entanto, voc\u00ea pode ver que o Lightning Link online cont\u00e9m s\u00edmbolos t\u00edpicos de qualquer cassino.\u00a0O sistema b\u00e1sico de s\u00edmbolos consiste em denomina\u00e7\u00f5es de cartas:<\/p>\n<ul>\n<li>noves;<\/li>\n<li>dezenas;<\/li>\n<li>jaques e outros.<\/li>\n<\/ul>\n<p>Eles s\u00e3o estilizados para diferentes temas, dependendo do slot.<\/p>\n<p>Ao mesmo tempo, as combina\u00e7\u00f5es dessas imagens trar\u00e3o o menor lucro.\u00a0\u00c9 melhor coletar outras imagens tem\u00e1ticas.\u00a0Por exemplo, carros caros ou chips s\u00e3o encontrados nas bobinas de Las Vegas.<\/p>\n<p>Cada jogo tem que espalhar s\u00edmbolos que abrem rodadas de b\u00f4nus.\u00a0Al\u00e9m disso, o fabricante criou um s\u00edmbolo curinga, gra\u00e7as ao qual ficou muito mais f\u00e1cil coletar cadeias de s\u00edmbolos id\u00eanticos.<\/p>\n<p><span style=\"font-weight: 400;\"><div class=\"tosh-btn\"><a href=\"\/go-casino\/\" target=\"_blank\" rel=\"noopener\">GANHE B\u00d4NUS<\/a><\/div><\/span><span style=\"font-weight: 400;\">\u00a0 <\/span><\/p>\n<h2>RECURSOS DE B\u00d4NUS OFERECIDOS PELO LIGHTNING LINK<\/h2>\n<p>A maior caracter\u00edstica que torna o Lightning Link Brasil t\u00e3o popular \u00e9 a p\u00e9rola m\u00e1gica. Este \u00e9 o nome dos s\u00edmbolos que ativam uma rodada de b\u00f4nus especial e trazem grandes ganhos.<\/p>\n<p>6 ou mais s\u00edmbolos de p\u00e9rolas devem pousar no campo para que voc\u00ea receba 3 rodadas gr\u00e1tis.\u00a0Todos os outros caracteres desaparecer\u00e3o neste ponto.\u00a0Durante as rota\u00e7\u00f5es, voc\u00ea precisa capturar o maior n\u00famero poss\u00edvel dessas imagens.\u00a0Cada vez que voc\u00ea pegar uma p\u00e9rola com sucesso, voc\u00ea ser\u00e1 creditado com rodadas gr\u00e1tis novamente.<\/p>\n<p>Al\u00e9m desse recurso, cada slot possui seu pr\u00f3prio Scatter.\u00a0Leva apenas 3 pe\u00e7as em qualquer lugar do campo e voc\u00ea recebe 6 rodadas gr\u00e1tis.\u00a0Enquanto estiverem em vigor, podem aparecer s\u00edmbolos em expans\u00e3o que trazem grandes pagamentos.\u00a0Durante esse per\u00edodo, voc\u00ea pode ganhar moedas gr\u00e1tis do Lightning Link sem gastar seu pr\u00f3prio dinheiro.<\/p>\n<p>Para entender qual s\u00edmbolo \u00e9 uma dispers\u00e3o, voc\u00ea precisa ler as regras de cada jogo.<\/p>\n<h2>QUAIS JACKPOTS O LIGHTNING LINK PODE DAR<\/h2>\n<p>O sistema de jackpot n\u00e3o \u00e9 menos interessante aqui.\u00a0Eles s\u00e3o progressivos;\u00a0ou seja, n\u00e3o tem um valor constante.\u00a0Os jackpots para todos os 4 slots s\u00e3o combinados em um.\u00a0\u00c9 por isso que \u00e9 t\u00e3o interessante gastar dinheiro real do Lightning Link.\u00a0\u00c9 muito mais divertido do que a vers\u00e3o gratuita.<\/p>\n<p>O maior jackpot pode ser obtido coletando todas as 15 c\u00e9lulas durante a rodada de b\u00f4nus com p\u00e9rolas.\u00a0Portanto, aqui voc\u00ea precisa jogar de acordo com o princ\u00edpio, quanto mais voc\u00ea gira, mais chances voc\u00ea tem.<\/p>\n<p>\u00c9 importante mencionar o retorno dos fundos ao jogador.\u00a0Aqui est\u00e1 no n\u00edvel m\u00e9dio \u2013 95,1% e difere um pouco, dependendo do tema que voc\u00ea escolher.<\/p>\n<p>A mesma coisa acontece com a volatilidade.\u00a0Em m\u00e9dia, pode ser chamado de alto.\u00a0Isso significa que a paci\u00eancia lhe trar\u00e1 bons lucros.\u00a0Quando voc\u00ea obtiver uma grande vit\u00f3ria, cobrir\u00e1 todas as perdas que voc\u00ea teve antes.<\/p>\n<p>A prop\u00f3sito, qualquer jogador pode ganhar o jackpot, n\u00e3o importa o quanto aposte.\u00a0Faixa de apostas: de $ 0,01 a $ 150.\u00a0Portanto, se voc\u00ea tiver um saldo pequeno, ainda poder\u00e1 escolher um dos slots inclu\u00eddos no Lightning Link.<\/p>\n<p><span style=\"font-weight: 400;\"><div class=\"tosh-btn\"><a href=\"\/go-casino\/\" target=\"_blank\" rel=\"noopener\">GANHE B\u00d4NUS<\/a><\/div><\/span><span style=\"font-weight: 400;\">\u00a0 <\/span><\/p>\n<h2>PERGUNTAS FREQUENTES<\/h2>\n<h3>ONDE POSSO EXPERIMENTAR O LIGHTNING LINK?<\/h3>\n<p>Existem v\u00e1rias op\u00e7\u00f5es.\u00a0Primeiro, \u00e9 claro, essas m\u00e1quinas est\u00e3o em cassinos reais (offline).\u00a0Portanto, se voc\u00ea tiver essa oportunidade, poder\u00e1 visit\u00e1-los.\u00a0Em segundo lugar, voc\u00ea pode usar o aplicativo Lightning Link e aproveitar o jogo no seu celular.\u00a0E em terceiro lugar, h\u00e1 sempre a op\u00e7\u00e3o de jogar atrav\u00e9s de um navegador m\u00f3vel.\u00a0A vers\u00e3o online desta m\u00e1quina ic\u00f3nica adapta-se aos ecr\u00e3s pequenos.<\/p>\n<h3>COMO ACIONAR A RODADA DE B\u00d4NUS NESTE SLOT?<\/h3>\n<p>N\u00e3o h\u00e1 etapas especiais para isso.\u00a0Voc\u00ea precisar\u00e1 de um pouco de sorte e paci\u00eancia para esperar at\u00e9 que 3 ou mais Scatters apare\u00e7am na tela ou pelo menos 6 s\u00edmbolos de p\u00e9rolas apare\u00e7am na tela.\u00a0Ent\u00e3o as possibilidades m\u00e1ximas da m\u00e1quina de pagamento se abrir\u00e3o diante de voc\u00ea!<\/p>\n<h3>O LIGHTNING LINK EST\u00c1 DISPON\u00cdVEL NA VERS\u00c3O GRATUITA?<\/h3>\n<p>Sim, voc\u00ea pode usar o modo de demonstra\u00e7\u00e3o para se familiarizar com a jogabilidade e outros recursos do slot.<\/p>\n<p><strong>Coment\u00e1rios sobre slots:<\/strong><\/p>\n<ul>\n<li style=\"list-style-type: none;\">\n<ul>\n<li><a href=\"https:\/\/rocketplay-new.com\/pt-br\/slot-machines\/starburst\/\">Explos\u00e3o Estelar<\/a><\/li>\n<li><a href=\"https:\/\/rocketplay-new.com\/pt-br\/slot-machines\/wizard-of-oz\/\">m\u00e1gico de Oz<\/a><\/li>\n<\/ul>\n<\/li>\n<\/ul>\n","protected":false},"excerpt":{"rendered":"<p>Um dos desenvolvimentos mais famosos da marca Aristocrat \u00e9 o slot Lightning Link, que inclui 4 temas diferentes ao mesmo tempo.\u00a0O jogador pode escolher para onde ir: para o misterioso mundo subaqu\u00e1tico, o deserto do Saara, a brilhante e barulhenta Las Vegas ou os pa\u00edses do Oriente. Em todos os lugares, o jogador ter\u00e1 que&#8230;<\/p>\n","protected":false},"author":1,"featured_media":0,"parent":2614,"menu_order":0,"comment_status":"closed","ping_status":"closed","template":"","meta":{"_acf_changed":false,"_kad_post_transparent":"default","_kad_post_title":"default","_kad_post_layout":"default","_kad_post_sidebar_id":"","_kad_post_content_style":"default","_kad_post_vertical_padding":"default","_kad_post_feature":"","_kad_post_feature_position":"","_kad_post_header":false,"_kad_post_footer":false,"footnotes":""},"class_list":["post-2651","page","type-page","status-publish","hentry"],"acf":[],"rttpg_featured_image_url":null,"rttpg_author":{"display_name":"John","author_link":"https:\/\/rocketplay-new.com\/pt-br\/author\/pemvas95n89x\/"},"rttpg_comment":0,"rttpg_category":null,"rttpg_excerpt":"Um dos desenvolvimentos mais famosos da marca Aristocrat \u00e9 o slot Lightning Link, que inclui 4 temas diferentes ao mesmo tempo.\u00a0O jogador pode escolher para onde ir: para o misterioso mundo subaqu\u00e1tico, o deserto do Saara, a brilhante e barulhenta Las Vegas ou os pa\u00edses do Oriente. Em todos os lugares, o jogador ter\u00e1 que...","_links":{"self":[{"href":"https:\/\/rocketplay-new.com\/pt-br\/wp-json\/wp\/v2\/pages\/2651","targetHints":{"allow":["GET"]}}],"collection":[{"href":"https:\/\/rocketplay-new.com\/pt-br\/wp-json\/wp\/v2\/pages"}],"about":[{"href":"https:\/\/rocketplay-new.com\/pt-br\/wp-json\/wp\/v2\/types\/page"}],"author":[{"embeddable":true,"href":"https:\/\/rocketplay-new.com\/pt-br\/wp-json\/wp\/v2\/users\/1"}],"replies":[{"embeddable":true,"href":"https:\/\/rocketplay-new.com\/pt-br\/wp-json\/wp\/v2\/comments?post=2651"}],"version-history":[{"count":3,"href":"https:\/\/rocketplay-new.com\/pt-br\/wp-json\/wp\/v2\/pages\/2651\/revisions"}],"predecessor-version":[{"id":2652,"href":"https:\/\/rocketplay-new.com\/pt-br\/wp-json\/wp\/v2\/pages\/2651\/revisions\/2652"}],"up":[{"embeddable":true,"href":"https:\/\/rocketplay-new.com\/pt-br\/wp-json\/wp\/v2\/pages\/2614"}],"wp:attachment":[{"href":"https:\/\/rocketplay-new.com\/pt-br\/wp-json\/wp\/v2\/media?parent=2651"}],"curies":[{"name":"wp","href":"https:\/\/api.w.org\/{rel}","templated":true}]}}