{"id":2647,"date":"2022-08-18T13:47:03","date_gmt":"2022-08-18T10:47:03","guid":{"rendered":"https:\/\/rocketplay-new.com\/slot-machines\/gonzos-quest\/"},"modified":"2025-04-03T21:44:44","modified_gmt":"2025-04-03T18:44:44","slug":"gonzos-quest","status":"publish","type":"page","link":"https:\/\/rocketplay-new.com\/pt-br\/slot-machines\/gonzos-quest\/","title":{"rendered":"Revise o slot de miss\u00e3o de Gonzo"},"content":{"rendered":"<p>Voc\u00ea gosta de viajar e ter aventuras arriscadas?\u00a0O slot Gonzos Quest foi criado especialmente para voc\u00ea.\u00a0Este videogame do desenvolvedor NetEnt h\u00e1 muito se tornou um cult e est\u00e1 inextricavelmente ligado ao nome da marca.<\/p>\n<p>A hist\u00f3ria de uma pessoa real foi tomada como base, ap\u00f3s a qual o slot foi nomeado.\u00a0Parta com Gonzalo Pizarro em busca da cidade de Eldorado e tente n\u00e3o se perder em seu caminho sinuoso cheio de riscos!<\/p>\n<p><img loading=\"lazy\" decoding=\"async\" class=\"aligncenter wp-image-319 size-full lazy-loaded\" src=\"https:\/\/rocketplay-new.com\/wp-content\/uploads\/2022\/08\/gonzosquest-logo.jpeg\" sizes=\"auto, (max-width: 752px) 100vw, 752px\" srcset=\"https:\/\/rocketplay-new.com\/wp-content\/uploads\/2022\/08\/gonzosquest-logo.jpeg 752w, https:\/\/rocketplay-new.com\/wp-content\/uploads\/2022\/08\/gonzosquest-logo-300x199.jpeg 300w\" alt=\"Logo da miss\u00e3o Gonzos\" width=\"752\" height=\"500\" data-lazy-type=\"image\" data-src=\"https:\/\/rocketplay-new.com\/wp-content\/uploads\/2022\/08\/gonzosquest-logo.jpeg\" data-srcset=\"\" \/><\/p>\n<h2>EXECUTANDO A MISS\u00c3O DE GONZO SEM ANEXOS<\/h2>\n<p>Para come\u00e7ar, voc\u00ea sempre pode conhecer o slot sem nenhum risco.\u00a0O jogo gratuito do Gonzos Quest est\u00e1 dispon\u00edvel para todos os usu\u00e1rios.\u00a0Muito provavelmente, voc\u00ea n\u00e3o ficar\u00e1 indiferente a este slot 3D animado.\u00a0Afinal, este \u00e9 um dos jogos mais legais na \u00e1rea de jogos de azar.<\/p>\n<p>Como executar o jogo de demonstra\u00e7\u00e3o:<\/p>\n<ol>\n<li>Ranhura aberta.<\/li>\n<li>Selecione o recurso de reprodu\u00e7\u00e3o gratuita.<\/li>\n<\/ol>\n<p>Tudo \u00e9 realmente muito simples.\u00a0A vers\u00e3o gratuita ir\u00e1 ajud\u00e1-lo a aprender a mec\u00e2nica, estimar a frequ\u00eancia de vit\u00f3rias e apenas curtir os gr\u00e1ficos e m\u00fasicas legais.<\/p>\n<p>No modo de demonstra\u00e7\u00e3o, todas as fun\u00e7\u00f5es est\u00e3o dispon\u00edveis como no jogo principal.\u00a0Portanto, o processo n\u00e3o ser\u00e1 diferente do que \u00e9 realizado com\u00a0<b>dinheiro real<\/b>\u00a0.\u00a0E depois do seu teste, voc\u00ea pode tentar investir em entretenimento.<\/p>\n<p><span style=\"font-weight: 400;\"><div class=\"tosh-btn\"><a href=\"\/go-casino\/\" target=\"_blank\" rel=\"noopener\">GANHE B\u00d4NUS<\/a><\/div><\/span><\/p>\n<h2>GONZO&#8217;S QUEST: CARACTER\u00cdSTICAS T\u00c9CNICAS E DESIGN DO SLOT<\/h2>\n<p>Agora podemos analisar com mais detalhes esta inven\u00e7\u00e3o da NetEnt.\u00a0E vamos come\u00e7ar nossa an\u00e1lise do Gonzos Quest com os personagens que est\u00e3o presentes aqui.<\/p>\n<p>Todos os\u00a0<b><\/b>s\u00edmbolos principais s\u00e3o remanescentes de tabuletas antigas representando criaturas m\u00edticas.\u00a0Estas s\u00e3o imagens padr\u00e3o que trazem ganhos se chegarem a uma sequ\u00eancia de vit\u00f3rias.\u00a0Ali\u00e1s, s\u00e3o 20.<\/p>\n<p>Al\u00e9m disso, h\u00e1 um comprimido de prata.\u00a0Tem um ponto de interroga\u00e7\u00e3o porque n\u00e3o \u00e9 um s\u00edmbolo espec\u00edfico;\u00a0\u00c9 um Selvagem.\u00a0\u00c9 necess\u00e1rio substituir os s\u00edmbolos se n\u00e3o houver o suficiente para ganhar.\u00a0A tabuleta dourada \u00e9 a chamada Free Falls, que abre um modo de jogo especial.<\/p>\n<p>O jogo tem 5 cilindros, mas eles s\u00e3o incomuns.\u00a0Quando o jogador inicia a rota\u00e7\u00e3o, eles n\u00e3o giram, como estamos acostumados, mas caem, e ent\u00e3o novos os substituem, caindo de cima.<\/p>\n<p>Detalhes t\u00e9cnicos:<\/p>\n<ul>\n<li>RTP \u2013 95,97%;<\/li>\n<li>o\u00a0<b><\/b>dep\u00f3sito m\u00ednimo\u00a0<b><\/b>\u00e9 de 0,20;<\/li>\n<li>m\u00e1ximo \u2013 50;<\/li>\n<li>volatilidade \u2013 alta.<\/li>\n<\/ul>\n<p>Este RTP Gonzos Quest \u00e9 mediano.<\/p>\n<p>Para definir o tamanho da aposta, voc\u00ea deve primeiro selecionar seu n\u00edvel (de 1 a 5) e depois o valor da moeda.\u00a0Quanto vai sair em dinheiro real \u00e9 exibido em uma placa separada sob o bot\u00e3o para iniciar os rolos.<\/p>\n<p>Ao fundo, vemos a cidade de Eldorado, nas margens \u2013 suas ru\u00ednas est\u00e3o cobertas de vegeta\u00e7\u00e3o.\u00a0O pr\u00f3prio Gonzo supervisiona a jogabilidade.\u00a0Este \u00e9 um personagem animado que reage de maneira diferente \u00e0s combina\u00e7\u00f5es vencedoras e se move pela tela, o que dilui o jogo.<\/p>\n<p>Vale a pena mencionar o acompanhamento musical.\u00a0H\u00e1 sons de vida selvagem ao fundo, ent\u00e3o o jogo \u00e9 relaxante e n\u00e3o intrusivo.\u00a0Durante a queda dos s\u00edmbolos e a compila\u00e7\u00e3o dos ganhos, o som e a anima\u00e7\u00e3o correspondentes aparecem.\u00a0Em geral, o design do slot pode ser elogiado sem exageros.<\/p>\n<p><img loading=\"lazy\" decoding=\"async\" class=\"aligncenter wp-image-320 size-large lazy-loaded\" src=\"https:\/\/rocketplay-new.com\/wp-content\/uploads\/2022\/08\/gonzos-quest-slot-1024x586.jpeg\" sizes=\"auto, (max-width: 1024px) 100vw, 1024px\" srcset=\"https:\/\/rocketplay-new.com\/wp-content\/uploads\/2022\/08\/gonzos-quest-slot-1024x586.jpeg 1024w, https:\/\/rocketplay-new.com\/wp-content\/uploads\/2022\/08\/gonzos-quest-slot-300x172.jpeg 300w, https:\/\/rocketplay-new.com\/wp-content\/uploads\/2022\/08\/gonzos-quest-slot-768x439.jpeg 768w, https:\/\/rocketplay-new.com\/wp-content\/uploads\/2022\/08\/gonzos-quest-slot-1536x878.jpeg 1536w, https:\/\/rocketplay-new.com\/wp-content\/uploads\/2022\/08\/gonzos-quest-slot-2048x1171.jpeg 2048w\" alt=\"ca\u00e7a-n\u00edqueis de gonzos\" width=\"1024\" height=\"586\" data-lazy-type=\"image\" data-src=\"https:\/\/rocketplay-new.com\/wp-content\/uploads\/2022\/08\/gonzos-quest-slot-1024x586.jpeg\" data-srcset=\"\" \/><\/p>\n<h2>GONZO&#8217;S QUEST TEM B\u00d4NUS E RECURSOS INTERESSANTES<\/h2>\n<p>Se voc\u00ea pensou que esse slot o deixaria sem presentes, est\u00e1 enganado.\u00a0Sim, o b\u00f4nus Gonzos Quest n\u00e3o \u00e9 uma rodada de jogo separada, mas ainda assim continua muito interessante.<\/p>\n<p>Ent\u00e3o, a primeira coisa a dizer \u00e9 a fun\u00e7\u00e3o Avalanche.\u00a0Este jogo foi lan\u00e7ado em 2013 e se tornou o primeiro no mundo a apresentar essa op\u00e7\u00e3o para s\u00edmbolos de queda.<\/p>\n<p>O fato \u00e9 que as quedas s\u00e3o repetidas por conta pr\u00f3pria se resultarem em uma combina\u00e7\u00e3o vencedora.\u00a0Cada vez que voc\u00ea ganha outra vit\u00f3ria com um multiplicador.\u00a0E isso pode acontecer um n\u00famero ilimitado de vezes seguidas.<\/p>\n<p>Assim, voc\u00ea n\u00e3o gasta seus pr\u00f3prios fundos, mas ganha com um multiplicador de x1 a x5.<\/p>\n<p>Agora voc\u00ea precisa se lembrar da placa dourada Free Fall, que abre rodadas adicionais.\u00a0Quantidade \u2013 10 pe\u00e7as.\u00a0Estas s\u00e3o as \u00fanicas\u00a0<b><\/b>ofertas de b\u00f4nus que este ca\u00e7a-n\u00edqueis oferece, mas s\u00e3o suficientes para obter a vit\u00f3ria m\u00e1xima.<\/p>\n<p>Ent\u00e3o, se voc\u00ea conheceu o Gonzos Quest em um cassino, n\u00e3o deixe de tentar a sorte aqui.<\/p>\n<p><span style=\"font-weight: 400;\"><div class=\"tosh-btn\"><a href=\"\/go-casino\/\" target=\"_blank\" rel=\"noopener\">GANHE B\u00d4NUS<\/a><\/div><\/span><\/p>\n<h2>PERGUNTAS FREQUENTES SOBRE A MISS\u00c3O DE GONZO<\/h2>\n<h3>COM QUE FREQU\u00caNCIA ESSE SLOT ENCONTRA COMBINA\u00c7\u00d5ES VENCEDORAS?<\/h3>\n<p>Este fator depende da volatilidade.\u00a0Como \u00e9 alto aqui, voc\u00ea pode ver que a combina\u00e7\u00e3o bem-sucedida cai com bastante frequ\u00eancia.\u00a0Ao mesmo tempo, seu tamanho \u00e9 bastante grande, pois s\u00e3o usados \u200b\u200bmultiplicadores.<\/p>\n<h3>QUE ESTRAT\u00c9GIA DEVE SER USADA EM GONZO&#8217;S QUEST?<\/h3>\n<p>Ele funciona com base em um randomizador.\u00a0Portanto, as estrat\u00e9gias n\u00e3o funcionam aqui.\u00a0Voc\u00ea precisa estar preparado que jogos com tanta volatilidade t\u00eam um risco muito alto, ent\u00e3o, \u00e0s vezes, voc\u00ea perder\u00e1 parte do bankroll.\u00a0Mas se voc\u00ea tiver paci\u00eancia para jogar at\u00e9 o fim, ser\u00e1 recompensado.<\/p>\n<h3>EXISTE UM JOGO DE RISCO?<\/h3>\n<p>N\u00e3o, n\u00e3o existe esse recurso aqui.\u00a0Mas h\u00e1 muitas outras coisas interessantes que ajudam a aumentar os ganhos.<\/p>\n<p><strong>Coment\u00e1rios sobre slots:<\/strong><\/p>\n<ul>\n<li style=\"list-style-type: none;\">\n<ul>\n<li><a href=\"https:\/\/rocketplay-new.com\/pt-br\/slot-machines\/break-da-bank\/\">Quebre o banco<\/a><\/li>\n<li><a href=\"https:\/\/rocketplay-new.com\/pt-br\/slot-machines\/dragon-link\/\">Liga\u00e7\u00e3o do Drag\u00e3o<\/a><\/li>\n<\/ul>\n<\/li>\n<\/ul>\n","protected":false},"excerpt":{"rendered":"<p>Voc\u00ea gosta de viajar e ter aventuras arriscadas?\u00a0O slot Gonzos Quest foi criado especialmente para voc\u00ea.\u00a0Este videogame do desenvolvedor NetEnt h\u00e1 muito se tornou um cult e est\u00e1 inextricavelmente ligado ao nome da marca. A hist\u00f3ria de uma pessoa real foi tomada como base, ap\u00f3s a qual o slot foi nomeado.\u00a0Parta com Gonzalo Pizarro em&#8230;<\/p>\n","protected":false},"author":1,"featured_media":0,"parent":2614,"menu_order":0,"comment_status":"closed","ping_status":"closed","template":"","meta":{"_acf_changed":false,"_kad_post_transparent":"default","_kad_post_title":"default","_kad_post_layout":"default","_kad_post_sidebar_id":"","_kad_post_content_style":"default","_kad_post_vertical_padding":"default","_kad_post_feature":"","_kad_post_feature_position":"","_kad_post_header":false,"_kad_post_footer":false,"footnotes":""},"class_list":["post-2647","page","type-page","status-publish","hentry"],"acf":[],"rttpg_featured_image_url":null,"rttpg_author":{"display_name":"John","author_link":"https:\/\/rocketplay-new.com\/pt-br\/author\/pemvas95n89x\/"},"rttpg_comment":0,"rttpg_category":null,"rttpg_excerpt":"Voc\u00ea gosta de viajar e ter aventuras arriscadas?\u00a0O slot Gonzos Quest foi criado especialmente para voc\u00ea.\u00a0Este videogame do desenvolvedor NetEnt h\u00e1 muito se tornou um cult e est\u00e1 inextricavelmente ligado ao nome da marca. A hist\u00f3ria de uma pessoa real foi tomada como base, ap\u00f3s a qual o slot foi nomeado.\u00a0Parta com Gonzalo Pizarro em...","_links":{"self":[{"href":"https:\/\/rocketplay-new.com\/pt-br\/wp-json\/wp\/v2\/pages\/2647","targetHints":{"allow":["GET"]}}],"collection":[{"href":"https:\/\/rocketplay-new.com\/pt-br\/wp-json\/wp\/v2\/pages"}],"about":[{"href":"https:\/\/rocketplay-new.com\/pt-br\/wp-json\/wp\/v2\/types\/page"}],"author":[{"embeddable":true,"href":"https:\/\/rocketplay-new.com\/pt-br\/wp-json\/wp\/v2\/users\/1"}],"replies":[{"embeddable":true,"href":"https:\/\/rocketplay-new.com\/pt-br\/wp-json\/wp\/v2\/comments?post=2647"}],"version-history":[{"count":3,"href":"https:\/\/rocketplay-new.com\/pt-br\/wp-json\/wp\/v2\/pages\/2647\/revisions"}],"predecessor-version":[{"id":5906,"href":"https:\/\/rocketplay-new.com\/pt-br\/wp-json\/wp\/v2\/pages\/2647\/revisions\/5906"}],"up":[{"embeddable":true,"href":"https:\/\/rocketplay-new.com\/pt-br\/wp-json\/wp\/v2\/pages\/2614"}],"wp:attachment":[{"href":"https:\/\/rocketplay-new.com\/pt-br\/wp-json\/wp\/v2\/media?parent=2647"}],"curies":[{"name":"wp","href":"https:\/\/api.w.org\/{rel}","templated":true}]}}