{"id":2626,"date":"2022-08-18T13:55:49","date_gmt":"2022-08-18T10:55:49","guid":{"rendered":"https:\/\/rocketplay-new.com\/slot-machines\/mega-moolah\/"},"modified":"2025-04-03T22:26:25","modified_gmt":"2025-04-03T19:26:25","slug":"mega-moolah","status":"publish","type":"page","link":"https:\/\/rocketplay-new.com\/pt-br\/slot-machines\/mega-moolah\/","title":{"rendered":"Reveja o slot Mega Moolah"},"content":{"rendered":"<p>Existe uma categoria de slots que, mais do que outras, est\u00e3o prontas para compartilhar grandes ganhos com os jogadores.\u00a0E Mega Moolah Brasil \u00e9 exatamente isso. Esta \u00e9 uma m\u00e1quina ca\u00e7a-n\u00edqueis com grandes jackpots, que todo jogador que n\u00e3o tem medo de investir seus pr\u00f3prios fundos em entretenimento tem a chance de acertar.<\/p>\n<p><img loading=\"lazy\" decoding=\"async\" class=\"aligncenter wp-image-323 size-large lazy-loaded\" src=\"https:\/\/rocketplay-new.com\/wp-content\/uploads\/2022\/08\/mega-moolah-logo-1024x569.png\" sizes=\"auto, (max-width: 1024px) 100vw, 1024px\" srcset=\"https:\/\/rocketplay-new.com\/wp-content\/uploads\/2022\/08\/mega-moolah-logo-1024x569.png 1024w, https:\/\/rocketplay-new.com\/wp-content\/uploads\/2022\/08\/mega-moolah-logo-300x167.png 300w, https:\/\/rocketplay-new.com\/wp-content\/uploads\/2022\/08\/mega-moolah-logo-768x426.png 768w, https:\/\/rocketplay-new.com\/wp-content\/uploads\/2022\/08\/mega-moolah-logo.png 1140w\" alt=\"Logo Mega Moolah\" width=\"1024\" height=\"569\" data-lazy-type=\"image\" data-src=\"https:\/\/rocketplay-new.com\/wp-content\/uploads\/2022\/08\/mega-moolah-logo-1024x569.png\" data-srcset=\"\" \/><\/p>\n<h2>INICIE O MEGA MOOLAH E COMECE A JOGAR NO SLOT<\/h2>\n<p>A jogabilidade \u00e9 muito simples.\u00a0Todo mundo que j\u00e1 tentou comandar bandidos de um bra\u00e7o s\u00f3 o conhece.\u00a0H\u00e1 op\u00e7\u00f5es de jogos pagos e gratuitos.\u00a0No primeiro caso, depois de se registrar no cassino, voc\u00ea precisa fazer um dep\u00f3sito e fazer uma aposta real.\u00a0No segundo caso, basta uma visita ao clube de jogos.<\/p>\n<p>A savana africana se abre diante do apostador, e ele \u00e9 recebido pelos ind\u00edgenas dessas regi\u00f5es.\u00a0Para jogar Mega Moolah sem problemas, voc\u00ea precisa realizar v\u00e1rias etapas:<\/p>\n<ol>\n<li>Defina um tamanho de aposta confort\u00e1vel para voc\u00ea (ou deixe tudo como est\u00e1 com as configura\u00e7\u00f5es iniciais do jogo).<\/li>\n<li>Pressione o bot\u00e3o de rota\u00e7\u00e3o do carretel.<\/li>\n<li>Se voc\u00ea quiser que os s\u00edmbolos mudem uns aos outros, voc\u00ea precisa pressionar a tecla de reprodu\u00e7\u00e3o autom\u00e1tica.<\/li>\n<\/ol>\n<p>A m\u00e1quina tem 25 linhas.\u00a0Se pelo menos um deles tiver uma\u00a0<b>combina\u00e7\u00e3o vencedora<\/b>\u00a0, o jogador obt\u00e9m lucro.\u00a0Qual ser\u00e1 o seu tamanho depende do significado do s\u00edmbolo.\u00a0Existem denomina\u00e7\u00f5es de cartas \u2013 elas s\u00e3o menos valiosas, mas h\u00e1 imagens de animais que s\u00e3o mais bem pagas.<\/p>\n<p>Voc\u00ea pode alterar o tamanho da aposta antes de cada rodada de 0,25 para 6,25.<\/p>\n<p>Ali\u00e1s, o jogo est\u00e1 perfeitamente adaptado para telas pequenas.\u00a0Portanto, voc\u00ea sempre pode abrir o Mega Moolah mobile para se divertir em qualquer lugar.<\/p>\n<p><span style=\"font-weight: 400;\"><div class=\"tosh-btn\"><a href=\"\/go-casino\/\" target=\"_blank\" rel=\"noopener\">GANHE B\u00d4NUS<\/a><\/div><\/span><span style=\"font-weight: 400;\">\u00a0 <\/span><\/p>\n<h2>RECEBA B\u00d4NUS E OUTROS PR\u00caMIOS NO MEGA MOOLAH<\/h2>\n<p>Esta famosa m\u00e1quina ca\u00e7a-n\u00edqueis \u00e9 frequentemente escolhida por diferentes casas de jogo para fazer ofertas de boas-vindas aos clientes.\u00a0Por exemplo, ao se registrar em tal institui\u00e7\u00e3o, voc\u00ea pode obter o Mega Moolah 80 rodadas gr\u00e1tis.\u00a0Esta \u00e9 uma oferta bastante generosa porque a m\u00e1quina possui recursos de b\u00f4nus que aumentar\u00e3o seus ganhos.<\/p>\n<p>Aqui est\u00e1 a lista deles:<\/p>\n<ul>\n<li>s\u00edmbolo selvagem;<\/li>\n<li>multiplicadores;<\/li>\n<li>rodada com rodadas gr\u00e1tis;<\/li>\n<li>4 tipos de jackpot (progressivo).<\/li>\n<\/ul>\n<p>Com uma probabilidade de 100%, pelo menos um deles desistir\u00e1 de voc\u00ea se voc\u00ea demorar para o slot.<\/p>\n<p>Vamos come\u00e7ar com a descri\u00e7\u00e3o do s\u00edmbolo Wild.\u00a0Aqui seu papel \u00e9 desempenhado pelo\u00a0<b>rei da selva<\/b>\u00a0\u2013 a imagem de um le\u00e3o.\u00a0N\u00e3o s\u00f3 traz uma vit\u00f3ria em si.\u00a0O Rei das Feras n\u00e3o \u00e9 muito orgulhoso e pode substituir outros s\u00edmbolos para formar uma combina\u00e7\u00e3o de sucesso na linha.\u00a0A prop\u00f3sito, as combina\u00e7\u00f5es feitas com um le\u00e3o aumentam em 2 vezes.\u00a0Portanto, a imagem do rei dos animais tamb\u00e9m \u00e9 um multiplicador.<\/p>\n<p>A\u00a0<b>rodada de b\u00f4nus<\/b>\u00a0\u00e9 aberta se voc\u00ea encontrar 3 imagens de um macaco em qualquer lugar do campo.\u00a0Este \u00e9 o\u00a0<b>s\u00edmbolo de dispers\u00e3o<\/b>\u00a0.\u00a0Voc\u00ea poder\u00e1 observar como os s\u00edmbolos se substituem 15 vezes, trazem ganhos e o dinheiro n\u00e3o \u00e9 debitado do seu saldo.\u00a0Todas as vit\u00f3rias nesta rodada s\u00e3o multiplicadas por 3.<\/p>\n<p>E, claro,\u00a0<b>um jackpot est\u00e1 dispon\u00edvel.\u00a0<\/b>S\u00e3o 4, e est\u00e3o divididos por tamanho: do Mini ao Mega.\u00a0Se voc\u00ea pegar o maior deles, pode ganhar at\u00e9 um milh\u00e3o de euros.<\/p>\n<p><img loading=\"lazy\" decoding=\"async\" class=\"aligncenter wp-image-324 size-full lazy-loaded\" src=\"https:\/\/rocketplay-new.com\/wp-content\/uploads\/2022\/08\/mega-moolah-slot.jpeg\" sizes=\"auto, (max-width: 900px) 100vw, 900px\" srcset=\"https:\/\/rocketplay-new.com\/wp-content\/uploads\/2022\/08\/mega-moolah-slot.jpeg 900w, https:\/\/rocketplay-new.com\/wp-content\/uploads\/2022\/08\/mega-moolah-slot-300x167.jpeg 300w, https:\/\/rocketplay-new.com\/wp-content\/uploads\/2022\/08\/mega-moolah-slot-768x427.jpeg 768w\" alt=\"Ca\u00e7a-n\u00edqueis Mega Moolah\" width=\"900\" height=\"500\" data-lazy-type=\"image\" data-src=\"https:\/\/rocketplay-new.com\/wp-content\/uploads\/2022\/08\/mega-moolah-slot.jpeg\" data-srcset=\"\" \/><\/p>\n<h2>OBTENHA NOSSA OPINI\u00c3O FINAL SOBRE MEGA MOOLAH<\/h2>\n<p>Para entender como esse slot \u00e9 bom para investir seus pr\u00f3prios fundos, voc\u00ea precisa entender o Mega Moolah RTP e outros recursos t\u00e9cnicos.<\/p>\n<p>Esta \u00e9 uma porcentagem que mostra quanto, em m\u00e9dia, os jogadores podem devolver o dinheiro investido no slot.\u00a0Quanto maior for, menor ser\u00e1 o risco de perder a sua banca.\u00a0Os melhores em campo s\u00e3o os slots com um indicador acima de 95%.\u00a0Neste slot, \u00e9 apenas 88,12%.<\/p>\n<p>Mas h\u00e1 tamb\u00e9m outro indicador, que \u00e9 a volatilidade.\u00a0Ele determina com que frequ\u00eancia os ganhos aparecer\u00e3o no slot e qual ser\u00e1 o tamanho deles.\u00a0Aqui \u00e9 m\u00e9dio, o que significa que voc\u00ea pode contar com combina\u00e7\u00f5es regulares de sucesso.<\/p>\n<p>Se o Mega Moolah no cassino online for adicionado ao sortimento, faz sentido experimentar este slot.\u00a0Um tema divertido e a oportunidade de ganhar o jackpot atraem, ent\u00e3o voc\u00ea n\u00e3o deve perder a chance.\u00a0Bons gr\u00e1ficos e m\u00fasica, jogabilidade discreta ir\u00e3o ajud\u00e1-lo a se divertir e desfrutar de jogos de azar.<\/p>\n<p><span style=\"font-weight: 400;\"><div class=\"tosh-btn\"><a href=\"\/go-casino\/\" target=\"_blank\" rel=\"noopener\">GANHE B\u00d4NUS<\/a><\/div><\/span><span style=\"font-weight: 400;\">\u00a0 <\/span><\/p>\n<h2>PERGUNTAS FREQUENTES<\/h2>\n<h3>\u00c9 POSS\u00cdVEL VENCER O MEGA MOOLAH OU N\u00c3O?<\/h3>\n<p>Foi criado com base em um sistema especial que distribui aleatoriamente os ganhos.\u00a0Voc\u00ea nunca saber\u00e1 em que ordem as combina\u00e7\u00f5es bem-sucedidas caem.\u00a0A \u00fanica coisa que voc\u00ea pode fazer \u00e9 gerenciar seu bankroll com sabedoria.<\/p>\n<h3>QUEM FEZ O JOGO MEGA MOOLAH?<\/h3>\n<p>No campo do jogo, esta marca goza de uma excelente reputa\u00e7\u00e3o \u2013 Microgaming.\u00a0A alta qualidade de seus jogos \u00e9 conhecida em todo o mundo.\u00a0A marca sempre usa t\u00f3picos relevantes e tenta fazer os slots mais rent\u00e1veis.<\/p>\n<h3>ESTE SLOT \u00c9 ADEQUADO PARA JOGADORES COM UMA PEQUENA BANCA?<\/h3>\n<p>Sim, a aposta m\u00ednima \u00e9 baixa (0,25), e as vit\u00f3rias s\u00e3o bastante frequentes, ent\u00e3o voc\u00ea pode aumentar gradualmente o valor que pode gastar no jogo.<\/p>\n<p><strong>Coment\u00e1rios sobre slots:<\/strong><\/p>\n<ul>\n<li style=\"list-style-type: none;\">\n<ul>\n<li><a href=\"https:\/\/rocketplay-new.com\/pt-br\/slot-machines\/lightning-link\/\">Link Rel\u00e2mpago<\/a><\/li>\n<li><a href=\"https:\/\/rocketplay-new.com\/pt-br\/slot-machines\/lucky-88\/\">Sorte 88<\/a><\/li>\n<\/ul>\n<\/li>\n<\/ul>\n","protected":false},"excerpt":{"rendered":"<p>Existe uma categoria de slots que, mais do que outras, est\u00e3o prontas para compartilhar grandes ganhos com os jogadores.\u00a0E Mega Moolah Brasil \u00e9 exatamente isso. Esta \u00e9 uma m\u00e1quina ca\u00e7a-n\u00edqueis com grandes jackpots, que todo jogador que n\u00e3o tem medo de investir seus pr\u00f3prios fundos em entretenimento tem a chance de acertar. INICIE O MEGA&#8230;<\/p>\n","protected":false},"author":1,"featured_media":0,"parent":2614,"menu_order":0,"comment_status":"closed","ping_status":"closed","template":"","meta":{"_acf_changed":false,"_kad_post_transparent":"default","_kad_post_title":"default","_kad_post_layout":"default","_kad_post_sidebar_id":"","_kad_post_content_style":"default","_kad_post_vertical_padding":"default","_kad_post_feature":"","_kad_post_feature_position":"","_kad_post_header":false,"_kad_post_footer":false,"footnotes":""},"class_list":["post-2626","page","type-page","status-publish","hentry"],"acf":[],"rttpg_featured_image_url":null,"rttpg_author":{"display_name":"John","author_link":"https:\/\/rocketplay-new.com\/pt-br\/author\/pemvas95n89x\/"},"rttpg_comment":0,"rttpg_category":null,"rttpg_excerpt":"Existe uma categoria de slots que, mais do que outras, est\u00e3o prontas para compartilhar grandes ganhos com os jogadores.\u00a0E Mega Moolah Brasil \u00e9 exatamente isso. Esta \u00e9 uma m\u00e1quina ca\u00e7a-n\u00edqueis com grandes jackpots, que todo jogador que n\u00e3o tem medo de investir seus pr\u00f3prios fundos em entretenimento tem a chance de acertar. INICIE O MEGA...","_links":{"self":[{"href":"https:\/\/rocketplay-new.com\/pt-br\/wp-json\/wp\/v2\/pages\/2626","targetHints":{"allow":["GET"]}}],"collection":[{"href":"https:\/\/rocketplay-new.com\/pt-br\/wp-json\/wp\/v2\/pages"}],"about":[{"href":"https:\/\/rocketplay-new.com\/pt-br\/wp-json\/wp\/v2\/types\/page"}],"author":[{"embeddable":true,"href":"https:\/\/rocketplay-new.com\/pt-br\/wp-json\/wp\/v2\/users\/1"}],"replies":[{"embeddable":true,"href":"https:\/\/rocketplay-new.com\/pt-br\/wp-json\/wp\/v2\/comments?post=2626"}],"version-history":[{"count":3,"href":"https:\/\/rocketplay-new.com\/pt-br\/wp-json\/wp\/v2\/pages\/2626\/revisions"}],"predecessor-version":[{"id":5958,"href":"https:\/\/rocketplay-new.com\/pt-br\/wp-json\/wp\/v2\/pages\/2626\/revisions\/5958"}],"up":[{"embeddable":true,"href":"https:\/\/rocketplay-new.com\/pt-br\/wp-json\/wp\/v2\/pages\/2614"}],"wp:attachment":[{"href":"https:\/\/rocketplay-new.com\/pt-br\/wp-json\/wp\/v2\/media?parent=2626"}],"curies":[{"name":"wp","href":"https:\/\/api.w.org\/{rel}","templated":true}]}}