{"id":2614,"date":"2022-06-13T20:51:19","date_gmt":"2022-06-13T17:51:19","guid":{"rendered":"https:\/\/rocketplay-new.com\/slot-machines\/"},"modified":"2025-11-26T20:13:40","modified_gmt":"2025-11-26T17:13:40","slug":"slot-machines","status":"publish","type":"page","link":"https:\/\/rocketplay-new.com\/pt-br\/slot-machines\/","title":{"rendered":"M\u00e1quinas ca\u00e7a-n\u00edqueis no RocketPlay Casino"},"content":{"rendered":"<p>A inven\u00e7\u00e3o da m\u00e1quina ca\u00e7a-n\u00edqueis no final do s\u00e9culo 19 foi um evento importante no mundo do jogo.\u00a0Os ca\u00e7a-n\u00edqueis rapidamente superaram outras formas de entretenimento em popularidade.\u00a0Nos cassinos modernos, eles s\u00e3o escolhidos por mais de 70% dos jogadores.\u00a0\u00c0s vezes voc\u00ea pode ler que a ideia de um inventor de ca\u00e7a-n\u00edqueis, Charles Fey, pegou emprestado do poker.\u00a0E \u00e9 verdade, muitas vezes as cartas s\u00e3o usadas como figuras simb\u00f3licas nos carret\u00e9is, e as combina\u00e7\u00f5es lembram um pouco o p\u00f4quer.\u00a0Mas ainda assim, mesmo que o engenheiro tenha come\u00e7ado pelo jogo de cartas, no final ele foi bem longe disso.<\/p>\n<p><img loading=\"lazy\" decoding=\"async\" class=\"aligncenter wp-image-4778\" src=\"https:\/\/rocketplay-new.com\/wp-content\/uploads\/2024\/02\/111.png\" alt=\"Slot RocketPlay\" width=\"800\" height=\"478\" srcset=\"https:\/\/rocketplay-new.com\/wp-content\/uploads\/2024\/02\/111.png 1340w, https:\/\/rocketplay-new.com\/wp-content\/uploads\/2024\/02\/111-300x179.png 300w, https:\/\/rocketplay-new.com\/wp-content\/uploads\/2024\/02\/111-1024x612.png 1024w, https:\/\/rocketplay-new.com\/wp-content\/uploads\/2024\/02\/111-768x459.png 768w\" sizes=\"auto, (max-width: 800px) 100vw, 800px\" \/><\/p>\n<p>A principal vantagem das m\u00e1quinas ca\u00e7a-n\u00edqueis \u00e9 a independ\u00eancia do jogador de ambos os parceiros e do dealer.\u00a0Slots s\u00e3o jogados sozinhos.\u00a0Fey cuidou disso.\u00a0Ele possui um mecanismo autom\u00e1tico patenteado para receber e emitir moedas.\u00a0Agora, uma pessoa poderia simplesmente entrar em um bar, deixar cair uma moeda, puxar a alavanca e ganhar dez vezes isso \u2013 esse era o jackpot no primeiro slot \u2013 50 centavos, dinheiro nada mal na \u00e9poca.<\/p>\n<p>As m\u00e1quinas ca\u00e7a-n\u00edqueis posteriores ganharam um acionamento el\u00e9trico de carretel e uma bela ilumina\u00e7\u00e3o.\u00a0Mas o princ\u00edpio permaneceu o mesmo: os mesmos s\u00edmbolos nos 3 cilindros devem se alinhar em uma linha.\u00a0Como os desenhos s\u00e3o feitos com frequ\u00eancia diferente, e a probabilidade de sua composi\u00e7\u00e3o em combina\u00e7\u00f5es \u00e9 diferente.\u00a0Pois as combina\u00e7\u00f5es mais raras s\u00e3o a maior recompensa.\u00a0E vice versa.<\/p>\n<p>As m\u00e1quinas ca\u00e7a-n\u00edqueis modernas usam o mesmo esquema, mas o dispositivo \u00e9 completamente diferente da antiga m\u00e1quina ca\u00e7a-n\u00edqueis.\u00a0Agora \u00e9 um programas de computador espec\u00edficos.\u00a0M\u00e1quinas terrestres externamente semelhantes aos seus ancestrais, mas t\u00eam o recheio mais moderno.\u00a0Quanto aos slots online RocketPlay, eles s\u00e3o exatamente os mesmos programas que s\u00e3o executados dentro de suas contrapartes terrestres.<\/p>\n<p>A era do computador mudou completamente a economia das m\u00e1quinas ca\u00e7a-n\u00edqueis.\u00a0Alguns cassinos f\u00edsicos ainda usam moedas ou tokens para pagar pelo jogo e distribuir os ganhos, mas os complexos de slots mais novos aceitam todos os pagamentos eletr\u00f4nicos.\u00a0Quanto aos slots online, eles funcionam apenas com pagamento sem dinheiro.<\/p>\n<p><span style=\"font-weight: 400;\">\u00a0\u00a0<div class=\"go-btn-container\"><div class=\"tosh-btn\"><a href=\"\/go-casino\/\" target=\"_blank\" rel=\"noopener\">JOGUE AGORA<\/a><\/div><\/div><\/span><\/p>\n<h2>COMO FUNCIONA A ECONOMIA DOS CASSINOS ONLINE<\/h2>\n<p>A maneira mais acess\u00edvel de jogar ca\u00e7a-n\u00edqueis \u00e9 nos\u00a0<a href=\"https:\/\/rocketplay-new.com\/pt-br\/casino\">cassinos online<\/a>\u00a0RocketPlay .\u00a0Pode parecer que os ca\u00e7a-n\u00edqueis online s\u00e3o um programa bastante simples, como os jogos em flash gr\u00e1tis que abundam na web.\u00a0Mas isso n\u00e3o passa de uma semelhan\u00e7a externa.\u00a0O slot de v\u00eddeo n\u00e3o \u00e9 um programa med\u00edocre, mesmo porque \u00e9 uma certifica\u00e7\u00e3o obrigat\u00f3ria.\u00a0O fabricante \u00e9 respons\u00e1vel pelo n\u00edvel declarado de pagamentos.\u00a0Geralmente \u00e9 especificado para a segunda casa decimal, por exemplo, 97,08%.\u00a0Esses n\u00fameros s\u00e3o obtidos por c\u00e1lculos matem\u00e1ticos meticulosos em laborat\u00f3rios especiais.\u00a0Primeiro, o fabricante atinge um certo n\u00edvel de rendimento e, em seguida, os resultados s\u00e3o verificados por comiss\u00f5es independentes.\u00a0S\u00f3 depois disso \u00e9 emitido um certificado.<\/p>\n<p>A porcentagem de retorno para o jogador \u00e9 um valor m\u00e9dio.\u00a0Segue-se que ele converge com a pr\u00e1tica somente ap\u00f3s um n\u00famero astron\u00f4mico de movimentos.\u00a0Esta \u00e9 a base da esperan\u00e7a do jogador de vencer.\u00a0E \u00e9 por isso que as perdas acontecem.\u00a0Afinal, se a m\u00e1quina ca\u00e7a-n\u00edqueis der exatamente $ 97,8 por 100 gastos a cada vez (como no exemplo acima), n\u00e3o faria sentido jogar.\u00a0E assim, devido \u00e0 natureza aleat\u00f3ria da distribui\u00e7\u00e3o de valores, um jogador pode ganhar muito \u2013 \u00e0s vezes at\u00e9 v\u00e1rios milh\u00f5es.<\/p>\n<p>Para jogar ca\u00e7a-n\u00edqueis online RocketPlay com dinheiro real, \u00e9 necess\u00e1rio registro.\u00a0O jogador deve fornecer informa\u00e7\u00f5es pessoais: nome, apelido, endere\u00e7o de e-mail ou n\u00famero de telefone.\u00a0Aqui o jogador tem que decidir como se adequa a um determinado n\u00edvel de privacidade.\u00a0O Casino RocketPlay garante a seguran\u00e7a dos dados pessoais.<\/p>\n<p>Ap\u00f3s o registro, os slots online gratuitos do RocketPlay oferecem um b\u00f4nus de boas-vindas r\u00e1pido \u2013 sem dep\u00f3sito.\u00a0Este \u00e9 um presente para a primeira ocasi\u00e3o, para que o iniciante tenha os meios para se acostumar e se familiarizar com o pedido do cassino.\u00a0Esses fundos s\u00e3o suficientes pela primeira vez.\u00a0Al\u00e9m disso, que na maioria das m\u00e1quinas a aposta m\u00ednima \u00e9 muito pequena.<\/p>\n<p>Na maioria dos casos, o jogador \u00e9 convidado a baixar um programa-cliente especial.\u00a0Ele \u00e9 instalado no dispositivo do usu\u00e1rio e \u00e9 uma plataforma de jogos, projetada especificamente para um determinado cassino.\u00a0Com tal aplicativo, a entrada \u00e9 mais segura e os jogos mais est\u00e1veis.\u00a0Para come\u00e7ar, voc\u00ea precisa obter um c\u00f3digo de ativa\u00e7\u00e3o especial.<\/p>\n<p>Depois de registrar os ca\u00e7a-n\u00edqueis online do RocketPlay na Brasil, o pr\u00f3ximo passo \u00e9 depositar fundos em sua conta. Os modernos sistemas de pagamento online s\u00e3o confi\u00e1veis \u200b\u200be f\u00e1ceis, de modo que a transfer\u00eancia de dinheiro para o dep\u00f3sito \u00e9 quase instant\u00e2nea e n\u00e3o requer conhecimentos especiais.\u00a0O site possui uma se\u00e7\u00e3o chamada M\u00e9todos de Pagamento ou similar.\u00a0Ele detalha quais sistemas de pagamento s\u00e3o suportados e em que termos o dep\u00f3sito e a retirada ocorrem.\u00a0A forma mais comum s\u00e3o os cart\u00f5es VISA.\u00a0Existem tamb\u00e9m muitas carteiras online.\u00a0Pagamento e retirada via operadoras m\u00f3veis \u00e9 poss\u00edvel.\u00a0Em qualquer caso, tal se\u00e7\u00e3o deve ser bem estudada.<\/p>\n<p><img loading=\"lazy\" decoding=\"async\" class=\"aligncenter wp-image-4788\" src=\"https:\/\/rocketplay-new.com\/wp-content\/uploads\/2024\/02\/222.png\" alt=\"Slot RocketPlay 2\" width=\"800\" height=\"456\" srcset=\"https:\/\/rocketplay-new.com\/wp-content\/uploads\/2024\/02\/222.png 1417w, https:\/\/rocketplay-new.com\/wp-content\/uploads\/2024\/02\/222-300x171.png 300w, https:\/\/rocketplay-new.com\/wp-content\/uploads\/2024\/02\/222-1024x583.png 1024w, https:\/\/rocketplay-new.com\/wp-content\/uploads\/2024\/02\/222-768x437.png 768w\" sizes=\"auto, (max-width: 800px) 100vw, 800px\" \/><\/p>\n<h2>B\u00d4NUS<\/h2>\n<p>A propor\u00e7\u00e3o de pagamento para um jogador \u00e9 composta por dois fatores principais: a devolu\u00e7\u00e3o do passaporte das m\u00e1quinas e os slots de b\u00f4nus online RocketPlay.\u00a0A participa\u00e7\u00e3o ativa no programa de fidelidade torna o jogo mais lucrativo no final.\u00a0Portanto, faz sentido ficar de olho em todas as promo\u00e7\u00f5es de pr\u00eamios.<\/p>\n<p>Al\u00e9m das rodadas gr\u00e1tis de slots online RocketPlay, o jogador recebe um aumento significativo nos primeiros dep\u00f3sitos.\u00a0Os presentes come\u00e7am em 100% no primeiro dep\u00f3sito e crescem a cada vez.<\/p>\n<p>Outras formas de motivar os jogadores incluem promo\u00e7\u00f5es regulares, torneios e o programa VIP.\u00a0Entre as promo\u00e7\u00f5es regulares mais populares est\u00e1 o cashback, quando parte do dinheiro perdido \u00e9 devolvido ao jogador.\u00a0A porcentagem depende de muitos componentes.\u00a0No caso mais favor\u00e1vel, o cashback chega a 25%.\u00a0Os torneios s\u00e3o projetados n\u00e3o apenas para alegrar sua estadia no cassino, mas tamb\u00e9m para ganhar um bom dinheiro.\u00a0Os campe\u00f5es recebem um pr\u00eamio decente.\u00a0Para vencer, voc\u00ea precisa se inscrever em seu torneio favorito e no per\u00edodo estipulado em determinadas m\u00e1quinas para ganhar mais que seus rivais.\u00a0O programa VIP visa aumentar a fidelidade do cliente \u00e0 institui\u00e7\u00e3o.\u00a0Quanto mais pessoas jogam no cassino, mais benef\u00edcios eles desfrutam.\u00a0<a href=\"https:\/\/rocketplay-new.com\/pt-br\/bonus\">Entre os b\u00f4nus<\/a>\u00a0VIP\u00a0est\u00e3o o cashback alto, a retirada r\u00e1pida e assim por diante.<\/p>\n<p><strong><span style=\"font-weight: 400;\">\u00a0\u00a0<div class=\"go-btn-container\"><div class=\"tosh-btn\"><a href=\"\/go-casino\/\" target=\"_blank\" rel=\"noopener\">JOGUE AGORA<\/a><\/div><\/div><\/span><\/strong><\/p>\n<h2>JACKPOTS<\/h2>\n<p>Ganhar o jackpot \u00e9 o sonho de qualquer jogador.\u00a0Especialmente porque se tornou mais real com o lan\u00e7amento das m\u00e1quinas ca\u00e7a-n\u00edqueis na Internet.\u00a0Eles costumam falar sobre o jackpot progressivo em oposi\u00e7\u00e3o ao jackpot fixo.\u00a0A progressiva est\u00e1 estruturada da seguinte forma.\u00a0Ao jogar em determinadas m\u00e1quinas, uma pequena quantia de cada movimento \u00e9 depositada no banco comum, um servidor central.\u00a0Em seguida, ele vai para o pr\u00f3ximo jogador sortudo se as condi\u00e7\u00f5es especificadas forem atendidas.\u00a0E o processo recome\u00e7a.<\/p>\n<p>Os jackpots em alguns slots online excedem dez milh\u00f5es de d\u00f3lares.\u00a0A slot machine Mega Moolah, desenvolvida pela empresa brit\u00e2nica Microgaming, \u00e9 particularmente famosa neste tipo de slot machine.\u00a0Nele, em 2015, o recorde do jackpot online foi estabelecido.\u00a0Em seguida, o ingl\u00eas Jonathon Heywood (Jonathon Heywood) ganhou mais de 13 milh\u00f5es de libras esterlinas.\u00a0O slot Mega Moolah est\u00e1 dispon\u00edvel em muitos cassinos online que cooperam com a Microgaming.\u00a0Para ganhar o jackpot, voc\u00ea s\u00f3 precisa jogar nesta m\u00e1quina.\u00a0O pr\u00eamio principal \u00e9 concedido de forma totalmente aleat\u00f3ria.<\/p>\n<p>Tamb\u00e9m conhecido sistema de jackpot em slots de quadrinhos da Marvel.\u00a0A maioria dessas m\u00e1quinas ca\u00e7a-n\u00edqueis lan\u00e7ou os desenvolvedores Playtech.\u00a0Para participar do sorteio, escolha um dos jogos tem\u00e1ticos \u2013 X-Men, Demolidor, 4 Fant\u00e1stico ou similar \u2013 e apenas jogue, torcendo para que a escolha do gerador de n\u00fameros aleat\u00f3rios seja benevolente.\u00a0H\u00e1 um total de 4 jackpots, desde o menor, Power, at\u00e9 o maior, Ultimate Power.\u00a0Em determinado momento, ap\u00f3s uma das jogadas (mesmo sem vencer), uma nova janela \u00e9 aberta na frente do jogador selecionado, marcada com 20 c\u00e9lulas.\u00a0\u00c9 necess\u00e1rio selecionar um a um at\u00e9 que 3 logotipos id\u00eanticos de um dos jackpots sejam acumulados.\u00a0\u00c9 um pouco uma reminisc\u00eancia de uma loteria de raspadinha.\u00a0Entrar na rodada garante ganhar um dos jackpots.\u00a0Um sistema semelhante \u00e9 usado pela EGT.\u00a0Existem jackpots nas m\u00e1quinas de outros desenvolvedores tamb\u00e9m.<\/p>\n<p>Estes s\u00e3o grandes jackpots globais.\u00a0Mas, al\u00e9m deles, o sorteio do pr\u00eamio acumulado progressivamente pode ser realizado em um cassino online separado.\u00a0Na p\u00e1gina inicial dos sites, geralmente h\u00e1 banners brilhantes imediatamente vis\u00edveis ou uma linha em execu\u00e7\u00e3o que anuncia o tamanho do jackpot.\u00a0A receita para uma estrat\u00e9gia vencedora \u00e9 simples \u2013 voc\u00ea precisa participar.<\/p>\n<p><img loading=\"lazy\" decoding=\"async\" class=\"aligncenter wp-image-4797\" src=\"https:\/\/rocketplay-new.com\/wp-content\/uploads\/2024\/02\/333.png\" alt=\"Slot RocketPlay 3\" width=\"800\" height=\"457\" srcset=\"https:\/\/rocketplay-new.com\/wp-content\/uploads\/2024\/02\/333.png 1175w, https:\/\/rocketplay-new.com\/wp-content\/uploads\/2024\/02\/333-300x171.png 300w, https:\/\/rocketplay-new.com\/wp-content\/uploads\/2024\/02\/333-1024x585.png 1024w, https:\/\/rocketplay-new.com\/wp-content\/uploads\/2024\/02\/333-768x439.png 768w\" sizes=\"auto, (max-width: 800px) 100vw, 800px\" \/><\/p>\n<h2>JOGO GR\u00c1TIS<\/h2>\n<p>Apesar do fato de que os slots foram concebidos exclusivamente para jogos a dinheiro, com o advento dos slots online tornou-se poss\u00edvel e o jogo gratuito.\u00a0Muitos cassinos oferecem quase todas as m\u00e1quinas ca\u00e7a-n\u00edqueis para testar no modo de demonstra\u00e7\u00e3o para quem quiser.\u00a0Para fazer isso, nem precisa se registrar.\u00a0Muitos jogadores usam essa chance para praticar antes de jogar nas m\u00e1quinas ca\u00e7a-n\u00edqueis online RocketPlay.\u00a0Isso \u00e9 especialmente \u00fatil no caso de slots desconhecidos.<\/p>\n<p>Mas as demos de jogos de azar reais n\u00e3o ir\u00e3o substituir.\u00a0E os jackpots s\u00e3o jogados apenas entre aqueles que jogam de verdade.\u00a0Ent\u00e3o, slots online gr\u00e1tis sem download RocketPlay \u2013 apenas o prel\u00fadio certo para um jogo s\u00e9rio com apostas reais.<\/p>\n<p><strong>Coment\u00e1rios sobre slots:<\/strong><\/p>\n<ul>\n<li style=\"list-style-type: none;\">\n<ul>\n<li><a href=\"https:\/\/rocketplay-new.com\/pt-br\/slot-machines\/starburst\/\">Explos\u00e3o Estelar<\/a><\/li>\n<li><a href=\"https:\/\/rocketplay-new.com\/pt-br\/slot-machines\/mega-moolah\/\">Mega Moolah<\/a><\/li>\n<li><a href=\"https:\/\/rocketplay-new.com\/pt-br\/slot-machines\/gonzos-quest\/\">A miss\u00e3o de Gonzo<\/a><\/li>\n<\/ul>\n<\/li>\n<\/ul>\n","protected":false},"excerpt":{"rendered":"<p>A inven\u00e7\u00e3o da m\u00e1quina ca\u00e7a-n\u00edqueis no final do s\u00e9culo 19 foi um evento importante no mundo do jogo.\u00a0Os ca\u00e7a-n\u00edqueis rapidamente superaram outras formas de entretenimento em popularidade.\u00a0Nos cassinos modernos, eles s\u00e3o escolhidos por mais de 70% dos jogadores.\u00a0\u00c0s vezes voc\u00ea pode ler que a ideia de um inventor de ca\u00e7a-n\u00edqueis, Charles Fey, pegou emprestado do&#8230;<\/p>\n","protected":false},"author":1,"featured_media":0,"parent":0,"menu_order":0,"comment_status":"closed","ping_status":"closed","template":"","meta":{"_acf_changed":false,"_kad_post_transparent":"default","_kad_post_title":"default","_kad_post_layout":"default","_kad_post_sidebar_id":"","_kad_post_content_style":"default","_kad_post_vertical_padding":"default","_kad_post_feature":"","_kad_post_feature_position":"","_kad_post_header":false,"_kad_post_footer":false,"footnotes":""},"class_list":["post-2614","page","type-page","status-publish","hentry"],"acf":[],"rttpg_featured_image_url":null,"rttpg_author":{"display_name":"John","author_link":"https:\/\/rocketplay-new.com\/pt-br\/author\/pemvas95n89x\/"},"rttpg_comment":0,"rttpg_category":null,"rttpg_excerpt":"A inven\u00e7\u00e3o da m\u00e1quina ca\u00e7a-n\u00edqueis no final do s\u00e9culo 19 foi um evento importante no mundo do jogo.\u00a0Os ca\u00e7a-n\u00edqueis rapidamente superaram outras formas de entretenimento em popularidade.\u00a0Nos cassinos modernos, eles s\u00e3o escolhidos por mais de 70% dos jogadores.\u00a0\u00c0s vezes voc\u00ea pode ler que a ideia de um inventor de ca\u00e7a-n\u00edqueis, Charles Fey, pegou emprestado do...","_links":{"self":[{"href":"https:\/\/rocketplay-new.com\/pt-br\/wp-json\/wp\/v2\/pages\/2614","targetHints":{"allow":["GET"]}}],"collection":[{"href":"https:\/\/rocketplay-new.com\/pt-br\/wp-json\/wp\/v2\/pages"}],"about":[{"href":"https:\/\/rocketplay-new.com\/pt-br\/wp-json\/wp\/v2\/types\/page"}],"author":[{"embeddable":true,"href":"https:\/\/rocketplay-new.com\/pt-br\/wp-json\/wp\/v2\/users\/1"}],"replies":[{"embeddable":true,"href":"https:\/\/rocketplay-new.com\/pt-br\/wp-json\/wp\/v2\/comments?post=2614"}],"version-history":[{"count":4,"href":"https:\/\/rocketplay-new.com\/pt-br\/wp-json\/wp\/v2\/pages\/2614\/revisions"}],"predecessor-version":[{"id":5974,"href":"https:\/\/rocketplay-new.com\/pt-br\/wp-json\/wp\/v2\/pages\/2614\/revisions\/5974"}],"wp:attachment":[{"href":"https:\/\/rocketplay-new.com\/pt-br\/wp-json\/wp\/v2\/media?parent=2614"}],"curies":[{"name":"wp","href":"https:\/\/api.w.org\/{rel}","templated":true}]}}