{"id":2592,"date":"2022-06-13T17:39:32","date_gmt":"2022-06-13T14:39:32","guid":{"rendered":"https:\/\/rocketplay-new.com\/blackjack\/"},"modified":"2025-11-25T23:25:45","modified_gmt":"2025-11-25T20:25:45","slug":"blackjack","status":"publish","type":"page","link":"https:\/\/rocketplay-new.com\/pt-br\/blackjack\/","title":{"rendered":"Jogue Blackjack com dinheiro real no RocketPlay Casino"},"content":{"rendered":"<p>O blackjack oferece a melhor vantagem de apostas de uma casa de apostas entre todos os jogos de mesa em um cassino.\u00a0Twenty-One tem dezenas de varia\u00e7\u00f5es populares.\u00a0A maioria dessas vers\u00f5es oferece retornos esperados ligeiramente mais altos ou mais baixos, mas tamb\u00e9m oferece algumas das chances mais altas que voc\u00ea encontrar\u00e1 em uma casa de apostas.\u00a0\u00c9 por isso que os jogadores que visitam os cassinos encontram tantas mesas diferentes, muitas vezes com regras completamente diferentes.<\/p>\n<p>Se voc\u00ea vai jogar blackjack com dinheiro real, vale a pena aprender as diferentes varia\u00e7\u00f5es das regras.\u00a0Encontrar a melhor mesa de blackjack no cassino economizar\u00e1 muito dinheiro at\u00e9 o final da sess\u00e3o de jogo.\u00a0Cada regra adicionada ao jogo cl\u00e1ssico de blackjack altera n\u00e3o apenas a vantagem do cassino, mas tamb\u00e9m a estrat\u00e9gia do jogador para otimizar seu dinheiro de jogo \u2013 a banca.<\/p>\n<p><img loading=\"lazy\" decoding=\"async\" class=\"aligncenter wp-image-4962\" src=\"https:\/\/rocketplay-new.com\/wp-content\/uploads\/2024\/02\/10.png\" alt=\"Blackjack RocketPlay Casino\" width=\"800\" height=\"466\" srcset=\"https:\/\/rocketplay-new.com\/wp-content\/uploads\/2024\/02\/10.png 1416w, https:\/\/rocketplay-new.com\/wp-content\/uploads\/2024\/02\/10-300x175.png 300w, https:\/\/rocketplay-new.com\/wp-content\/uploads\/2024\/02\/10-1024x597.png 1024w, https:\/\/rocketplay-new.com\/wp-content\/uploads\/2024\/02\/10-768x447.png 768w\" sizes=\"auto, (max-width: 800px) 100vw, 800px\" \/><\/p>\n<h2>JOGOS DE BLACKJACK A DINHEIRO REAL<\/h2>\n<p>Ao jogar blackjack com dinheiro real, voc\u00ea precisa conhecer os jogos b\u00e1sicos de estrat\u00e9gia de blackjack RocketPlay.\u00a0Jogos como keno, roleta e slots n\u00e3o t\u00eam um aspecto estrat\u00e9gico.\u00a0Qualquer jogador \u00e9 t\u00e3o bom quanto o outro, quer voc\u00ea jogue h\u00e1 30 minutos ou 30 anos.\u00a0No blackjack, os jogadores tomam decis\u00f5es estrat\u00e9gicas reais que afetam as chances de ganhar e perder.\u00a0\u00c9 por isso que o RocketPlay Casino oferece o jogo com uma vantagem de casa de jogo t\u00e3o baixa.\u00a0A sua gest\u00e3o sabe que a maioria dos jogadores de blackjack n\u00e3o conseguir\u00e1 jogar da melhor forma.\u00a0Quando n\u00e3o se faz as jogadas certas, a vantagem da casa de apostas sobe ao n\u00edvel de outros jogos de mesa n\u00e3o estrat\u00e9gicos.<\/p>\n<p>Para melhorar, os jogadores precisam aprender a estrat\u00e9gia b\u00e1sica.\u00a0Existem livros que explicam o b\u00e1sico da estrat\u00e9gia b\u00e1sica, como \u201cBeat the Dealer\u201d de Edward Thorpe.\u00a0H\u00e1 tamb\u00e9m gr\u00e1ficos e tabelas que voc\u00ea pode memorizar.\u00a0Ao tentar memorizar um gr\u00e1fico de estrat\u00e9gia b\u00e1sico, voc\u00ea aprender\u00e1 os melhores passos para cada cen\u00e1rio poss\u00edvel.\u00a0Esses gr\u00e1ficos geralmente s\u00e3o codificados por cores para cada jogada poss\u00edvel.\u00a0Eles tamb\u00e9m usam iniciais por conveni\u00eancia (e por causa das limita\u00e7\u00f5es de tamanho).\u00a0Eles lhe dir\u00e3o quando solicitar uma carta (H), descartar uma carta (S), dividir um par (SP) e dobrar (D).<\/p>\n<p><span style=\"font-weight: 400;\">\u00a0<div class=\"go-btn-container\"><div class=\"tosh-btn\"><a href=\"\/go-casino\/\" target=\"_blank\" rel=\"noopener\">JOGUE AGORA<\/a><\/div><\/div> <\/span><\/p>\n<h2>21: OP\u00c7\u00d5ES DE JOGO<\/h2>\n<p><a href=\"https:\/\/rocketplay-new.com\/pt-br\">O blackjack online do RocketPlay<\/a>\u00a0tem dezenas de varia\u00e7\u00f5es.\u00a0Para cada varia\u00e7\u00e3o do jogo, voc\u00ea precisar\u00e1 encontrar o gr\u00e1fico de estrat\u00e9gia b\u00e1sico apropriado.\u00a0Existem gr\u00e1ficos cl\u00e1ssicos de blackjack para o jogo tradicional.\u00a0Existem gr\u00e1ficos para Pontoon Blackjack e gr\u00e1ficos para Espanhol 21, e assim por diante para todas as outras variedades e regras.\u00a0Twenty-one tem muitas vers\u00f5es, ent\u00e3o se voc\u00ea decidir jogar cada jogo, voc\u00ea precisar\u00e1 ter gr\u00e1ficos separados para pares perfeitos, switch, blackjack progressivo, elimina\u00e7\u00e3o de blackjack, super fan 21, aberturas duplas e todos os outros tipos que voc\u00ea deseja dominar.\u00a0Voc\u00ea pode encontrar essas tabelas de estrat\u00e9gias b\u00e1sicas online e imprimi-las gratuitamente, ent\u00e3o n\u00e3o pense que precisa comprar um livro para aprender todos esses guias \u00fateis.<\/p>\n<p>Quando voc\u00ea joga blackjack online gr\u00e1tis RocketPlay, voc\u00ea deve conhecer as estrat\u00e9gias de cor.\u00a0Eles devem ser gravados em sua mem\u00f3ria, mas se voc\u00ea ainda n\u00e3o se sentir confiante, considere levar um gr\u00e1fico de estrat\u00e9gia b\u00e1sica com voc\u00ea para a mesa.\u00a0Confiar em tais gr\u00e1ficos \u00e9 leg\u00edtimo, assim como pedir conselhos ao revendedor.\u00a0A \u00fanica coisa que n\u00e3o \u00e9 permitida \u00e9 criar pausas e atrasar o jogo com suas perguntas t\u00e1ticas.\u00a0Isso \u00e9 prejudicial para o funcionamento da casa de apostas e interfere no prazer de outros jogadores no jogo, ent\u00e3o esse comportamento \u00e9 desaprovado.<\/p>\n<p>Tenha em mente que uma estrat\u00e9gia b\u00e1sica n\u00e3o lhe dar\u00e1 uma vantagem sobre o cassino.\u00a0Mas pode minimizar a vantagem do cassino sobre voc\u00ea.\u00a0Uma estrat\u00e9gia b\u00e1sica no blackjack com dinheiro real \u00e9 o equivalente a compras com desconto: ela estica o seu d\u00f3lar de cassino o m\u00e1ximo poss\u00edvel.\u00a0Quando estiver jogando por dinheiro, aproveite todas as vantagens legais que puder.\u00a0Confie na estrat\u00e9gia certa, aproveite todas as ofertas do cassino e gerencie seu capital com sabedoria para limitar os danos se voc\u00ea perder. O b\u00e1sico da contagem de cartas<\/p>\n<p>Os jogadores que desejam obter uma vantagem sobre o RocketPlay Casino devem aprender a contar cartas.\u00a0Aqueles que leram livros, assistiram a v\u00eddeos e filmes de Hollywood podem ter pensado que a contagem de cartas \u00e9 um sistema matem\u00e1tico misterioso e complicado.\u00a0Na verdade, a matem\u00e1tica \u00e9 b\u00e1sica, e qualquer aluno alfabetizado da 4\u00aa s\u00e9rie pode faz\u00ea-lo.\u00a0O truque com a contagem de cartas \u00e9 faz\u00ea-lo discretamente com a equipe do cassino.<\/p>\n<p>Isso \u00e9 dif\u00edcil, porque se voc\u00ea sentar e se concentrar, contando quais cartas saem da m\u00e3o do dealer, \u00e9 prov\u00e1vel que seja notado.\u00a0O dealer de contagem de cartas deve alterar suas apostas em grandes quantias para aproveitar os momentos em que a disposi\u00e7\u00e3o das cartas est\u00e1 a seu favor.\u00a0Se voc\u00ea est\u00e1 pensando silenciosamente em algo e altera suas apostas de $ 5 para $ 100 em momentos diferentes, voc\u00ea ser\u00e1 notado imediatamente.\u00a0Embora n\u00e3o seja ilegal contar cartas, se voc\u00ea for notado, poder\u00e1 ser solicitado a sair ou a equipe do cassino come\u00e7ar\u00e1 a distra\u00ed-lo enquanto estiver jogando.\u00a0Ent\u00e3o voc\u00ea tem que ser do tipo falante e extrovertido que n\u00e3o hesita em mudar suas apostas de tempos em tempos, porque voc\u00ea \u00e9, sem d\u00favida, um grande jogador entediado.\u00a0Agora voc\u00ea entende por que isso \u00e9 considerado uma venda dif\u00edcil.<\/p>\n<h2>BLACKJACK ONLINE A DINHEIRO REAL<\/h2>\n<p>Uma das principais diferen\u00e7as entre o tradicional blackjack online RocketPlay Brasil e o vinte e um online \u00e9 a inclus\u00e3o de um gerador de n\u00fameros aleat\u00f3rios para produzir resultados. O RNG tem sido usado em m\u00e1quinas ca\u00e7a-n\u00edqueis tradicionais e para resultados de videop\u00f4quer por 30 anos, por isso \u00e9 uma maneira segura e comprovada de determinar os resultados.\u00a0Mas usar um chip de computador na produ\u00e7\u00e3o do jogo d\u00e1 ao operador do jogo online certas vantagens, nomeadamente a capacidade de embaralhar os baralhos ap\u00f3s cada m\u00e3o.\u00a0Por causa disso, a contagem de cartas no blackjack online \u00e9 completamente in\u00fatil.\u00a0Apenas aceite que voc\u00ea nunca pode contar cart\u00f5es online e tente encontrar outras maneiras de obter uma vantagem.<\/p>\n<p>Um dos benef\u00edcios do blackjack online RocketPlay com dinheiro real online 21 \u00e9 o programa de recompensas do jogador.\u00a0A maioria deles \u00e9 chamada de \u201cb\u00f4nus VIP\u201d, mas geralmente se aplica a jogos de blackjack.\u00a0Voc\u00ea provavelmente sabe que nas casas de jogo tradicionais, a mesa 21 n\u00e3o tem um bom programa de incentivo, como existe para m\u00e1quinas ca\u00e7a-n\u00edqueis.\u00a0Na ind\u00fastria de cassinos online, as coisas s\u00e3o um pouco mais equilibradas.\u00a0Enquanto a maioria dos\u00a0<a href=\"https:\/\/rocketplay-new.com\/pt-br\/bonus\/\">b\u00f4nus de boas-vindas<\/a>v\u00e1 para aqueles que jogam ca\u00e7a-n\u00edqueis em vez de blackjack e v\u00eddeo p\u00f4quer, a maioria dos sites oferece aos jogadores 21 pontos de b\u00f4nus acumulados para se inscrever.\u00a0No entanto, em programas de recompensas cont\u00ednuas, os b\u00f4nus geralmente dependem da quantia que voc\u00ea joga e n\u00e3o dependem do tipo de jogo.\u00a0Isso nem sempre \u00e9 o caso, ent\u00e3o voc\u00ea \u00e9 aconselhado a pesquisar os b\u00f4nus VIP no site corretamente antes de jogar demais o blackjack RocketPlay.<\/p>\n<p><img loading=\"lazy\" decoding=\"async\" class=\"aligncenter wp-image-4972\" src=\"https:\/\/rocketplay-new.com\/wp-content\/uploads\/2024\/02\/1000.png\" alt=\"Blackjack RocketPlay Casino 2\" width=\"800\" height=\"451\" srcset=\"https:\/\/rocketplay-new.com\/wp-content\/uploads\/2024\/02\/1000.png 1192w, https:\/\/rocketplay-new.com\/wp-content\/uploads\/2024\/02\/1000-300x169.png 300w, https:\/\/rocketplay-new.com\/wp-content\/uploads\/2024\/02\/1000-1024x577.png 1024w, https:\/\/rocketplay-new.com\/wp-content\/uploads\/2024\/02\/1000-768x433.png 768w\" sizes=\"auto, (max-width: 800px) 100vw, 800px\" \/><\/p>\n<h2>BLACKJACK ONLINE COM UM DEALER AO VIVO<\/h2>\n<p>Hoje, o blackjack continua sendo um grande passatempo para milh\u00f5es de pessoas em todo o mundo.\u00a0Seguindo a tecnologia mais recente, cada vez mais plataformas de jogos de azar online oferecem aos seus visitantes um novo n\u00edvel de experi\u00eancia interativa perfeitamente combinado com a atmosfera aut\u00eantica de um cassino tradicional.<\/p>\n<p>Os jogadores s\u00e3o recebidos por dealers ao vivo profissionais treinados para ocupar seus convidados 24 horas por dia, 7 dias por semana, enquanto os jogadores apreciar\u00e3o a transmiss\u00e3o ao vivo incrivelmente detalhada.\u00a0Gra\u00e7as \u00e0s c\u00e2meras de \u00faltima gera\u00e7\u00e3o, a mesa (geralmente equipada com embaralhamento manual de cartas) e os dealers est\u00e3o \u00e0 vista, para que nenhum movimento escape da lente.<\/p>\n<h2>PROGRAMAS DE B\u00d4NUS VIP E DE CART\u00c3O DE CR\u00c9DITO<\/h2>\n<p>No blackjack online, coisas como comps (pontos de partida para visitantes), cashback e b\u00f4nus podem ajudar a reduzir a vantagem da casa de apostas.\u00a0Lembre-se tamb\u00e9m de que voc\u00ea pode financiar sua conta de jogo com cart\u00f5es de cr\u00e9dito, portanto, ao jogar online, n\u00e3o se esque\u00e7a de maximizar os b\u00f4nus em seu cart\u00e3o VISA e MasterCard.<\/p>\n<p><span style=\"font-weight: 400;\">\u00a0<div class=\"go-btn-container\"><div class=\"tosh-btn\"><a href=\"\/go-casino\/\" target=\"_blank\" rel=\"noopener\">JOGUE AGORA<\/a><\/div><\/div> <\/span><\/p>\n<h2>DICAS PARA BLACKJACK ONLINE COM DINHEIRO REAL<\/h2>\n<p>A ideia por tr\u00e1s do jogo vinte e um \u00e9 encontrar um jogo de cassino com uma vantagem m\u00ednima em casa.\u00a0Voc\u00ea levar\u00e1 essa ideia \u00e0 sua conclus\u00e3o l\u00f3gica quando escolher o blackjack como seu jogo.\u00a0Encontre a melhor vers\u00e3o do jogo vinte e um em qualquer cassino onde voc\u00ea joga.\u00a0Isso \u00e0s vezes n\u00e3o \u00e9 f\u00e1cil porque as regras do jogo nem sempre s\u00e3o inicialmente \u00f3bvias e devem ser entendidas quando voc\u00ea se dirige \u00e0 mesa de jogo.\u00a0Ao clicar no jogo, revise os v\u00e1rios pagamentos e as regras adicionais de blackjack do RocketPlay antes de fazer a menor aposta.<\/p>\n<p>Como voc\u00ea joga online, voc\u00ea pode comparar esses termos com o gr\u00e1fico e ver o quanto cada regra afeta a vantagem da casa de apostas.\u00a0Na verdade, alguns sites oferecem um recurso onde voc\u00ea pode\u00a0<a href=\"https:\/\/rocketplay-new.com\/pt-br\/download\/\">baixar<\/a>blackjack RocketJogue as regras completas do jogo e veja a vantagem da casa.\u00a0Pode levar algum tempo para come\u00e7ar a jogar em um novo cassino, mas \u00e9 um esfor\u00e7o que voc\u00ea s\u00f3 precisa fazer uma vez.\u00a0Depois de identificar o melhor jogo de cassino online, fa\u00e7a uma anota\u00e7\u00e3o em seu computador usando um arquivo simples do Bloco de Notas.\u00a0Quando chegar a hora de jogar novamente, tudo o que voc\u00ea precisa fazer \u00e9 consultar essas entradas.\u00a0Mantenha uma lista dos melhores jogos de blackjack para cada comunidade de jogos online \u00e0 qual voc\u00ea pertence.\u00a0Pode parecer chato jogar apenas uma vers\u00e3o do jogo, mas se voc\u00ea quiser jogar todos os tipos, est\u00e1 interessado em outra coisa, n\u00e3o nas melhores chances de ganhar.\u00a0Sua opini\u00e3o sobre a vers\u00e3o do blackjack \u00e9 t\u00e3o v\u00e1lida quanto a minha, ent\u00e3o vou deixar voc\u00ea tomar essa decis\u00e3o por si mesmo.<\/p>\n<p><img loading=\"lazy\" decoding=\"async\" class=\"aligncenter wp-image-4981\" src=\"https:\/\/rocketplay-new.com\/wp-content\/uploads\/2024\/02\/1000000000000.png\" alt=\"Blackjack RocketPlay Casino 3\" width=\"800\" height=\"576\" srcset=\"https:\/\/rocketplay-new.com\/wp-content\/uploads\/2024\/02\/1000000000000.png 1171w, https:\/\/rocketplay-new.com\/wp-content\/uploads\/2024\/02\/1000000000000-300x216.png 300w, https:\/\/rocketplay-new.com\/wp-content\/uploads\/2024\/02\/1000000000000-1024x737.png 1024w, https:\/\/rocketplay-new.com\/wp-content\/uploads\/2024\/02\/1000000000000-768x553.png 768w\" sizes=\"auto, (max-width: 800px) 100vw, 800px\" \/><\/p>\n<h2>BLACKJACK: PERGUNTAS FREQUENTES<\/h2>\n<h3>O BLACKJACK ONLINE \u00c9 LEGAL?<\/h3>\n<p>Sim, o blackjack online \u00e9 completamente legal e \u00e9 executado por um gerador de n\u00fameros aleat\u00f3rios (RNG).\u00a0O RNG garante que cada m\u00e3o seja completamente aleat\u00f3ria.<\/p>\n<p>Voc\u00ea tamb\u00e9m deve ter certeza de que as opera\u00e7\u00f5es de cassino online s\u00e3o licenciadas, elas devem cumprir as regras de jogo justo de uma jurisdi\u00e7\u00e3o espec\u00edfica.<\/p>\n<h3>COMO POSSO OBTER UM B\u00d3NUS DE BLACKJACK ONLINE?<\/h3>\n<p>A maioria dos cassinos online oferece b\u00f4nus de blackjack semelhantes aos b\u00f4nus de \u201cjogos de mesa\u201d.\u00a0\u00c9 um b\u00f4nus para o valor do seu dep\u00f3sito e voc\u00ea deve seguir os requisitos sobre como apost\u00e1-lo para poder sacar seu b\u00f4nus.<\/p>\n<p>Al\u00e9m disso, voc\u00ea geralmente recebe pontos comps por jogar blackjack, o que permitir\u00e1 que voc\u00ea ganhe recompensas adicionais.<\/p>\n<h3>COMO JOGAR BLACKJACK ONLINE PARA SE DIVERTIR?<\/h3>\n<p>Todos os cassinos online permitem que voc\u00ea jogue blackjack online por divers\u00e3o, sem fazer um dep\u00f3sito.\u00a0Em alguns casos, voc\u00ea nem precisa se registrar.\u00a0Em vez disso, voc\u00ea pode simplesmente clicar no jogo de blackjack que lhe interessa e ele ser\u00e1 aberto em uma janela pop-up.<\/p>\n","protected":false},"excerpt":{"rendered":"<p>O blackjack oferece a melhor vantagem de apostas de uma casa de apostas entre todos os jogos de mesa em um cassino.\u00a0Twenty-One tem dezenas de varia\u00e7\u00f5es populares.\u00a0A maioria dessas vers\u00f5es oferece retornos esperados ligeiramente mais altos ou mais baixos, mas tamb\u00e9m oferece algumas das chances mais altas que voc\u00ea encontrar\u00e1 em uma casa de apostas.\u00a0\u00c9&#8230;<\/p>\n","protected":false},"author":1,"featured_media":0,"parent":0,"menu_order":0,"comment_status":"closed","ping_status":"closed","template":"","meta":{"_acf_changed":false,"_kad_post_transparent":"default","_kad_post_title":"default","_kad_post_layout":"default","_kad_post_sidebar_id":"","_kad_post_content_style":"default","_kad_post_vertical_padding":"default","_kad_post_feature":"","_kad_post_feature_position":"","_kad_post_header":false,"_kad_post_footer":false,"footnotes":""},"class_list":["post-2592","page","type-page","status-publish","hentry"],"acf":[],"rttpg_featured_image_url":null,"rttpg_author":{"display_name":"John","author_link":"https:\/\/rocketplay-new.com\/pt-br\/author\/pemvas95n89x\/"},"rttpg_comment":0,"rttpg_category":null,"rttpg_excerpt":"O blackjack oferece a melhor vantagem de apostas de uma casa de apostas entre todos os jogos de mesa em um cassino.\u00a0Twenty-One tem dezenas de varia\u00e7\u00f5es populares.\u00a0A maioria dessas vers\u00f5es oferece retornos esperados ligeiramente mais altos ou mais baixos, mas tamb\u00e9m oferece algumas das chances mais altas que voc\u00ea encontrar\u00e1 em uma casa de apostas.\u00a0\u00c9...","_links":{"self":[{"href":"https:\/\/rocketplay-new.com\/pt-br\/wp-json\/wp\/v2\/pages\/2592","targetHints":{"allow":["GET"]}}],"collection":[{"href":"https:\/\/rocketplay-new.com\/pt-br\/wp-json\/wp\/v2\/pages"}],"about":[{"href":"https:\/\/rocketplay-new.com\/pt-br\/wp-json\/wp\/v2\/types\/page"}],"author":[{"embeddable":true,"href":"https:\/\/rocketplay-new.com\/pt-br\/wp-json\/wp\/v2\/users\/1"}],"replies":[{"embeddable":true,"href":"https:\/\/rocketplay-new.com\/pt-br\/wp-json\/wp\/v2\/comments?post=2592"}],"version-history":[{"count":6,"href":"https:\/\/rocketplay-new.com\/pt-br\/wp-json\/wp\/v2\/pages\/2592\/revisions"}],"predecessor-version":[{"id":5840,"href":"https:\/\/rocketplay-new.com\/pt-br\/wp-json\/wp\/v2\/pages\/2592\/revisions\/5840"}],"wp:attachment":[{"href":"https:\/\/rocketplay-new.com\/pt-br\/wp-json\/wp\/v2\/media?parent=2592"}],"curies":[{"name":"wp","href":"https:\/\/api.w.org\/{rel}","templated":true}]}}