{"id":2581,"date":"2022-08-18T14:04:56","date_gmt":"2022-08-18T11:04:56","guid":{"rendered":"https:\/\/rocketplay-new.com\/break-da-bank\/"},"modified":"2025-11-25T23:26:01","modified_gmt":"2025-11-25T20:26:01","slug":"break-da-bank","status":"publish","type":"page","link":"https:\/\/rocketplay-new.com\/pt-br\/slot-machines\/break-da-bank\/","title":{"rendered":"Revisar o slot de quebra do banco"},"content":{"rendered":"<p><span class=\"\">Realize o sonho de todos os g\u00e2ngsteres dos filmes &#8211; tente entrar no banco e ficar rico.\u00a0<\/span>Afinal, isso \u00e9 bem poss\u00edvel gra\u00e7as ao slot Break da Bank Again.\u00a0Tente investir algum dinheiro real aqui e observe como isso ser\u00e1 mais do que recompensado para voc\u00ea em um futuro pr\u00f3ximo.\u00a0Um slot exclusivo da Microgaming com um tema legal diluir\u00e1 perfeitamente sua noite e mostrar\u00e1 como os videogames podem ser diversos.<\/p>\n<p><img loading=\"lazy\" decoding=\"async\" class=\"aligncenter wp-image-327 size-large lazy-loaded\" src=\"https:\/\/rocketplay-new.com\/wp-content\/uploads\/2022\/08\/breakdabank-logo-1024x359.jpeg\" sizes=\"auto, (max-width: 1024px) 100vw, 1024px\" srcset=\"https:\/\/rocketplay-new.com\/wp-content\/uploads\/2022\/08\/breakdabank-logo-1024x359.jpeg 1024w, https:\/\/rocketplay-new.com\/wp-content\/uploads\/2022\/08\/breakdabank-logo-300x105.jpeg 300w, https:\/\/rocketplay-new.com\/wp-content\/uploads\/2022\/08\/breakdabank-logo-768x269.jpeg 768w, https:\/\/rocketplay-new.com\/wp-content\/uploads\/2022\/08\/breakdabank-logo.jpeg 1140w\" alt=\"Logotipo do BreakDaBank\" width=\"1024\" height=\"359\" data-lazy-type=\"image\" data-src=\"https:\/\/rocketplay-new.com\/wp-content\/uploads\/2022\/08\/breakdabank-logo-1024x359.jpeg\" data-srcset=\"\" \/><\/p>\n<h2>BREAK DA BANK AGAIN: LAN\u00c7ANDO O SLOT PELA PRIMEIRA VEZ<\/h2>\n<p>A funcionalidade do jogo pode variar dependendo de qual vers\u00e3o voc\u00ea abriu.\u00a0J\u00e1 a Microgaming tem v\u00e1rias op\u00e7\u00f5es de jogos banc\u00e1rios, por exemplo, o Break da Bank Again megaways, que possui regras um pouco diferentes.<\/p>\n<p>Hoje vamos falar sobre o jogo de sempre.\u00a0Para execut\u00e1-lo, voc\u00ea precisa:<\/p>\n<ol>\n<li>Crie seu perfil no site do cassino ou insira sua conta pessoal, se j\u00e1 tiver uma.<\/li>\n<li>Encontre este jogo na pesquisa.<\/li>\n<li>Execute o slot no modo normal ou ative o jogo gratuito Break da Bank Again.<\/li>\n<li>Estude as informa\u00e7\u00f5es sobre o slot e veja o tamanho da aposta (se voc\u00ea jogar por dinheiro).\u00a0Ajuste-o se o tamanho padr\u00e3o n\u00e3o for adequado para voc\u00ea.<\/li>\n<li>Inicie as rodadas pressionando o bot\u00e3o central.<\/li>\n<\/ol>\n<p>Para sua comodidade, tamb\u00e9m existe um jogo autom\u00e1tico, onde voc\u00ea precisa definir o n\u00famero de rodadas que ser\u00e3o lan\u00e7adas automaticamente.\u00a0Voc\u00ea tamb\u00e9m pode acelerar a rota\u00e7\u00e3o das bobinas clicando no bot\u00e3o de giros acelerados.<\/p>\n<p>Outro ponto importante \u00e9 que, para jogar a dinheiro, voc\u00ea deve ter reabastecido sua conta.\u00a0O intervalo de apostas neste slot \u00e9 0,09\u201345.<\/p>\n<p><span style=\"font-weight: 400;\"><div class=\"tosh-btn\"><a href=\"\/go-casino\/\" target=\"_blank\" rel=\"noopener\">GANHE B\u00d4NUS<\/a><\/div><\/span><span style=\"font-weight: 400;\">\u00a0 <\/span><\/p>\n<h2>CARACTER\u00cdSTICAS DO BREAK DA BANK NOVAMENTE<\/h2>\n<p>Objetivamente, este slot tem uma estrutura bastante simples.\u00a0Consiste em 5 bobinas com tr\u00eas linhas de s\u00edmbolos.\u00a0Existem apenas 9 linhas de pagamento aqui, o que n\u00e3o \u00e9 muito comparado a outros slots.\u00a0No entanto, devido \u00e0 volatilidade m\u00e9dia, eles geralmente formam combina\u00e7\u00f5es vencedoras de bons tamanhos.\u00a0Por isso, o jogo de investimento \u00e9 prefer\u00edvel \u00e0 demo Break da Bank Again.<\/p>\n<p>Os s\u00edmbolos deste slot est\u00e3o associados a imagens tradicionais de cassino e, claro, ao tema banc\u00e1rio.\u00a0H\u00e1:<\/p>\n<ul>\n<li>denomina\u00e7\u00f5es de cart\u00f5es multicoloridos;<\/li>\n<li>barras de ouro;<\/li>\n<li>pacotes de d\u00f3lares;<\/li>\n<li>moedas;<\/li>\n<li>cheques banc\u00e1rios;<\/li>\n<li>gemas.<\/li>\n<\/ul>\n<p>H\u00e1 tamb\u00e9m um s\u00edmbolo especial aqui \u2013 o cofre, que \u00e9 o Scatter.\u00a0O logotipo do jogo \u00e9 o s\u00edmbolo Wild.\u00a0Eles trazem caracter\u00edsticas especiais.<\/p>\n<p>Por exemplo, Scatter n\u00e3o depende de linhas de pagamento e pode abrir rodadas de b\u00f4nus, que s\u00e3o gratuitas para o jogador.\u00a0O n\u00famero de rodadas gr\u00e1tis do Break da Bank Again nem sempre \u00e9 o mesmo.\u00a0Depende do n\u00famero de cofres que ca\u00edram na tela.\u00a0As rota\u00e7\u00f5es podem ser de 15 a 25.<\/p>\n<p>A prop\u00f3sito, durante a rodada especial, todos os ganhos s\u00e3o creditados de acordo com sua \u00faltima aposta e aumentar\u00e3o cinco vezes.<\/p>\n<p>Mas o segredo do s\u00edmbolo Wild n\u00e3o \u00e9 apenas substituir outras imagens.\u00a0Todas as combina\u00e7\u00f5es feitas com sua participa\u00e7\u00e3o s\u00e3o multiplicadas por 5, o que tamb\u00e9m aumenta significativamente seus ganhos.<\/p>\n<p><img loading=\"lazy\" decoding=\"async\" class=\"aligncenter wp-image-329 size-full lazy-loaded\" src=\"https:\/\/rocketplay-new.com\/wp-content\/uploads\/2022\/08\/break-da-bank-slot-1.jpeg\" sizes=\"auto, (max-width: 730px) 100vw, 730px\" srcset=\"https:\/\/rocketplay-new.com\/wp-content\/uploads\/2022\/08\/break-da-bank-slot-1.jpeg 730w, https:\/\/rocketplay-new.com\/wp-content\/uploads\/2022\/08\/break-da-bank-slot-1-300x205.jpeg 300w\" alt=\"\" width=\"730\" height=\"500\" data-lazy-type=\"image\" data-src=\"https:\/\/rocketplay-new.com\/wp-content\/uploads\/2022\/08\/break-da-bank-slot-1.jpeg\" data-srcset=\"\" \/><\/p>\n<h2>TEMA E DESIGN<\/h2>\n<p>O que torna este jogo fresco e urbano \u00e9 apenas o seu tema.\u00a0A atmosfera do banco \u00e9 transmitida muito bem.\u00a0O design do slot \u00e9 discreto.\u00a0O fundo \u00e9 estilizado como um cofre de banco, e os s\u00edmbolos nas bobinas se destacam nele.\u00a0A qualidade gr\u00e1fica \u00e9 alta;\u00a0em qualquer tela, voc\u00ea n\u00e3o ver\u00e1 pixels ou uma imagem difusa.\u00a0A anima\u00e7\u00e3o \u00e9 discreta.<\/p>\n<p>Particularmente se destaca \u00e9 como o s\u00edmbolo Scatter \u00e9 feito.\u00a0Este \u00e9 um cofre fechado que se abre se pelo menos 3 pe\u00e7as ca\u00edrem no campo.\u00a0Um banqueiro sair\u00e1 de um enorme cofre e, atr\u00e1s dele, voc\u00ea ver\u00e1 montanhas de riqueza, pelas quais voc\u00ea veio aqui.<\/p>\n<p>Quanto ao acompanhamento musical, aqui \u00e9 incomum.\u00a0Ao fundo, voc\u00ea pode ouvir o estrondo de uma ag\u00eancia banc\u00e1ria em funcionamento.\u00a0Durante as rodadas, um som caracter\u00edstico aparece, assim como durante os ganhos.\u00a0No entanto, se desejar, voc\u00ea pode desativar a trilha sonora.<\/p>\n<p><span style=\"font-weight: 400;\"><div class=\"tosh-btn\"><a href=\"\/go-casino\/\" target=\"_blank\" rel=\"noopener\">GANHE B\u00d4NUS<\/a><\/div><\/span><span style=\"font-weight: 400;\">\u00a0 <\/span><\/p>\n<p>&nbsp;<\/p>\n<h2>CONCLUS\u00c3O<\/h2>\n<p>Podemos supor que Break da Bank Again Brasil n\u00e3o \u00e9 em v\u00e3o t\u00e3o popular. Destaca-se do resto; n\u00e3o chato e interessante. Apesar do fato de n\u00e3o haver alta volatilidade aqui, \u00e9 bem poss\u00edvel obter grandes ganhos.<\/p>\n<p>O RTP aqui \u00e9 de 95,43% \u2013 um bom indicador para um jogador.\u00a0Voc\u00ea pode entrar aqui mesmo com uma pequena banca.<\/p>\n<p>A reprodu\u00e7\u00e3o instant\u00e2nea est\u00e1 dispon\u00edvel para todos os usu\u00e1rios, independentemente de uma pessoa jogar em um computador ou telefone.\u00a0O desenvolvedor adaptou o jogo para todos os dispositivos, ent\u00e3o hackear um banco agora \u00e9 muito mais f\u00e1cil!\u00a0O slot \u00e9 definitivamente recomendado para todos que ainda n\u00e3o est\u00e3o familiarizados com ele.<\/p>\n<p>Coment\u00e1rios sobre slots:<\/p>\n<ul>\n<li style=\"list-style-type: none;\">\n<ul>\n<li><a href=\"https:\/\/rocketplay-new.com\/pt-br\/slot-machines\/mega-moolah\/\">Mega Moolah<\/a><\/li>\n<li><a href=\"https:\/\/rocketplay-new.com\/pt-br\/slot-machines\/lightning-link\/\">Link Rel\u00e2mpago<\/a><\/li>\n<\/ul>\n<\/li>\n<\/ul>\n","protected":false},"excerpt":{"rendered":"<p>Realize o sonho de todos os g\u00e2ngsteres dos filmes &#8211; tente entrar no banco e ficar rico.\u00a0Afinal, isso \u00e9 bem poss\u00edvel gra\u00e7as ao slot Break da Bank Again.\u00a0Tente investir algum dinheiro real aqui e observe como isso ser\u00e1 mais do que recompensado para voc\u00ea em um futuro pr\u00f3ximo.\u00a0Um slot exclusivo da Microgaming com um tema&#8230;<\/p>\n","protected":false},"author":1,"featured_media":0,"parent":2614,"menu_order":0,"comment_status":"closed","ping_status":"closed","template":"","meta":{"_acf_changed":false,"_kad_post_transparent":"default","_kad_post_title":"default","_kad_post_layout":"default","_kad_post_sidebar_id":"","_kad_post_content_style":"default","_kad_post_vertical_padding":"default","_kad_post_feature":"","_kad_post_feature_position":"","_kad_post_header":false,"_kad_post_footer":false,"footnotes":""},"class_list":["post-2581","page","type-page","status-publish","hentry"],"acf":[],"rttpg_featured_image_url":null,"rttpg_author":{"display_name":"John","author_link":"https:\/\/rocketplay-new.com\/pt-br\/author\/pemvas95n89x\/"},"rttpg_comment":0,"rttpg_category":null,"rttpg_excerpt":"Realize o sonho de todos os g\u00e2ngsteres dos filmes &#8211; tente entrar no banco e ficar rico.\u00a0Afinal, isso \u00e9 bem poss\u00edvel gra\u00e7as ao slot Break da Bank Again.\u00a0Tente investir algum dinheiro real aqui e observe como isso ser\u00e1 mais do que recompensado para voc\u00ea em um futuro pr\u00f3ximo.\u00a0Um slot exclusivo da Microgaming com um tema...","_links":{"self":[{"href":"https:\/\/rocketplay-new.com\/pt-br\/wp-json\/wp\/v2\/pages\/2581","targetHints":{"allow":["GET"]}}],"collection":[{"href":"https:\/\/rocketplay-new.com\/pt-br\/wp-json\/wp\/v2\/pages"}],"about":[{"href":"https:\/\/rocketplay-new.com\/pt-br\/wp-json\/wp\/v2\/types\/page"}],"author":[{"embeddable":true,"href":"https:\/\/rocketplay-new.com\/pt-br\/wp-json\/wp\/v2\/users\/1"}],"replies":[{"embeddable":true,"href":"https:\/\/rocketplay-new.com\/pt-br\/wp-json\/wp\/v2\/comments?post=2581"}],"version-history":[{"count":7,"href":"https:\/\/rocketplay-new.com\/pt-br\/wp-json\/wp\/v2\/pages\/2581\/revisions"}],"predecessor-version":[{"id":6047,"href":"https:\/\/rocketplay-new.com\/pt-br\/wp-json\/wp\/v2\/pages\/2581\/revisions\/6047"}],"up":[{"embeddable":true,"href":"https:\/\/rocketplay-new.com\/pt-br\/wp-json\/wp\/v2\/pages\/2614"}],"wp:attachment":[{"href":"https:\/\/rocketplay-new.com\/pt-br\/wp-json\/wp\/v2\/media?parent=2581"}],"curies":[{"name":"wp","href":"https:\/\/api.w.org\/{rel}","templated":true}]}}