{"id":2570,"date":"2022-08-18T13:37:44","date_gmt":"2022-08-18T10:37:44","guid":{"rendered":"https:\/\/rocketplay-new.com\/book-of-dead\/"},"modified":"2025-11-25T23:24:27","modified_gmt":"2025-11-25T20:24:27","slug":"book-of-dead","status":"publish","type":"page","link":"https:\/\/rocketplay-new.com\/pt-br\/slot-machines\/book-of-dead\/","title":{"rendered":"RESENHA O LIVRO DO CA\u00c7A-N\u00cdQUEIS MORTO"},"content":{"rendered":"<p>Desvendando os mist\u00e9rios das antigas tumbas eg\u00edpcias, procurando tesouros l\u00e1, arriscando seus pr\u00f3prios fundos \u2013 por que n\u00e3o uma aventura emocionante?\u00a0Os slots eg\u00edpcios antigos surpreendem com a beleza de seu design e acompanhamento musical magn\u00e9tico.\u00a0Portanto, n\u00e3o \u00e9 de surpreender que existam dezenas deles nos cassinos online modernos.\u00a0Hoje vamos discutir o slot cult neste t\u00f3pico, e voc\u00ea obter\u00e1 a revis\u00e3o mais objetiva do Book of Dead e entender\u00e1 se este videogame atender\u00e1 \u00e0s suas necessidades.<\/p>\n<p><img loading=\"lazy\" decoding=\"async\" class=\"aligncenter wp-image-314 size-full lazy-loaded\" src=\"https:\/\/rocketplay-new.com\/wp-content\/uploads\/2022\/08\/book-of-dead-logo.jpeg\" sizes=\"auto, (max-width: 720px) 100vw, 720px\" srcset=\"https:\/\/rocketplay-new.com\/wp-content\/uploads\/2022\/08\/book-of-dead-logo.jpeg 720w, https:\/\/rocketplay-new.com\/wp-content\/uploads\/2022\/08\/book-of-dead-logo-300x196.jpeg 300w\" alt=\"livro do logotipo morto\" width=\"720\" height=\"471\" data-lazy-type=\"image\" data-src=\"https:\/\/rocketplay-new.com\/wp-content\/uploads\/2022\/08\/book-of-dead-logo.jpeg\" data-srcset=\"\" \/><\/p>\n<h2>MODO DE DEMONSTRA\u00c7\u00c3O \u2013 INTRODU\u00c7\u00c3O GRATUITA AO BOOK OF DEAD<\/h2>\n<p>Tendo lan\u00e7ado este videogame pela primeira vez, voc\u00ea n\u00e3o pode ficar indiferente a ele.\u00a0Mas \u00e9 sempre melhor fazer o primeiro contato sem gastar seu dinheiro com isso.\u00a0\u00c9 para esses fins que voc\u00ea pode jogar Book of Dead gratuitamente.<\/p>\n<p>Tal regime ir\u00e1 ajud\u00e1-lo:<\/p>\n<ul>\n<li>entender a mec\u00e2nica do slot;<\/li>\n<li>sinta se voc\u00ea gosta ou n\u00e3o;<\/li>\n<li>avaliar a qualidade gr\u00e1fica e sonora;<\/li>\n<li>verifique a frequ\u00eancia das combina\u00e7\u00f5es vencedoras;<\/li>\n<li>testar a estrat\u00e9gia do jogo.<\/li>\n<\/ul>\n<p>Os jogadores da Brasil t\u00eam a oportunidade de jogar o ca\u00e7a-n\u00edqueis de gra\u00e7a se ainda n\u00e3o estiverem prontos para gastar dinheiro ou simplesmente n\u00e3o tiverem seu pr\u00f3prio saldo.<\/p>\n<p><span style=\"font-weight: 400;\"><div class=\"tosh-btn\"><a href=\"\/go-casino\/\" target=\"_blank\" rel=\"noopener\">GANHE B\u00d4NUS<\/a><\/div><\/span><span style=\"font-weight: 400;\">\u00a0 <\/span><\/p>\n<h2>S\u00cdMBOLOS, TAXAS E OUTROS DETALHES DO LIVRO DOS MORTOS<\/h2>\n<p>Sem embelezamento, o slot Book of Dead \u00e9 um cl\u00e1ssico neste g\u00eanero.\u00a0\u00c0 semelhan\u00e7a deste jogo da Play&#8217;n Go, foram criados dezenas de videogames semelhantes.\u00a0E tudo gra\u00e7as aos recursos interessantes que o desenvolvedor colocou aqui.<\/p>\n<p>Ent\u00e3o vamos falar sobre s\u00edmbolos primeiro.\u00a0H\u00e1 dez deles aqui:<\/p>\n<ul>\n<li>denomina\u00e7\u00f5es de cartas (de 10 a \u00e1s);<\/li>\n<li>S\u00edmbolos eg\u00edpcios (An\u00fabis, Fara\u00f3 e outros);<\/li>\n<li>Rich Wilde \u2013 viajante e protagonista;<\/li>\n<li>livro dourado\u00a0<b>.<\/b><\/li>\n<\/ul>\n<p>O mais especial, claro, \u00e9 o\u00a0<b><\/b>s\u00edmbolo wild\u00a0<b>.\u00a0<\/b>Seu papel \u00e9 desempenhado por um livro misterioso.\u00a0\u00c9 capaz de substituir outros s\u00edmbolos, bem como ativar a rodada de b\u00f4nus quando aparece em uma quantidade de 3 ou mais em qualquer lugar do campo.\u00a0Al\u00e9m disso, tamb\u00e9m traz ganhos por conta pr\u00f3pria.<\/p>\n<p>Informa\u00e7\u00e3o t\u00e9cnica:<\/p>\n<ul>\n<li>tambores \u2013 5;<\/li>\n<li>linhas de pagamento \u2013 10;<\/li>\n<li>jogo autom\u00e1tico \u2013 sim;<\/li>\n<li>rota\u00e7\u00e3o acelerada \u2013 sim;<\/li>\n<li>a taxa m\u00ednima \u00e9 de 0,01;<\/li>\n<li>m\u00e1ximo \u2013 100.<\/li>\n<\/ul>\n<p>A produ\u00e7\u00e3o m\u00e1xima de que o Book of Dead online \u00e9 capaz \u00e9 meio milh\u00e3o.\u00a0E voc\u00ea tem todas as chances!<\/p>\n<p><img loading=\"lazy\" decoding=\"async\" class=\"aligncenter wp-image-315 size-full lazy-loaded\" src=\"https:\/\/rocketplay-new.com\/wp-content\/uploads\/2022\/08\/book-of-dead-slot.jpeg\" sizes=\"auto, (max-width: 838px) 100vw, 838px\" srcset=\"https:\/\/rocketplay-new.com\/wp-content\/uploads\/2022\/08\/book-of-dead-slot.jpeg 838w, https:\/\/rocketplay-new.com\/wp-content\/uploads\/2022\/08\/book-of-dead-slot-300x163.jpeg 300w, https:\/\/rocketplay-new.com\/wp-content\/uploads\/2022\/08\/book-of-dead-slot-768x418.jpeg 768w\" alt=\"Ca\u00e7a-n\u00edqueis do Livro dos Mortos\" width=\"838\" height=\"456\" data-lazy-type=\"image\" data-src=\"https:\/\/rocketplay-new.com\/wp-content\/uploads\/2022\/08\/book-of-dead-slot.jpeg\" data-srcset=\"\" \/><\/p>\n<h2>DUPLICANDO CHANCE E OUTRO LIVRO DO MODO MORTO<\/h2>\n<p>Para ganhar quantias realmente grandes, o jogador precisa pegar s\u00edmbolos de b\u00f4nus, que aqui \u00e9 o livro de rota\u00e7\u00e3o.\u00a0Ele inicia a rodada de b\u00f4nus, onde os ganhos se tornam muito maiores e o saldo do jogador permanece o mesmo de antes de come\u00e7ar.<\/p>\n<p>Em que consiste a rodada de b\u00f4nus?\u00a0S\u00e3o 10 rodadas gr\u00e1tis, durante as quais a m\u00e1quina n\u00e3o deduz dinheiro do jogador, mas apenas cr\u00e9ditos.\u00a0As rodadas s\u00e3o jogadas automaticamente.<\/p>\n<p>Como ele come\u00e7a?\u00a0Se houver 3 ou mais s\u00edmbolos de livro na tela.\u00a0N\u00e3o importa se eles pousam em uma linha vencedora ou n\u00e3o.<\/p>\n<p>A rodada de b\u00f4nus pode ser continuada?\u00a0Sim, se voc\u00ea tiver sorte o suficiente para que apare\u00e7am mais 3 imagens de livros.\u00a0Em seguida, as rodadas gr\u00e1tis do Book of Dead ser\u00e3o lan\u00e7adas novamente.\u00a0Isso pode continuar at\u00e9 a vit\u00f3ria m\u00e1xima.<\/p>\n<p>Al\u00e9m disso, os s\u00edmbolos de expans\u00e3o aparecem aleatoriamente durante a rodada de b\u00f4nus.\u00a0Qualquer imagem pode atuar como seu papel.\u00a0Dependendo disso, o valor que voc\u00ea pode ganhar mudar\u00e1.<\/p>\n<p>Outro recurso interessante onde voc\u00ea pode dobrar ou quadruplicar sua \u00faltima vit\u00f3ria \u00e9 um jogo de azar.\u00a0Suas regras b\u00e1sicas s\u00e3o:<\/p>\n<ul>\n<li>escolha a cor do cart\u00e3o que abre e dobre o \u00faltimo valor;<\/li>\n<li>escolha um naipe de cartas e quadruplica a quantidade de dinheiro.<\/li>\n<\/ul>\n<p>Se sua previs\u00e3o estiver correta, o jogo pode continuar \u00e0 vontade.\u00a0Isso pode ser feito at\u00e9 5 vezes.\u00a0Se voc\u00ea n\u00e3o adivinhar a cor ou o naipe, a rodada termina automaticamente.<\/p>\n<p>Esta slot machine tem regras muito simples.\u00a0Mas ganhar dinheiro real no Livro dos Mortos \u00e9 igualmente f\u00e1cil.<\/p>\n<p>Al\u00e9m de recursos interessantes, voc\u00ea tamb\u00e9m encontrar\u00e1 um bom design aqui.\u00a0O slot parece moderno, embora tenha sido lan\u00e7ado h\u00e1 cerca de 5 anos.\u00a0Ao fundo, o jogador v\u00ea uma tumba antiga, e o campo de jogo est\u00e1 cheio de s\u00edmbolos brilhantes e boas anima\u00e7\u00f5es.<\/p>\n<p><span style=\"font-weight: 400;\"><div class=\"tosh-btn\"><a href=\"\/go-casino\/\" target=\"_blank\" rel=\"noopener\">GANHE B\u00d4NUS<\/a><\/div><\/span><span style=\"font-weight: 400;\">\u00a0 <\/span><\/p>\n<h2>PERGUNTAS FREQUENTES SOBRE O LIVRO DOS MORTOS<\/h2>\n<h3>QUAL \u00c9 A PORCENTAGEM DE RTP NESTE SLOT?<\/h3>\n<p>A fabricante indica um indicador de 96,21%.\u00a0\u00c9 considerado bom o suficiente.\u00a0Isso \u00e9 alcan\u00e7ado pela presen\u00e7a de uma rodada de b\u00f4nus no jogo.\u00a0Este indicador permite que o jogador conte n\u00e3o apenas com um retorno, mas tamb\u00e9m com o aumento da banca com a devida sorte.<\/p>\n<h3>QUANTAS VEZES VOU GANHAR NESTE SLOT, E QU\u00c3O GRANDES S\u00c3O OS GANHOS?<\/h3>\n<p>A volatilidade \u00e9 respons\u00e1vel por isso nos slots.\u00a0Book of Dead tem uma m\u00e9dia.\u00a0Isso significa que os ganhos ser\u00e3o pequenos, mas bastante regulares.\u00a0Esta op\u00e7\u00e3o \u00e9 adequada para o longo prazo, embora n\u00e3o permita que voc\u00ea acerte o jackpot de forma acentuada.<\/p>\n<h3>POSSO JOGAR BOOK OF DEAD SEM DESPERDI\u00c7AR MEU DINHEIRO?<\/h3>\n<p>\u00c9 claro.\u00a0O desenvolvedor fez uma vers\u00e3o demo, que est\u00e1 dispon\u00edvel para todos os h\u00f3spedes do cassino onde o slot \u00e9 apresentado.<\/p>\n<p><strong>Coment\u00e1rios sobre slots:<\/strong><\/p>\n<ul>\n<li style=\"list-style-type: none;\">\n<ul>\n<li><a href=\"https:\/\/rocketplay-new.com\/pt-br\/slot-machines\">m\u00e1gico de Oz<\/a><\/li>\n<li><a href=\"https:\/\/rocketplay-new.com\/pt-br\/slot-machines\/starburst\/\">Explos\u00e3o Estelar<\/a><\/li>\n<\/ul>\n<\/li>\n<\/ul>\n","protected":false},"excerpt":{"rendered":"<p>Desvendando os mist\u00e9rios das antigas tumbas eg\u00edpcias, procurando tesouros l\u00e1, arriscando seus pr\u00f3prios fundos \u2013 por que n\u00e3o uma aventura emocionante?\u00a0Os slots eg\u00edpcios antigos surpreendem com a beleza de seu design e acompanhamento musical magn\u00e9tico.\u00a0Portanto, n\u00e3o \u00e9 de surpreender que existam dezenas deles nos cassinos online modernos.\u00a0Hoje vamos discutir o slot cult neste t\u00f3pico, e&#8230;<\/p>\n","protected":false},"author":1,"featured_media":0,"parent":2614,"menu_order":0,"comment_status":"closed","ping_status":"closed","template":"","meta":{"_acf_changed":false,"_kad_post_transparent":"default","_kad_post_title":"default","_kad_post_layout":"default","_kad_post_sidebar_id":"","_kad_post_content_style":"default","_kad_post_vertical_padding":"default","_kad_post_feature":"","_kad_post_feature_position":"","_kad_post_header":false,"_kad_post_footer":false,"footnotes":""},"class_list":["post-2570","page","type-page","status-publish","hentry"],"acf":[],"rttpg_featured_image_url":null,"rttpg_author":{"display_name":"John","author_link":"https:\/\/rocketplay-new.com\/pt-br\/author\/pemvas95n89x\/"},"rttpg_comment":0,"rttpg_category":null,"rttpg_excerpt":"Desvendando os mist\u00e9rios das antigas tumbas eg\u00edpcias, procurando tesouros l\u00e1, arriscando seus pr\u00f3prios fundos \u2013 por que n\u00e3o uma aventura emocionante?\u00a0Os slots eg\u00edpcios antigos surpreendem com a beleza de seu design e acompanhamento musical magn\u00e9tico.\u00a0Portanto, n\u00e3o \u00e9 de surpreender que existam dezenas deles nos cassinos online modernos.\u00a0Hoje vamos discutir o slot cult neste t\u00f3pico, e...","_links":{"self":[{"href":"https:\/\/rocketplay-new.com\/pt-br\/wp-json\/wp\/v2\/pages\/2570","targetHints":{"allow":["GET"]}}],"collection":[{"href":"https:\/\/rocketplay-new.com\/pt-br\/wp-json\/wp\/v2\/pages"}],"about":[{"href":"https:\/\/rocketplay-new.com\/pt-br\/wp-json\/wp\/v2\/types\/page"}],"author":[{"embeddable":true,"href":"https:\/\/rocketplay-new.com\/pt-br\/wp-json\/wp\/v2\/users\/1"}],"replies":[{"embeddable":true,"href":"https:\/\/rocketplay-new.com\/pt-br\/wp-json\/wp\/v2\/comments?post=2570"}],"version-history":[{"count":4,"href":"https:\/\/rocketplay-new.com\/pt-br\/wp-json\/wp\/v2\/pages\/2570\/revisions"}],"predecessor-version":[{"id":5891,"href":"https:\/\/rocketplay-new.com\/pt-br\/wp-json\/wp\/v2\/pages\/2570\/revisions\/5891"}],"up":[{"embeddable":true,"href":"https:\/\/rocketplay-new.com\/pt-br\/wp-json\/wp\/v2\/pages\/2614"}],"wp:attachment":[{"href":"https:\/\/rocketplay-new.com\/pt-br\/wp-json\/wp\/v2\/media?parent=2570"}],"curies":[{"name":"wp","href":"https:\/\/api.w.org\/{rel}","templated":true}]}}