{"id":2565,"date":"2022-08-11T19:26:18","date_gmt":"2022-08-11T16:26:18","guid":{"rendered":"https:\/\/rocketplay-new.com\/promo-code\/"},"modified":"2022-10-26T10:33:36","modified_gmt":"2022-10-26T07:33:36","slug":"promo-code","status":"publish","type":"page","link":"https:\/\/rocketplay-new.com\/pt-br\/promo-code\/","title":{"rendered":"C\u00d3DIGO PROMOCIONAL ROCKETPLAY 2023"},"content":{"rendered":"<div id=\"wppb-builder-container\" class=\"wppb-builder-container\"><p><img loading=\"lazy\" decoding=\"async\" class=\" wp-image-279 aligncenter\" src=\"https:\/\/rocketplay-new.com\/wp-content\/uploads\/2022\/08\/welcome_1300x640-1-300x148.png\" alt=\"rocket play casino\" width=\"574\" height=\"283\" srcset=\"https:\/\/rocketplay-new.com\/wp-content\/uploads\/2022\/08\/welcome_1300x640-1-300x148.png 300w, https:\/\/rocketplay-new.com\/wp-content\/uploads\/2022\/08\/welcome_1300x640-1-1024x504.png 1024w, https:\/\/rocketplay-new.com\/wp-content\/uploads\/2022\/08\/welcome_1300x640-1-768x378.png 768w, https:\/\/rocketplay-new.com\/wp-content\/uploads\/2022\/08\/welcome_1300x640-1.png 1300w\" sizes=\"auto, (max-width: 574px) 100vw, 574px\" \/><\/p>\n<p><span>Ao obter o c\u00f3digo promocional\u00a0<\/span><a href=\"https:\/\/rocketplay-new.com\/pt-br\"><span>RocketPlay<\/span><\/a><span>\u00a02022\u00a0<\/span><span>, voc\u00ea precisa encontrar as principais vantagens dessa op\u00e7\u00e3o de promo\u00e7\u00e3o ao cliente.\u00a0Em primeiro lugar,\u00a0as combina\u00e7\u00f5es de\u00a0<\/span><a href=\"https:\/\/rocketplay-new.com\/pt-br\/bonus\/\"><span>b\u00f4nus podem ser usadas para jogar gr\u00e1tis.\u00a0<\/span><\/a><span>Este presente da institui\u00e7\u00e3o permite que voc\u00ea n\u00e3o gaste seu dinheiro.\u00a0Em caso de vit\u00f3ria, o apostador pode retirar dinheiro ou us\u00e1-lo para mais jogos de azar.<\/span><\/p>\n<p><span>Em segundo lugar, qualquer pessoa pode receber e usar facilmente todos os c\u00f3digos promocionais ativos.\u00a0Para fazer isso, basta estudar a lista de novos c\u00f3digos promocionais de cassino no site.\u00a0A \u00fanica regra a ser lembrada \u00e9 que um\u00a0<\/span><span>c\u00f3digo de b\u00f4nus RocketPlay\u00a0<\/span><span>s\u00f3 pode ser usado uma vez.<\/span><\/p>\n<p><span>Em terceiro lugar, para usar b\u00f4nus para c\u00f3digos promocionais, n\u00e3o \u00e9 absolutamente necess\u00e1rio fazer um dep\u00f3sito.\u00a0<\/span><span>O c\u00f3digo de b\u00f4nus sem dep\u00f3sito RocketPlay\u00a0<\/span><span>est\u00e1 dispon\u00edvel para jogadores.\u00a0Este presente do clube de jogos permite que voc\u00ea ganhe sem depositar dinheiro.\u00a0Para us\u00e1-lo, voc\u00ea deve estudar cuidadosamente os termos da oferta de b\u00f4nus.\u00a0Eles podem se referir \u00e0 aposta m\u00e1xima e ao valor do pr\u00eamio, bem como \u00e0s restri\u00e7\u00f5es do jogo e do pa\u00eds.\u00a0Al\u00e9m disso, voc\u00ea precisa levar em conta o valor da aposta.<\/span><\/p>\n<p><span>Os c\u00f3digos promocionais do cassino em 2023 n\u00e3o s\u00e3o apenas uma ferramenta de marketing.\u00a0Esta \u00e9 uma oportunidade de iniciar um jogo de sucesso em um cassino online com investimento zero ou m\u00ednimo.\u00a0Nesse caso, \u00e9 necess\u00e1rio se registrar no site oficial do site de jogos de azar.\u00a0A verifica\u00e7\u00e3o do usu\u00e1rio tamb\u00e9m pode ser necess\u00e1ria.\u00a0Baseia-se na confirma\u00e7\u00e3o da identidade do jogador e nos detalhes de sua carteira eletr\u00f4nica ou cart\u00e3o banc\u00e1rio.<\/span><\/p>\n<h2><span>COMO USAR O C\u00d3DIGO PROMOCIONAL &#8211; PASSO A PASSO<\/span><\/h2>\n<p><span>Como obter e usar\u00a0<\/span><span>o c\u00f3digo promocional do cassino RocketPlay\u00a0<\/span><span>?\u00a0Eles est\u00e3o dispon\u00edveis em sites de parceiros ou podem ser enviados por correio.\u00a0Depois de receber os s\u00edmbolos secretos, o jogador deve ativar o c\u00f3digo promocional.\u00a0As regras de ativa\u00e7\u00e3o dependem das condi\u00e7\u00f5es de uma promo\u00e7\u00e3o espec\u00edfica.\u00a0No entanto, na maioria dos casos, um c\u00f3digo promocional de cassino online pode ser ativado da seguinte forma:<\/span><\/p>\n<ul>\n<li aria-level=\"1\"><span>acesse o site oficial da institui\u00e7\u00e3o de jogos online que fornece o b\u00f4nus;<\/span><\/li>\n<li aria-level=\"1\"><span>registrar-se, confirmar a maioridade e concordar com as regras do cassino;<\/span><\/li>\n<li aria-level=\"1\"><span>fa\u00e7a login e v\u00e1 para sua conta pessoal;<\/span><\/li>\n<li aria-level=\"1\"><span>v\u00e1 para a se\u00e7\u00e3o do site com ofertas de b\u00f4nus (geralmente \u00e9 chamado de \u201cPresentes\u201d, \u201cB\u00f4nus\u201d ou \u201cPromo\u00e7\u00f5es\u201d);<\/span><\/li>\n<li aria-level=\"1\"><span>escolha uma oferta de b\u00f4nus interessante;<\/span><\/li>\n<li aria-level=\"1\"><span>insira o c\u00f3digo promocional na p\u00e1gina da promo\u00e7\u00e3o e aguarde a ativa\u00e7\u00e3o.<\/span><\/li>\n<\/ul>\n<p><span>Nesse caso, certifique-se de levar em considera\u00e7\u00e3o as condi\u00e7\u00f5es para obter um c\u00f3digo promocional.\u00a0\u00c0s vezes, a presen\u00e7a de sinais secretos n\u00e3o \u00e9 suficiente.\u00a0Por exemplo, voc\u00ea tamb\u00e9m pode precisar fazer um dep\u00f3sito de uma certa quantia, fazer uma aposta, etc. Voc\u00ea tamb\u00e9m deve considerar a data de expira\u00e7\u00e3o da promo\u00e7\u00e3o.\u00a0Assim que expirar, o c\u00f3digo promocional ficar\u00e1 inativo.\u00a0Portanto, o jogador n\u00e3o poder\u00e1 receber uma recompensa.<\/span><\/p>\n<p><span>Outra regra importante \u00e9 que os c\u00f3digos promocionais do cassino online s\u00f3 podem ser usados \u200b\u200buma vez.\u00a0A reinser\u00e7\u00e3o dos s\u00edmbolos secretos n\u00e3o levar\u00e1 ao cr\u00e9dito de b\u00f4nus.\u00a0Com a ajuda deles, voc\u00ea ter\u00e1 a oportunidade de descobrir todas as vantagens de cada programa, usando uma variedade de combina\u00e7\u00f5es no cassino, o que tornar\u00e1 o processo de jogo o mais lucrativo poss\u00edvel.<\/span><\/p>\n<p><span>Tamb\u00e9m deve ser destacado que \u00e9 muito f\u00e1cil reconquistar a promo\u00e7\u00e3o.\u00a0Voc\u00ea pode facilmente sacar dinheiro para um cart\u00e3o ou carteira virtual.\u00a0Para fazer isso, voc\u00ea precisar\u00e1 cumprir uma s\u00e9rie de condi\u00e7\u00f5es de apostas, e ser\u00e1 bastante simples fazer isso.<\/span><\/p>\n<p><img loading=\"lazy\" decoding=\"async\" class=\"wp-image-278 aligncenter lazy-loaded\" src=\"https:\/\/rocketplay-new.com\/wp-content\/uploads\/2022\/08\/online-casino-promo-codes-1-300x195.jpg\" sizes=\"auto, (max-width: 551px) 100vw, 551px\" srcset=\"https:\/\/rocketplay-new.com\/wp-content\/uploads\/2022\/08\/online-casino-promo-codes-1-300x195.jpg 300w, https:\/\/rocketplay-new.com\/wp-content\/uploads\/2022\/08\/online-casino-promo-codes-1-768x499.jpg 768w, https:\/\/rocketplay-new.com\/wp-content\/uploads\/2022\/08\/online-casino-promo-codes-1.jpg 1000w\" alt=\"c\u00f3digos promocionais\" width=\"551\" height=\"358\" data-lazy-type=\"image\" data-src=\"https:\/\/rocketplay-new.com\/wp-content\/uploads\/2022\/08\/online-casino-promo-codes-1-300x195.jpg\" data-srcset=\"\" \/><\/p>\n<h2><span>CONCLUS\u00c3O<\/span><\/h2>\n<p><span>Antes de usar o b\u00f4nus, \u00e9 recomend\u00e1vel ler atentamente suas regras.\u00a0Alguns cassinos limitam a lista de m\u00e9todos de pagamento que podem ser usados \u200b\u200bcomo parte da promo\u00e7\u00e3o.\u00a0Restri\u00e7\u00f5es tamb\u00e9m podem ser aplicadas aos ganhos m\u00e1ximos para apostas em fundos de b\u00f4nus.\u00a0Neste caso, se o limite for excedido, o jogador poder\u00e1 retirar apenas o valor m\u00e1ximo permitido de ganhos.\u00a0O valor restante ser\u00e1 cancelado.<\/span><\/p>\n<p><span>Se o jogador cumpriu as condi\u00e7\u00f5es da promo\u00e7\u00e3o e usou com sucesso os c\u00f3digos promocionais do cassino online, ele poder\u00e1 receber seus ganhos de qualquer maneira poss\u00edvel.\u00a0Para isso voc\u00ea precisa:<\/span><\/p>\n<ul>\n<li aria-level=\"1\"><span>v\u00e1 para a se\u00e7\u00e3o Caixa no site do cassino;<\/span><\/li>\n<li aria-level=\"1\"><span>selecione a guia \u201cDepositar fundos\u201d;<\/span><\/li>\n<li aria-level=\"1\"><span>escolha uma forma de pagamento dispon\u00edvel;<\/span><\/li>\n<li aria-level=\"1\"><span>indicar o valor do pagamento;<\/span><\/li>\n<li aria-level=\"1\"><span>confirme suas a\u00e7\u00f5es.<\/span><\/li>\n<\/ul>\n<p><span>Deve-se notar que o pagamento dos ganhos \u00e9 feito da mesma forma que foi usado para fazer o dep\u00f3sito.\u00a0No cassino, voc\u00ea pode reabastecer sua conta e sacar ganhos usando um cart\u00e3o banc\u00e1rio ou carteira eletr\u00f4nica.<\/span><\/p>\n<h2><span>PERGUNTAS FREQUENTES<\/span><\/h2>\n<h3><span>COMO OBTER C\u00d3DIGOS PROMOCIONAIS?<\/span><\/h3>\n<p><span>Para obter um c\u00f3digo promocional, voc\u00ea precisa:<\/span><\/p>\n<ul>\n<li aria-level=\"1\"><span>Escolha um c\u00f3digo de b\u00f4nus (mostrado na tabela).<\/span><\/li>\n<li aria-level=\"1\"><span>Clique no bot\u00e3o Iniciar.<\/span><\/li>\n<li aria-level=\"1\"><span>V\u00e1 para o seu casino online favorito.<\/span><\/li>\n<li aria-level=\"1\"><span>Registre-se.<\/span><\/li>\n<li aria-level=\"1\"><span>Cumprir as condi\u00e7\u00f5es para obter o c\u00f3digo promocional selecionado.<\/span><\/li>\n<\/ul>\n<h3><span>QUAIS S\u00c3O OS BENEF\u00cdCIOS DE USAR C\u00d3DIGOS DE B\u00d4NUS?<\/span><\/h3>\n<p><span>A principal vantagem de jogar com c\u00f3digos promocionais \u00e9 que voc\u00ea n\u00e3o pode depositar seu pr\u00f3prio dinheiro, mas sim jogar com os fundos de um estabelecimento de jogo.\u00a0Voc\u00ea tamb\u00e9m pode aumentar a chance de ganhar em um cassino online.<\/span><\/p>\n<h3><span>POR QUE O C\u00d3DIGO PROMOCIONAL N\u00c3O EST\u00c1 FUNCIONANDO?<\/span><\/h3>\n<p><span>Voc\u00ea deve se registrar ou fazer login no site onde deseja usar o b\u00f4nus.\u00a0Voc\u00ea tamb\u00e9m deve verificar se o b\u00f4nus indicado corresponde ao cassino?\u00a0Se tudo estiver correto e a ativa\u00e7\u00e3o n\u00e3o funcionar, entre em contato com o suporte t\u00e9cnico.<\/span><\/p>\n<h3><span>\u00c9 POSS\u00cdVEL TRADUZIR PROMO EM DINHEIRO?<\/span><\/h3>\n<p><span>Se este c\u00f3digo lhe creditar dinheiro, provavelmente eles s\u00e3o virtuais.\u00a0Para receber dinheiro real, voc\u00ea deve atender \u00e0s condi\u00e7\u00f5es para usar o b\u00f4nus.<\/span><\/p>\n<h3><span>POR QUE VOC\u00ca PRECISA DE C\u00d3DIGOS PROMOCIONAIS EM UM CASSINO?<\/span><\/h3>\n<p><span>Estes s\u00e3o s\u00edmbolos especiais que fornecem ao jogador certos b\u00f4nus.\u00a0Em cada casino, estes b\u00f3nus podem ser diferentes e as condi\u00e7\u00f5es para a sua utiliza\u00e7\u00e3o tamb\u00e9m.<\/span><\/p>\n<h3><span>PRECISO DEPOSITAR DINHEIRO PARA ATIVAR UM C\u00d3DIGO PROMOCIONAL?<\/span><\/h3>\n<p><span>N\u00e3o \u00e9 necess\u00e1rio.\u00a0Muitos sites fornecem c\u00f3digos de b\u00f4nus sem fazer um primeiro dep\u00f3sito.\u00a0Esses c\u00f3digos promocionais s\u00e3o chamados sem dep\u00f3sito.<\/span><\/p>\n<\/div>","protected":false},"excerpt":{"rendered":"<p>Ao obter o c\u00f3digo promocional\u00a0RocketPlay\u00a02022\u00a0, voc\u00ea precisa encontrar as principais vantagens dessa op\u00e7\u00e3o de promo\u00e7\u00e3o ao cliente.\u00a0Em primeiro lugar,\u00a0as combina\u00e7\u00f5es de\u00a0b\u00f4nus podem ser usadas para jogar gr\u00e1tis.\u00a0Este presente da institui\u00e7\u00e3o permite que voc\u00ea n\u00e3o gaste seu dinheiro.\u00a0Em caso de vit\u00f3ria, o apostador pode retirar dinheiro ou us\u00e1-lo para mais jogos de azar. Em segundo lugar,&#8230;<\/p>\n","protected":false},"author":1,"featured_media":0,"parent":0,"menu_order":0,"comment_status":"closed","ping_status":"closed","template":"","meta":{"_acf_changed":false,"_kad_post_transparent":"default","_kad_post_title":"default","_kad_post_layout":"default","_kad_post_sidebar_id":"","_kad_post_content_style":"default","_kad_post_vertical_padding":"default","_kad_post_feature":"","_kad_post_feature_position":"","_kad_post_header":false,"_kad_post_footer":false,"footnotes":""},"class_list":["post-2565","page","type-page","status-publish","hentry"],"acf":[],"rttpg_featured_image_url":null,"rttpg_author":{"display_name":"John","author_link":"https:\/\/rocketplay-new.com\/pt-br\/author\/pemvas95n89x\/"},"rttpg_comment":0,"rttpg_category":null,"rttpg_excerpt":"Ao obter o c\u00f3digo promocional\u00a0RocketPlay\u00a02022\u00a0, voc\u00ea precisa encontrar as principais vantagens dessa op\u00e7\u00e3o de promo\u00e7\u00e3o ao cliente.\u00a0Em primeiro lugar,\u00a0as combina\u00e7\u00f5es de\u00a0b\u00f4nus podem ser usadas para jogar gr\u00e1tis.\u00a0Este presente da institui\u00e7\u00e3o permite que voc\u00ea n\u00e3o gaste seu dinheiro.\u00a0Em caso de vit\u00f3ria, o apostador pode retirar dinheiro ou us\u00e1-lo para mais jogos de azar. Em segundo lugar,...","_links":{"self":[{"href":"https:\/\/rocketplay-new.com\/pt-br\/wp-json\/wp\/v2\/pages\/2565","targetHints":{"allow":["GET"]}}],"collection":[{"href":"https:\/\/rocketplay-new.com\/pt-br\/wp-json\/wp\/v2\/pages"}],"about":[{"href":"https:\/\/rocketplay-new.com\/pt-br\/wp-json\/wp\/v2\/types\/page"}],"author":[{"embeddable":true,"href":"https:\/\/rocketplay-new.com\/pt-br\/wp-json\/wp\/v2\/users\/1"}],"replies":[{"embeddable":true,"href":"https:\/\/rocketplay-new.com\/pt-br\/wp-json\/wp\/v2\/comments?post=2565"}],"version-history":[{"count":2,"href":"https:\/\/rocketplay-new.com\/pt-br\/wp-json\/wp\/v2\/pages\/2565\/revisions"}],"predecessor-version":[{"id":2568,"href":"https:\/\/rocketplay-new.com\/pt-br\/wp-json\/wp\/v2\/pages\/2565\/revisions\/2568"}],"wp:attachment":[{"href":"https:\/\/rocketplay-new.com\/pt-br\/wp-json\/wp\/v2\/media?parent=2565"}],"curies":[{"name":"wp","href":"https:\/\/api.w.org\/{rel}","templated":true}]}}