{"id":2558,"date":"2022-08-11T19:50:04","date_gmt":"2022-08-11T16:50:04","guid":{"rendered":"https:\/\/rocketplay-new.com\/no-deposit-bonus\/"},"modified":"2022-11-01T13:54:35","modified_gmt":"2022-11-01T10:54:35","slug":"no-deposit-bonus","status":"publish","type":"page","link":"https:\/\/rocketplay-new.com\/pt-br\/no-deposit-bonus\/","title":{"rendered":"C\u00f3digos de b\u00f4nus sem dep\u00f3sito RocketPlay"},"content":{"rendered":"<p><img loading=\"lazy\" decoding=\"async\" class=\" wp-image-288 aligncenter\" src=\"https:\/\/rocketplay-new.com\/wp-content\/uploads\/2022\/08\/no-deposit-bonuses-feature-img-300x150.png\" alt=\"no deposit bonuses\" width=\"646\" height=\"323\" srcset=\"https:\/\/rocketplay-new.com\/wp-content\/uploads\/2022\/08\/no-deposit-bonuses-feature-img-300x150.png 300w, https:\/\/rocketplay-new.com\/wp-content\/uploads\/2022\/08\/no-deposit-bonuses-feature-img-1024x512.png 1024w, https:\/\/rocketplay-new.com\/wp-content\/uploads\/2022\/08\/no-deposit-bonuses-feature-img-768x384.png 768w, https:\/\/rocketplay-new.com\/wp-content\/uploads\/2022\/08\/no-deposit-bonuses-feature-img.png 1200w\" sizes=\"auto, (max-width: 646px) 100vw, 646px\" \/><\/p>\n<p><span class=\"\">Nos estabelecimentos online, ao criar uma nova conta, o b\u00f4nus \u00e9 dividido condicionalmente em dois tipos:<\/span><\/p>\n<p>No dep\u00f3sito \u2013 requer reabastecimento em dinheiro.\u00a0Pode ser certas porcentagens de dinheiro ou rodadas de b\u00f4nus.\u00a0As condi\u00e7\u00f5es de obten\u00e7\u00e3o e utiliza\u00e7\u00e3o de um estabelecimento de jogo s\u00e3o estabelecidas de forma privada.<\/p>\n<p><a href=\"https:\/\/rocketplay-new.com\/pt-br\">RocketPlay<\/a>\u00a0sem b\u00f4nus de dep\u00f3sito \u2013 o usu\u00e1rio o recebe sem depositar seu pr\u00f3prio dinheiro.\u00a0Geralmente s\u00e3o rodadas adicionais.\u00a0Ao mesmo tempo, os termos de uso e apostas s\u00e3o visivelmente mais complexos do que na vers\u00e3o paga.<\/p>\n<p>Uma caracter\u00edstica do b\u00f4nus sem dep\u00f3sito do cassino RocketPlay 2023 \u00e9 a possibilidade de ganhar sem depositar fundos.\u00a0\u00c9 conveniente e lucrativo, pois n\u00e3o h\u00e1 necessidade de gastar seu dinheiro.\u00a0Mas, para receb\u00ea-lo, voc\u00ea precisar\u00e1 cumprir v\u00e1rias condi\u00e7\u00f5es obrigat\u00f3rias da institui\u00e7\u00e3o.<\/p>\n<p>O b\u00f4nus de cassino gr\u00e1tis sem dep\u00f3sito RocketPlay \u00e9 oferecido ao registrar uma nova conta.\u00a0O b\u00f4nus funciona como uma recompensa para um novo cliente.\u00a0Assim, o portal da Internet deseja obter o maior n\u00famero poss\u00edvel de clientes.\u00a0Mas n\u00e3o s\u00f3 o escrit\u00f3rio continua sendo o vencedor.\u00a0Um jogador pode jogar v\u00e1rias rodadas gratuitamente sem depositar seus pr\u00f3prios fundos.\u00a0Os presentes s\u00e3o dos seguintes tipos:<\/p>\n<p><a href=\"https:\/\/rocketplay-new.com\/pt-br\/free-spins\/\">As rodadas gr\u00e1tis<\/a>\u00a0s\u00e3o rodadas extras.\u00a0Eles s\u00e3o emitidos para m\u00e1quinas ca\u00e7a-n\u00edqueis especialmente alocadas para promo\u00e7\u00f5es.\u00a0\u00c9 necess\u00e1rio usar a rota\u00e7\u00e3o dentro de um determinado tempo.\u00a0Cada rodada tem um valor de face.\u00a0O jogador recebe todos os b\u00f4nus ao mesmo tempo ou por um determinado tempo.\u00a0Ser\u00e1 mencionado nos termos e condi\u00e7\u00f5es.<\/p>\n<p>Quantidade de b\u00f4nus em dinheiro \u2013 ao contr\u00e1rio das rodadas gr\u00e1tis, voc\u00ea pode decidir por uma.\u00a0qual ser\u00e1 a taxa.\u00a0Existem m\u00e1quinas especiais para isso.<\/p>\n<p>Os ganhos s\u00e3o enviados para a conta de b\u00f4nus.\u00a0Uma aposta \u00e9 imposta a cada aposta ganha.\u00a0Ser\u00e1 poss\u00edvel retirar o b\u00f4nus de registro do cassino somente ap\u00f3s as apostas completas.<\/p>\n<h2>COMO REIVINDICAR UM B\u00d4NUS SEM DEP\u00d3SITO<\/h2>\n<p>O que \u00e9 um B\u00f4nus de Registro de Jogador?\u00a0Em estabelecimentos online, um b\u00f4nus pode ser emitido em diferentes condi\u00e7\u00f5es.\u00a0O site define as regras para receber e n\u00e3o usar nenhum dep\u00f3sito em particular.\u00a0Mas primeiro voc\u00ea precisa se registrar e passar na verifica\u00e7\u00e3o.\u00a0Instru\u00e7\u00e3o passo a passo:<\/p>\n<ul>\n<li aria-level=\"1\">Voc\u00ea precisar\u00e1 fornecer um endere\u00e7o postal para confirmar seu registro.\u00a0Al\u00e9m disso, ser\u00e1 necess\u00e1rio posteriormente, portanto, o endere\u00e7o deve estar funcionando.<\/li>\n<li aria-level=\"1\">Adicione um n\u00famero de telefone \u2013 voc\u00ea tamb\u00e9m precisar\u00e1 dele mais tarde.\u00a0Ao verificar a identidade, o departamento de seguran\u00e7a do site pode fazer uma chamada de teste.<\/li>\n<li aria-level=\"1\">Crie uma senha de seis ou mais caracteres.\u00a0Alguns sites exigem que voc\u00ea crie uma senha com letras e caracteres especiais.<\/li>\n<li aria-level=\"1\">Selecione a moeda \u2014 os c\u00e1lculos s\u00e3o feitos pelo valor nominal.\u00a0N\u00e3o \u00e9 poss\u00edvel alterar a sele\u00e7\u00e3o posteriormente.<\/li>\n<li aria-level=\"1\">Insira seu pa\u00eds, cidade, endere\u00e7o residencial e CEP, se necess\u00e1rio.<\/li>\n<\/ul>\n<p>Passe por uma verifica\u00e7\u00e3o de identidade \u2013 tire uma foto do seu passaporte ou carteira de motorista.\u00a0A foto deve ser de alta qualidade.\u00a0Se voc\u00ea precisar de uma foto de um cart\u00e3o de pl\u00e1stico, alguns n\u00fameros devem estar ocultos.\u00a0A verifica\u00e7\u00e3o leva de 24 horas a 3 dias sob os termos da pol\u00edtica da administra\u00e7\u00e3o.<\/p>\n<p>Escolha um b\u00f4nus sem dep\u00f3sito se n\u00e3o for dado imediatamente ap\u00f3s o registro.\u00a0Voc\u00ea tamb\u00e9m pode precisar usar os c\u00f3digos de b\u00f4nus sem dep\u00f3sito do cassino RocketPlay.\u00a0O usu\u00e1rio precisa estudar cuidadosamente as condi\u00e7\u00f5es do jogo.<\/p>\n<p>Todos os dados devem ser preenchidos com precis\u00e3o, caso contr\u00e1rio o processo ser\u00e1 rejeitado e tudo o que voc\u00ea ganhar definitivamente n\u00e3o poder\u00e1 ser retirado.\u00a0A re-verifica\u00e7\u00e3o do rosto pode demorar mais, e alguns estabelecimentos cobram multa pela re-verifica\u00e7\u00e3o por culpa do cliente.\u00a0Depois disso, o apostador recebe b\u00f4nus especiais pelo registro.<\/p>\n<p><img loading=\"lazy\" decoding=\"async\" class=\"wp-image-269 aligncenter lazy-loaded\" src=\"https:\/\/rocketplay-new.com\/wp-content\/uploads\/2022\/08\/rocketplay.png.81fad21a548a0bf925c5d798697b8947-1-300x97.png\" sizes=\"auto, (max-width: 600px) 100vw, 600px\" srcset=\"https:\/\/rocketplay-new.com\/wp-content\/uploads\/2022\/08\/rocketplay.png.81fad21a548a0bf925c5d798697b8947-1-300x97.png 300w, https:\/\/rocketplay-new.com\/wp-content\/uploads\/2022\/08\/rocketplay.png.81fad21a548a0bf925c5d798697b8947-1.png 496w\" alt=\"jogo de foguete\" width=\"600\" height=\"194\" data-lazy-type=\"image\" data-src=\"https:\/\/rocketplay-new.com\/wp-content\/uploads\/2022\/08\/rocketplay.png.81fad21a548a0bf925c5d798697b8947-1-300x97.png\" data-srcset=\"\" \/><\/p>\n<h2>OUTROS B\u00d4NUS DE JOGO DE FOGUETE<\/h2>\n<p>Que outras ofertas especiais existem?\u00a0Al\u00e9m do b\u00f4nus sem dep\u00f3sito do RocketPlay na Brasil, existem essas ofertas para os jogadores:<\/p>\n<ul>\n<li aria-level=\"1\">Nenhum b\u00f4nus de dep\u00f3sito.\u00a0Fornecido como um conjunto de rodadas adicionais.\u00a0Todas as regras que se aplicam a esta oferta est\u00e3o escritas nas condi\u00e7\u00f5es de ativa\u00e7\u00e3o.<\/li>\n<li aria-level=\"1\">Dinheiro de volta.\u00a0Cashback \u00e9 um reembolso parcial do valor dos fundos que os jogadores perderam.\u00a0Voc\u00ea pode obter um reembolso desde que o jogador tenha perdido durante o per\u00edodo cont\u00e1bil, ou seja, ele tenha feito dep\u00f3sitos de um valor total maior do que o dinheiro retirado (levando em considera\u00e7\u00e3o o saldo atual).\u00a0O b\u00f4nus est\u00e1 dispon\u00edvel todas as semanas\/m\u00eas.<\/li>\n<li aria-level=\"1\">Porcentagem do valor.\u00a0Na maioria das vezes \u00e9 de 100% a 200%.<\/li>\n<li aria-level=\"1\">B\u00f4nus para registro.\u00a0Todos os usu\u00e1rios podem receber um presente de boas-vindas pela conclus\u00e3o bem-sucedida do processo.\u00a0Pode ser porcentagem de dinheiro ou rodadas gr\u00e1tis.<\/li>\n<li aria-level=\"1\">Existem v\u00e1rias ofertas especiais com o uso de c\u00f3digos promocionais, v\u00e1rias promo\u00e7\u00f5es e muito mais.<\/li>\n<\/ul>\n<h2>PERGUNTAS FREQUENTES<\/h2>\n<h3>QUEM PODE RECEBER INCENTIVOS ESPECIAIS?<\/h3>\n<p>Cada usu\u00e1rio rec\u00e9m-registrado recebe um presente.\u00a0Cada institui\u00e7\u00e3o d\u00e1 um presente aos iniciantes para que eles tenham um incentivo e interesse.<\/p>\n<h3>COMO POSSO SACAR UM B\u00d4NUS SEM DEP\u00d3SITO?<\/h3>\n<p>Para come\u00e7ar, esta promo\u00e7\u00e3o deve ser recuperada.\u00a0Sem isso, voc\u00ea n\u00e3o retirar\u00e1 fundos de forma alguma.\u00a0Portanto, voc\u00ea deve sempre ler atentamente as condi\u00e7\u00f5es da institui\u00e7\u00e3o para que n\u00e3o haja surpresas desagrad\u00e1veis.<\/p>\n<h3>O QUE POSSO FAZER COM MEU B\u00d4NUS DE INSCRI\u00c7\u00c3O GR\u00c1TIS?<\/h3>\n<p>Geralmente \u00e9 gasto em testes de v\u00e1rias m\u00e1quinas ca\u00e7a-n\u00edqueis, bem como roleta, p\u00f4quer e outros jogos que voc\u00ea encontrar\u00e1 no site.\u00a0\u00c9 uma \u00f3tima maneira de obter novos jogos e op\u00e7\u00f5es para encontrar a melhor op\u00e7\u00e3o para voc\u00ea.<\/p>\n<h3>QUANTAS VEZES POSSO OBTER UM B\u00d4NUS DE INSCRI\u00c7\u00c3O?<\/h3>\n<p>Apenas uma vez.\u00a0Se voc\u00ea tentar cadastrar outra conta no mesmo site, com grande possibilidade, o sistema entender\u00e1 isso e bloquear\u00e1 sua conta.<\/p>\n","protected":false},"excerpt":{"rendered":"<p>Nos estabelecimentos online, ao criar uma nova conta, o b\u00f4nus \u00e9 dividido condicionalmente em dois tipos: No dep\u00f3sito \u2013 requer reabastecimento em dinheiro.\u00a0Pode ser certas porcentagens de dinheiro ou rodadas de b\u00f4nus.\u00a0As condi\u00e7\u00f5es de obten\u00e7\u00e3o e utiliza\u00e7\u00e3o de um estabelecimento de jogo s\u00e3o estabelecidas de forma privada. RocketPlay\u00a0sem b\u00f4nus de dep\u00f3sito \u2013 o usu\u00e1rio o&#8230;<\/p>\n","protected":false},"author":1,"featured_media":0,"parent":0,"menu_order":0,"comment_status":"closed","ping_status":"closed","template":"single-no-sidebar.php","meta":{"_acf_changed":false,"_kad_post_transparent":"default","_kad_post_title":"default","_kad_post_layout":"default","_kad_post_sidebar_id":"","_kad_post_content_style":"default","_kad_post_vertical_padding":"default","_kad_post_feature":"","_kad_post_feature_position":"","_kad_post_header":false,"_kad_post_footer":false,"footnotes":""},"class_list":["post-2558","page","type-page","status-publish","hentry"],"acf":[],"rttpg_featured_image_url":null,"rttpg_author":{"display_name":"John","author_link":"https:\/\/rocketplay-new.com\/pt-br\/author\/pemvas95n89x\/"},"rttpg_comment":0,"rttpg_category":null,"rttpg_excerpt":"Nos estabelecimentos online, ao criar uma nova conta, o b\u00f4nus \u00e9 dividido condicionalmente em dois tipos: No dep\u00f3sito \u2013 requer reabastecimento em dinheiro.\u00a0Pode ser certas porcentagens de dinheiro ou rodadas de b\u00f4nus.\u00a0As condi\u00e7\u00f5es de obten\u00e7\u00e3o e utiliza\u00e7\u00e3o de um estabelecimento de jogo s\u00e3o estabelecidas de forma privada. RocketPlay\u00a0sem b\u00f4nus de dep\u00f3sito \u2013 o usu\u00e1rio o...","_links":{"self":[{"href":"https:\/\/rocketplay-new.com\/pt-br\/wp-json\/wp\/v2\/pages\/2558","targetHints":{"allow":["GET"]}}],"collection":[{"href":"https:\/\/rocketplay-new.com\/pt-br\/wp-json\/wp\/v2\/pages"}],"about":[{"href":"https:\/\/rocketplay-new.com\/pt-br\/wp-json\/wp\/v2\/types\/page"}],"author":[{"embeddable":true,"href":"https:\/\/rocketplay-new.com\/pt-br\/wp-json\/wp\/v2\/users\/1"}],"replies":[{"embeddable":true,"href":"https:\/\/rocketplay-new.com\/pt-br\/wp-json\/wp\/v2\/comments?post=2558"}],"version-history":[{"count":3,"href":"https:\/\/rocketplay-new.com\/pt-br\/wp-json\/wp\/v2\/pages\/2558\/revisions"}],"predecessor-version":[{"id":3362,"href":"https:\/\/rocketplay-new.com\/pt-br\/wp-json\/wp\/v2\/pages\/2558\/revisions\/3362"}],"wp:attachment":[{"href":"https:\/\/rocketplay-new.com\/pt-br\/wp-json\/wp\/v2\/media?parent=2558"}],"curies":[{"name":"wp","href":"https:\/\/api.w.org\/{rel}","templated":true}]}}