{"id":2547,"date":"2022-08-11T19:38:48","date_gmt":"2022-08-11T16:38:48","guid":{"rendered":"https:\/\/rocketplay-new.com\/sign-up\/"},"modified":"2022-11-01T14:16:55","modified_gmt":"2022-11-01T11:16:55","slug":"sign-up","status":"publish","type":"page","link":"https:\/\/rocketplay-new.com\/pt-br\/sign-up\/","title":{"rendered":"Inscreva-se no Rocket Play Casino"},"content":{"rendered":"<p><img loading=\"lazy\" decoding=\"async\" class=\" wp-image-283 aligncenter\" src=\"https:\/\/rocketplay-new.com\/wp-content\/uploads\/2022\/08\/1-1-300x113.jpeg\" alt=\"rocket play casino Sign Up\" width=\"672\" height=\"253\" srcset=\"https:\/\/rocketplay-new.com\/wp-content\/uploads\/2022\/08\/1-1-300x113.jpeg 300w, https:\/\/rocketplay-new.com\/wp-content\/uploads\/2022\/08\/1-1-1024x384.jpeg 1024w, https:\/\/rocketplay-new.com\/wp-content\/uploads\/2022\/08\/1-1-768x288.jpeg 768w, https:\/\/rocketplay-new.com\/wp-content\/uploads\/2022\/08\/1-1.jpeg 1140w\" sizes=\"auto, (max-width: 672px) 100vw, 672px\" \/><\/p>\n<p>Em todo o mundo, o interesse em jogos online est\u00e1 crescendo rapidamente.\u00a0Muitos sites oferecem um excelente servi\u00e7o na \u00e1rea de jogos de azar na Internet, despertam o interesse de potenciais jogadores com uma grande variedade de jogos, jackpots motivadores, boa revers\u00e3o de apostas.\u00a0Os aspectos positivos que o jogo online traz:<\/p>\n<ul>\n<li aria-level=\"1\">maior prote\u00e7\u00e3o de jogadores em potencial contra golpistas online;<\/li>\n<li aria-level=\"1\">variedade de jogos de acordo com as prefer\u00eancias;<\/li>\n<li aria-level=\"1\">muitas promo\u00e7\u00f5es e recompensas;<\/li>\n<li aria-level=\"1\">\u00e9 poss\u00edvel jogar em qualquer gadget que voc\u00ea tenha;<\/li>\n<li aria-level=\"1\">n\u00e3o h\u00e1 necessidade de ir a lugar nenhum, v\u00e1;<\/li>\n<li aria-level=\"1\">voc\u00ea pode escolher um jogo gr\u00e1tis;<\/li>\n<li aria-level=\"1\">economia de tempo;<\/li>\n<li aria-level=\"1\">suporte em todos os n\u00edveis do jogo.<\/li>\n<\/ul>\n<p>Tudo o que voc\u00ea precisa para acessar todos esses benef\u00edcios \u00e9 se inscrever\u00a0no cassino\u00a0<a href=\"https:\/\/rocketplay-new.com\/pt-br\">RocketPlay .<\/a><\/p>\n<p>Por que se registrar em um cassino?\u00a0Afinal, muitos estabelecimentos on-line oferecem aos iniciantes para experimentar qualquer um dos jogos de azar gratuitamente.\u00a0Mas se voc\u00ea quiser jogar por dinheiro, voc\u00ea definitivamente precisa se registrar para isso.\u00a0Voc\u00ea tamb\u00e9m recebe b\u00f4nus de inscri\u00e7\u00e3o no cassino RocketPlay.\u00a0Se voc\u00ea n\u00e3o tiver uma conta v\u00e1lida, perder\u00e1 a capacidade de:<\/p>\n<ul>\n<li aria-level=\"1\">fazer apostas no cassino;<\/li>\n<li aria-level=\"1\">ganhar recompensas;<\/li>\n<li aria-level=\"1\">ter a oportunidade de se tornar um premiado;<\/li>\n<li aria-level=\"1\">competir por grandes vit\u00f3rias;<\/li>\n<li aria-level=\"1\">conte com suporte.<\/li>\n<\/ul>\n<p>Portanto, um jogador sem se registrar no cassino s\u00f3 pode conhecer os servi\u00e7os e testar o jogo na vers\u00e3o demo.\u00a0Todas as outras participa\u00e7\u00f5es nos jogos est\u00e3o fechadas para ele.\u00a0Para se registrar no cassino, voc\u00ea precisa estudar o site oficial.\u00a0Cada potencial jogador deve certificar-se de que existe uma licen\u00e7a do estabelecimento de jogo em que pretende iniciar o jogo.\u00a0Se n\u00e3o tiver a certeza da sua autenticidade, aceda ao site do regulador, onde poder\u00e1 saber tudo.<\/p>\n<p>Voc\u00ea tamb\u00e9m deve se familiarizar com o conjunto de regras e v\u00e1rias condi\u00e7\u00f5es presentes nos jogos.\u00a0Fa\u00e7a suas perguntas aos representantes de suporte t\u00e9cnico, eles devem ser leais a voc\u00ea.\u00a0Certifique-se de que este cassino em particular inspira confian\u00e7a em voc\u00ea e atende a todos os seus requisitos.\u00a0Voc\u00ea tamb\u00e9m pode se registrar a partir do seu\u00a0<a href=\"https:\/\/rocketplay-new.com\/pt-br\/mobile-version\/\">celular<\/a>\u00a0.\u00a0Para isso, \u00e9 dado um b\u00f4nus de inscri\u00e7\u00e3o no cassino m\u00f3vel RocketPlay.<\/p>\n<p>Para se registrar em um cassino online, um iniciante precisa preencher um formul\u00e1rio de registro.<\/p>\n<p>Leia todos os pontos com aten\u00e7\u00e3o e pe\u00e7a a algu\u00e9m que fale ingl\u00eas para ajud\u00e1-lo a preencher o question\u00e1rio.\u00a0As informa\u00e7\u00f5es pessoais, que incluem nome e sobrenome, sexo, data de nascimento, endere\u00e7o, devem ser inseridas conforme indicado nos documentos oficiais.\u00a0O cassino pode solicitar c\u00f3pias de seus documentos. Todos os dados n\u00e3o devem diferir.<\/p>\n<p><img loading=\"lazy\" decoding=\"async\" class=\"wp-image-284 alignright lazy-loaded\" src=\"https:\/\/rocketplay-new.com\/wp-content\/uploads\/2022\/08\/rocketplay-registration-1-246x300.png\" sizes=\"auto, (max-width: 336px) 100vw, 336px\" srcset=\"https:\/\/rocketplay-new.com\/wp-content\/uploads\/2022\/08\/rocketplay-registration-1-246x300.png 246w, https:\/\/rocketplay-new.com\/wp-content\/uploads\/2022\/08\/rocketplay-registration-1.png 360w\" alt=\"Inscrever-se\" width=\"336\" height=\"410\" data-lazy-type=\"image\" data-src=\"https:\/\/rocketplay-new.com\/wp-content\/uploads\/2022\/08\/rocketplay-registration-1-246x300.png\" data-srcset=\"\" \/><\/p>\n<h3>QUE TIPOS DE OFERTAS DE B\u00d4NUS DE INSCRI\u00c7\u00c3O EST\u00c3O DISPON\u00cdVEIS?<\/h3>\n<p>Existem dois tipos principais de b\u00f4nus:<\/p>\n<ul>\n<li aria-level=\"1\">B\u00f4nus de dep\u00f3sito.\u00a0Esses b\u00f4nus incluem b\u00f4nus de dep\u00f3sito, b\u00f4nus de recarga de reembolso.\u00a0Para receber esse b\u00f4nus, voc\u00ea precisa de um registro obrigat\u00f3rio no cassino e um dep\u00f3sito.\u00a0O valor deste dep\u00f3sito \u00e9 diferente em cada cassino.\u00a0O b\u00f4nus deste dep\u00f3sito pode depender diretamente da forma e do sistema de pagamento.\u00a0\u00c0s vezes, para receber b\u00f4nus por um dep\u00f3sito, voc\u00ea precisa inserir um c\u00f3digo promocional.<\/li>\n<li aria-level=\"1\">B\u00f4nus de cassino sem dep\u00f3sito.\u00a0Existe um cassino sem dep\u00f3sito onde voc\u00ea se registra e recebe imediatamente seus b\u00f4nus sem ter que fazer nenhum dep\u00f3sito.\u00a0Portanto, esse tipo de cassino \u00e9 mais preferido pelos jogadores.\u00a0Cada jogador pode receber dinheiro gr\u00e1tis para um jogo de teste.<\/li>\n<li aria-level=\"1\">\u00c9 necess\u00e1rio levar em considera\u00e7\u00e3o o fator de que uma oferta tentadora nem sempre \u00e9 lucrativa, como pode parecer \u00e0 primeira vista.\u00a0Voc\u00ea n\u00e3o deve ser tentado pela quantidade de b\u00f4nus enormes.\u00a0Leia sempre as regras de aplica\u00e7\u00e3o, muitas vezes s\u00e3o muito dif\u00edceis de encontrar acesso online.<\/li>\n<li aria-level=\"1\">Aconselhamos vivamente os iniciantes a n\u00e3o fazerem apostas ao vivo imediatamente.\u00a0Leia atentamente os jogos em vers\u00f5es demo gratuitas, experimente, descubra para evitar falhas graves.\u00a0Voc\u00ea deve encontrar uma maneira conveniente de depositar dinheiro em sua conta.\u00a0Podem ser cart\u00f5es de d\u00e9bito e de pagamento, v\u00e1rias carteiras e vouchers eletr\u00f4nicos e assim por diante.\u00a0Pense em tudo, desde prazos a v\u00e1rios limites.<\/li>\n<\/ul>\n<h2>PERGUNTAS FREQUENTES<\/h2>\n<h3>O REGISTRO \u00c9 NECESS\u00c1RIO PARA OS JOGADORES NO CASSINO?<\/h3>\n<p>Para abrir uma conta, a capacidade de jogar com dinheiro real e obter acesso \u00e0 Internet ao servi\u00e7o, \u00e9 necess\u00e1rio o registro.<\/p>\n<h3>QUANTO TEMPO LEVA PARA SE REGISTRAR EM UM CASSINO ONLINE?<\/h3>\n<p>Todo o processo leva alguns minutos.\u00a0Depois disso, voc\u00ea receber\u00e1 imediatamente o b\u00f4nus de inscri\u00e7\u00e3o gratuito do cassino RocketPlay.<\/p>\n<h3>POR QUE A VERIFICA\u00c7\u00c3O DE UM JOGADOR EM POTENCIAL \u00c9 NECESS\u00c1RIA?<\/h3>\n<p>Para garantir a seguran\u00e7a dos dep\u00f3sitos e das contas dos clientes, a equipe do operador de jogo precisa dessas informa\u00e7\u00f5es.\u00a0Tamb\u00e9m evita a lavagem de dinheiro e impede que os ca\u00e7adores de b\u00f4nus atuem.<\/p>\n","protected":false},"excerpt":{"rendered":"<p>Em todo o mundo, o interesse em jogos online est\u00e1 crescendo rapidamente.\u00a0Muitos sites oferecem um excelente servi\u00e7o na \u00e1rea de jogos de azar na Internet, despertam o interesse de potenciais jogadores com uma grande variedade de jogos, jackpots motivadores, boa revers\u00e3o de apostas.\u00a0Os aspectos positivos que o jogo online traz: maior prote\u00e7\u00e3o de jogadores em&#8230;<\/p>\n","protected":false},"author":1,"featured_media":0,"parent":0,"menu_order":0,"comment_status":"closed","ping_status":"closed","template":"","meta":{"_acf_changed":false,"_kad_post_transparent":"default","_kad_post_title":"default","_kad_post_layout":"default","_kad_post_sidebar_id":"","_kad_post_content_style":"default","_kad_post_vertical_padding":"default","_kad_post_feature":"","_kad_post_feature_position":"","_kad_post_header":false,"_kad_post_footer":false,"footnotes":""},"class_list":["post-2547","page","type-page","status-publish","hentry"],"acf":[],"rttpg_featured_image_url":null,"rttpg_author":{"display_name":"John","author_link":"https:\/\/rocketplay-new.com\/pt-br\/author\/pemvas95n89x\/"},"rttpg_comment":0,"rttpg_category":null,"rttpg_excerpt":"Em todo o mundo, o interesse em jogos online est\u00e1 crescendo rapidamente.\u00a0Muitos sites oferecem um excelente servi\u00e7o na \u00e1rea de jogos de azar na Internet, despertam o interesse de potenciais jogadores com uma grande variedade de jogos, jackpots motivadores, boa revers\u00e3o de apostas.\u00a0Os aspectos positivos que o jogo online traz: maior prote\u00e7\u00e3o de jogadores em...","_links":{"self":[{"href":"https:\/\/rocketplay-new.com\/pt-br\/wp-json\/wp\/v2\/pages\/2547","targetHints":{"allow":["GET"]}}],"collection":[{"href":"https:\/\/rocketplay-new.com\/pt-br\/wp-json\/wp\/v2\/pages"}],"about":[{"href":"https:\/\/rocketplay-new.com\/pt-br\/wp-json\/wp\/v2\/types\/page"}],"author":[{"embeddable":true,"href":"https:\/\/rocketplay-new.com\/pt-br\/wp-json\/wp\/v2\/users\/1"}],"replies":[{"embeddable":true,"href":"https:\/\/rocketplay-new.com\/pt-br\/wp-json\/wp\/v2\/comments?post=2547"}],"version-history":[{"count":5,"href":"https:\/\/rocketplay-new.com\/pt-br\/wp-json\/wp\/v2\/pages\/2547\/revisions"}],"predecessor-version":[{"id":3364,"href":"https:\/\/rocketplay-new.com\/pt-br\/wp-json\/wp\/v2\/pages\/2547\/revisions\/3364"}],"wp:attachment":[{"href":"https:\/\/rocketplay-new.com\/pt-br\/wp-json\/wp\/v2\/media?parent=2547"}],"curies":[{"name":"wp","href":"https:\/\/api.w.org\/{rel}","templated":true}]}}