{"id":2543,"date":"2022-06-13T19:10:03","date_gmt":"2022-06-13T16:10:03","guid":{"rendered":"https:\/\/rocketplay-new.com\/baccarat\/"},"modified":"2025-04-03T21:11:34","modified_gmt":"2025-04-03T18:11:34","slug":"baccarat","status":"publish","type":"page","link":"https:\/\/rocketplay-new.com\/pt-br\/baccarat\/","title":{"rendered":"JOGANDO BACAR\u00c1 COM DINHEIRO REAL"},"content":{"rendered":"<p><a href=\"https:\/\/rocketplay-new.com\/pt-br\">O bacar\u00e1 online RocketPlay<\/a>\u00a0por dinheiro real \u00e9 considerado particularmente prestigioso entre os jogos de cassino, embora sua reputa\u00e7\u00e3o como um jogo de elite se baseie mais na exclusividade do que na dificuldade.\u00a0Na verdade, a maioria das vers\u00f5es de bacar\u00e1 que voc\u00ea jogar\u00e1 em um\u00a0<a href=\"https:\/\/rocketplay-new.com\/pt-br\/live-casino\/\">cassino ao vivo<\/a>\u00a0n\u00e3o requer nenhuma habilidade.\u00a0O bacar\u00e1 online RocketPlay oferece uma boa vantagem de cassino para um jogo que quase n\u00e3o requer memoriza\u00e7\u00e3o de segredos estrat\u00e9gicos, ent\u00e3o o jogo tradicional \u00e9 frequentemente jogado em uma parte separada do cassino para apostas altas.\u00a0Tradicionalmente, o bacar\u00e1 \u00e9 oferecido aos jogadores de apostas altas, semelhante ao modo como as m\u00e1quinas ca\u00e7a-n\u00edqueis com apostas de US$ 100 por rodada geralmente oferecem maiores chances de ganhar do que suas contrapartes de US$ 1 por rodada.\u00a0Adicione smokings e vestidos de noite, e foi assim que o jogo ganhou uma fama m\u00edstica que durou at\u00e9 o s\u00e9culo XXI.<\/p>\n<p><img loading=\"lazy\" decoding=\"async\" class=\"aligncenter wp-image-4933\" src=\"https:\/\/rocketplay-new.com\/wp-content\/uploads\/2024\/02\/999.png\" alt=\"RocketPlay Baccarat \" width=\"800\" height=\"311\" srcset=\"https:\/\/rocketplay-new.com\/wp-content\/uploads\/2024\/02\/999.png 1301w, https:\/\/rocketplay-new.com\/wp-content\/uploads\/2024\/02\/999-300x116.png 300w, https:\/\/rocketplay-new.com\/wp-content\/uploads\/2024\/02\/999-1024x397.png 1024w, https:\/\/rocketplay-new.com\/wp-content\/uploads\/2024\/02\/999-768x298.png 768w\" sizes=\"auto, (max-width: 800px) 100vw, 800px\" \/><\/p>\n<h2>BACAR\u00c1 ON-LINE POR DINHEIRO REAL<\/h2>\n<p>Os cassinos online sempre oferecem uma ou mais formas de bacar\u00e1 online gr\u00e1tis RocketPlay em seu pacote de software.\u00a0A vers\u00e3o online \u00e9 jogada de forma semelhante \u00e0s vers\u00f5es automatizadas do jogo que voc\u00ea encontrar\u00e1 nos cassinos tradicionais.\u00a0A vantagem do cassino ainda \u00e9 baixa para um jogo que quase n\u00e3o usa estrat\u00e9gia.\u00a0Cuidado com qualquer recurso de jogo autom\u00e1tico ou r\u00e1pido que possa ser oferecido a voc\u00ea.\u00a0Eles apenas aumentar\u00e3o o n\u00famero de vezes por hora que voc\u00ea encontra a vantagem do cassino e tirar\u00e1 mais dinheiro do seu bolso (em m\u00e9dia).<\/p>\n<p><span style=\"font-weight: 400;\">\u00a0\u00a0\u00a0<div class=\"go-btn-container\"><div class=\"tosh-btn\"><a href=\"\/go-casino\/\" target=\"_blank\" rel=\"noopener\">JOGUE AGORA<\/a><\/div><\/div> <\/span><\/p>\n<h2>BACAR\u00c1 AO VIVO ONLINE<\/h2>\n<p>A melhor maneira de jogar bacar\u00e1 online RocketPlay online com dinheiro real \u00e9 jogar um dos jogos de bacar\u00e1 ao vivo.\u00a0N\u00e3o \u00e9 um software baseado em um gerador de n\u00fameros aleat\u00f3rios, mas pessoas reais s\u00e3o usadas para obter os resultados do jogo.\u00a0Essas pessoas s\u00e3o funcion\u00e1rios do cassino online ou do provedor de software e est\u00e3o dispon\u00edveis ao vivo, gra\u00e7as a uma transmiss\u00e3o de um est\u00fadio de jogos em algum lugar do mundo.<\/p>\n<p>Os dealers ao vivo s\u00e3o profissionais treinados, assim como os funcion\u00e1rios de um cassino tradicional.\u00a0Voc\u00ea fala com eles usando tecnologia semelhante ao Skype e eles podem responder.\u00a0A c\u00e2mera est\u00e1 sempre apontada para os dealers, para que voc\u00ea nunca perca de vista as cartas.\u00a0O bacar\u00e1 ao vivo online com dinheiro real \u00e9 a melhor maneira de desfrutar de um dos jogos de cassino mais antigos em seu computador no conforto de sua pr\u00f3pria casa.<\/p>\n<h2>HIST\u00d3RIA<\/h2>\n<p>Na d\u00e9cada de 1980, o hype em torno do bacar\u00e1 cresceu a ponto de os cassinos de Las Vegas come\u00e7arem a oferecer uma vers\u00e3o dele tamb\u00e9m para o homem comum.\u00a0Este jogo foi chamado de mini-bacar\u00e1.\u00a0Era uma vers\u00e3o simplificada do jogo com um dealer em vez de um banqueiro porque o cassino mantinha o banco do jogo.\u00a0Isso significava que as apostas eram feitas mais rapidamente e mais rodadas eram jogadas por hora, fazendo com que o cassino recebesse uma porcentagem maior do pote do que em um jogo normal.\u00a0Uma vers\u00e3o semelhante chamada midi-punto foi desenvolvida por operadores europeus.<\/p>\n<p>Enquanto isso, uma vers\u00e3o francesa do jogo, chamada Chemin de Fer (\u201cestrada de ferro\u201d), ainda existe na Fran\u00e7a.\u00a0Este jogo requer decis\u00f5es s\u00e9rias que afetam o resultado do jogo, por isso seria necess\u00e1rio um estudo do aspecto estrat\u00e9gico.\u00a0Uma s\u00e9rie de outras varia\u00e7\u00f5es foram ent\u00e3o criadas, incluindo Baccarat EZ, Super 6 Baccarat (ou \u201cPunto 2000\u201d) e Baccarat banque.\u00a0Neste artigo, discutirei cada um desses jogos e o que voc\u00ea precisa saber para jog\u00e1-los com dinheiro real.<\/p>\n<p><img loading=\"lazy\" decoding=\"async\" class=\"aligncenter wp-image-4943\" src=\"https:\/\/rocketplay-new.com\/wp-content\/uploads\/2024\/02\/9999999.png\" alt=\"RocketPlay Baccarat 2\" width=\"800\" height=\"294\" srcset=\"https:\/\/rocketplay-new.com\/wp-content\/uploads\/2024\/02\/9999999.png 1188w, https:\/\/rocketplay-new.com\/wp-content\/uploads\/2024\/02\/9999999-300x110.png 300w, https:\/\/rocketplay-new.com\/wp-content\/uploads\/2024\/02\/9999999-1024x377.png 1024w, https:\/\/rocketplay-new.com\/wp-content\/uploads\/2024\/02\/9999999-768x283.png 768w\" sizes=\"auto, (max-width: 800px) 100vw, 800px\" \/><\/p>\n<h2>REGRAS B\u00c1SICAS<\/h2>\n<p>O bacar\u00e1 online RocketPlay Brasil por dinheiro real \u00e9 montar uma combina\u00e7\u00e3o de cartas o mais pr\u00f3ximo poss\u00edvel de um 9. As combina\u00e7\u00f5es de cartas s\u00e3o diferentes da maioria dos jogos de cartas, mas s\u00e3o intuitivas, ent\u00e3o voc\u00ea as aprender\u00e1 ap\u00f3s algumas rodadas.\u00a0O valor das cartas de um duque a um nove \u00e9 igual ao seu valor nominal.\u00a0Um \u00e1s d\u00e1-lhe um ponto.\u00a0Dez, valetes, damas e reis t\u00eam um valor nominal de 0, ent\u00e3o eles n\u00e3o adicionam nada \u00e0 sua combina\u00e7\u00e3o.\u00a0Se um jogador tem 10 ou mais pontos em sua m\u00e3o, dez s\u00e3o subtra\u00eddos deles, e ent\u00e3o a contagem vai 0-1-2-3-4-5-5-6-7-8-9-0-1-2 -3 e assim por diante.\u00a0Por exemplo, 9 e 5 contar\u00e3o como 4, n\u00e3o 14.<\/p>\n<p>As regras do jogo s\u00e3o f\u00e1ceis de lembrar.\u00a0Essas regras determinam quando um jogador e banqueiro pegam mais cartas e quando n\u00e3o podem faz\u00ea-lo.\u00a0Pode levar algum tempo para lembrar quando fazer certos movimentos, mas as regras s\u00e3o r\u00edgidas, ent\u00e3o voc\u00ea n\u00e3o cometer\u00e1 erros enquanto aprende.<\/p>\n<p><span style=\"font-weight: 400;\">\u00a0\u00a0\u00a0<div class=\"go-btn-container\"><div class=\"tosh-btn\"><a href=\"\/go-casino\/\" target=\"_blank\" rel=\"noopener\">JOGUE AGORA<\/a><\/div><\/div> <\/span><\/p>\n<h2>JOGUE BACAR\u00c1 COM DINHEIRO REAL<\/h2>\n<p>Para jogar este jogo em Las Vegas ou Macau, voc\u00ea provavelmente ter\u00e1 que fazer apostas mais altas.\u00a0Se voc\u00ea quer jogar bacar\u00e1 com dinheiro real, RocketPlay, mas n\u00e3o quer jogar por quantias maiores, experimente o mini bacar\u00e1.<\/p>\n<h2>ESTRAT\u00c9GIA PARA JOGAR BACAR\u00c1<\/h2>\n<p>A dica de estrat\u00e9gia de bacar\u00e1 online do RocketPlay para este jogo \u00e9 bem simples: sempre aposte no banqueiro para ganhar.\u00a0Nunca, em hip\u00f3tese alguma, n\u00e3o aposte no empate.\u00a0Embora o pagamento seja grande, \u00e9 uma aposta perdedora.<\/p>\n<h2>BACAR\u00c1: PERGUNTAS FREQUENTES<\/h2>\n<h3>ALGUMA DICA PARA JOGAR BACAR\u00c1?<\/h3>\n<p>Duas das melhores dicas para quem joga bacar\u00e1 s\u00e3o apostar sempre na banca e ficar de olho na sua banca.\u00a0Quanto a este \u00faltimo, at\u00e9 que voc\u00ea esteja completamente familiarizado com o jogo, \u00e9 melhor evitar sistemas de apostas e se concentrar em fazer apostas que voc\u00ea possa pagar.<\/p>\n<h3>O BACAR\u00c1 ONLINE \u00c9 LEGAL?<\/h3>\n<p>O bacar\u00e1 RocketPlay online sem download \u00e9 legal.\u00a0Voc\u00ea pode facilmente jogar bacar\u00e1 com dinheiro real no seu PC, smartphone ou tablet.<\/p>\n<h3>POSSO JOGAR BACAR\u00c1 COM BITCOIN?<\/h3>\n<p>Hoje, a maioria dos cassinos online aceita bitcoin, ent\u00e3o voc\u00ea n\u00e3o ter\u00e1 problemas para jogar bacar\u00e1 online com essa criptomoeda.\u00a0Na verdade, muitos jogadores escolhem o bitcoin porque os pagamentos dos ganhos s\u00e3o instant\u00e2neos e voc\u00ea n\u00e3o precisa esperar que as transfer\u00eancias cheguem e paguem taxas.<\/p>\n<h3>POSSO RECEBER UM B\u00d4NUS DE BACAR\u00c1?<\/h3>\n<p>Alguns cassinos online n\u00e3o incluem bacar\u00e1 na lista de jogos para os quais um b\u00f4nus de boas-vindas \u00e9 fornecido, devido \u00e0 baixa vantagem do cassino.\u00a0Outros cassinos oferecem b\u00f4nus, ent\u00e3o pesquise os termos do b\u00f4nus de \u201cjogos de mesa\u201d para ver se o seu cassino oferece um b\u00f4nus de bacar\u00e1.<\/p>\n<p><a href=\"https:\/\/rocketplay-new.com\/pt-br\/bonus\/\">Se voc\u00ea encontrar b\u00f4nus<\/a>\u00a0de bacar\u00e1\u00a0, lembre-se de que eles t\u00eam requisitos de apostas mais rigorosos do que os b\u00f4nus de ca\u00e7a-n\u00edqueis devido \u00e0 baixa vantagem do cassino.<\/p>\n<p><img loading=\"lazy\" decoding=\"async\" class=\"aligncenter wp-image-4952\" src=\"https:\/\/rocketplay-new.com\/wp-content\/uploads\/2024\/02\/99.png\" alt=\"RocketPlay Baccarat 3\" width=\"800\" height=\"416\" srcset=\"https:\/\/rocketplay-new.com\/wp-content\/uploads\/2024\/02\/99.png 1167w, https:\/\/rocketplay-new.com\/wp-content\/uploads\/2024\/02\/99-300x156.png 300w, https:\/\/rocketplay-new.com\/wp-content\/uploads\/2024\/02\/99-1024x533.png 1024w, https:\/\/rocketplay-new.com\/wp-content\/uploads\/2024\/02\/99-768x399.png 768w\" sizes=\"auto, (max-width: 800px) 100vw, 800px\" \/><\/p>\n<h3>OS SISTEMAS DE APOSTAS DE BACAR\u00c1 FUNCIONAM?<\/h3>\n<p>Dado o baixo fator de estrat\u00e9gia ao jogar bacar\u00e1, alguns jogadores usam sistemas de apostas para contornar a vantagem do cassino.\u00a0Alguns dos sistemas mais populares para jogar bacar\u00e1 incluem os sistemas D&#8217;Alamber, Laboucher e Martingale.<\/p>\n<p>Os sistemas podem ajud\u00e1-lo a obter uma grande vit\u00f3ria em uma sess\u00e3o individual, mas nenhum deles pode ignorar a vantagem do cassino a longo prazo.<\/p>\n","protected":false},"excerpt":{"rendered":"<p>O bacar\u00e1 online RocketPlay\u00a0por dinheiro real \u00e9 considerado particularmente prestigioso entre os jogos de cassino, embora sua reputa\u00e7\u00e3o como um jogo de elite se baseie mais na exclusividade do que na dificuldade.\u00a0Na verdade, a maioria das vers\u00f5es de bacar\u00e1 que voc\u00ea jogar\u00e1 em um\u00a0cassino ao vivo\u00a0n\u00e3o requer nenhuma habilidade.\u00a0O bacar\u00e1 online RocketPlay oferece uma boa&#8230;<\/p>\n","protected":false},"author":1,"featured_media":0,"parent":0,"menu_order":0,"comment_status":"closed","ping_status":"closed","template":"","meta":{"_acf_changed":false,"_kad_post_transparent":"default","_kad_post_title":"default","_kad_post_layout":"default","_kad_post_sidebar_id":"","_kad_post_content_style":"default","_kad_post_vertical_padding":"default","_kad_post_feature":"","_kad_post_feature_position":"","_kad_post_header":false,"_kad_post_footer":false,"footnotes":""},"class_list":["post-2543","page","type-page","status-publish","hentry"],"acf":[],"rttpg_featured_image_url":null,"rttpg_author":{"display_name":"John","author_link":"https:\/\/rocketplay-new.com\/pt-br\/author\/pemvas95n89x\/"},"rttpg_comment":0,"rttpg_category":null,"rttpg_excerpt":"O bacar\u00e1 online RocketPlay\u00a0por dinheiro real \u00e9 considerado particularmente prestigioso entre os jogos de cassino, embora sua reputa\u00e7\u00e3o como um jogo de elite se baseie mais na exclusividade do que na dificuldade.\u00a0Na verdade, a maioria das vers\u00f5es de bacar\u00e1 que voc\u00ea jogar\u00e1 em um\u00a0cassino ao vivo\u00a0n\u00e3o requer nenhuma habilidade.\u00a0O bacar\u00e1 online RocketPlay oferece uma boa...","_links":{"self":[{"href":"https:\/\/rocketplay-new.com\/pt-br\/wp-json\/wp\/v2\/pages\/2543","targetHints":{"allow":["GET"]}}],"collection":[{"href":"https:\/\/rocketplay-new.com\/pt-br\/wp-json\/wp\/v2\/pages"}],"about":[{"href":"https:\/\/rocketplay-new.com\/pt-br\/wp-json\/wp\/v2\/types\/page"}],"author":[{"embeddable":true,"href":"https:\/\/rocketplay-new.com\/pt-br\/wp-json\/wp\/v2\/users\/1"}],"replies":[{"embeddable":true,"href":"https:\/\/rocketplay-new.com\/pt-br\/wp-json\/wp\/v2\/comments?post=2543"}],"version-history":[{"count":4,"href":"https:\/\/rocketplay-new.com\/pt-br\/wp-json\/wp\/v2\/pages\/2543\/revisions"}],"predecessor-version":[{"id":5859,"href":"https:\/\/rocketplay-new.com\/pt-br\/wp-json\/wp\/v2\/pages\/2543\/revisions\/5859"}],"wp:attachment":[{"href":"https:\/\/rocketplay-new.com\/pt-br\/wp-json\/wp\/v2\/media?parent=2543"}],"curies":[{"name":"wp","href":"https:\/\/api.w.org\/{rel}","templated":true}]}}