{"id":2114,"date":"2022-06-13T18:39:57","date_gmt":"2022-06-13T15:39:57","guid":{"rendered":"https:\/\/rocketplay-new.com\/roulette\/"},"modified":"2025-04-08T11:41:54","modified_gmt":"2025-04-08T08:41:54","slug":"roulette","status":"publish","type":"page","link":"https:\/\/rocketplay-new.com\/pt-br\/roulette\/","title":{"rendered":"Jogue roleta no RocketPlay Casino"},"content":{"rendered":"<p>O fato de a roleta online RocketPlay ser um jogo emocionante e interessante, todo mundo sabe. \u00c9 por isso que muitos usu\u00e1rios est\u00e3o ansiosos para tentar a sorte, escolhendo m\u00e1quinas ca\u00e7a-n\u00edqueis semelhantes. N\u00e3o sem raz\u00e3o nos tempos antigos, a roleta era chamada de rainha do jogo. Com este maravilhoso entretenimento foi conectado um monte de cren\u00e7as &#8211; inclusive m\u00edsticas. A principal atra\u00e7\u00e3o do jogo \u00e9 que o resultado de cada sess\u00e3o \u00e9 imprevis\u00edvel. \u00c9 imposs\u00edvel prever onde a bola que corre na roda preta e vermelha ir\u00e1 parar. O dinheiro real da roleta online RocketPlay, atuando em um gerador de n\u00fameros aleat\u00f3rios, recria de forma colorida a atmosfera dos jogos reais, que \u00e9 governado apenas por Sua Majestade, a Sorte. Supostamente, o entretenimento arriscado tem ra\u00edzes francesas. No entanto, a popularidade do jogo \u00e9 t\u00e3o grande que os moradores de v\u00e1rios pa\u00edses escolhem a roleta ca\u00e7a-n\u00edqueis, gra\u00e7as ao fato de serem emuladores de entretenimento popular de alta qualidade. O casino online <a href=\"https:\/\/rocketplay-new.com\/pt-br\/casino\/\">RocketPlay<\/a> tem um grande n\u00famero de tipos de roleta, experimente-os todos e escolha o melhor para si.<\/p>\n<p><img loading=\"lazy\" decoding=\"async\" class=\"aligncenter wp-image-4807\" src=\"https:\/\/rocketplay-new.com\/wp-content\/uploads\/2024\/02\/453545.png\" alt=\"Roulette RocketPlay Casino\" width=\"800\" height=\"457\" srcset=\"https:\/\/rocketplay-new.com\/wp-content\/uploads\/2024\/02\/453545.png 1413w, https:\/\/rocketplay-new.com\/wp-content\/uploads\/2024\/02\/453545-300x171.png 300w, https:\/\/rocketplay-new.com\/wp-content\/uploads\/2024\/02\/453545-1024x585.png 1024w, https:\/\/rocketplay-new.com\/wp-content\/uploads\/2024\/02\/453545-768x439.png 768w\" sizes=\"auto, (max-width: 800px) 100vw, 800px\" \/><\/p>\n<h2>COMO COME\u00c7AR A JOGAR NA MESA DE ROLETA VIRTUAL?<\/h2>\n<p>O usu\u00e1rio deve saber que existem vers\u00f5es demo do entretenimento popular &#8211; isso permite ativar a m\u00e1quina gratuitamente. A vantagem de <a href=\"https:\/\/rocketplay-new.com\/pt-br\/slot-machines\/\">rodar m\u00e1quinas<\/a> ca\u00e7a-n\u00edqueis de gra\u00e7a \u00e9 que sua escolha permite que voc\u00ea aprenda a atitude certa em rela\u00e7\u00e3o ao entretenimento arriscado, enquanto domina os algoritmos cl\u00e1ssicos do jogo. Para jogar com sucesso a roleta online RocketPlay Brasil, deve ter um pensamento cr\u00edtico s\u00f3brio e uma certa dose de equanimidade. Tamb\u00e9m \u00e9 importante entender as regras de uma determinada m\u00e1quina ca\u00e7a-n\u00edqueis, j\u00e1 que as diferentes modifica\u00e7\u00f5es da roleta t\u00eam suas pr\u00f3prias nuances. Novamente, como no caso do videop\u00f4quer, voc\u00ea n\u00e3o encontrar\u00e1 uma roleta europeia ou, por exemplo, uma mesa de roleta americana com <a href=\"https:\/\/rocketplay-new.com\/pt-br\/live-casino\/\">dealer ao vivo<\/a> produzida pela Novomatic (slot machines Gaminator), bem como a produ\u00e7\u00e3o de simuladores para jogos de mesa e n\u00e3o envolvido e amado por todos os jogadores da ex-Uni\u00e3o Sovi\u00e9tica produtor de m\u00e1quinas ca\u00e7a-n\u00edqueis Igrosoft.<\/p>\n<p><span style=\"font-weight: 400;\"><div class=\"go-btn-container\"><div class=\"tosh-btn\"><a href=\"\/go-casino\/\" target=\"_blank\" rel=\"noopener\">JOGUE AGORA<\/a><\/div><\/div> <\/span><\/p>\n<h2>TIPOS DE ROLETA E SUAS CARACTER\u00cdSTICAS<\/h2>\n<p>Sabe-se que este jogo tem muitas varia\u00e7\u00f5es: americano, franc\u00eas, New Orleans, roleta europeia, etc. Usu\u00e1rios experientes aconselham a jogar a roleta online RocketPlay &#8211; eles t\u00eam uma alta taxa de retorno. As chances do usu\u00e1rio ganhar aumentam devido a uma nuance interessante &#8211; n\u00e3o h\u00e1 s\u00edmbolo de zero duplo na roda, o que \u00e9 t\u00edpico da vers\u00e3o americana.<\/p>\n<p>Vale ressaltar que algumas roletas possuem apenas apostas padr\u00e3o, enquanto outras tamb\u00e9m possuem apostas orais. A segunda op\u00e7\u00e3o \u00e9 mais adequada para usu\u00e1rios avan\u00e7ados que desejam diversificar ao m\u00e1ximo a jogabilidade. Confira as dicas de roleta online do RocketPlay.<\/p>\n<p><img loading=\"lazy\" decoding=\"async\" class=\"aligncenter wp-image-4816\" src=\"https:\/\/rocketplay-new.com\/wp-content\/uploads\/2024\/02\/2223232.png\" alt=\"Roulette RocketPlay Casino 2\" width=\"800\" height=\"448\" srcset=\"https:\/\/rocketplay-new.com\/wp-content\/uploads\/2024\/02\/2223232.png 1183w, https:\/\/rocketplay-new.com\/wp-content\/uploads\/2024\/02\/2223232-300x168.png 300w, https:\/\/rocketplay-new.com\/wp-content\/uploads\/2024\/02\/2223232-1024x573.png 1024w, https:\/\/rocketplay-new.com\/wp-content\/uploads\/2024\/02\/2223232-768x430.png 768w\" sizes=\"auto, (max-width: 800px) 100vw, 800px\" \/><\/p>\n<h2>DESIGN EMULADOR DE ROLETA ONLINE<\/h2>\n<p>A apar\u00eancia das m\u00e1quinas ca\u00e7a-n\u00edqueis nas caracter\u00edsticas reais deste jogo. O usu\u00e1rio ver\u00e1 uma roda familiar, dividida em setores, uma bola, um campo para apostas e fichas. O usu\u00e1rio novato definitivamente deve aprender as regras da roleta online do RocketPlay. H\u00e1 uma descri\u00e7\u00e3o detalhada das op\u00e7\u00f5es e recursos de cada aposta, bem como os pagamentos se voc\u00ea ganhar. A tecnologia de computador moderna permite que o processo de jogo nessas m\u00e1quinas possa ser dublado por dicas de um revendedor virtual. Uma caracter\u00edstica das m\u00e1quinas de roleta ca\u00e7a-n\u00edqueis \u00e9 uma ampla gama de apostas poss\u00edveis. H\u00e1 apostas em par\/\u00edmpar, preto\/vermelho, linhas e colunas, um certo n\u00famero. O maior lucro \u00e9 trazido pelas apostas no n\u00famero ou zero, apenas essa sorte raramente acontece. A vit\u00f3ria m\u00e1xima nas m\u00e1quinas ca\u00e7a-n\u00edqueis \u00e9 x36. \u00c9 precedido por uma escolha correta de um determinado n\u00famero, que parou a bola.<\/p>\n<p>O jogo de roleta online est\u00e1 frequentemente presente nas tramas de filmes populares. Os provedores modernos diversificaram o jogo, criando \u00e0s vezes m\u00e1quinas \u00fanicas com regras ligeiramente diferentes. \u00c9 apenas uma quest\u00e3o de escolher a op\u00e7\u00e3o certa e se preparar para o sucesso!<\/p>\n<p><span style=\"font-weight: 400;\"><div class=\"go-btn-container\"><div class=\"tosh-btn\"><a href=\"\/go-casino\/\" target=\"_blank\" rel=\"noopener\">JOGUE AGORA<\/a><\/div><\/div> <\/span><\/p>\n<h2>Perguntas frequentes<\/h2>\n<h3>QUE TIPO DE ROLETA O ROCKETPLAY OFERECE?<\/h3>\n<p>O cassino online RocketPlay oferece os seguintes tipos de roleta: roleta americana, europeia, imersiva, americana e europeia com dealers ao vivo (de Ezugi e Evolution Gaming), bem como a chamada roleta russa &#8211; roleta com um zero e uma de l\u00edngua russa garota traficante.<\/p>\n<h3>POSSO JOGAR NA MESA DE ROLETA GRATUITAMENTE?<\/h3>\n<p>Sim, a roleta Tom Horn tem a roleta RocketPlay gr\u00e1tis. A roleta (como todos os jogos com dealer ao vivo) requer registro e fundos reais ou de b\u00f4nus em sua conta.<\/p>\n<h3>O QUE \u00c9 ROLETA?<\/h3>\n<p>Roleta traduz do franc\u00eas como &#8220;roda pequena&#8221;. Esta roda girat\u00f3ria cont\u00e9m 36 d\u00edgitos e 0 (zero, ou at\u00e9 duplo zero na vers\u00e3o americanizada do jogo). A mesa de roleta \u00e9 dividida nestas se\u00e7\u00f5es: num\u00e9rico 1-12, 2-12, 3-12, 1-18, 19-36, blocos todos pares, todos \u00edmpares, todos pretos, todos vermelhos.<\/p>\n<h3>COMO FAZER APOSTAS NA MESA DE ROLETA?<\/h3>\n<p>Listaremos as apostas de acordo com seu tipo. Apostas internas (na marca\u00e7\u00e3o interna digital da mesa de roleta): para 1 n\u00famero &#8211; multiplicador 35, para 2 n\u00fameros &#8211; 17, para 3 n\u00fameros &#8211; 11, para 4 n\u00fameros &#8211; 8, para 5 n\u00fameros &#8211; 5, na vers\u00e3o americana existem ainda apostas para dois zeros (0, 00) &#8211; multiplicador 17 e uma aposta para 5 n\u00fameros (0, 00, 1, 2, 3) com multiplicador 6. Apostas externas (de acordo com o c\u00edrculo da marca\u00e7\u00e3o digital da roleta mesa): vermelho ou preto &#8211; multiplicador 1, par ou \u00edmpar &#8211; 1, aposta na coluna (assim como d\u00fazia, 12 n\u00fameros) &#8211; 2.<\/p>\n<p><img loading=\"lazy\" decoding=\"async\" class=\"aligncenter wp-image-4826\" src=\"https:\/\/rocketplay-new.com\/wp-content\/uploads\/2024\/02\/23132131.png\" alt=\"Roulette RocketPlay Casino 3\" width=\"800\" height=\"419\" srcset=\"https:\/\/rocketplay-new.com\/wp-content\/uploads\/2024\/02\/23132131.png 1175w, https:\/\/rocketplay-new.com\/wp-content\/uploads\/2024\/02\/23132131-300x157.png 300w, https:\/\/rocketplay-new.com\/wp-content\/uploads\/2024\/02\/23132131-1024x537.png 1024w, https:\/\/rocketplay-new.com\/wp-content\/uploads\/2024\/02\/23132131-768x403.png 768w\" sizes=\"auto, (max-width: 800px) 100vw, 800px\" \/><\/p>\n<h3>QUAL A MELHOR ROLETA &#8211; AMERICANA OU EUROPEIA?<\/h3>\n<p>A escolha da roleta depende exclusivamente das suas prefer\u00eancias e experi\u00eancia. No entanto, a matem\u00e1tica diz que a roleta americana, gra\u00e7as ao duplo zero, d\u00e1 ao cassino uma vantagem sobre a roleta europeia &#8211; 5,6% da probabilidade inicial de ganhar o cassino em uma mesa com dois zeros contra 2,7% da roleta europeia.<\/p>\n<h3>POSSO USAR A ESTRAT\u00c9GIA MARTINGALE (E OUTRAS) AO JOGAR ROLETA NO ROCKETPLAY?<\/h3>\n<p>N\u00e3o se engane. No jogo na mesa de roleta n\u00e3o h\u00e1 estrat\u00e9gia &#8211; todo o jogo \u00e9 apenas uma s\u00e9rie de sorteios bons e n\u00e3o t\u00e3o bons. Os sistemas matem\u00e1ticos, que se baseiam em aumentar constantemente as apostas, n\u00e3o lhe d\u00e3o nenhuma vantagem sobre o cassino, e a estrat\u00e9gia de roleta RocketPlay com c\u00e1lculo do pr\u00f3ximo n\u00famero s\u00e3o absurdas em sua ess\u00eancia. A \u00fanica coisa que voc\u00ea precisa na mesa de roleta \u00e9 sorte!<\/p>\n","protected":false},"excerpt":{"rendered":"<p>O fato de a roleta online RocketPlay ser um jogo emocionante e interessante, todo mundo sabe. \u00c9 por isso que muitos usu\u00e1rios est\u00e3o ansiosos para tentar a sorte, escolhendo m\u00e1quinas ca\u00e7a-n\u00edqueis semelhantes. N\u00e3o sem raz\u00e3o nos tempos antigos, a roleta era chamada de rainha do jogo. Com este maravilhoso entretenimento foi conectado um monte de&#8230;<\/p>\n","protected":false},"author":1,"featured_media":0,"parent":0,"menu_order":0,"comment_status":"closed","ping_status":"closed","template":"","meta":{"_acf_changed":false,"_kad_post_transparent":"default","_kad_post_title":"default","_kad_post_layout":"default","_kad_post_sidebar_id":"","_kad_post_content_style":"default","_kad_post_vertical_padding":"default","_kad_post_feature":"","_kad_post_feature_position":"","_kad_post_header":false,"_kad_post_footer":false,"footnotes":""},"class_list":["post-2114","page","type-page","status-publish","hentry"],"acf":[],"rttpg_featured_image_url":null,"rttpg_author":{"display_name":"John","author_link":"https:\/\/rocketplay-new.com\/pt-br\/author\/pemvas95n89x\/"},"rttpg_comment":0,"rttpg_category":null,"rttpg_excerpt":"O fato de a roleta online RocketPlay ser um jogo emocionante e interessante, todo mundo sabe. \u00c9 por isso que muitos usu\u00e1rios est\u00e3o ansiosos para tentar a sorte, escolhendo m\u00e1quinas ca\u00e7a-n\u00edqueis semelhantes. N\u00e3o sem raz\u00e3o nos tempos antigos, a roleta era chamada de rainha do jogo. Com este maravilhoso entretenimento foi conectado um monte de...","_links":{"self":[{"href":"https:\/\/rocketplay-new.com\/pt-br\/wp-json\/wp\/v2\/pages\/2114","targetHints":{"allow":["GET"]}}],"collection":[{"href":"https:\/\/rocketplay-new.com\/pt-br\/wp-json\/wp\/v2\/pages"}],"about":[{"href":"https:\/\/rocketplay-new.com\/pt-br\/wp-json\/wp\/v2\/types\/page"}],"author":[{"embeddable":true,"href":"https:\/\/rocketplay-new.com\/pt-br\/wp-json\/wp\/v2\/users\/1"}],"replies":[{"embeddable":true,"href":"https:\/\/rocketplay-new.com\/pt-br\/wp-json\/wp\/v2\/comments?post=2114"}],"version-history":[{"count":6,"href":"https:\/\/rocketplay-new.com\/pt-br\/wp-json\/wp\/v2\/pages\/2114\/revisions"}],"predecessor-version":[{"id":6038,"href":"https:\/\/rocketplay-new.com\/pt-br\/wp-json\/wp\/v2\/pages\/2114\/revisions\/6038"}],"wp:attachment":[{"href":"https:\/\/rocketplay-new.com\/pt-br\/wp-json\/wp\/v2\/media?parent=2114"}],"curies":[{"name":"wp","href":"https:\/\/api.w.org\/{rel}","templated":true}]}}