{"id":2094,"date":"2022-09-20T14:31:33","date_gmt":"2022-09-20T11:31:33","guid":{"rendered":"https:\/\/rocketplay-new.com\/monkey-king\/"},"modified":"2025-04-03T20:41:21","modified_gmt":"2025-04-03T17:41:21","slug":"monkey-king","status":"publish","type":"page","link":"https:\/\/rocketplay-new.com\/pt-br\/monkey-king\/","title":{"rendered":"Ca\u00e7a-n\u00edqueis Rei Macaco"},"content":{"rendered":"<p><img loading=\"lazy\" decoding=\"async\" class=\" wp-image-477 aligncenter\" src=\"https:\/\/rocketplay-new.com\/wp-content\/uploads\/2022\/09\/monkey-king-igtech-916x450-1-300x147.png\" alt=\"Monkey King Slot review\" width=\"710\" height=\"348\" srcset=\"https:\/\/rocketplay-new.com\/wp-content\/uploads\/2022\/09\/monkey-king-igtech-916x450-1-300x147.png 300w, https:\/\/rocketplay-new.com\/wp-content\/uploads\/2022\/09\/monkey-king-igtech-916x450-1-768x377.png 768w, https:\/\/rocketplay-new.com\/wp-content\/uploads\/2022\/09\/monkey-king-igtech-916x450-1.png 916w\" sizes=\"auto, (max-width: 710px) 100vw, 710px\" \/><\/p>\n<h2>REVIS\u00c3O DO MONKEY KING SLOT<\/h2>\n<p>O tema da China Antiga e suas lendas sempre atra\u00edram os desenvolvedores de ca\u00e7a-n\u00edqueis de cassino. E cada um deles tenta surpreender ao m\u00e1ximo seu consumidor. O mesmo aconteceu com a IGTech. Foram eles que lan\u00e7aram o jogo, que agora \u00e9 apresentado em muitos cassinos brasileiros. Voc\u00ea encontrar\u00e1 no jogo de slot Rocket Play Monkey King e poder\u00e1 se familiarizar com a lenda do rei dos macacos, al\u00e9m de obter bons tesouros dele como presente.<\/p>\n<p><span style=\"font-weight: 400;\"><div class=\"tosh-btn\"><a href=\"\/go-casino\/\" target=\"_blank\" rel=\"noopener\">GANHE B\u00d4NUS<\/a><\/div><\/span><\/p>\n<p>Este fabricante acabou por ser um bom slot em termos de design. Parece elegante, os s\u00edmbolos aqui s\u00e3o pensados \u200b\u200bnos m\u00ednimos detalhes. O acompanhamento musical tamb\u00e9m permite que voc\u00ea mergulhe na atmosfera o m\u00e1ximo poss\u00edvel. A m\u00fasica muda se a rodada regular for substitu\u00edda por uma rodada de b\u00f4nus, o que dilui a jogabilidade perfeitamente.<\/p>\n<p>Alguns cassinos atraem convidados para este slot com a ajuda de rodadas de b\u00f4nus. Isso \u00e9 o que acontece no Rocket Play. Quando os h\u00f3spedes desta institui\u00e7\u00e3o passam para um novo n\u00edvel no programa VIP, eles t\u00eam o direito de girar as bobinas gratuitamente, mas n\u00e3o em todos os slots. O b\u00f4nus do ca\u00e7a-n\u00edqueis Just Rocket Play Monkey King \u00e9 um dos dispon\u00edveis.<\/p>\n<h2>S\u00cdMBOLOS DO REI MACACO E TABELA DE PAGAMENTO<\/h2>\n<p>Vamos falar sobre qual \u00e9 o cora\u00e7\u00e3o deste slot, o que \u00e9, sobre seus s\u00edmbolos. Essas imagens n\u00e3o apenas o destacam, mas tamb\u00e9m trazem recompensas. O slot tem 25 linhas nas quais os s\u00edmbolos podem pousar. Se um deles tiver 3 (em alguns casos, 2 \u00e9 suficiente) ou mais s\u00edmbolos id\u00eanticos, voc\u00ea pode ganhar. E qual &#8211; veja a tabela.<\/p>\n<table>\n<tbody>\n<tr>\n<td>s\u00edmbolo<\/td>\n<td>Pagamento para 2, 3, 4 ou 5 pe\u00e7as respectivamente<\/p>\n<p>(ganho real em moedas)<\/td>\n<\/tr>\n<tr>\n<td>caracteres chineses<\/td>\n<td><span style=\"font-weight: 400;\">3, 10, 15<\/span><\/td>\n<\/tr>\n<tr>\n<td>O her\u00f3i barbudo<\/td>\n<td><span style=\"font-weight: 400;\">1, 5, 15, 25<\/span><\/td>\n<\/tr>\n<tr>\n<td>Porca<\/td>\n<td><span style=\"font-weight: 400;\">2, 7, 20, 30<\/span><\/td>\n<\/tr>\n<tr>\n<td>Imperador<\/td>\n<td><span style=\"font-weight: 400;\">2, 8, 25, 50<\/span><\/td>\n<\/tr>\n<tr>\n<td>Rei Macaco<\/td>\n<td><span style=\"font-weight: 400;\">3, 10, 40, 100<\/span><\/td>\n<\/tr>\n<\/tbody>\n<\/table>\n<p>Esses caracteres podem ser chamados de padr\u00e3o. Eles somam combina\u00e7\u00f5es vencedoras com bastante frequ\u00eancia. Eles n\u00e3o afetam outros modos de forma alguma e n\u00e3o podem ativ\u00e1-los. Para fazer isso, voc\u00ea precisar\u00e1 pegar alguns outros personagens:<\/p>\n<ul>\n<li>Wild &#8211; \u00e9 um substituto para caracteres ausentes em combina\u00e7\u00f5es. Traz ganhos por si s\u00f3 de 10 a 400 moedas.<\/li>\n<li>Scatter &#8211; um s\u00edmbolo com uma inscri\u00e7\u00e3o. Ele aciona as rodadas gr\u00e1tis e isso \u00e9 indicado na pr\u00f3pria imagem. Ou seja, n\u00e3o importa onde esteja localizado (na linha ou n\u00e3o), funcionar\u00e1.<\/li>\n<\/ul>\n<p>\u00c9 o \u00faltimo s\u00edmbolo necess\u00e1rio para iniciar a rodada de b\u00f4nus (no valor de 3 pe\u00e7as) no slot online Rocket Play Monkey King. Consiste em rodadas das bobinas pelas quais voc\u00ea n\u00e3o ser\u00e1 cobrado. Inicialmente, haver\u00e1 5 deles, mas se voc\u00ea pegar mais tr\u00eas scatters, ser\u00e3o adicionados mais 3, e isso pode continuar sem restri\u00e7\u00f5es.<\/p>\n<p>Ali\u00e1s, outro momento interessante \u00e9 o in\u00edcio do jogo b\u00f4nus. Ele n\u00e3o inicia sozinho, voc\u00ea pode escolher as regras pelas quais ele ser\u00e1 executado. Isso \u00e9 muito legal e n\u00e3o est\u00e1 dispon\u00edvel em todos os slots.<\/p>\n<p>As regras se aplicam ao multiplicador que ser\u00e1 aplicado aos ganhos e ao valor de cada imagem. Esta op\u00e7\u00e3o envolve todos os s\u00edmbolos pagos, exceto hier\u00f3glifos. Ou seja, voc\u00ea ter\u00e1 uma escolha de 5 op\u00e7\u00f5es. Cada vez que voc\u00ea abre a rodada de b\u00f4nus novamente, voc\u00ea pode escolher diferentes recursos. Aqui est\u00e3o algumas dicas de slots do Rocket Play Monkey King para voc\u00ea &#8211; sempre escolha op\u00e7\u00f5es diferentes para tornar o jogo mais diversificado.<\/p>\n<p><span style=\"font-weight: 400;\"><div class=\"tosh-btn\"><a href=\"\/go-casino\/\" target=\"_blank\" rel=\"noopener\">GANHE B\u00d4NUS<\/a><\/div><\/span><\/p>\n<p>Como conclus\u00e3o, podemos dizer com confian\u00e7a que este jogo \u00e9 uma \u00f3tima op\u00e7\u00e3o para um lazer interessante. \u00c9 muito legal que o Rocket Play oferece jogar de gra\u00e7a e ainda ter a oportunidade de ganhar. A slot machine Rocket Play Monkey King \u00e9 recomendada para todos os amantes da China Antiga.<\/p>\n<p><img loading=\"lazy\" decoding=\"async\" class=\" wp-image-476 aligncenter\" src=\"https:\/\/rocketplay-new.com\/wp-content\/uploads\/2022\/09\/monkeykingigtech3-300x225.jpg\" alt=\"Monkey King slot\" width=\"625\" height=\"469\" srcset=\"https:\/\/rocketplay-new.com\/wp-content\/uploads\/2022\/09\/monkeykingigtech3-300x225.jpg 300w, https:\/\/rocketplay-new.com\/wp-content\/uploads\/2022\/09\/monkeykingigtech3-600x450.jpg 600w, https:\/\/rocketplay-new.com\/wp-content\/uploads\/2022\/09\/monkeykingigtech3.jpg 680w\" sizes=\"auto, (max-width: 625px) 100vw, 625px\" \/><\/p>\n<h2>PERGUNTAS FREQUENTES SOBRE O SLOT DO MONKEY KING<\/h2>\n<h3>QUE PERCENTAGEM DE RETORNO POSSO ESPERAR AO JOGAR ESTE Slot?<\/h3>\n<p>Muito bom, ali\u00e1s. \u00c9 96,47.<\/p>\n<h3>ESTE SLOT PODE SER JOGADO TOTALMENTE GRATUITAMENTE?<\/h3>\n<p>\u00c9 claro. Este est\u00e1 dispon\u00edvel em duas vers\u00f5es. Voc\u00ea pode executar a demonstra\u00e7\u00e3o. Isso \u00e9 ideal para conhecer o slot e entender se voc\u00ea gosta ou n\u00e3o. Ou voc\u00ea pode aproveitar as ofertas em que o cassino oferece para voc\u00ea jogar o slot gratuitamente.<\/p>\n<p>Leia tamb\u00e9m sobre: \u200b\u200b<a href=\"https:\/\/rocketplay-new.com\/pt-br\/lion-gems-hold-and-win\/\">Lion Gems: slot Hold and Win<\/a><\/p>\n","protected":false},"excerpt":{"rendered":"<p>REVIS\u00c3O DO MONKEY KING SLOT O tema da China Antiga e suas lendas sempre atra\u00edram os desenvolvedores de ca\u00e7a-n\u00edqueis de cassino. E cada um deles tenta surpreender ao m\u00e1ximo seu consumidor. O mesmo aconteceu com a IGTech. Foram eles que lan\u00e7aram o jogo, que agora \u00e9 apresentado em muitos cassinos brasileiros. Voc\u00ea encontrar\u00e1 no jogo&#8230;<\/p>\n","protected":false},"author":1,"featured_media":0,"parent":0,"menu_order":0,"comment_status":"closed","ping_status":"closed","template":"","meta":{"_acf_changed":false,"_kad_post_transparent":"default","_kad_post_title":"default","_kad_post_layout":"default","_kad_post_sidebar_id":"","_kad_post_content_style":"default","_kad_post_vertical_padding":"default","_kad_post_feature":"","_kad_post_feature_position":"","_kad_post_header":false,"_kad_post_footer":false,"footnotes":""},"class_list":["post-2094","page","type-page","status-publish","hentry"],"acf":[],"rttpg_featured_image_url":null,"rttpg_author":{"display_name":"John","author_link":"https:\/\/rocketplay-new.com\/pt-br\/author\/pemvas95n89x\/"},"rttpg_comment":0,"rttpg_category":null,"rttpg_excerpt":"REVIS\u00c3O DO MONKEY KING SLOT O tema da China Antiga e suas lendas sempre atra\u00edram os desenvolvedores de ca\u00e7a-n\u00edqueis de cassino. E cada um deles tenta surpreender ao m\u00e1ximo seu consumidor. O mesmo aconteceu com a IGTech. Foram eles que lan\u00e7aram o jogo, que agora \u00e9 apresentado em muitos cassinos brasileiros. Voc\u00ea encontrar\u00e1 no jogo...","_links":{"self":[{"href":"https:\/\/rocketplay-new.com\/pt-br\/wp-json\/wp\/v2\/pages\/2094","targetHints":{"allow":["GET"]}}],"collection":[{"href":"https:\/\/rocketplay-new.com\/pt-br\/wp-json\/wp\/v2\/pages"}],"about":[{"href":"https:\/\/rocketplay-new.com\/pt-br\/wp-json\/wp\/v2\/types\/page"}],"author":[{"embeddable":true,"href":"https:\/\/rocketplay-new.com\/pt-br\/wp-json\/wp\/v2\/users\/1"}],"replies":[{"embeddable":true,"href":"https:\/\/rocketplay-new.com\/pt-br\/wp-json\/wp\/v2\/comments?post=2094"}],"version-history":[{"count":6,"href":"https:\/\/rocketplay-new.com\/pt-br\/wp-json\/wp\/v2\/pages\/2094\/revisions"}],"predecessor-version":[{"id":5831,"href":"https:\/\/rocketplay-new.com\/pt-br\/wp-json\/wp\/v2\/pages\/2094\/revisions\/5831"}],"wp:attachment":[{"href":"https:\/\/rocketplay-new.com\/pt-br\/wp-json\/wp\/v2\/media?parent=2094"}],"curies":[{"name":"wp","href":"https:\/\/api.w.org\/{rel}","templated":true}]}}