{"id":2089,"date":"2022-09-20T14:38:13","date_gmt":"2022-09-20T11:38:13","guid":{"rendered":"https:\/\/rocketplay-new.com\/lion-gems-hold-and-win\/"},"modified":"2025-11-26T20:09:21","modified_gmt":"2025-11-26T17:09:21","slug":"lion-gems-hold-and-win","status":"publish","type":"page","link":"https:\/\/rocketplay-new.com\/pt-br\/lion-gems-hold-and-win\/","title":{"rendered":"Gemas do Le\u00e3o: Segure e Ganhe"},"content":{"rendered":"<iframe src=\"https:\/\/ss.rocketplay.com\/games\/infin\/LionGemsHoldandWin\/138664\" allowfullscreen=\"true\" frameborder=\"0\" webkitallowfullscreen=\"true\" class=\"game-frame__iframe allowFullScreen\"><\/iframe>\n<h2>LION GEMS: SEGURE E GANHE &#8211; REVIS\u00c3O DE SLOT<\/h2>\n<p>Voc\u00ea j\u00e1 fez um saf\u00e1ri? Se n\u00e3o, ent\u00e3o n\u00e3o se apresse para ficar chateado! Afinal, voc\u00ea sempre pode ir ao site do cassino e encontrar o slot online Lion Gems: Hold and Win no Rocket Play. Ele combina recursos interessantes para jogadores e um design agrad\u00e1vel para os amantes da vida selvagem.<\/p>\n<p>Este produto \u00e9 relativamente novo, pois foi lan\u00e7ado em mar\u00e7o de 2023. Seu desenvolvedor foi a Playson. O slot est\u00e1 dispon\u00edvel para jogadores brasileiros nas vers\u00f5es paga e gratuita. Tente execut\u00e1-lo em demonstra\u00e7\u00e3o antes de decidir se combina com voc\u00ea ou n\u00e3o!<\/p>\n<p>Vamos discutir quais recursos esse slot possui, pelo que deve ser elogiado e o que deve ser aprimorado.<\/p>\n<p><span style=\"font-weight: 400;\"><div class=\"tosh-btn\"><a href=\"\/go-casino\/\" target=\"_blank\" rel=\"noopener\">GANHE B\u00d4NUS<\/a><\/div><\/span><\/p>\n<p><a href=\"http:\/\/&lt;iframe src=&quot;https:\/\/ss.rocketplay.com\/games\/igtech\/WolfTreasure\/45516&quot; allowfullscreen=&quot;true&quot; frameborder=&quot;0&quot; webkitallowfullscreen=&quot;true&quot; class=&quot;game-frame__iframe allowFullScreen&quot;&gt;&lt;\/iframe&gt;\" target=\"_blank\"><img loading=\"lazy\" decoding=\"async\" class=\" wp-image-481 aligncenter\" src=\"https:\/\/rocketplay-new.com\/wp-content\/uploads\/2022\/09\/lion-gems-hold-and-win-slot-playson-300x196.jpg\" alt=\"Lion Gems: Hold and Win slot\" width=\"594\" height=\"388\" srcset=\"https:\/\/rocketplay-new.com\/wp-content\/uploads\/2022\/09\/lion-gems-hold-and-win-slot-playson-300x196.jpg 300w, https:\/\/rocketplay-new.com\/wp-content\/uploads\/2022\/09\/lion-gems-hold-and-win-slot-playson.jpg 720w\" sizes=\"auto, (max-width: 594px) 100vw, 594px\" \/><\/a><\/p>\n<h2>LION GEMS: RETENHA E GANHE RECURSOS DE SLOT<\/h2>\n<p>Ent\u00e3o, voc\u00ea entra no jogo de slot Rocket Play Lion Gems: Hold and Win. Antes de abrir a bela savana com belas paisagens e moradores. O campo de jogo \u00e9 composto pelos principais s\u00edmbolos deste lugar e dos animais. Seu tamanho \u00e9 de 5 por 4, e existem at\u00e9 30 linhas de pagamento aqui.<\/p>\n<p>O slot tem uma fun\u00e7\u00e3o b\u00e1sica &#8211; ganhos por fazer combina\u00e7\u00f5es na linha. Se voc\u00ea obtiver os mesmos s\u00edmbolos em uma linha vencedora, receber\u00e1 um pagamento em dinheiro. S\u00edmbolos mais baratos s\u00e3o denomina\u00e7\u00f5es de cartas. Animais mais caros:<\/p>\n<ul>\n<li>flamingos;<\/li>\n<li>javalis;<\/li>\n<li>zebras;<\/li>\n<li>leopardos;<\/li>\n<li>rinocerontes;<\/li>\n<li>um le\u00e3o.<\/li>\n<\/ul>\n<p>O s\u00edmbolo Wild \u00e9 t\u00e3o selvagem quanto o animal que simboliza. Este \u00e9 um le\u00e3o. Ele n\u00e3o apenas toma o lugar dos outros se isso ajudar a criar uma vit\u00f3ria, mas tamb\u00e9m participa da rodada de b\u00f4nus com um multiplicador x2.<\/p>\n<p>O s\u00edmbolo de dispers\u00e3o est\u00e1 escondido atr\u00e1s da imagem de uma \u00e1rvore. Ele aciona o recurso no Rocket Play Lion Gems: segure e ganhe rodadas gr\u00e1tis. Mas, para isso, voc\u00ea precisar\u00e1 coletar 3 dessas imagens em qualquer lugar do campo. Destaques desta rodada:<\/p>\n<ul>\n<li>8 cliques gratuitos s\u00e3o dados;<\/li>\n<li>\u00e9 usado um multiplicador de 2x com um s\u00edmbolo de le\u00e3o;<\/li>\n<li>re-spins s\u00e3o poss\u00edveis se voc\u00ea conseguir coletar scatters novamente.<\/li>\n<\/ul>\n<p>Outro s\u00edmbolo associado \u00e0 rodada de b\u00f4nus \u00e9 o Diamante. \u00c9 necess\u00e1rio para a fun\u00e7\u00e3o, cujo nome \u00e9 indicado no pr\u00f3prio nome do slot. Isso \u00e9 Segure e Ganhe. Aqui est\u00e3o as condi\u00e7\u00f5es dela:<\/p>\n<ul>\n<li>come\u00e7a ap\u00f3s 6 diamantes ca\u00edrem no campo;<\/li>\n<li>abre um novo campo com apenas diamantes b\u00f4nus;<\/li>\n<li>d\u00e1 3 rodadas, que podem ser atualizadas se novos Diamantes forem corrigidos;<\/li>\n<li>traz um multiplicador de x1 a x16.<\/li>\n<\/ul>\n<p>Este \u00e9 o b\u00f4nus de slot Rocket Play Lion Gems: Hold and Win mais interessante. H\u00e1 tamb\u00e9m 4 jackpots no jogo. Voc\u00ea s\u00f3 pode peg\u00e1-los na rodada de b\u00f4nus. Existem quatro tipos deles: do Mini ao Grand. Voc\u00ea receber\u00e1 o \u00faltimo se durante a rodada de b\u00f4nus todas as c\u00e9lulas vazias forem preenchidas.<\/p>\n<p>Al\u00e9m disso, durante o jogo voc\u00ea pode conhecer o Mystery Diamond, que pode se transformar em um dos Jackpots.<\/p>\n<p><img loading=\"lazy\" decoding=\"async\" class=\" wp-image-482 aligncenter\" src=\"https:\/\/rocketplay-new.com\/wp-content\/uploads\/2022\/09\/lion-gems-hold-and-win-slot-300x169.png\" alt=\"Lion Gems: Hold and Win review\" width=\"637\" height=\"359\" srcset=\"https:\/\/rocketplay-new.com\/wp-content\/uploads\/2022\/09\/lion-gems-hold-and-win-slot-300x169.png 300w, https:\/\/rocketplay-new.com\/wp-content\/uploads\/2022\/09\/lion-gems-hold-and-win-slot-1024x576.png 1024w, https:\/\/rocketplay-new.com\/wp-content\/uploads\/2022\/09\/lion-gems-hold-and-win-slot-768x432.png 768w, https:\/\/rocketplay-new.com\/wp-content\/uploads\/2022\/09\/lion-gems-hold-and-win-slot.png 1028w\" sizes=\"auto, (max-width: 637px) 100vw, 637px\" \/><\/p>\n<h2>PR\u00d3S E CONTRAS DE LION GEMS: SEGURE E GANHE<\/h2>\n<p>Como este \u00e9 um novo slot criado usando tecnologias modernas, faz sentido examin\u00e1-lo mais de perto. Uma das vantagens \u00e9 que o slot Rocket Play Lion Gems: Hold and Win Brasil est\u00e1 dispon\u00edvel sem nenhum bloqueio. Mas h\u00e1 outros benef\u00edcios tamb\u00e9m:<\/p>\n<ul>\n<li>anima\u00e7\u00f5es, sons e transi\u00e7\u00f5es s\u00e3o feitos em alto n\u00edvel;<\/li>\n<li>muitos recursos de b\u00f4nus;<\/li>\n<li>n\u00e3o \u00e9 o assunto mais banal;<\/li>\n<li>existem op\u00e7\u00f5es para um jogo conveniente (autorun, por exemplo).<\/li>\n<\/ul>\n<p>Mas tamb\u00e9m h\u00e1 desvantagens a serem consideradas:<\/p>\n<ul>\n<li>apesar do slot ser bom, n\u00e3o trouxe nada de novo;<\/li>\n<li>o percentual de retorno n\u00e3o atinge o desejado e \u00e9 de 95,55%.<\/li>\n<\/ul>\n<p>Mas seja guiado apenas por seus sentimentos. Voc\u00ea pode entend\u00ea-los usando a vers\u00e3o demo.<\/p>\n<p><span style=\"font-weight: 400;\"><div class=\"tosh-btn\"><a href=\"\/go-casino\/\" target=\"_blank\" rel=\"noopener\">GANHE B\u00d4NUS<\/a><\/div><\/span><\/p>\n<h2>Perguntas frequentes<\/h2>\n<h3>QUE RECOMPENSA TRAR\u00c1 O MAIOR JACKPOT?<\/h3>\n<p>A recompensa por coletar o n\u00famero m\u00e1ximo de s\u00edmbolos de b\u00f4nus ser\u00e1 um multiplicador de x3000.<\/p>\n<h3>QUAL \u00c9 O RANGE DE APOSTA PARA ESTE JOGO?<\/h3>\n<p>O m\u00ednimo \u00e9 0,20 e o m\u00e1ximo \u00e9 100. Este valor \u00e9 retirado por 1 vez que voc\u00ea gira o carretel.<\/p>\n<h3>COM QUE FREQU\u00caNCIA ESSE JOGO VENCE?<\/h3>\n<p>A frequ\u00eancia aqui \u00e9 m\u00e9dia. A porcentagem m\u00e9dia de combina\u00e7\u00f5es vencedoras \u00e9 de 16%<\/p>\n<p>Leia tamb\u00e9m sobre: \u200b\u200b<a href=\"https:\/\/rocketplay-new.com\/pt-br\/wolf-treasure\/\">slot Wolf Treasure<\/a><\/p>\n","protected":false},"excerpt":{"rendered":"<p>LION GEMS: SEGURE E GANHE &#8211; REVIS\u00c3O DE SLOT Voc\u00ea j\u00e1 fez um saf\u00e1ri? Se n\u00e3o, ent\u00e3o n\u00e3o se apresse para ficar chateado! Afinal, voc\u00ea sempre pode ir ao site do cassino e encontrar o slot online Lion Gems: Hold and Win no Rocket Play. Ele combina recursos interessantes para jogadores e um design agrad\u00e1vel&#8230;<\/p>\n","protected":false},"author":1,"featured_media":0,"parent":0,"menu_order":0,"comment_status":"closed","ping_status":"closed","template":"","meta":{"_acf_changed":false,"_kad_post_transparent":"default","_kad_post_title":"default","_kad_post_layout":"default","_kad_post_sidebar_id":"","_kad_post_content_style":"default","_kad_post_vertical_padding":"default","_kad_post_feature":"","_kad_post_feature_position":"","_kad_post_header":false,"_kad_post_footer":false,"footnotes":""},"class_list":["post-2089","page","type-page","status-publish","hentry"],"acf":[],"rttpg_featured_image_url":null,"rttpg_author":{"display_name":"John","author_link":"https:\/\/rocketplay-new.com\/pt-br\/author\/pemvas95n89x\/"},"rttpg_comment":0,"rttpg_category":null,"rttpg_excerpt":"LION GEMS: SEGURE E GANHE &#8211; REVIS\u00c3O DE SLOT Voc\u00ea j\u00e1 fez um saf\u00e1ri? Se n\u00e3o, ent\u00e3o n\u00e3o se apresse para ficar chateado! Afinal, voc\u00ea sempre pode ir ao site do cassino e encontrar o slot online Lion Gems: Hold and Win no Rocket Play. Ele combina recursos interessantes para jogadores e um design agrad\u00e1vel...","_links":{"self":[{"href":"https:\/\/rocketplay-new.com\/pt-br\/wp-json\/wp\/v2\/pages\/2089","targetHints":{"allow":["GET"]}}],"collection":[{"href":"https:\/\/rocketplay-new.com\/pt-br\/wp-json\/wp\/v2\/pages"}],"about":[{"href":"https:\/\/rocketplay-new.com\/pt-br\/wp-json\/wp\/v2\/types\/page"}],"author":[{"embeddable":true,"href":"https:\/\/rocketplay-new.com\/pt-br\/wp-json\/wp\/v2\/users\/1"}],"replies":[{"embeddable":true,"href":"https:\/\/rocketplay-new.com\/pt-br\/wp-json\/wp\/v2\/comments?post=2089"}],"version-history":[{"count":5,"href":"https:\/\/rocketplay-new.com\/pt-br\/wp-json\/wp\/v2\/pages\/2089\/revisions"}],"predecessor-version":[{"id":5743,"href":"https:\/\/rocketplay-new.com\/pt-br\/wp-json\/wp\/v2\/pages\/2089\/revisions\/5743"}],"wp:attachment":[{"href":"https:\/\/rocketplay-new.com\/pt-br\/wp-json\/wp\/v2\/media?parent=2089"}],"curies":[{"name":"wp","href":"https:\/\/api.w.org\/{rel}","templated":true}]}}