{"id":2076,"date":"2022-09-20T14:02:14","date_gmt":"2022-09-20T11:02:14","guid":{"rendered":"https:\/\/rocketplay-new.com\/9-coins\/"},"modified":"2025-04-02T14:42:16","modified_gmt":"2025-04-02T11:42:16","slug":"9-coins","status":"publish","type":"page","link":"https:\/\/rocketplay-new.com\/pt-br\/9-coins\/","title":{"rendered":"9 moedas"},"content":{"rendered":"<p><img loading=\"lazy\" decoding=\"async\" class=\"aligncenter wp-image-5037\" src=\"https:\/\/rocketplay-new.com\/wp-content\/uploads\/2024\/02\/9999.png\" alt=\"9 Coins \" width=\"800\" height=\"363\" srcset=\"https:\/\/rocketplay-new.com\/wp-content\/uploads\/2024\/02\/9999.png 1281w, https:\/\/rocketplay-new.com\/wp-content\/uploads\/2024\/02\/9999-300x136.png 300w, https:\/\/rocketplay-new.com\/wp-content\/uploads\/2024\/02\/9999-1024x465.png 1024w, https:\/\/rocketplay-new.com\/wp-content\/uploads\/2024\/02\/9999-768x349.png 768w\" sizes=\"auto, (max-width: 800px) 100vw, 800px\" \/><\/p>\n<h2>INFORMA\u00c7\u00c3O B\u00c1SICA<\/h2>\n<p>A gama moderna de slots \u00e9 realmente enorme. E \u00e9 dif\u00edcil encontrar algo incomum entre eles. Eles s\u00e3o todos semelhantes em termos de mec\u00e2nica, n\u00famero de bobinas e linhas, anima\u00e7\u00f5es, jogos de risco e outros recursos. Mas se voc\u00ea encontrar o slot Rocket Play 9 Coins online no cassino, entender\u00e1 que existem op\u00e7\u00f5es com controles e op\u00e7\u00f5es originais.<\/p>\n<p>A princ\u00edpio, o significado desse slot n\u00e3o parece t\u00e3o interessante e emocionante. Mas ele tem seus f\u00e3s, e n\u00e3o \u00e9 \u00e0 toa. Voc\u00ea n\u00e3o precisa apostar dinheiro real imediatamente para entender o jogo. Afinal, voc\u00ea sempre pode executar uma vers\u00e3o demo que tornar\u00e1 o conhecimento gratuito.<\/p>\n<p style=\"text-align: center;\"><div class=\"tosh-btn\"><a href=\"\/go-casino\/\" target=\"_blank\" rel=\"noopener\">GANHE B\u00d4NUS<\/a><\/div><\/p>\n<p>O criador do slot \u00e9 Wazdan. Ela \u00e9 conhecida por inventar recursos novos e interessantes. A equipe de desenvolvimento geralmente apresenta novas ideias, que s\u00e3o implementadas nos slots. Foi exatamente isso que aconteceu aqui. Ent\u00e3o, vamos conhec\u00ea-lo melhor em nossa an\u00e1lise do slot Rocket Play 9 Coins e decidir se voc\u00ea gosta dele.<\/p>\n<h2>9 S\u00cdMBOLOS DE MOEDAS E TABELA DE PAGAMENTO<\/h2>\n<p>\u00c0 primeira vista, este jogo n\u00e3o tem nada a ver com espa\u00e7o. Mas assim que voc\u00ea lan\u00e7a o slot, voc\u00ea ouve uma m\u00fasica tem\u00e1tica que parece lev\u00e1-lo \u00e0s profundezas desconhecidas do Universo. Al\u00e9m disso, todas as anima\u00e7\u00f5es do jogo s\u00e3o feitas nesse estilo.<\/p>\n<p>Mas o principal, \u00e9 claro, n\u00e3o \u00e9 o design, mas as fun\u00e7\u00f5es do jogo.<\/p>\n<p>Ent\u00e3o, voc\u00ea abre o jogo e v\u00ea um campo de 3 por 3 c\u00e9lulas \u00e0 sua frente. Uma op\u00e7\u00e3o incomum para um slot, mas isso \u00e9 apenas o come\u00e7o. Quando voc\u00ea inicia um slot, ele n\u00e3o \u00e9 preenchido completamente com s\u00edmbolos. Eles param apenas em algumas c\u00e9lulas. Ent\u00e3o, \u00e9 poss\u00edvel ganhar dinheiro real no slot Rocket Play 9 Coins?<\/p>\n<p>N\u00e3o h\u00e1 linhas de pagamento aqui, portanto, nenhuma combina\u00e7\u00e3o de s\u00edmbolos trar\u00e1 benef\u00edcios. Excepto um.<\/p>\n<p>Seu objetivo \u00e9 que tr\u00eas s\u00edmbolos parem na faixa central do quadrado. Isso acionar\u00e1 a rodada de b\u00f4nus. \u00c9 aqui que todos os pagamentos est\u00e3o esperando por voc\u00ea. A tabela abaixo mostra todos eles.<\/p>\n<table>\n<tbody>\n<tr>\n<td>s\u00edmbolo<\/td>\n<td>Sua fun\u00e7\u00e3o<\/td>\n<\/tr>\n<tr>\n<td>Dinheiro (moedas simples)<\/td>\n<td>Pode multiplicar a aposta de x1 a x5<\/td>\n<\/tr>\n<tr>\n<td>caixa<\/td>\n<td>Coleta todos os ganhos em campo e traz um multiplicador aleat\u00f3rio de at\u00e9 x9<\/td>\n<\/tr>\n<tr>\n<td>S\u00edmbolos de mist\u00e9rio<\/td>\n<td>Transforma-se em qualquer um dos personagens<\/td>\n<\/tr>\n<tr>\n<td>Jackpot Misterioso<\/td>\n<td>Converta para qualquer Jackpot<\/td>\n<\/tr>\n<tr>\n<td>Formar-se<\/td>\n<td>Pode multiplicar a aposta para x50<\/td>\n<\/tr>\n<tr>\n<td>Menor<\/td>\n<td>Pode multiplicar a aposta para x20<\/td>\n<\/tr>\n<tr>\n<td><span style=\"font-weight: 400;\">Mini<\/span><\/td>\n<td>Pode multiplicar a aposta para x10<\/td>\n<\/tr>\n<\/tbody>\n<\/table>\n<p>Na rodada de b\u00f4nus, voc\u00ea faz 3 rodadas gr\u00e1tis de Rocket Play 9 Coins. E se pelo menos um s\u00edmbolo permanecer no campo, o n\u00famero de rodadas aumenta novamente. Isso pode continuar at\u00e9 o fim. O que voc\u00ea pode obter durante o modo lucrativo cobrir\u00e1 as rodadas in\u00fateis feitas antes.<\/p>\n<p>Outro fator importante que determina se um slot \u00e9 adequado para jogar ou n\u00e3o \u00e9 o RTP. Ele mostra quantos por cento do dinheiro gasto no slot voc\u00ea retornar\u00e1 com um jogo longo. Quanto maior este valor, melhor. A m\u00e9dia no campo do jogo \u00e9 de 95,5%. Este slot tem 96,06%, o que \u00e9 um pouco melhor que a m\u00e9dia.<\/p>\n<p style=\"text-align: center;\"><div class=\"tosh-btn\"><a href=\"\/go-casino\/\" target=\"_blank\" rel=\"noopener\">GANHE B\u00d4NUS<\/a><\/div><\/p>\n<p>Apesar do fato de que existem muitos slots com uma porcentagem maior no mercado hoje, esse jogo ainda pode ser considerado bastante lucrativo. O melhor b\u00f4nus do slot Rocket Play 9 Coins est\u00e1 esperando por voc\u00ea quando todas as nove c\u00e9lulas estiverem cheias de s\u00edmbolos durante a rodada de b\u00f4nus.<\/p>\n<p><img loading=\"lazy\" decoding=\"async\" class=\"aligncenter wp-image-5047\" src=\"https:\/\/rocketplay-new.com\/wp-content\/uploads\/2024\/02\/999-1.png\" alt=\"9 Coins 2\" width=\"800\" height=\"444\" srcset=\"https:\/\/rocketplay-new.com\/wp-content\/uploads\/2024\/02\/999-1.png 955w, https:\/\/rocketplay-new.com\/wp-content\/uploads\/2024\/02\/999-1-300x166.png 300w, https:\/\/rocketplay-new.com\/wp-content\/uploads\/2024\/02\/999-1-768x426.png 768w\" sizes=\"auto, (max-width: 800px) 100vw, 800px\" \/><\/p>\n<h2>9 PERGUNTAS FREQUENTES DE SLOT DE MOEDAS<\/h2>\n<h3>COMO GANHAR O VALOR M\u00c1XIMO NESTE Slot?<\/h3>\n<p>Para fazer isso, voc\u00ea precisa preencher todas as c\u00e9lulas do campo com s\u00edmbolos. Neste caso, voc\u00ea recebe o Grand Jackpot.<\/p>\n<h3>QUANTO VOC\u00ca PODE GANHAR NESTE JOGO?<\/h3>\n<p>O valor exato depende da sua aposta. O multiplicador m\u00e1ximo que voc\u00ea pode obter \u00e9 x500. Est\u00e1 dispon\u00edvel apenas na rodada de b\u00f4nus. Se voc\u00ea acertar, os ganhos anteriores ser\u00e3o zerados. Porque voc\u00ea n\u00e3o pode obter mais do que isso.<\/p>\n<h3>COMO POSSO INICIAR O SLOT DE UM TELEFONE CELULAR?<\/h3>\n<p>Isso \u00e9 feito com muita facilidade. Basta fazer login na sua conta no site do cassino por meio de um navegador, encontrar este slot e inici\u00e1-lo. Ele se ajustar\u00e1 para caber na sua tela.<\/p>\n<p>Leia tamb\u00e9m sobre: <a href=\"https:\/\/rocketplay-new.com\/pt-br\/gold-express\/\">\u200b\u200bGold Express Slot<\/a><\/p>\n","protected":false},"excerpt":{"rendered":"<p>INFORMA\u00c7\u00c3O B\u00c1SICA A gama moderna de slots \u00e9 realmente enorme. E \u00e9 dif\u00edcil encontrar algo incomum entre eles. Eles s\u00e3o todos semelhantes em termos de mec\u00e2nica, n\u00famero de bobinas e linhas, anima\u00e7\u00f5es, jogos de risco e outros recursos. Mas se voc\u00ea encontrar o slot Rocket Play 9 Coins online no cassino, entender\u00e1 que existem op\u00e7\u00f5es&#8230;<\/p>\n","protected":false},"author":1,"featured_media":0,"parent":0,"menu_order":0,"comment_status":"closed","ping_status":"closed","template":"","meta":{"_acf_changed":false,"_kad_post_transparent":"default","_kad_post_title":"default","_kad_post_layout":"default","_kad_post_sidebar_id":"","_kad_post_content_style":"default","_kad_post_vertical_padding":"default","_kad_post_feature":"","_kad_post_feature_position":"","_kad_post_header":false,"_kad_post_footer":false,"footnotes":""},"class_list":["post-2076","page","type-page","status-publish","hentry"],"acf":[],"rttpg_featured_image_url":null,"rttpg_author":{"display_name":"John","author_link":"https:\/\/rocketplay-new.com\/pt-br\/author\/pemvas95n89x\/"},"rttpg_comment":0,"rttpg_category":null,"rttpg_excerpt":"INFORMA\u00c7\u00c3O B\u00c1SICA A gama moderna de slots \u00e9 realmente enorme. E \u00e9 dif\u00edcil encontrar algo incomum entre eles. Eles s\u00e3o todos semelhantes em termos de mec\u00e2nica, n\u00famero de bobinas e linhas, anima\u00e7\u00f5es, jogos de risco e outros recursos. Mas se voc\u00ea encontrar o slot Rocket Play 9 Coins online no cassino, entender\u00e1 que existem op\u00e7\u00f5es...","_links":{"self":[{"href":"https:\/\/rocketplay-new.com\/pt-br\/wp-json\/wp\/v2\/pages\/2076","targetHints":{"allow":["GET"]}}],"collection":[{"href":"https:\/\/rocketplay-new.com\/pt-br\/wp-json\/wp\/v2\/pages"}],"about":[{"href":"https:\/\/rocketplay-new.com\/pt-br\/wp-json\/wp\/v2\/types\/page"}],"author":[{"embeddable":true,"href":"https:\/\/rocketplay-new.com\/pt-br\/wp-json\/wp\/v2\/users\/1"}],"replies":[{"embeddable":true,"href":"https:\/\/rocketplay-new.com\/pt-br\/wp-json\/wp\/v2\/comments?post=2076"}],"version-history":[{"count":5,"href":"https:\/\/rocketplay-new.com\/pt-br\/wp-json\/wp\/v2\/pages\/2076\/revisions"}],"predecessor-version":[{"id":5632,"href":"https:\/\/rocketplay-new.com\/pt-br\/wp-json\/wp\/v2\/pages\/2076\/revisions\/5632"}],"wp:attachment":[{"href":"https:\/\/rocketplay-new.com\/pt-br\/wp-json\/wp\/v2\/media?parent=2076"}],"curies":[{"name":"wp","href":"https:\/\/api.w.org\/{rel}","templated":true}]}}