{"id":2043,"date":"2022-09-20T13:28:34","date_gmt":"2022-09-20T10:28:34","guid":{"rendered":"https:\/\/rocketplay-new.com\/vip\/"},"modified":"2026-02-25T15:09:57","modified_gmt":"2026-02-25T12:09:57","slug":"vip","status":"publish","type":"page","link":"https:\/\/rocketplay-new.com\/pt-br\/vip\/","title":{"rendered":"Como fa\u00e7o para me tornar um membro do programa vip?"},"content":{"rendered":"<p><img loading=\"lazy\" decoding=\"async\" class=\" wp-image-456 aligncenter\" src=\"https:\/\/rocketplay-new.com\/wp-content\/uploads\/2022\/09\/rocketplay-vip-1-300x74.png\" alt=\"Rocket play VIP\" width=\"722\" height=\"178\" srcset=\"https:\/\/rocketplay-new.com\/wp-content\/uploads\/2022\/09\/rocketplay-vip-1-300x74.png 300w, https:\/\/rocketplay-new.com\/wp-content\/uploads\/2022\/09\/rocketplay-vip-1-768x190.png 768w, https:\/\/rocketplay-new.com\/wp-content\/uploads\/2022\/09\/rocketplay-vip-1.png 930w\" sizes=\"auto, (max-width: 722px) 100vw, 722px\" \/><\/p>\n<p>Apenas tr\u00eas letras VIP sempre pareceu ser algo de prest\u00edgio. E ser um cliente VIP parece uma tarefa inating\u00edvel. Por alguma raz\u00e3o, h\u00e1 uma opini\u00e3o na sociedade de que se tornar um cliente especial e privilegiado \u00e9 dif\u00edcil e demora muito. Mas na verdade n\u00e3o \u00e9! E a prova \u00e9 o programa vip do cassino Rocket Play.<\/p>\n<p>Este sistema \u00e9 pensado e tem em conta os interesses de todos os clientes. E aqueles que querem ganhar pr\u00eamios especiais e subir de n\u00edvel. E aqueles que est\u00e3o apenas interessados \u200b\u200bem jogos.<\/p>\n<p>O cliente do programa nesta institui\u00e7\u00e3o torna-se imediatamente ap\u00f3s a inscri\u00e7\u00e3o. Tudo que voc\u00ea precisa fazer \u00e9 criar uma conta e voc\u00ea j\u00e1 est\u00e1 no primeiro passo! Voc\u00ea avan\u00e7ar\u00e1 mais gra\u00e7as \u00e0s taxas em diferentes jogos de azar.<\/p>\n<p><span style=\"font-weight: 400;\"><div class=\"tosh-btn\"><a href=\"\/go-casino\/\" target=\"_blank\" rel=\"noopener\">GANHE B\u00d4NUS<\/a><\/div><\/span><\/p>\n<h2>COMO RECEBO O CASHBACK?<\/h2>\n<p>Quando voc\u00ea perde dinheiro em algum jogo (e isso acontece de vez em quando), isso desmotiva. Mas o cassino tenta fazer de tudo para que voc\u00ea se sinta confort\u00e1vel. Portanto, faz um reembolso dos fundos perdidos uma vez por semana. Nesta institui\u00e7\u00e3o, \u00e9 emitido \u00e0s segundas-feiras para que comece bem a sua semana!<\/p>\n<p>Todos os jogadores que participam do programa vip Rocket Play do cassino online podem obt\u00ea-lo. Aqui est\u00e3o as condi\u00e7\u00f5es m\u00ednimas para isso:<\/p>\n<ul>\n<li>atingir o n\u00edvel Prata no programa;<\/li>\n<li>jogar ca\u00e7a-n\u00edqueis;<\/li>\n<li>perder pelo menos 5 BRL;<\/li>\n<li>ter uma conta ativa.<\/li>\n<\/ul>\n<p>O n\u00edvel prata \u00e9 o terceiro n\u00edvel. Nele, voc\u00ea receber\u00e1 o valor m\u00ednimo de cashback emitido toda semana &#8211; 3%. Se voc\u00ea \u00e9 um usu\u00e1rio ativo que joga com frequ\u00eancia, n\u00e3o precisar\u00e1 esperar muito. No total, o programa tem 9 etapas, sem contar a primeira, que \u00e9 emitida imediatamente. Neste \u00faltimo, voc\u00ea j\u00e1 receber\u00e1 15% de cashback.<\/p>\n<p>Al\u00e9m do cashback, voc\u00ea tamb\u00e9m pode receber outros pr\u00eamios. A tabela mostra com mais detalhes quais e em que quantidade.<\/p>\n<table>\n<tbody>\n<tr>\n<td>Tipo de pr\u00eamio<\/td>\n<td>Tamanho<\/td>\n<td>Em que n\u00edvel<\/td>\n<\/tr>\n<tr>\n<td>Rodadas Gr\u00e1tis<\/td>\n<td>De 10 a 300<\/td>\n<td>Lenda Bronze-Prata<\/td>\n<\/tr>\n<tr>\n<td>Nenhum b\u00f4nus de dep\u00f3sito<\/td>\n<td>De 2.300 BRL a 22.500 BRL<\/td>\n<td>Lenda Dourada \u2014 Lenda do Diamante<\/td>\n<\/tr>\n<\/tbody>\n<\/table>\n<p>Esses pr\u00eamios, inclu\u00eddos no melhor programa vip do cassino Rocket Play, s\u00e3o realmente generosos. Eles s\u00e3o emitidos apenas uma vez, no momento em que o jogador recebe um novo n\u00edvel. Mas o cashback \u00e9 emitido toda semana.<\/p>\n<p>Como membro do programa, voc\u00ea pode aproveitar quaisquer outras promo\u00e7\u00f5es do site. Por exemplo, ofertas regulares toda semana. Assim, as condi\u00e7\u00f5es mais confort\u00e1veis \u200b\u200bpara o entretenimento s\u00e3o criadas para voc\u00ea neste cassino.<\/p>\n<p><img loading=\"lazy\" decoding=\"async\" class=\" wp-image-457 aligncenter\" src=\"https:\/\/rocketplay-new.com\/wp-content\/uploads\/2022\/09\/xrocketplay-vip-program.jpg.pagespeed.ic_.fug6cjifwk-300x171.jpg\" alt=\"Rocket Play VIP program\" width=\"705\" height=\"402\" srcset=\"https:\/\/rocketplay-new.com\/wp-content\/uploads\/2022\/09\/xrocketplay-vip-program.jpg.pagespeed.ic_.fug6cjifwk-300x171.jpg 300w, https:\/\/rocketplay-new.com\/wp-content\/uploads\/2022\/09\/xrocketplay-vip-program.jpg.pagespeed.ic_.fug6cjifwk-1024x583.jpg 1024w, https:\/\/rocketplay-new.com\/wp-content\/uploads\/2022\/09\/xrocketplay-vip-program.jpg.pagespeed.ic_.fug6cjifwk-768x437.jpg 768w, https:\/\/rocketplay-new.com\/wp-content\/uploads\/2022\/09\/xrocketplay-vip-program.jpg.pagespeed.ic_.fug6cjifwk.jpg 1435w\" sizes=\"auto, (max-width: 705px) 100vw, 705px\" \/><\/p>\n<h2>Perguntas frequentes sobre b\u00f4nus de boas-vindas<\/h2>\n<h3>POSSO SER REMOVIDO DO PROGRAMA VIP SE JOGAR MENOS?<\/h3>\n<p>Claro que n\u00e3o! Se voc\u00ea ganhou honestamente seu lugar no programa vip do cassino Rocket Play Brasil, receber\u00e1 todos os privil\u00e9gios fornecidos e permanecer\u00e1 l\u00e1 at\u00e9 acumular ainda mais pontos. N\u00e3o importa o qu\u00e3o duro voc\u00ea os pegue.<\/p>\n<p><span style=\"font-weight: 400;\"><div class=\"tosh-btn\"><a href=\"\/go-casino\/\" target=\"_blank\" rel=\"noopener\">GANHE B\u00d4NUS<\/a><\/div><\/span><\/p>\n<h3>PRECISO APOSTAR OS FUNDOS RETORNADOS ATRAV\u00c9S DO CASHBACK?<\/h3>\n<p>Sim. Voc\u00ea n\u00e3o poder\u00e1 exibi-los no mapa imediatamente. As condi\u00e7\u00f5es de aposta s\u00e3o pequenas. O valor devolvido deve ser multiplicado por 5. Isso mostrar\u00e1 quanto voc\u00ea precisa apostar para ativar a retirada.<\/p>\n<h3>ONDE POSSO ACOMPANHAR MEU PROGRESSO NO PROGRAMA?<\/h3>\n<p>Todas as informa\u00e7\u00f5es relevantes sobre este t\u00f3pico est\u00e3o contidas em sua conta pessoal. olhe ali.<\/p>\n<p>Leia tamb\u00e9m sobre: <a href=\"https:\/\/rocketplay-new.com\/pt-br\/welcome-offer\/\">\u200b\u200bOfertas de boas-vindas<\/a><\/p>\n","protected":false},"excerpt":{"rendered":"<p>Apenas tr\u00eas letras VIP sempre pareceu ser algo de prest\u00edgio. E ser um cliente VIP parece uma tarefa inating\u00edvel. Por alguma raz\u00e3o, h\u00e1 uma opini\u00e3o na sociedade de que se tornar um cliente especial e privilegiado \u00e9 dif\u00edcil e demora muito. Mas na verdade n\u00e3o \u00e9! E a prova \u00e9 o programa vip do cassino&#8230;<\/p>\n","protected":false},"author":1,"featured_media":0,"parent":0,"menu_order":0,"comment_status":"closed","ping_status":"closed","template":"","meta":{"_acf_changed":false,"_kad_post_transparent":"default","_kad_post_title":"default","_kad_post_layout":"default","_kad_post_sidebar_id":"","_kad_post_content_style":"default","_kad_post_vertical_padding":"default","_kad_post_feature":"","_kad_post_feature_position":"","_kad_post_header":false,"_kad_post_footer":false,"footnotes":""},"class_list":["post-2043","page","type-page","status-publish","hentry"],"acf":[],"rttpg_featured_image_url":null,"rttpg_author":{"display_name":"John","author_link":"https:\/\/rocketplay-new.com\/pt-br\/author\/pemvas95n89x\/"},"rttpg_comment":0,"rttpg_category":null,"rttpg_excerpt":"Apenas tr\u00eas letras VIP sempre pareceu ser algo de prest\u00edgio. E ser um cliente VIP parece uma tarefa inating\u00edvel. Por alguma raz\u00e3o, h\u00e1 uma opini\u00e3o na sociedade de que se tornar um cliente especial e privilegiado \u00e9 dif\u00edcil e demora muito. Mas na verdade n\u00e3o \u00e9! E a prova \u00e9 o programa vip do cassino...","_links":{"self":[{"href":"https:\/\/rocketplay-new.com\/pt-br\/wp-json\/wp\/v2\/pages\/2043","targetHints":{"allow":["GET"]}}],"collection":[{"href":"https:\/\/rocketplay-new.com\/pt-br\/wp-json\/wp\/v2\/pages"}],"about":[{"href":"https:\/\/rocketplay-new.com\/pt-br\/wp-json\/wp\/v2\/types\/page"}],"author":[{"embeddable":true,"href":"https:\/\/rocketplay-new.com\/pt-br\/wp-json\/wp\/v2\/users\/1"}],"replies":[{"embeddable":true,"href":"https:\/\/rocketplay-new.com\/pt-br\/wp-json\/wp\/v2\/comments?post=2043"}],"version-history":[{"count":4,"href":"https:\/\/rocketplay-new.com\/pt-br\/wp-json\/wp\/v2\/pages\/2043\/revisions"}],"predecessor-version":[{"id":11691,"href":"https:\/\/rocketplay-new.com\/pt-br\/wp-json\/wp\/v2\/pages\/2043\/revisions\/11691"}],"wp:attachment":[{"href":"https:\/\/rocketplay-new.com\/pt-br\/wp-json\/wp\/v2\/media?parent=2043"}],"curies":[{"name":"wp","href":"https:\/\/api.w.org\/{rel}","templated":true}]}}