{"id":2037,"date":"2022-09-20T14:15:51","date_gmt":"2022-09-20T11:15:51","guid":{"rendered":"https:\/\/rocketplay-new.com\/gold-express\/"},"modified":"2025-04-02T15:05:18","modified_gmt":"2025-04-02T12:05:18","slug":"gold-express","status":"publish","type":"page","link":"https:\/\/rocketplay-new.com\/pt-br\/gold-express\/","title":{"rendered":"Ranhura Gold Express"},"content":{"rendered":"<p><img loading=\"lazy\" decoding=\"async\" class=\" wp-image-470 aligncenter\" src=\"https:\/\/rocketplay-new.com\/wp-content\/uploads\/2022\/09\/gold-express-slot-booongo-300x196.jpg\" alt=\"Gold Express slot review\" width=\"686\" height=\"448\" srcset=\"https:\/\/rocketplay-new.com\/wp-content\/uploads\/2022\/09\/gold-express-slot-booongo-300x196.jpg 300w, https:\/\/rocketplay-new.com\/wp-content\/uploads\/2022\/09\/gold-express-slot-booongo.jpg 612w\" sizes=\"auto, (max-width: 686px) 100vw, 686px\" \/><\/p>\n<h2>COMO JOGAR<\/h2>\n<p>Se voc\u00ea encontrar e executar no slot online <a href=\"https:\/\/rocketplay-new.com\/pt-br\">Rocket Play<\/a> Gold Express, n\u00e3o haver\u00e1 problemas com seu lan\u00e7amento. \u00c9 muito f\u00e1cil e simples de jogar. A mec\u00e2nica aqui repete completamente todos os slots online cl\u00e1ssicos.<\/p>\n<p>Um campo de jogo de 5 cilindros ser\u00e1 aberto \u00e0 sua frente. Existem at\u00e9 20 linhas de pagamento aqui. Para iniciar as bobinas, voc\u00ea precisa pressionar um bot\u00e3o especial. Antes disso, no painel de informa\u00e7\u00f5es, voc\u00ea pode se familiarizar com os tamanhos das apostas ou definir rodadas autom\u00e1ticas.<\/p>\n<p>Tudo o que voc\u00ea precisa fazer \u00e9 ativar o movimento das bobinas e tentar coletar os s\u00edmbolos vencedores. Se voc\u00ea tiver sucesso, voc\u00ea receber\u00e1 um pagamento por uma combina\u00e7\u00e3o em uma linha ou uma rodada de b\u00f4nus ser\u00e1 aberta. Sobre o que mais est\u00e1 no b\u00f4nus Rocket Play Gold Express, falaremos mais adiante.<\/p>\n<p style=\"text-align: center;\"><div class=\"tosh-btn\"><a href=\"\/go-casino\/\" target=\"_blank\" rel=\"noopener\">GANHE B\u00d4NUS<\/a><\/div><\/p>\n<h2>S\u00cdMBOLOS E PAGAMENTOS<\/h2>\n<p>Vamos ver quais s\u00edmbolos est\u00e3o escondidos nas bobinas. Primeiro, vamos falar sobre o mais simples deles &#8211; denomina\u00e7\u00f5es de cartas. Eles trazem um pequeno lucro: de 0,30 a 6,00. Para obter pelo menos a vit\u00f3ria m\u00ednima, voc\u00ea precisa coletar pelo menos 3 s\u00edmbolos em uma linha de pagamento.<\/p>\n<p>Agora algumas palavras sobre s\u00edmbolos mais caros. O tema deste slot \u00e9 uma reminisc\u00eancia da hist\u00f3ria de Agatha Christie sobre o Expresso do Oriente. Aqui temos o s\u00edmbolo do trem e os passageiros nele, assim como o condutor.<\/p>\n<p>Se voc\u00ea vai ganhar no slot Rocket Play Gold Express com dinheiro real, confira a tabela de pagamentos.<\/p>\n<table>\n<tbody>\n<tr>\n<td>s\u00edmbolo<\/td>\n<td>Pagamentos<\/td>\n<\/tr>\n<tr>\n<td>Condutor (verde)<\/td>\n<td><span style=\"font-weight: 400;\">0.75\u201312.00<\/span><\/td>\n<\/tr>\n<tr>\n<td>Passageiro Loiro<\/td>\n<td><span style=\"font-weight: 400;\">0.75\u201312.00<\/span><\/td>\n<\/tr>\n<tr>\n<td>Cavalheiro com mon\u00f3culo<\/td>\n<td><span style=\"font-weight: 400;\">1.5\u201315.00<\/span><\/td>\n<\/tr>\n<tr>\n<td>passageiro moreno<\/td>\n<td><span style=\"font-weight: 400;\">1.5\u201315.00<\/span><\/td>\n<\/tr>\n<tr>\n<td>Cavalheiro de bigode<\/td>\n<td><span style=\"font-weight: 400;\">3.00\u201330.00<\/span><\/td>\n<\/tr>\n<tr>\n<td>vag\u00e3o de trem<\/td>\n<td><span style=\"font-weight: 400;\">3.00\u2013150.00<\/span><\/td>\n<\/tr>\n<\/tbody>\n<\/table>\n<p>A prop\u00f3sito, o trem tamb\u00e9m \u00e9 um s\u00edmbolo Scatter. O slot tamb\u00e9m possui um Wild na forma de uma bolsa de viagem. Ele substitui outros s\u00edmbolos se um deles estiver faltando para uma combina\u00e7\u00e3o. H\u00e1 tamb\u00e9m um s\u00edmbolo de b\u00f4nus no jogo. Isso aciona uma das rodadas de b\u00f4nus, sobre as quais falaremos a seguir.<\/p>\n<h2>MELHOR RECURSO DE B\u00d4NUS EXPRESS GOLD<\/h2>\n<p>O slot \u00e9 conhecido apenas pela variedade de seus recursos de b\u00f4nus. Ele permite que voc\u00ea ganhe grandes quantias, mesmo que voc\u00ea tenha inicialmente uma pequena banca.<\/p>\n<p>A fun\u00e7\u00e3o boost \u00e9 ativada quando o s\u00edmbolo do cofrinho aparece na tela. Pode ocorrer em qualquer modo de jogo. Gra\u00e7as a ele, os ganhos de todos os s\u00edmbolos de b\u00f4nus s\u00e3o resumidos, acompanhados por uma anima\u00e7\u00e3o brilhante.<\/p>\n<p>Rodadas gr\u00e1tis do Rocket Play Gold Express. Para esta rodada, voc\u00ea precisar\u00e1 coletar scatters. Voc\u00ea precisa obter pelo menos 3 deles na tela. Ent\u00e3o voc\u00ea receber\u00e1 8 rodadas das bobinas pelas quais voc\u00ea n\u00e3o ser\u00e1 cobrado. Esta rodada pode ser aumentada se os scatters pousarem novamente. Tamb\u00e9m neste modo, os multiplicadores aleat\u00f3rios caem.<\/p>\n<p>Se voc\u00ea tiver a sorte de coletar 6 moedas, o jogo de b\u00f4nus come\u00e7ar\u00e1. Neste momento, moedas comuns aparecer\u00e3o na tela, aumentando os ganhos, bem como moedas com jackpots. N\u00e3o haver\u00e1 mais imagens aqui. Voc\u00ea receber\u00e1 3 rodadas. Durante eles, todas as moedas ser\u00e3o fixadas em lugares aleat\u00f3rios (ou n\u00e3o). Se isso acontecer, mais rodadas ser\u00e3o adicionadas a voc\u00ea. Voc\u00ea pode coletar todas as 20 moedas de b\u00f4nus aqui. Os ganhos ser\u00e3o cumulativos.<\/p>\n<p style=\"text-align: center;\"><div class=\"tosh-btn\"><a href=\"\/go-casino\/\" target=\"_blank\" rel=\"noopener\">GANHE B\u00d4NUS<\/a><\/div><\/p>\n<p>Al\u00e9m disso, o slot Rocket Play Gold Express Brasil cont\u00e9m jackpots:<\/p>\n<ul>\n<li>Mini &#8211; 60,00;<\/li>\n<li>Menor &#8211; 150,00;<\/li>\n<li>Maior &#8211; 450,00.<\/li>\n<\/ul>\n<p>Se todo o campo estiver coberto por s\u00edmbolos durante a rodada de b\u00f4nus, voc\u00ea receber\u00e1 o Grand Jackpot.<\/p>\n<p><img loading=\"lazy\" decoding=\"async\" class=\" wp-image-469 aligncenter\" src=\"https:\/\/rocketplay-new.com\/wp-content\/uploads\/2022\/09\/gold-express-slot-base-game-300x170.webp\" alt=\"Gold Express slot\" width=\"688\" height=\"390\" srcset=\"https:\/\/rocketplay-new.com\/wp-content\/uploads\/2022\/09\/gold-express-slot-base-game-300x170.webp 300w, https:\/\/rocketplay-new.com\/wp-content\/uploads\/2022\/09\/gold-express-slot-base-game.webp 600w\" sizes=\"auto, (max-width: 688px) 100vw, 688px\" \/><\/p>\n<p>Ent\u00e3o n\u00e3o perca seu tempo! Certifique-se de experimentar este slot, pois \u00e9 \u00f3timo para ganhar dinheiro e apenas se divertir.<\/p>\n<h2>Perguntas frequentes<\/h2>\n<h3>QUAL \u00c9 O MAIOR MULTIPLICADOR NESTE JOGO?<\/h3>\n<p>Conseguir n\u00e3o \u00e9 t\u00e3o f\u00e1cil. Aparece se voc\u00ea preencher todas as c\u00e9lulas durante a rodada de b\u00f4nus. Ou seja, para obter o multiplicador, voc\u00ea precisa ativar o Grand Jackpot. Seu tamanho \u00e9 tanto quanto x2000! Ent\u00e3o, quanto mais voc\u00ea aposta, mais dinheiro voc\u00ea ganha.<\/p>\n<h3>QUAL \u00c9 A PORCENTAGEM DE RTP NESTE JOGO ONLINE?<\/h3>\n<p>O fabricante deste jogo cheio de rodadas de b\u00f4nus indica essa porcentagem &#8211; 96%.<\/p>\n<p>Leia tamb\u00e9m sobre: \u200b\u200b<a href=\"https:\/\/rocketplay-new.com\/pt-br\">Monkey King Slot<\/a><\/p>\n","protected":false},"excerpt":{"rendered":"<p>COMO JOGAR Se voc\u00ea encontrar e executar no slot online Rocket Play Gold Express, n\u00e3o haver\u00e1 problemas com seu lan\u00e7amento. \u00c9 muito f\u00e1cil e simples de jogar. A mec\u00e2nica aqui repete completamente todos os slots online cl\u00e1ssicos. Um campo de jogo de 5 cilindros ser\u00e1 aberto \u00e0 sua frente. Existem at\u00e9 20 linhas de pagamento&#8230;<\/p>\n","protected":false},"author":1,"featured_media":0,"parent":0,"menu_order":0,"comment_status":"closed","ping_status":"closed","template":"","meta":{"_acf_changed":false,"_kad_post_transparent":"default","_kad_post_title":"default","_kad_post_layout":"default","_kad_post_sidebar_id":"","_kad_post_content_style":"default","_kad_post_vertical_padding":"default","_kad_post_feature":"","_kad_post_feature_position":"","_kad_post_header":false,"_kad_post_footer":false,"footnotes":""},"class_list":["post-2037","page","type-page","status-publish","hentry"],"acf":[],"rttpg_featured_image_url":null,"rttpg_author":{"display_name":"John","author_link":"https:\/\/rocketplay-new.com\/pt-br\/author\/pemvas95n89x\/"},"rttpg_comment":0,"rttpg_category":null,"rttpg_excerpt":"COMO JOGAR Se voc\u00ea encontrar e executar no slot online Rocket Play Gold Express, n\u00e3o haver\u00e1 problemas com seu lan\u00e7amento. \u00c9 muito f\u00e1cil e simples de jogar. A mec\u00e2nica aqui repete completamente todos os slots online cl\u00e1ssicos. Um campo de jogo de 5 cilindros ser\u00e1 aberto \u00e0 sua frente. Existem at\u00e9 20 linhas de pagamento...","_links":{"self":[{"href":"https:\/\/rocketplay-new.com\/pt-br\/wp-json\/wp\/v2\/pages\/2037","targetHints":{"allow":["GET"]}}],"collection":[{"href":"https:\/\/rocketplay-new.com\/pt-br\/wp-json\/wp\/v2\/pages"}],"about":[{"href":"https:\/\/rocketplay-new.com\/pt-br\/wp-json\/wp\/v2\/types\/page"}],"author":[{"embeddable":true,"href":"https:\/\/rocketplay-new.com\/pt-br\/wp-json\/wp\/v2\/users\/1"}],"replies":[{"embeddable":true,"href":"https:\/\/rocketplay-new.com\/pt-br\/wp-json\/wp\/v2\/comments?post=2037"}],"version-history":[{"count":4,"href":"https:\/\/rocketplay-new.com\/pt-br\/wp-json\/wp\/v2\/pages\/2037\/revisions"}],"predecessor-version":[{"id":5643,"href":"https:\/\/rocketplay-new.com\/pt-br\/wp-json\/wp\/v2\/pages\/2037\/revisions\/5643"}],"wp:attachment":[{"href":"https:\/\/rocketplay-new.com\/pt-br\/wp-json\/wp\/v2\/media?parent=2037"}],"curies":[{"name":"wp","href":"https:\/\/api.w.org\/{rel}","templated":true}]}}