{"id":2032,"date":"2022-08-11T19:18:05","date_gmt":"2022-08-11T16:18:05","guid":{"rendered":"https:\/\/rocketplay-new.com\/free-spins\/"},"modified":"2025-04-08T11:07:32","modified_gmt":"2025-04-08T08:07:32","slug":"free-spins","status":"publish","type":"page","link":"https:\/\/rocketplay-new.com\/pt-br\/free-spins\/","title":{"rendered":"Rodadas gr\u00e1tis no Rocket Play"},"content":{"rendered":"<p><img loading=\"lazy\" decoding=\"async\" class=\" wp-image-273 aligncenter\" src=\"https:\/\/rocketplay-new.com\/wp-content\/uploads\/2022\/08\/1-300x113.jpeg\" alt=\"rocket play\" width=\"621\" height=\"234\" srcset=\"https:\/\/rocketplay-new.com\/wp-content\/uploads\/2022\/08\/1-300x113.jpeg 300w, https:\/\/rocketplay-new.com\/wp-content\/uploads\/2022\/08\/1-1024x384.jpeg 1024w, https:\/\/rocketplay-new.com\/wp-content\/uploads\/2022\/08\/1-768x288.jpeg 768w, https:\/\/rocketplay-new.com\/wp-content\/uploads\/2022\/08\/1.jpeg 1140w\" sizes=\"auto, (max-width: 621px) 100vw, 621px\" \/><\/p>\n<p>As rodadas gr\u00e1tis do <a href=\"https:\/\/rocketplay-new.com\/pt-br\">RocketPlay<\/a> s\u00e3o um dos tipos mais comuns de rodadas de b\u00f4nus em slots online. As m\u00e1quinas ca\u00e7a-n\u00edqueis geralmente implicam a presen\u00e7a de uma conta de b\u00f4nus ou dep\u00f3sito, que recebe ganhos de rodadas gr\u00e1tis e outros fundos de b\u00f4nus. Para retir\u00e1-los, voc\u00ea deve atender \u00e0s condi\u00e7\u00f5es da aposta.<\/p>\n<p>Por exemplo, um determinado site oferece 20 rodadas gr\u00e1tis em um slot durante o registro. Se o pre\u00e7o &#8220;condicional&#8221; da rodada for de 5 centavos, o jogador poder\u00e1 fazer 20 rodadas gr\u00e1tis a uma taxa de 5 centavos. Nesse caso, \u00e9 importante qual pre\u00e7o de uma rodada \u00e9 fornecido pelas rodadas gr\u00e1tis do cassino RocketPlay.<\/p>\n<p>Porque todos os ganhos envolvem a multiplica\u00e7\u00e3o da aposta. Assim, \u00e9 influente jogar por 1 centavo ou 40 d\u00f3lares. A mesma combina\u00e7\u00e3o que paga 200x da aposta dar\u00e1 um ganho de $2 ou $8000 &#8211; uma diferen\u00e7a significativa? Normalmente, o pre\u00e7o de uma rodada est\u00e1 entre 10 e 50 centavos.<\/p>\n<p>Aposta: o que um jogador ganha em rodadas gr\u00e1tis? Em primeiro lugar, \u00e9 necess\u00e1rio explicar o termo aposta. As condi\u00e7\u00f5es de aposta pressup\u00f5em que todos os fundos ganhos durante as rodadas gr\u00e1tis n\u00e3o v\u00e3o para a conta principal, mas para a conta de b\u00f4nus. Que prev\u00ea condi\u00e7\u00f5es especiais para a retirada desses fundos.<\/p>\n<p>A aposta implica o valor m\u00ednimo de banca gasto no jogo. N\u00e3o importa se o jogador ganha ou n\u00e3o, \u00e9 significativo que o valor seja gasto. Assim que essa condi\u00e7\u00e3o for atendida, todos os ganhos em rodadas gr\u00e1tis v\u00e3o para a categoria de dinheiro real.<\/p>\n<p>Ent\u00e3o, na verdade, a aposta \u00e9 um mecanismo para proteger os interesses do pr\u00f3prio cassino. Ao mesmo tempo, as s\u00e9ries de rodadas gr\u00e1tis, como regra, tamb\u00e9m implicam uma maior probabilidade de grandes multiplicadores ca\u00edrem, ent\u00e3o as rodadas gr\u00e1tis s\u00e3o quase garantidas para trazer um aumento significativo no dep\u00f3sito.<\/p>\n<p><span style=\"font-weight: 400;\"><div class=\"tosh-btn\"><a href=\"\/go-casino\/\" target=\"_blank\" rel=\"noopener\">GANHE B\u00d4NUS<\/a><\/div><\/span><\/p>\n<h2>COMO REQUERER RODADAS GR\u00c1TIS<\/h2>\n<p>Como s\u00e3o as rodadas gr\u00e1tis do cassino RocketPlay sem dep\u00f3sito, como obt\u00ea-las? Existem v\u00e1rias maneiras de obter este b\u00f4nus:<\/p>\n<ul>\n<li>pr\u00eamio de registro.<\/li>\n<li>Os b\u00f4nus de congratula\u00e7\u00f5es s\u00e3o uma pr\u00e1tica comum. Esses fundos geralmente s\u00e3o creditados na conta, o que implica em condi\u00e7\u00f5es de aposta para sacar b\u00f4nus ou ganhar dinheiro real.<\/li>\n<li>Combos vencedores. Cada m\u00e1quina ca\u00e7a-n\u00edqueis oferece seus pr\u00f3prios conjuntos de combina\u00e7\u00f5es que trazem ao jogador todos os tipos de b\u00f4nus, incluindo rodadas gr\u00e1tis. Diferentes cassinos online oferecem diferentes condi\u00e7\u00f5es para retirar fundos ganhos por meio de rodadas gr\u00e1tis: os fundos podem ir imediatamente para a conta principal do jogador ou para a conta de b\u00f4nus com uma aposta.<\/li>\n<\/ul>\n<p>estoque. De tempos em tempos, v\u00e1rias promo\u00e7\u00f5es s\u00e3o realizadas em todos os grandes locais, que podem ser vinculadas a feriados e outras ocasi\u00f5es. Na verdade, as promo\u00e7\u00f5es envolvem a distribui\u00e7\u00e3o de alguns brindes, entre outros, muitas vezes s\u00e3o dadas rodadas gr\u00e1tis.<\/p>\n<p>brincadeiras. V\u00e1rios sorteios, roleta, loterias e outros sorteios de b\u00f4nus s\u00e3o uma pr\u00e1tica padr\u00e3o que \u00e9 suportada regularmente pela grande maioria dos grandes sites. Os ganhos em tais atividades podem chegar a milhares de rodadas gr\u00e1tis, no entanto, as condi\u00e7\u00f5es de aposta para ganhar podem ser diferentes das padr\u00e3o.<\/p>\n<p>As condi\u00e7\u00f5es para retirar fundos de uma conta de b\u00f4nus sempre podem ser encontradas nas regras do site, se estivermos falando de um cassino online licenciado.<\/p>\n<p>Reabastecimento do dep\u00f3sito, compra de status VIP. Aumentar o saldo e comprar um status VIP definitivamente n\u00e3o passar\u00e1 despercebido pela administra\u00e7\u00e3o do cassino online. O ac\u00famulo de b\u00f4nus em tal situa\u00e7\u00e3o \u00e9 uma pr\u00e1tica comum.<\/p>\n<p>Especialistas no fato de ter um dep\u00f3sito distinguem dois tipos principais de rodadas gr\u00e1tis.<\/p>\n<p>Rodadas gr\u00e1tis sem dep\u00f3sito. As rodadas gr\u00e1tis s\u00e3o, na verdade, o equivalente de jogo do b\u00f4nus em dinheiro gr\u00e1tis. O jogador tem o direito de rodadas gr\u00e1tis em qualquer uma ou certas m\u00e1quinas ca\u00e7a-n\u00edqueis virtuais. O dinheiro ganho desta forma sempre vai para a conta com a aposta.<\/p>\n<p>Rodadas gr\u00e1tis com um dep\u00f3sito. Muitas m\u00e1quinas ca\u00e7a-n\u00edqueis oferecem b\u00f4nus ao reabastecer uma conta por um determinado valor, e esses b\u00f4nus podem ter um sistema de v\u00e1rios n\u00edveis. Essa. dependendo da quantidade de reabastecimento, o jogador pode receber uma quantidade diferente de fundos de b\u00f4nus, incluindo rodadas gr\u00e1tis.<\/p>\n<p>Benef\u00edcios das rodadas gr\u00e1tis de b\u00f4nus do cassino RocketPlay:<\/p>\n<ul>\n<li>O b\u00f4nus n\u00e3o requer investimentos reais;<\/li>\n<li>Usando fundos de b\u00f4nus, voc\u00ea pode ganhar dinheiro real;<\/li>\n<li>As rodadas gr\u00e1tis s\u00e3o distribu\u00eddas com frequ\u00eancia e rapidez se certas condi\u00e7\u00f5es forem atendidas.<\/li>\n<\/ul>\n<p>Desvantagens do cassino de rodadas gr\u00e1tis RocketPlay Brasil:<\/p>\n<ul>\n<li>Para retirar os ganhos, voc\u00ea precisa apostar;<\/li>\n<li>(poss\u00edvel) uma lista limitada de m\u00e1quinas ca\u00e7a-n\u00edqueis para o jogo;<\/li>\n<li>(poss\u00edvel) tamanho de aposta limitado;<\/li>\n<li>Eles doam com frequ\u00eancia e de boa vontade, mas n\u00e3o o suficiente.<\/li>\n<\/ul>\n<p>As rodadas de b\u00f4nus s\u00e3o um fen\u00f4meno agrad\u00e1vel que diversifica a jogabilidade e promete benef\u00edcios adicionais. Seu uso tem vantagens e desvantagens.<\/p>\n<p><img loading=\"lazy\" decoding=\"async\" class=\" wp-image-274 aligncenter\" src=\"https:\/\/rocketplay-new.com\/wp-content\/uploads\/2022\/08\/casino-free-spins-slot-sign-machine-vector-illustration-194647586-300x192.jpg\" alt=\"free spins rocketplay\" width=\"580\" height=\"371\" srcset=\"https:\/\/rocketplay-new.com\/wp-content\/uploads\/2022\/08\/casino-free-spins-slot-sign-machine-vector-illustration-194647586-300x192.jpg 300w, https:\/\/rocketplay-new.com\/wp-content\/uploads\/2022\/08\/casino-free-spins-slot-sign-machine-vector-illustration-194647586-768x492.jpg 768w, https:\/\/rocketplay-new.com\/wp-content\/uploads\/2022\/08\/casino-free-spins-slot-sign-machine-vector-illustration-194647586.jpg 800w\" sizes=\"auto, (max-width: 580px) 100vw, 580px\" \/><\/p>\n<h2>OUTROS B\u00d4NUS DE ROCKET PLAY<\/h2>\n<p>A principal tarefa de um cassino online \u00e9 atrair novos jogadores. Para fazer isso, os portais de jogos usam muitos m\u00e9todos diferentes. E o mais comum \u00e9 a promo\u00e7\u00e3o de todos os tipos de b\u00f4nus:<\/p>\n<ul>\n<li>nenhum b\u00f4nus de dep\u00f3sito;<\/li>\n<li>pacote de boas-vindas;<\/li>\n<li>dinheiro de volta;<\/li>\n<li>recarregar;<\/li>\n<li>B\u00f4nus por ocasi\u00e3o do feriado;<\/li>\n<li>B\u00f4nus de reabastecimento.<\/li>\n<\/ul>\n<p>Qualquer b\u00f4nus \u00e9 bom para o jogador. No entanto, voc\u00ea precisa ter em mente que todos os b\u00f4nus s\u00e3o jogadas cuidadosamente pelos cassinos online.<\/p>\n<p><span style=\"font-weight: 400;\"><div class=\"tosh-btn\"><a href=\"\/go-casino\/\" target=\"_blank\" rel=\"noopener\">GANHE B\u00d4NUS<\/a><\/div><\/span><\/p>\n<h2>Perguntas frequentes<\/h2>\n<h3>COMO OBTER UM B\u00d4NUS?<\/h3>\n<p>O registro e a verifica\u00e7\u00e3o s\u00e3o necess\u00e1rios para receber o b\u00f4nus.<\/p>\n<h3>\u00c9 NECESS\u00c1RIO APOSTAR O B\u00d4NUS?<\/h3>\n<p>Sim, este \u00e9 um requisito obrigat\u00f3rio.<\/p>\n<h3>COMO RETIRAR FUNDOS DA CONTA DE B\u00d4NUS?<\/h3>\n<p>B\u00f4nus de cassino gr\u00e1tis atraem muita aten\u00e7\u00e3o. Ao mesmo tempo, deve-se entender que \u00e9 simplesmente imposs\u00edvel retir\u00e1-los imediatamente. O jogador pode usar a conta de b\u00f4nus para continuar jogando. Para retirar fundos dele, voc\u00ea precisa recuperar o dinheiro recebido.<\/p>\n","protected":false},"excerpt":{"rendered":"<p>As rodadas gr\u00e1tis do RocketPlay s\u00e3o um dos tipos mais comuns de rodadas de b\u00f4nus em slots online. As m\u00e1quinas ca\u00e7a-n\u00edqueis geralmente implicam a presen\u00e7a de uma conta de b\u00f4nus ou dep\u00f3sito, que recebe ganhos de rodadas gr\u00e1tis e outros fundos de b\u00f4nus. Para retir\u00e1-los, voc\u00ea deve atender \u00e0s condi\u00e7\u00f5es da aposta. Por exemplo, um&#8230;<\/p>\n","protected":false},"author":1,"featured_media":0,"parent":0,"menu_order":0,"comment_status":"closed","ping_status":"closed","template":"single-no-sidebar.php","meta":{"_acf_changed":false,"_kad_post_transparent":"default","_kad_post_title":"default","_kad_post_layout":"default","_kad_post_sidebar_id":"","_kad_post_content_style":"default","_kad_post_vertical_padding":"default","_kad_post_feature":"","_kad_post_feature_position":"","_kad_post_header":false,"_kad_post_footer":false,"footnotes":""},"class_list":["post-2032","page","type-page","status-publish","hentry"],"acf":[],"rttpg_featured_image_url":null,"rttpg_author":{"display_name":"John","author_link":"https:\/\/rocketplay-new.com\/pt-br\/author\/pemvas95n89x\/"},"rttpg_comment":0,"rttpg_category":null,"rttpg_excerpt":"As rodadas gr\u00e1tis do RocketPlay s\u00e3o um dos tipos mais comuns de rodadas de b\u00f4nus em slots online. As m\u00e1quinas ca\u00e7a-n\u00edqueis geralmente implicam a presen\u00e7a de uma conta de b\u00f4nus ou dep\u00f3sito, que recebe ganhos de rodadas gr\u00e1tis e outros fundos de b\u00f4nus. Para retir\u00e1-los, voc\u00ea deve atender \u00e0s condi\u00e7\u00f5es da aposta. Por exemplo, um...","_links":{"self":[{"href":"https:\/\/rocketplay-new.com\/pt-br\/wp-json\/wp\/v2\/pages\/2032","targetHints":{"allow":["GET"]}}],"collection":[{"href":"https:\/\/rocketplay-new.com\/pt-br\/wp-json\/wp\/v2\/pages"}],"about":[{"href":"https:\/\/rocketplay-new.com\/pt-br\/wp-json\/wp\/v2\/types\/page"}],"author":[{"embeddable":true,"href":"https:\/\/rocketplay-new.com\/pt-br\/wp-json\/wp\/v2\/users\/1"}],"replies":[{"embeddable":true,"href":"https:\/\/rocketplay-new.com\/pt-br\/wp-json\/wp\/v2\/comments?post=2032"}],"version-history":[{"count":4,"href":"https:\/\/rocketplay-new.com\/pt-br\/wp-json\/wp\/v2\/pages\/2032\/revisions"}],"predecessor-version":[{"id":5991,"href":"https:\/\/rocketplay-new.com\/pt-br\/wp-json\/wp\/v2\/pages\/2032\/revisions\/5991"}],"wp:attachment":[{"href":"https:\/\/rocketplay-new.com\/pt-br\/wp-json\/wp\/v2\/media?parent=2032"}],"curies":[{"name":"wp","href":"https:\/\/api.w.org\/{rel}","templated":true}]}}