{"id":2025,"date":"2022-09-20T12:17:34","date_gmt":"2022-09-20T09:17:34","guid":{"rendered":"https:\/\/rocketplay-new.com\/regular-bonuses\/"},"modified":"2025-04-02T18:18:21","modified_gmt":"2025-04-02T15:18:21","slug":"regular-bonuses","status":"publish","type":"page","link":"https:\/\/rocketplay-new.com\/pt-br\/regular-bonuses\/","title":{"rendered":"Tudo sobre b\u00f4nus regular no cassino Rocket Play"},"content":{"rendered":"<p><img loading=\"lazy\" decoding=\"async\" class=\" wp-image-444 aligncenter\" src=\"https:\/\/rocketplay-new.com\/wp-content\/uploads\/2022\/09\/rocketplay-high-roller-bonus-1-300x93.webp\" alt=\"rocketplay high roller bonus\" width=\"655\" height=\"203\" srcset=\"https:\/\/rocketplay-new.com\/wp-content\/uploads\/2022\/09\/rocketplay-high-roller-bonus-1-300x93.webp 300w, https:\/\/rocketplay-new.com\/wp-content\/uploads\/2022\/09\/rocketplay-high-roller-bonus-1-768x238.webp 768w, https:\/\/rocketplay-new.com\/wp-content\/uploads\/2022\/09\/rocketplay-high-roller-bonus-1.webp 968w\" sizes=\"auto, (max-width: 655px) 100vw, 655px\" \/><\/p>\n<p>\u00c9 obrigat\u00f3rio que todos os usu\u00e1rios usem promo\u00e7\u00f5es permanentes no site do cassino. Eles permitem que voc\u00ea torne seu tempo de lazer na institui\u00e7\u00e3o mais divertido, lucrativo e imprudente. Al\u00e9m disso, quanto mais b\u00f4nus regulares um cassino tiver, mais confi\u00e1vel ele ser\u00e1 considerado. Portanto, n\u00e3o perca a chance de ganhar dinheiro extra, certifique-se de estudar qual b\u00f4nus de cassino <a href=\"https:\/\/rocketplay-new.com\/pt-br\">Rocket Play<\/a> \u00e9 atual para voc\u00ea no momento e use-o!<\/p>\n<p>Essas ofertas s\u00e3o chamadas regulares porque est\u00e3o sempre dispon\u00edveis. Voc\u00ea pode us\u00e1-los com um intervalo de um determinado n\u00famero de dias. Neste caso, uma semana. Clientes regulares, todos que j\u00e1 aproveitaram as ofertas de boas-vindas e reabastecem o dep\u00f3sito mais de duas vezes, podem solicitar um b\u00f4nus.<\/p>\n<p style=\"text-align: center;\"><span style=\"font-weight: 400;\"><div class=\"tosh-btn\"><a href=\"\/go-casino\/\" target=\"_blank\" rel=\"noopener\">GANHE B\u00d4NUS<\/a><\/div><\/span><\/p>\n<p>Neste cassino, voc\u00ea pode obter diferentes tipos de recompensas. Por exemplo, os clientes gostam muito de rodadas gr\u00e1tis do Rocket Play. E n\u00e3o em v\u00e3o, porque esta \u00e9 uma grande oportunidade de ganhar sem gastar nem o m\u00ednimo de seus fundos pessoais. Mas voc\u00ea tamb\u00e9m pode ganhar dinheiro. A tabela abaixo mostra todos os tipos de promo\u00e7\u00f5es regulares.<\/p>\n<table>\n<tbody>\n<tr>\n<td>Nome<\/td>\n<td>modelo<\/td>\n<td>Quando emitido<\/td>\n<td>recompensa m\u00e1xima<\/td>\n<\/tr>\n<tr>\n<td>recarregar<\/td>\n<td>rodadas gr\u00e1tis<\/td>\n<td>Sexta-feira<\/td>\n<td><span style=\"font-weight: 400;\">100 pcs<\/span><\/td>\n<\/tr>\n<tr>\n<td>B\u00f4nus de partida<\/td>\n<td>Dinheiro real (50% no dep\u00f3sito)<\/td>\n<td>Domingo<\/td>\n<td><span style=\"font-weight: 400;\">300 BRL<\/span><\/td>\n<\/tr>\n<tr>\n<td>B\u00f4nus High Roller de domingo<\/td>\n<td>Dinheiro real (50% no dep\u00f3sito)<\/td>\n<td>Qualquer dia<\/td>\n<td><span style=\"font-weight: 400;\">2500 BRL<\/span><\/td>\n<\/tr>\n<\/tbody>\n<\/table>\n<p>Como voc\u00ea pode ver, toda semana voc\u00ea pode obter pr\u00eamios adicionais. Voc\u00ea pode usar apenas um deles ou pode usar todos os tr\u00eas de uma vez em diferentes dias da semana. Tudo depende do bankroll que voc\u00ea tem. O cassino n\u00e3o exige grandes investimentos para lhe dar um presente.<\/p>\n<h2>COMO REQUERER E USAR ESTE B\u00d4NUS?<\/h2>\n<p>Vamos falar sobre cada um dos b\u00f4nus separadamente para que voc\u00ea possa fazer tudo certo e ganhar pr\u00eamios. Assim, o b\u00f4nus de sexta-feira pode ser obtido da seguinte maneira:<\/p>\n<ol>\n<li>Fa\u00e7a login no seu perfil pessoal na sexta-feira.<\/li>\n<li>Fa\u00e7a um reabastecimento no caixa (a partir de 30 BRL).<\/li>\n<li>Reivindique suas rodadas gr\u00e1tis.<\/li>\n<\/ol>\n<p>Por 30 d\u00f3lares brasileiros, voc\u00ea receber\u00e1 20 rodadas, de 75 a 50 e de 150 a 100. Portanto, escolha o que for mais conveniente e lucrativo para voc\u00ea. Uma grande vantagem \u00e9 que voc\u00ea n\u00e3o precisa procurar c\u00f3digos promocionais separados do Rocket Play para isso. A ativa\u00e7\u00e3o ocorre automaticamente.<\/p>\n<p>Aos domingos, para receber um presente, voc\u00ea precisa fazer o seguinte:<\/p>\n<ol>\n<li>Entre no seu escrit\u00f3rio.<\/li>\n<li>Recarregue sua conta da maneira usual (a partir de 30 BRL).<\/li>\n<li>Aguarde at\u00e9 que mais 50% do valor depositado seja adicionado \u00e0 conta.<\/li>\n<\/ol>\n<p style=\"text-align: center;\"><span style=\"font-weight: 400;\"><div class=\"tosh-btn\"><a href=\"\/go-casino\/\" target=\"_blank\" rel=\"noopener\">GANHE B\u00d4NUS<\/a><\/div><\/span><\/p>\n<p>Mas o b\u00f4nus para quem joga muito est\u00e1 dispon\u00edvel em qualquer dia da semana. Para ativ\u00e1-lo, voc\u00ea precisa n\u00e3o apenas reabastecer a conta, como nos casos anteriores. Aqui voc\u00ea precisar\u00e1 de c\u00f3digos de b\u00f4nus do Rocket Play. Aqui est\u00e1: HIGHROLLER. Voc\u00ea pode encontrar facilmente o campo no site onde precisa inseri-lo, gra\u00e7as \u00e0 navega\u00e7\u00e3o simples. Para que tudo funcione, o valor do reabastecimento deve ser a partir de 300 BRL.<\/p>\n<p><img loading=\"lazy\" decoding=\"async\" class=\" wp-image-445 aligncenter\" src=\"https:\/\/rocketplay-new.com\/wp-content\/uploads\/2022\/09\/rocketplaycasino-300x113.webp\" alt=\"Rocket play regular bonus\" width=\"704\" height=\"265\" srcset=\"https:\/\/rocketplay-new.com\/wp-content\/uploads\/2022\/09\/rocketplaycasino-300x113.webp 300w, https:\/\/rocketplay-new.com\/wp-content\/uploads\/2022\/09\/rocketplaycasino-1024x384.webp 1024w, https:\/\/rocketplay-new.com\/wp-content\/uploads\/2022\/09\/rocketplaycasino-768x288.webp 768w, https:\/\/rocketplay-new.com\/wp-content\/uploads\/2022\/09\/rocketplaycasino.webp 1140w\" sizes=\"auto, (max-width: 704px) 100vw, 704px\" \/><\/p>\n<h2>CONCLUS\u00c3O<\/h2>\n<p>Muitos jogadores de cassino simplesmente n\u00e3o podem jogar sem b\u00f4nus. Afinal, esses aparentemente pequenos presentes da institui\u00e7\u00e3o podem facilitar muito o jogo. Eles aumentam a banca e melhoram a experi\u00eancia de entretenimento. Por isso, \u00e9 t\u00e3o importante que o site tenha ofertas dispon\u00edveis de forma cont\u00ednua.<\/p>\n<p>Neste site, os b\u00f4nus regulares t\u00eam muitas vantagens:<\/p>\n<ul>\n<li>dispon\u00edvel para pessoas com qualquer bankroll;<\/li>\n<li>facilmente solicitado;<\/li>\n<li>n\u00e3o tenha condi\u00e7\u00f5es dif\u00edceis;<\/li>\n<li>pode ser usado todas as semanas, o que \u00e9 bastante frequente.<\/li>\n<\/ul>\n<p>Portanto, podemos dizer que qualquer b\u00f4nus de cassino Rocket Play Brasil \u00e9 um presente realmente lucrativo. Eles ficam dispon\u00edveis imediatamente ap\u00f3s voc\u00ea fazer um segundo dep\u00f3sito e receber o presente ao qual voc\u00ea tem direito.<\/p>\n<p>Muitos cassinos n\u00e3o s\u00e3o muito generosos com presentes. Eles n\u00e3o oferecem b\u00f4nus regulares e, se o fizerem, t\u00eam requisitos de apostas r\u00edgidos ou apostas muito altas. No Rocket Play, tudo \u00e9 muito mais simples e agrad\u00e1vel. Eles n\u00e3o exigem muito de voc\u00ea. Portanto, n\u00e3o deixe de usar suas ofertas e tornar seu entretenimento de jogo ainda mais intenso.<\/p>\n<p>Leia tamb\u00e9m sobre: <a href=\"https:\/\/rocketplay-new.com\/loyalty-program\/pt-br\">\u200b\u200bPrograma de Fidelidade<\/a><\/p>\n","protected":false},"excerpt":{"rendered":"<p>\u00c9 obrigat\u00f3rio que todos os usu\u00e1rios usem promo\u00e7\u00f5es permanentes no site do cassino. Eles permitem que voc\u00ea torne seu tempo de lazer na institui\u00e7\u00e3o mais divertido, lucrativo e imprudente. Al\u00e9m disso, quanto mais b\u00f4nus regulares um cassino tiver, mais confi\u00e1vel ele ser\u00e1 considerado. Portanto, n\u00e3o perca a chance de ganhar dinheiro extra, certifique-se de estudar&#8230;<\/p>\n","protected":false},"author":1,"featured_media":0,"parent":0,"menu_order":0,"comment_status":"closed","ping_status":"closed","template":"","meta":{"_acf_changed":false,"_kad_post_transparent":"default","_kad_post_title":"default","_kad_post_layout":"default","_kad_post_sidebar_id":"","_kad_post_content_style":"default","_kad_post_vertical_padding":"default","_kad_post_feature":"","_kad_post_feature_position":"","_kad_post_header":false,"_kad_post_footer":false,"footnotes":""},"class_list":["post-2025","page","type-page","status-publish","hentry"],"acf":[],"rttpg_featured_image_url":null,"rttpg_author":{"display_name":"John","author_link":"https:\/\/rocketplay-new.com\/pt-br\/author\/pemvas95n89x\/"},"rttpg_comment":0,"rttpg_category":null,"rttpg_excerpt":"\u00c9 obrigat\u00f3rio que todos os usu\u00e1rios usem promo\u00e7\u00f5es permanentes no site do cassino. Eles permitem que voc\u00ea torne seu tempo de lazer na institui\u00e7\u00e3o mais divertido, lucrativo e imprudente. Al\u00e9m disso, quanto mais b\u00f4nus regulares um cassino tiver, mais confi\u00e1vel ele ser\u00e1 considerado. Portanto, n\u00e3o perca a chance de ganhar dinheiro extra, certifique-se de estudar...","_links":{"self":[{"href":"https:\/\/rocketplay-new.com\/pt-br\/wp-json\/wp\/v2\/pages\/2025","targetHints":{"allow":["GET"]}}],"collection":[{"href":"https:\/\/rocketplay-new.com\/pt-br\/wp-json\/wp\/v2\/pages"}],"about":[{"href":"https:\/\/rocketplay-new.com\/pt-br\/wp-json\/wp\/v2\/types\/page"}],"author":[{"embeddable":true,"href":"https:\/\/rocketplay-new.com\/pt-br\/wp-json\/wp\/v2\/users\/1"}],"replies":[{"embeddable":true,"href":"https:\/\/rocketplay-new.com\/pt-br\/wp-json\/wp\/v2\/comments?post=2025"}],"version-history":[{"count":3,"href":"https:\/\/rocketplay-new.com\/pt-br\/wp-json\/wp\/v2\/pages\/2025\/revisions"}],"predecessor-version":[{"id":5715,"href":"https:\/\/rocketplay-new.com\/pt-br\/wp-json\/wp\/v2\/pages\/2025\/revisions\/5715"}],"wp:attachment":[{"href":"https:\/\/rocketplay-new.com\/pt-br\/wp-json\/wp\/v2\/media?parent=2025"}],"curies":[{"name":"wp","href":"https:\/\/api.w.org\/{rel}","templated":true}]}}