{"id":2019,"date":"2022-09-20T12:29:07","date_gmt":"2022-09-20T09:29:07","guid":{"rendered":"https:\/\/rocketplay-new.com\/loyalty-program\/"},"modified":"2025-04-02T18:12:20","modified_gmt":"2025-04-02T15:12:20","slug":"loyalty-program","status":"publish","type":"page","link":"https:\/\/rocketplay-new.com\/pt-br\/loyalty-program\/","title":{"rendered":"Sobre o programa de fidelidade"},"content":{"rendered":"<p><img loading=\"lazy\" decoding=\"async\" class=\" wp-image-451 aligncenter\" src=\"https:\/\/rocketplay-new.com\/wp-content\/uploads\/2022\/09\/rocket-play-casino-300x103.webp\" alt=\"Rocket play Loyalty program\" width=\"711\" height=\"244\" srcset=\"https:\/\/rocketplay-new.com\/wp-content\/uploads\/2022\/09\/rocket-play-casino-300x103.webp 300w, https:\/\/rocketplay-new.com\/wp-content\/uploads\/2022\/09\/rocket-play-casino.webp 728w\" sizes=\"auto, (max-width: 711px) 100vw, 711px\" \/><\/p>\n<p>A fidelidade do cliente \u00e9 um indicador muito importante para um cassino. Um jogador fiel retornar\u00e1 \u00e0 institui\u00e7\u00e3o novamente, n\u00e3o ter\u00e1 medo de usar promo\u00e7\u00f5es e usar dinheiro real para seu entretenimento. Portanto, existem sistemas especiais destinados a aumentar esse indicador na institui\u00e7\u00e3o. Foi assim que surgiu o programa de fidelidade <a href=\"https:\/\/rocketplay-new.com\/pt-br\">Rocket Play<\/a>, que pode ser considerado bastante simples, mas ao mesmo tempo muito lucrativo para os clientes.<\/p>\n<p>Saiba mais sobre como funciona. Acredite, para receber os b\u00f4nus fornecidos neste programa, voc\u00ea n\u00e3o precisar\u00e1 fazer nada de especial. Embora \u00e0 primeira vista, se voc\u00ea n\u00e3o conhece os detalhes, isso pode parecer um pouco confuso.<\/p>\n<p><span style=\"font-weight: 400;\"><div class=\"tosh-btn\"><a href=\"\/go-casino\/\" target=\"_blank\" rel=\"noopener\">GANHE B\u00d4NUS<\/a><\/div><\/span><\/p>\n<h2>O QUE \u00c9 UM B\u00d4NUS DE FIDELIDADE DE CASINO?<\/h2>\n<p>Se uma pessoa mais de uma vez mostra seu compromisso com um ou outro clube de jogo, ela \u00e9 recompensada. O pr\u00eamio dado como agradecimento pela sua persist\u00eancia \u00e9 o b\u00f4nus de fidelidade. Pode ser dinheiro, rodadas gr\u00e1tis de bobinas em slots, descontos e outras ofertas.<\/p>\n<p>O programa de fidelidade de cassino online Rocket Play usa dinheiro real como recompensa. S\u00f3 que eles s\u00e3o emitidos n\u00e3o apenas assim, mas na forma de cashback.<\/p>\n<p>Quais s\u00e3o as vantagens deste formato:<\/p>\n<ul>\n<li>na verdade, voc\u00ea perde menos dinheiro do que perde;<\/li>\n<li>psicologicamente fica mais f\u00e1cil jogar, pois parte da perda retornar\u00e1;<br \/>\nh\u00e1 uma pequena renda na forma de um retorno que pode ser reutilizado para o jogo.<\/li>\n<\/ul>\n<p>Cashback \u00e9 um recurso muito legal. O jogo se tornar\u00e1 ainda mais agrad\u00e1vel. Tal entretenimento nem sempre \u00e9 lucrativo. Existem barras pretas quando a sorte n\u00e3o acompanha o jogador, e isso \u00e9 frustrante. E quando algum dinheiro \u00e9 devolvido, o jogador se acalma e recebe um impulso de motiva\u00e7\u00e3o para mais entretenimento.<\/p>\n<h2>COMO FUNCIONAM SEUS B\u00d4NUS DE FIDELIDADE?<\/h2>\n<p>Vamos imaginar que voc\u00ea \u00e9 um cliente de cassino. Voc\u00ea tem sua pr\u00f3pria conta e a financiou para poder jogar. Voc\u00ea entra no jogo, por exemplo, ca\u00e7a-n\u00edqueis e faz uma aposta l\u00e1. O valor desta aposta \u00e9 salvo e, quando voc\u00ea faz a pr\u00f3xima aposta, eles s\u00e3o somados. Isso continua at\u00e9 que 30 BRL sejam coletados. \u00c9 esse valor que \u00e9 convertido em um CompPoints (CP).<\/p>\n<p>Esses pontos s\u00e3o indicadores de sua fidelidade. Quanto mais deles, maior o seu n\u00edvel no sistema. Assim, \u00e9 assim que o cassino entende que voc\u00ea joga h\u00e1 muito tempo, gastando seu dinheiro em seu site e experimentando diferentes entretenimentos.<\/p>\n<p><span style=\"font-weight: 400;\"><div class=\"tosh-btn\"><a href=\"\/go-casino\/\" target=\"_blank\" rel=\"noopener\">GANHE B\u00d4NUS<\/a><\/div><\/span><\/p>\n<p>Quanto mais pontos voc\u00ea tiver, maior ser\u00e1 a porcentagem de reembolso. O tamanho m\u00e1ximo \u00e9 15%.<\/p>\n<p>A prop\u00f3sito, no cassino do programa de fidelidade Rocket Play Brasil, o cashback \u00e9 dividido em dois tipos:<\/p>\n<ul>\n<li>por perdas em slots;<\/li>\n<li>por perder em jogos ao vivo.<\/li>\n<\/ul>\n<p>O primeiro acontece \u00e0s segundas-feiras, o segundo \u00e0s quintas-feiras. Acontece que durante a semana os fundos s\u00e3o devolvidos duas vezes. Claro, se voc\u00ea jogar tanto em ca\u00e7a-n\u00edqueis quanto em cassino ao vivo.<\/p>\n<p><img loading=\"lazy\" decoding=\"async\" class=\" wp-image-452 aligncenter\" src=\"https:\/\/rocketplay-new.com\/wp-content\/uploads\/2022\/09\/how-to-claim-a-loyalty-bonus-htc-300x162.webp\" alt=\"Loyalty bonus\" width=\"644\" height=\"348\" srcset=\"https:\/\/rocketplay-new.com\/wp-content\/uploads\/2022\/09\/how-to-claim-a-loyalty-bonus-htc-300x162.webp 300w, https:\/\/rocketplay-new.com\/wp-content\/uploads\/2022\/09\/how-to-claim-a-loyalty-bonus-htc-1024x554.webp 1024w, https:\/\/rocketplay-new.com\/wp-content\/uploads\/2022\/09\/how-to-claim-a-loyalty-bonus-htc-768x415.webp 768w, https:\/\/rocketplay-new.com\/wp-content\/uploads\/2022\/09\/how-to-claim-a-loyalty-bonus-htc.webp 1480w\" sizes=\"auto, (max-width: 644px) 100vw, 644px\" \/><\/p>\n<h2>CONCLUS\u00c3O<\/h2>\n<p>Presentes de fidelidade s\u00e3o dados a todos os usu\u00e1rios. Voc\u00ea n\u00e3o precisa esperar muito para que todos os benef\u00edcios estejam dispon\u00edveis para voc\u00ea. Voc\u00ea pode acompanhar o n\u00famero de pontos e o valor do cashback em sua conta pessoal.<\/p>\n<p>Se voc\u00ea \u00e9 um cliente fiel da casa de apostas, poder\u00e1 sentir todos os benef\u00edcios do melhor programa de fidelidade de cassino Rocket Play. Isso n\u00e3o \u00e9 apenas ben\u00e9fico financeiramente, mas tamb\u00e9m o torna um membro muito especial da comunidade do cassino.<\/p>\n<p>Leia tamb\u00e9m sobre:<a href=\"https:\/\/rocketplay-new.com\/pt-br\/vip\/\"> \u200b\u200bPrograma VIP<\/a><\/p>\n","protected":false},"excerpt":{"rendered":"<p>A fidelidade do cliente \u00e9 um indicador muito importante para um cassino. Um jogador fiel retornar\u00e1 \u00e0 institui\u00e7\u00e3o novamente, n\u00e3o ter\u00e1 medo de usar promo\u00e7\u00f5es e usar dinheiro real para seu entretenimento. Portanto, existem sistemas especiais destinados a aumentar esse indicador na institui\u00e7\u00e3o. Foi assim que surgiu o programa de fidelidade Rocket Play, que pode&#8230;<\/p>\n","protected":false},"author":1,"featured_media":0,"parent":0,"menu_order":0,"comment_status":"closed","ping_status":"closed","template":"","meta":{"_acf_changed":false,"_kad_post_transparent":"default","_kad_post_title":"default","_kad_post_layout":"default","_kad_post_sidebar_id":"","_kad_post_content_style":"default","_kad_post_vertical_padding":"default","_kad_post_feature":"","_kad_post_feature_position":"","_kad_post_header":false,"_kad_post_footer":false,"footnotes":""},"class_list":["post-2019","page","type-page","status-publish","hentry"],"acf":[],"rttpg_featured_image_url":null,"rttpg_author":{"display_name":"John","author_link":"https:\/\/rocketplay-new.com\/pt-br\/author\/pemvas95n89x\/"},"rttpg_comment":0,"rttpg_category":null,"rttpg_excerpt":"A fidelidade do cliente \u00e9 um indicador muito importante para um cassino. Um jogador fiel retornar\u00e1 \u00e0 institui\u00e7\u00e3o novamente, n\u00e3o ter\u00e1 medo de usar promo\u00e7\u00f5es e usar dinheiro real para seu entretenimento. Portanto, existem sistemas especiais destinados a aumentar esse indicador na institui\u00e7\u00e3o. Foi assim que surgiu o programa de fidelidade Rocket Play, que pode...","_links":{"self":[{"href":"https:\/\/rocketplay-new.com\/pt-br\/wp-json\/wp\/v2\/pages\/2019","targetHints":{"allow":["GET"]}}],"collection":[{"href":"https:\/\/rocketplay-new.com\/pt-br\/wp-json\/wp\/v2\/pages"}],"about":[{"href":"https:\/\/rocketplay-new.com\/pt-br\/wp-json\/wp\/v2\/types\/page"}],"author":[{"embeddable":true,"href":"https:\/\/rocketplay-new.com\/pt-br\/wp-json\/wp\/v2\/users\/1"}],"replies":[{"embeddable":true,"href":"https:\/\/rocketplay-new.com\/pt-br\/wp-json\/wp\/v2\/comments?post=2019"}],"version-history":[{"count":3,"href":"https:\/\/rocketplay-new.com\/pt-br\/wp-json\/wp\/v2\/pages\/2019\/revisions"}],"predecessor-version":[{"id":5706,"href":"https:\/\/rocketplay-new.com\/pt-br\/wp-json\/wp\/v2\/pages\/2019\/revisions\/5706"}],"wp:attachment":[{"href":"https:\/\/rocketplay-new.com\/pt-br\/wp-json\/wp\/v2\/media?parent=2019"}],"curies":[{"name":"wp","href":"https:\/\/api.w.org\/{rel}","templated":true}]}}