{"id":8989,"date":"2025-05-29T12:10:37","date_gmt":"2025-05-29T09:10:37","guid":{"rendered":"https:\/\/rocketplay-new.com\/slot-machines\/golden-goddess\/"},"modified":"2025-07-16T21:57:54","modified_gmt":"2025-07-16T18:57:54","slug":"golden-goddess","status":"publish","type":"page","link":"https:\/\/rocketplay-new.com\/pl\/slot-machines\/golden-goddess\/","title":{"rendered":"Automat Golden Goddess \u2013 graj w automat za darmo"},"content":{"rendered":"<p>Automat Golden Goddess to popularna gra online, kt\u00f3ra oferuje graczom szans\u0119 na wyruszenie w ekscytuj\u0105c\u0105 przygod\u0119 w poszukiwaniu ukrytych skarb\u00f3w i bogactw. Dzi\u0119ki osza\u0142amiaj\u0105cej grafice, wci\u0105gaj\u0105cej rozgrywce i ekscytuj\u0105cym funkcjom bonusowym, ta gra z pewno\u015bci\u0105 zapewni graczom rozrywk\u0119 na d\u0142ugie godziny. Niezale\u017cnie od tego, czy jeste\u015b do\u015bwiadczonym graczem, czy nowicjuszem, kt\u00f3ry chce spr\u00f3bowa\u0107 szcz\u0119\u015bcia, automat Golden Goddess to doskona\u0142y wyb\u00f3r dla ka\u017cdego, kto szuka przyjemnej i satysfakcjonuj\u0105cej rozgrywki. A co najlepsze? Mo\u017cesz zagra\u0107 w ten automat za darmo, co daje Ci szans\u0119 na sprawdzenie swojego szcz\u0119\u015bcia i sprawdzenie, czy masz to, czego potrzeba, aby odkry\u0107 z\u0142ote skarby czekaj\u0105ce na odnalezienie. Po co wi\u0119c czeka\u0107? Zanurz si\u0119 w \u015bwiat automatu Golden Goddess i sprawd\u017a, czy masz to, czego potrzeba, aby si\u0119 wzbogaci\u0107!<\/p>\n<div class=\"go-btn-container\"><div class=\"tosh-btn\"><a href=\"\/go-casino\/\" target=\"_blank\" rel=\"noopener\">GRAJ TERAZ<\/a><\/div><\/div>\n<h2>PRZEGL\u0104D AUTOMATU GOLDEN GODDESS<\/h2>\n<p>Automat Golden Goddess to popularny automat online opracowany przez IGT, kt\u00f3ry urzek\u0142 graczy swoim urzekaj\u0105cym motywem i ekscytuj\u0105c\u0105 rozgrywk\u0105. Akcja gry rozgrywa si\u0119 w mistycznym ogrodzie i zawiera symbole takie jak Z\u0142ota Bogini, przystojny ksi\u0105\u017c\u0119, bia\u0142y ko\u0144 i go\u0142\u0105b. Dzi\u0119ki 5 b\u0119bnom i 40 liniom wyp\u0142at gracze maj\u0105 mn\u00f3stwo okazji do du\u017cych wygranych, kr\u0119c\u0105c b\u0119bnami w poszukiwaniu nieuchwytnej Z\u0142otej Bogini. Gra oferuje r\u00f3wnie\u017c funkcj\u0119 Super Stacks, w kt\u00f3rej losowo wybrany symbol mo\u017ce zape\u0142ni\u0107 ca\u0142e b\u0119bny, zapewniaj\u0105c ogromne wygrane. Dodatkowo, automat Golden Goddess oferuje rund\u0119 bonusow\u0105 darmowych spin\u00f3w, w kt\u00f3rej gracze mog\u0105 zdoby\u0107 do 7 darmowych spin\u00f3w z mo\u017cliwo\u015bci\u0105 ponownego uruchomienia, aby zdoby\u0107 jeszcze wi\u0119cej nagr\u00f3d. Dzi\u0119ki pi\u0119knej grafice, wci\u0105gaj\u0105cej rozgrywce i mo\u017cliwo\u015bci du\u017cych wygranych, nic dziwnego, \u017ce automat Golden Goddess pozostaje ulubionym automatem w\u015br\u00f3d graczy kasyn online.<\/p>\n<p><img loading=\"lazy\" decoding=\"async\" class=\"aligncenter size-full wp-image-8917\" src=\"https:\/\/rocketplay-new.com\/wp-content\/uploads\/2025\/07\/golden-goddess-slot-2.webp\" alt=\"Golden Goddess slot - Play Slot for Free 2\" width=\"800\" height=\"366\" srcset=\"https:\/\/rocketplay-new.com\/wp-content\/uploads\/2025\/07\/golden-goddess-slot-2.webp 800w, https:\/\/rocketplay-new.com\/wp-content\/uploads\/2025\/07\/golden-goddess-slot-2-300x137.webp 300w, https:\/\/rocketplay-new.com\/wp-content\/uploads\/2025\/07\/golden-goddess-slot-2-768x351.webp 768w\" sizes=\"auto, (max-width: 800px) 100vw, 800px\" \/><\/p>\n<h2>AUTOMAT GOLDEN GODDESS: TEMAT, GRAFIKA I MUZYKA<\/h2>\n<p>Automat Golden Goddess to popularna gra kasynowa online, kt\u00f3ra charakteryzuje si\u0119 urzekaj\u0105cym motywem przewodnim, osza\u0142amiaj\u0105c\u0105 grafik\u0105 i urzekaj\u0105c\u0105 muzyk\u0105. Motywem przewodnim gry jest staro\u017cytna mitologia grecka, a g\u0142\u00f3wn\u0105 bohaterk\u0105 jest sama Z\u0142ota Bogini. Grafika gry jest niezwykle szczeg\u00f3\u0142owa i pi\u0119knie zaprojektowana, z symbolami obejmuj\u0105cymi mistyczne stworzenia, z\u0142ote r\u00f3\u017ce i kultow\u0105 Z\u0142ot\u0105 Bogini\u0119. T\u0142o gry stanowi bujny ogr\u00f3d pe\u0142en \u017cywych kwiat\u00f3w i l\u015bni\u0105cych klejnot\u00f3w, tworz\u0105c magiczn\u0105 i wci\u0105gaj\u0105c\u0105 atmosfer\u0119. Muzyka w grze jest eteryczna i koj\u0105ca, dodaj\u0105c klimatu i wzbogacaj\u0105c wra\u017cenia gracza. Dzi\u0119ki anga\u017cuj\u0105cemu motywowi przewodniemu, osza\u0142amiaj\u0105cej grafice i urzekaj\u0105cej muzyce, automat Golden Goddess zapewnia graczom prawdziwie wci\u0105gaj\u0105ce i przyjemne wra\u017cenia z gry.<\/p>\n<h2>JAK GRA\u0106 W AUTOMAT GOLDEN GODDESS<\/h2>\n<p>Golden Goddess to popularna gra slotowa, dost\u0119pna w wielu kasynach, zar\u00f3wno online, jak i offline. Aby zagra\u0107 w slot Golden Goddess, nale\u017cy najpierw wybra\u0107 wysoko\u015b\u0107 zak\u0142adu, dostosowuj\u0105c warto\u015b\u0107 monety i liczb\u0119 linii wyp\u0142at. Po ustawieniu zak\u0142adu wystarczy klikn\u0105\u0107 przycisk \u201eSpin\u201d, aby rozpocz\u0105\u0107 gr\u0119. Gra zawiera symbole takie jak Z\u0142ota Bogini, przystojny ksi\u0105\u017c\u0119, bia\u0142y ko\u0144 i go\u0142\u0105b. Celem gry jest u\u0142o\u017cenie tych symboli w zwyci\u0119skie kombinacje, aby otrzyma\u0107 wygrane. Symbol Z\u0142otej Bogini jest symbolem o najwy\u017cszej warto\u015bci i mo\u017ce zapewni\u0107 wygran\u0105 jackpota, je\u015bli trafisz pi\u0119\u0107 z nich na linii wyp\u0142at. Dodatkowo, istnieje symbol bonusowy, kt\u00f3ry mo\u017ce uruchomi\u0107 rund\u0119 darmowych spin\u00f3w, w kt\u00f3rej mo\u017cesz wygra\u0107 jeszcze wi\u0119cej nagr\u00f3d. Og\u00f3lnie rzecz bior\u0105c, gra w slot Golden Goddess jest \u0142atwa i przyjemna, co czyni go doskona\u0142ym wyborem zar\u00f3wno dla pocz\u0105tkuj\u0105cych, jak i do\u015bwiadczonych graczy.<\/p>\n<div class=\"go-btn-container\"><div class=\"tosh-btn\"><a href=\"\/go-casino\/\" target=\"_blank\" rel=\"noopener\">GRAJ TERAZ<\/a><\/div><\/div>\n<h2>Slot Golden Goddess: Opcje zak\u0142ad\u00f3w i potencja\u0142 wygranych<\/h2>\n<p>Gra slotowa Golden Goddess jest popularnym wyborem zar\u00f3wno dla graczy okazjonalnych, jak i high roller\u00f3w ze wzgl\u0119du na szeroki zakres opcji zak\u0142ad\u00f3w i imponuj\u0105cy potencja\u0142 wygranych. Gracze mog\u0105 obstawia\u0107 od 1 do 50 linii wyp\u0142at, z mo\u017cliwo\u015bci\u0105 dostosowania stawki na lini\u0119 od zaledwie 0,01 USD do nawet 10 USD. Ta elastyczno\u015b\u0107 pozwala graczom dostosowa\u0107 stawki do indywidualnych preferencji i bud\u017cetu, dzi\u0119ki czemu gra jest dost\u0119pna dla wszystkich typ\u00f3w graczy. Gra oferuje r\u00f3wnie\u017c szereg funkcji bonusowych, w tym symbole stackowane, symbole Wild i darmowe spiny, kt\u00f3re mog\u0105 znacznie zwi\u0119kszy\u0107 szanse gracza na du\u017c\u0105 wygran\u0105. Z maksymaln\u0105 pul\u0105 nagr\u00f3d wynosz\u0105c\u0105 1000 monet, slot Golden Goddess oferuje du\u017cy potencja\u0142 lukratywnych wyp\u0142at, co czyni go ekscytuj\u0105cym wyborem dla graczy, kt\u00f3rzy chc\u0105 si\u0119 wzbogaci\u0107. Og\u00f3lnie rzecz bior\u0105c, po\u0142\u0105czenie konfigurowalnych opcji zak\u0142ad\u00f3w i du\u017cego potencja\u0142u wygranych sprawia, \u017ce slot Golden Goddess jest doskona\u0142ym wyborem dla graczy poszukuj\u0105cych zar\u00f3wno rozrywki, jak i szansy na du\u017ce wygrane.<\/p>\n<p><img loading=\"lazy\" decoding=\"async\" class=\"aligncenter size-full wp-image-8908\" src=\"https:\/\/rocketplay-new.com\/wp-content\/uploads\/2025\/07\/golden-goddess-slot-1.webp\" alt=\"Golden Goddess slot - Play Slot for Free\" width=\"800\" height=\"389\" srcset=\"https:\/\/rocketplay-new.com\/wp-content\/uploads\/2025\/07\/golden-goddess-slot-1.webp 800w, https:\/\/rocketplay-new.com\/wp-content\/uploads\/2025\/07\/golden-goddess-slot-1-300x146.webp 300w, https:\/\/rocketplay-new.com\/wp-content\/uploads\/2025\/07\/golden-goddess-slot-1-768x373.webp 768w\" sizes=\"auto, (max-width: 800px) 100vw, 800px\" \/><\/p>\n<h2>NAJCZ\u0118\u015aCIEJ ZADAWANE PYTANIA I ODPOWIEDZI \u2013 AUTOMAT GOLDEN GODDESS<\/h2>\n<p>Golden Goddess to popularna gra slotowa, kt\u00f3ra cieszy si\u0119 du\u017cym zainteresowaniem graczy na ca\u0142ym \u015bwiecie. Jak w przypadku ka\u017cdej gry, gracze cz\u0119sto zadaj\u0105 sobie pytania dotycz\u0105ce automatu Golden Goddess. Jednym z nich jest to, jak aktywowa\u0107 funkcje bonusowe. Aby uruchomi\u0107 rund\u0119 bonusow\u0105 darmowych spin\u00f3w, gracze musz\u0105 trafi\u0107 trzy symbole scatter w kszta\u0142cie r\u00f3\u017cy na b\u0119bnach 2, 3 i 4. Kolejnym cz\u0119stym pytaniem jest RTP (zwrot dla gracza) w grze. RTP w Golden Goddess wynosi oko\u0142o 94%, co jest do\u015b\u0107 standardowym wska\u017anikiem dla automat\u00f3w. Gracze cz\u0119sto pytaj\u0105 r\u00f3wnie\u017c o zmienno\u015b\u0107 gry, kt\u00f3r\u0105 uwa\u017ca si\u0119 za \u015bredni\u0105. Og\u00f3lnie rzecz bior\u0105c, Golden Goddess to uwielbiany automat, kt\u00f3ry oferuje ekscytuj\u0105ce i przyjemne wra\u017cenia dla wszystkich typ\u00f3w graczy.<\/p>\n","protected":false},"excerpt":{"rendered":"<p>Automat Golden Goddess to popularna gra online, kt\u00f3ra oferuje graczom szans\u0119 na wyruszenie w ekscytuj\u0105c\u0105 przygod\u0119 w poszukiwaniu ukrytych skarb\u00f3w i bogactw. Dzi\u0119ki osza\u0142amiaj\u0105cej grafice, wci\u0105gaj\u0105cej rozgrywce i ekscytuj\u0105cym funkcjom bonusowym, ta gra z pewno\u015bci\u0105 zapewni graczom rozrywk\u0119 na d\u0142ugie godziny. Niezale\u017cnie od tego, czy jeste\u015b do\u015bwiadczonym graczem, czy nowicjuszem, kt\u00f3ry chce spr\u00f3bowa\u0107 szcz\u0119\u015bcia, automat&#8230;<\/p>\n","protected":false},"author":1,"featured_media":6776,"parent":2275,"menu_order":0,"comment_status":"closed","ping_status":"closed","template":"","meta":{"_acf_changed":false,"_kad_post_transparent":"default","_kad_post_title":"default","_kad_post_layout":"default","_kad_post_sidebar_id":"","_kad_post_content_style":"default","_kad_post_vertical_padding":"default","_kad_post_feature":"","_kad_post_feature_position":"","_kad_post_header":false,"_kad_post_footer":false,"footnotes":""},"class_list":["post-8989","page","type-page","status-publish","has-post-thumbnail","hentry"],"acf":[],"rttpg_featured_image_url":{"full":["https:\/\/rocketplay-new.com\/wp-content\/uploads\/2025\/05\/golden-goddess-slot-play-slot-for-free.png",1149,698,false],"landscape":["https:\/\/rocketplay-new.com\/wp-content\/uploads\/2025\/05\/golden-goddess-slot-play-slot-for-free.png",1149,698,false],"portraits":["https:\/\/rocketplay-new.com\/wp-content\/uploads\/2025\/05\/golden-goddess-slot-play-slot-for-free.png",1149,698,false],"thumbnail":["https:\/\/rocketplay-new.com\/wp-content\/uploads\/2025\/05\/golden-goddess-slot-play-slot-for-free-150x150.png",150,150,true],"medium":["https:\/\/rocketplay-new.com\/wp-content\/uploads\/2025\/05\/golden-goddess-slot-play-slot-for-free-300x182.png",300,182,true],"large":["https:\/\/rocketplay-new.com\/wp-content\/uploads\/2025\/05\/golden-goddess-slot-play-slot-for-free-1024x622.png",1024,622,true],"1536x1536":["https:\/\/rocketplay-new.com\/wp-content\/uploads\/2025\/05\/golden-goddess-slot-play-slot-for-free.png",1149,698,false],"2048x2048":["https:\/\/rocketplay-new.com\/wp-content\/uploads\/2025\/05\/golden-goddess-slot-play-slot-for-free.png",1149,698,false],"wppb-medium":["https:\/\/rocketplay-new.com\/wp-content\/uploads\/2025\/05\/golden-goddess-slot-play-slot-for-free-600x450.png",600,450,true]},"rttpg_author":{"display_name":"John","author_link":"https:\/\/rocketplay-new.com\/pl\/author\/pemvas95n89x\/"},"rttpg_comment":0,"rttpg_category":null,"rttpg_excerpt":"Automat Golden Goddess to popularna gra online, kt\u00f3ra oferuje graczom szans\u0119 na wyruszenie w ekscytuj\u0105c\u0105 przygod\u0119 w poszukiwaniu ukrytych skarb\u00f3w i bogactw. Dzi\u0119ki osza\u0142amiaj\u0105cej grafice, wci\u0105gaj\u0105cej rozgrywce i ekscytuj\u0105cym funkcjom bonusowym, ta gra z pewno\u015bci\u0105 zapewni graczom rozrywk\u0119 na d\u0142ugie godziny. Niezale\u017cnie od tego, czy jeste\u015b do\u015bwiadczonym graczem, czy nowicjuszem, kt\u00f3ry chce spr\u00f3bowa\u0107 szcz\u0119\u015bcia, automat...","_links":{"self":[{"href":"https:\/\/rocketplay-new.com\/pl\/wp-json\/wp\/v2\/pages\/8989","targetHints":{"allow":["GET"]}}],"collection":[{"href":"https:\/\/rocketplay-new.com\/pl\/wp-json\/wp\/v2\/pages"}],"about":[{"href":"https:\/\/rocketplay-new.com\/pl\/wp-json\/wp\/v2\/types\/page"}],"author":[{"embeddable":true,"href":"https:\/\/rocketplay-new.com\/pl\/wp-json\/wp\/v2\/users\/1"}],"replies":[{"embeddable":true,"href":"https:\/\/rocketplay-new.com\/pl\/wp-json\/wp\/v2\/comments?post=8989"}],"version-history":[{"count":2,"href":"https:\/\/rocketplay-new.com\/pl\/wp-json\/wp\/v2\/pages\/8989\/revisions"}],"predecessor-version":[{"id":8993,"href":"https:\/\/rocketplay-new.com\/pl\/wp-json\/wp\/v2\/pages\/8989\/revisions\/8993"}],"up":[{"embeddable":true,"href":"https:\/\/rocketplay-new.com\/pl\/wp-json\/wp\/v2\/pages\/2275"}],"wp:featuredmedia":[{"embeddable":true,"href":"https:\/\/rocketplay-new.com\/pl\/wp-json\/wp\/v2\/media\/6776"}],"wp:attachment":[{"href":"https:\/\/rocketplay-new.com\/pl\/wp-json\/wp\/v2\/media?parent=8989"}],"curies":[{"name":"wp","href":"https:\/\/api.w.org\/{rel}","templated":true}]}}