{"id":8988,"date":"2025-05-29T12:04:29","date_gmt":"2025-05-29T09:04:29","guid":{"rendered":"https:\/\/rocketplay-new.com\/slot-machines\/crazy-monkey\/"},"modified":"2025-07-16T21:59:55","modified_gmt":"2025-07-16T18:59:55","slug":"crazy-monkey","status":"publish","type":"page","link":"https:\/\/rocketplay-new.com\/pl\/slot-machines\/crazy-monkey\/","title":{"rendered":"Automat Crazy Monkey \u2013 graj w automat za darmo"},"content":{"rendered":"<p>Gra slotowa Crazy Monkey to popularny automat online, kt\u00f3ry oferuje graczom szans\u0119 na wygranie du\u017cych nagr\u00f3d, zapewniaj\u0105c jednocze\u015bnie \u015bwietn\u0105 i ekscytuj\u0105c\u0105 rozgrywk\u0119. Dzi\u0119ki kolorowej grafice i ciekawej tematyce, ta gra slotowa z pewno\u015bci\u0105 zapewni graczom rozrywk\u0119 na d\u0142ugie godziny. Gra oferuje r\u00f3\u017cnorodne symbole, w tym banany, kokosy i oczywi\u015bcie sam\u0105 szalon\u0105 ma\u0142pk\u0119. Gracze mog\u0105 r\u00f3wnie\u017c skorzysta\u0107 z rund bonusowych i darmowych spin\u00f3w, kt\u00f3re daj\u0105 im jeszcze wi\u0119cej szans na wygran\u0105. Niezale\u017cnie od tego, czy jeste\u015b do\u015bwiadczonym graczem slotowym, czy po prostu szukasz zabawy, gra slotowa Crazy Monkey to doskona\u0142y wyb\u00f3r dla ka\u017cdego, kto chce gra\u0107 w sloty za darmo.<\/p>\n<div class=\"go-btn-container\"><div class=\"tosh-btn\"><a href=\"\/go-casino\/\" target=\"_blank\" rel=\"noopener\">GRAJ TERAZ<\/a><\/div><\/div>\n<h2>PRZEGL\u0104D AUTOMATU CRAZY MONKEY<\/h2>\n<p>Automat Crazy Monkey to popularny automat online, kt\u00f3ry zyska\u0142 ogromn\u0105 popularno\u015b\u0107 w\u015br\u00f3d graczy. Stworzona przez Igrosoft, gra charakteryzuje si\u0119 zabawnym i anga\u017cuj\u0105cym motywem przewodnim, kt\u00f3rego g\u0142\u00f3wnym bohaterem jest psotny ma\u0142piszon, kt\u00f3ry uwielbia sia\u0107 chaos w d\u017cungli. Akcja gry rozgrywa si\u0119 w barwnej i t\u0119tni\u0105cej \u017cyciem d\u017cungli, z symbolami takimi jak banany, kokosy i ma\u0142py zdobi\u0105cymi b\u0119bny. Gracze maj\u0105 za zadanie kr\u0119ci\u0107 b\u0119bnami i dopasowywa\u0107 symbole, aby wygrywa\u0107 nagrody. Gra oferuje r\u00f3wnie\u017c rundy bonusowe i funkcje specjalne, kt\u00f3re dodaj\u0105 rozgrywce dodatkowej dawki emocji. Dzi\u0119ki oryginalnemu motywowi, wci\u0105gaj\u0105cej rozgrywce i szansie na wygranie du\u017cych nagr\u00f3d, automat Crazy Monkey sta\u0142 si\u0119 ulubionym automatem w\u015br\u00f3d graczy kasyn online. Niezale\u017cnie od tego, czy jeste\u015b do\u015bwiadczonym graczem, czy nowicjuszem szukaj\u0105cym rozrywki, automat Crazy Monkey z pewno\u015bci\u0105 zapewni Ci godziny rozrywki.<\/p>\n<p><img loading=\"lazy\" decoding=\"async\" class=\"aligncenter size-full wp-image-8896\" src=\"https:\/\/rocketplay-new.com\/wp-content\/uploads\/2025\/07\/crazy-monkey-slot-2.webp\" alt=\"Crazy Monkey slot - Play Slot for Free 2\" width=\"800\" height=\"421\" srcset=\"https:\/\/rocketplay-new.com\/wp-content\/uploads\/2025\/07\/crazy-monkey-slot-2.webp 800w, https:\/\/rocketplay-new.com\/wp-content\/uploads\/2025\/07\/crazy-monkey-slot-2-300x158.webp 300w, https:\/\/rocketplay-new.com\/wp-content\/uploads\/2025\/07\/crazy-monkey-slot-2-768x404.webp 768w\" sizes=\"auto, (max-width: 800px) 100vw, 800px\" \/><\/p>\n<h2>AUTOMAT CRAZY MONKEY: TEMAT, WIZUALIZACJA I MUZYKA<\/h2>\n<p>Automat Crazy Monkey to popularny automat online, kt\u00f3ry zabiera graczy w dzik\u0105 przygod\u0119 przez d\u017cungl\u0119 z psotn\u0105 ma\u0142p\u0105 jako przewodnikiem. Motywem przewodnim gry s\u0105 wybryki tego szalonego naczelnego, kt\u00f3ry zawsze knuje co\u015b z\u0142ego. Oprawa graficzna gry jest jasna i kolorowa, a \u017cywe grafiki o\u017cywiaj\u0105 d\u017cungl\u0119. Gracze napotkaj\u0105 r\u00f3\u017cne zwierz\u0119ta d\u017cungli, takie jak w\u0119\u017ce, tropikalne ptaki i banany, kr\u0119c\u0105c b\u0119bnami w nadziei na trafienie zwyci\u0119skiej kombinacji. Muzyka w automacie Crazy Monkey jest radosna i energiczna, co pot\u0119guje emocje rozgrywki. \u015acie\u017cka d\u017awi\u0119kowa zawiera plemienne b\u0119bny i odg\u0142osy d\u017cungli, kt\u00f3re tworz\u0105 poczucie zanurzenia w temacie gry. Og\u00f3lnie rzecz bior\u0105c, automat Crazy Monkey oferuje przyjemne i wci\u0105gaj\u0105ce wra\u017cenia dla graczy lubi\u0105cych dynamiczne i lekkie gry slotowe.<\/p>\n<h2>JAK GRA\u0106 W AUTOMAT CRAZY MONKEY<\/h2>\n<p>Automat Crazy Monkey to popularna gra online, w kt\u00f3r\u0105 mog\u0105 gra\u0107 gracze o ka\u017cdym poziomie umiej\u0119tno\u015bci. Aby rozpocz\u0105\u0107 gr\u0119, nale\u017cy najpierw wybra\u0107 stawk\u0119 zak\u0142adu, dostosowuj\u0105c rozmiar monety i liczb\u0119 linii wyp\u0142at. Po ustawieniu zak\u0142adu wystarczy nacisn\u0105\u0107 przycisk \u201eSpin\u201d, aby rozpocz\u0105\u0107 gr\u0119. Celem gry jest dopasowanie symboli na liniach wyp\u0142at, aby wygra\u0107 nagrody. Zwr\u00f3\u0107 uwag\u0119 na symbole specjalne, takie jak symbol Wild i symbol Scatter, poniewa\u017c mog\u0105 one pom\u00f3c Ci wygra\u0107 jeszcze wi\u0119ksze nagrody. Gra oferuje r\u00f3wnie\u017c rund\u0119 bonusow\u0105, w kt\u00f3rej mo\u017cesz wygra\u0107 darmowe spiny i mno\u017cniki. Aby uruchomi\u0107 rund\u0119 bonusow\u0105, zazwyczaj musisz trafi\u0107 na b\u0119bnach co najmniej trzy symbole Scatter. Og\u00f3lnie rzecz bior\u0105c, gra w automat Crazy Monkey to przyjemna i ekscytuj\u0105ca gra, kt\u00f3ra daje szans\u0119 na wygranie du\u017cych nagr\u00f3d. Spr\u00f3buj wi\u0119c i przekonaj si\u0119, czy uda Ci si\u0119 trafi\u0107 jackpota!<\/p>\n<div class=\"go-btn-container\"><div class=\"tosh-btn\"><a href=\"\/go-casino\/\" target=\"_blank\" rel=\"noopener\">GRAJ TERAZ<\/a><\/div><\/div>\n<h2>AUTOMAT CRAZY MONKEY: OPCJE ZAK\u0141AD\u00d3W I POTENCJA\u0141 WYGRANYCH<\/h2>\n<p>Automat Crazy Monkey to popularny automat online, kt\u00f3ry oferuje graczom r\u00f3\u017cnorodne opcje zak\u0142ad\u00f3w i wysoki potencja\u0142 wygranych. Dzi\u0119ki zabawnej i ekscytuj\u0105cej tematyce d\u017cungli gracze mog\u0105 cieszy\u0107 si\u0119 kr\u0119ceniem b\u0119bnami i pr\u00f3bowaniem szcz\u0119\u015bcia w walce o du\u017ce nagrody. Gra oferuje szereg opcji zak\u0142ad\u00f3w, pozwalaj\u0105c graczom dostosowa\u0107 stawki do bud\u017cetu i stylu gry. Gracze mog\u0105 obstawia\u0107 od kilku cent\u00f3w do kilku dolar\u00f3w na obr\u00f3t, co daje im elastyczno\u015b\u0107 i mo\u017cliwo\u015b\u0107 gry na poziomie, kt\u00f3ry im odpowiada. Opr\u00f3cz opcji zak\u0142ad\u00f3w, automat Crazy Monkey oferuje r\u00f3wnie\u017c wysoki potencja\u0142 wygranych, z szans\u0105 na wysokie wygrane dzi\u0119ki po\u0142\u0105czeniu symboli i funkcji bonusowych. Dzi\u0119ki wysokiemu wska\u017anikowi zwrotu dla gracza (RTP) gracze maj\u0105 du\u017c\u0105 szans\u0119 na imponuj\u0105ce wygrane. Og\u00f3lnie rzecz bior\u0105c, slot Crazy Monkey zapewnia rozrywkow\u0105 i satysfakcjonuj\u0105c\u0105 rozgrywk\u0119 graczom szukaj\u0105cym rozrywki i mo\u017cliwo\u015bci wygrania du\u017cych pieni\u0119dzy.<\/p>\n<p><img loading=\"lazy\" decoding=\"async\" class=\"aligncenter size-full wp-image-8887\" src=\"https:\/\/rocketplay-new.com\/wp-content\/uploads\/2025\/07\/crazy-monkey-slot-1.webp\" alt=\"Crazy Monkey slot - Play Slot for Free\" width=\"800\" height=\"323\" srcset=\"https:\/\/rocketplay-new.com\/wp-content\/uploads\/2025\/07\/crazy-monkey-slot-1.webp 800w, https:\/\/rocketplay-new.com\/wp-content\/uploads\/2025\/07\/crazy-monkey-slot-1-300x121.webp 300w, https:\/\/rocketplay-new.com\/wp-content\/uploads\/2025\/07\/crazy-monkey-slot-1-768x310.webp 768w\" sizes=\"auto, (max-width: 800px) 100vw, 800px\" \/><\/p>\n<h2>NAJCZ\u0118\u015aCIEJ ZADAWANE PYTANIA I ODPOWIEDZI \u2013 AUTOMAT CRAZY MONKEY<\/h2>\n<p>Automat Crazy Monkey to popularna gra slotowa online, kt\u00f3ra zyska\u0142a spor\u0105 popularno\u015b\u0107 w\u015br\u00f3d graczy. Jak w przypadku ka\u017cdej gry, gracze cz\u0119sto zadaj\u0105 sobie pytania na jej temat. Jednym z najcz\u0119\u015bciej zadawanych pyta\u0144 jest wska\u017anik RTP (zwrotu dla gracza). RTP dla automatu Crazy Monkey wynosi oko\u0142o 95%, co jest uwa\u017cane za ca\u0142kiem dobry wynik jak na automat online. Kolejnym cz\u0119stym pytaniem jest o funkcje bonusowe. Automat Crazy Monkey oferuje r\u00f3\u017cnorodne funkcje bonusowe, w tym darmowe spiny, mno\u017cniki i gr\u0119 bonusow\u0105, kt\u00f3ra mo\u017ce prowadzi\u0107 do du\u017cych wygranych. Gracze cz\u0119sto pytaj\u0105 r\u00f3wnie\u017c o zmienno\u015b\u0107 gry, kt\u00f3ra jest do\u015b\u0107 wysoka, co oznacza, \u017ce okresy mi\u0119dzy wygranymi mog\u0105 by\u0107 d\u0142u\u017csze, ale same wygrane mog\u0105 by\u0107 do\u015b\u0107 znacz\u0105ce. Og\u00f3lnie rzecz bior\u0105c, automat Crazy Monkey to zabawna i ekscytuj\u0105ca gra, kt\u00f3ra oferuje wiele szans na du\u017ce wygrane.<\/p>\n","protected":false},"excerpt":{"rendered":"<p>Gra slotowa Crazy Monkey to popularny automat online, kt\u00f3ry oferuje graczom szans\u0119 na wygranie du\u017cych nagr\u00f3d, zapewniaj\u0105c jednocze\u015bnie \u015bwietn\u0105 i ekscytuj\u0105c\u0105 rozgrywk\u0119. Dzi\u0119ki kolorowej grafice i ciekawej tematyce, ta gra slotowa z pewno\u015bci\u0105 zapewni graczom rozrywk\u0119 na d\u0142ugie godziny. Gra oferuje r\u00f3\u017cnorodne symbole, w tym banany, kokosy i oczywi\u015bcie sam\u0105 szalon\u0105 ma\u0142pk\u0119. Gracze mog\u0105 r\u00f3wnie\u017c&#8230;<\/p>\n","protected":false},"author":1,"featured_media":6747,"parent":2275,"menu_order":0,"comment_status":"closed","ping_status":"closed","template":"single-no-sidebar.php","meta":{"_acf_changed":false,"_kad_post_transparent":"default","_kad_post_title":"default","_kad_post_layout":"default","_kad_post_sidebar_id":"","_kad_post_content_style":"default","_kad_post_vertical_padding":"default","_kad_post_feature":"","_kad_post_feature_position":"","_kad_post_header":false,"_kad_post_footer":false,"footnotes":""},"class_list":["post-8988","page","type-page","status-publish","has-post-thumbnail","hentry"],"acf":[],"rttpg_featured_image_url":{"full":["https:\/\/rocketplay-new.com\/wp-content\/uploads\/2025\/05\/crazy-monkey-slot-play-slot-for-free.png",1401,668,false],"landscape":["https:\/\/rocketplay-new.com\/wp-content\/uploads\/2025\/05\/crazy-monkey-slot-play-slot-for-free.png",1401,668,false],"portraits":["https:\/\/rocketplay-new.com\/wp-content\/uploads\/2025\/05\/crazy-monkey-slot-play-slot-for-free.png",1401,668,false],"thumbnail":["https:\/\/rocketplay-new.com\/wp-content\/uploads\/2025\/05\/crazy-monkey-slot-play-slot-for-free-150x150.png",150,150,true],"medium":["https:\/\/rocketplay-new.com\/wp-content\/uploads\/2025\/05\/crazy-monkey-slot-play-slot-for-free-300x143.png",300,143,true],"large":["https:\/\/rocketplay-new.com\/wp-content\/uploads\/2025\/05\/crazy-monkey-slot-play-slot-for-free-1024x488.png",1024,488,true],"1536x1536":["https:\/\/rocketplay-new.com\/wp-content\/uploads\/2025\/05\/crazy-monkey-slot-play-slot-for-free.png",1401,668,false],"2048x2048":["https:\/\/rocketplay-new.com\/wp-content\/uploads\/2025\/05\/crazy-monkey-slot-play-slot-for-free.png",1401,668,false],"wppb-medium":["https:\/\/rocketplay-new.com\/wp-content\/uploads\/2025\/05\/crazy-monkey-slot-play-slot-for-free-600x450.png",600,450,true]},"rttpg_author":{"display_name":"John","author_link":"https:\/\/rocketplay-new.com\/pl\/author\/pemvas95n89x\/"},"rttpg_comment":0,"rttpg_category":null,"rttpg_excerpt":"Gra slotowa Crazy Monkey to popularny automat online, kt\u00f3ry oferuje graczom szans\u0119 na wygranie du\u017cych nagr\u00f3d, zapewniaj\u0105c jednocze\u015bnie \u015bwietn\u0105 i ekscytuj\u0105c\u0105 rozgrywk\u0119. Dzi\u0119ki kolorowej grafice i ciekawej tematyce, ta gra slotowa z pewno\u015bci\u0105 zapewni graczom rozrywk\u0119 na d\u0142ugie godziny. Gra oferuje r\u00f3\u017cnorodne symbole, w tym banany, kokosy i oczywi\u015bcie sam\u0105 szalon\u0105 ma\u0142pk\u0119. Gracze mog\u0105 r\u00f3wnie\u017c...","_links":{"self":[{"href":"https:\/\/rocketplay-new.com\/pl\/wp-json\/wp\/v2\/pages\/8988","targetHints":{"allow":["GET"]}}],"collection":[{"href":"https:\/\/rocketplay-new.com\/pl\/wp-json\/wp\/v2\/pages"}],"about":[{"href":"https:\/\/rocketplay-new.com\/pl\/wp-json\/wp\/v2\/types\/page"}],"author":[{"embeddable":true,"href":"https:\/\/rocketplay-new.com\/pl\/wp-json\/wp\/v2\/users\/1"}],"replies":[{"embeddable":true,"href":"https:\/\/rocketplay-new.com\/pl\/wp-json\/wp\/v2\/comments?post=8988"}],"version-history":[{"count":2,"href":"https:\/\/rocketplay-new.com\/pl\/wp-json\/wp\/v2\/pages\/8988\/revisions"}],"predecessor-version":[{"id":8994,"href":"https:\/\/rocketplay-new.com\/pl\/wp-json\/wp\/v2\/pages\/8988\/revisions\/8994"}],"up":[{"embeddable":true,"href":"https:\/\/rocketplay-new.com\/pl\/wp-json\/wp\/v2\/pages\/2275"}],"wp:featuredmedia":[{"embeddable":true,"href":"https:\/\/rocketplay-new.com\/pl\/wp-json\/wp\/v2\/media\/6747"}],"wp:attachment":[{"href":"https:\/\/rocketplay-new.com\/pl\/wp-json\/wp\/v2\/media?parent=8988"}],"curies":[{"name":"wp","href":"https:\/\/api.w.org\/{rel}","templated":true}]}}