{"id":8987,"date":"2025-05-29T11:54:40","date_gmt":"2025-05-29T08:54:40","guid":{"rendered":"https:\/\/rocketplay-new.com\/slot-machines\/black-diamond\/"},"modified":"2025-07-16T22:01:11","modified_gmt":"2025-07-16T19:01:11","slug":"black-diamond","status":"publish","type":"page","link":"https:\/\/rocketplay-new.com\/pl\/slot-machines\/black-diamond\/","title":{"rendered":"Automat do gry Black Diamond \u2013 graj w automaty za darmo"},"content":{"rendered":"<p>Automat Black Diamond to popularna gra online, kt\u00f3ra oferuje graczom szans\u0119 na wygranie du\u017cych nagr\u00f3d. Dzi\u0119ki eleganckiemu designowi i ekscytuj\u0105cej rozgrywce, ten automat z pewno\u015bci\u0105 zapewni graczom rozrywk\u0119 na d\u0142ugie godziny. Gra oferuje r\u00f3\u017cnorodne symbole, w tym diamenty, sztabki i szcz\u0119\u015bliwe si\u00f3demki, kt\u00f3re mog\u0105 przynie\u015b\u0107 lukratywne wygrane. Gracze mog\u0105 r\u00f3wnie\u017c skorzysta\u0107 ze specjalnych funkcji, takich jak darmowe spiny i rundy bonusowe, aby jeszcze bardziej zwi\u0119kszy\u0107 swoje wygrane. Dzi\u0119ki mo\u017cliwo\u015bci gry za darmo, gracze mog\u0105 cieszy\u0107 si\u0119 wszystkimi emocjami automatu Black Diamond bez ryzykowania w\u0142asnych pieni\u0119dzy.<\/p>\n<div class=\"go-btn-container\"><div class=\"tosh-btn\"><a href=\"\/go-casino\/\" target=\"_blank\" rel=\"noopener\">GRAJ TERAZ<\/a><\/div><\/div>\n<h2>PRZEGL\u0104D AUTOMATU BLACK DIAMOND<\/h2>\n<p>Black Diamond to popularny automat, kt\u00f3ry oferuje graczom szans\u0119 na du\u017ce wygrane dzi\u0119ki luksusowej i efektownej tematyce. Gra posiada pi\u0119\u0107 b\u0119bn\u00f3w i trzy rz\u0119dy, a tak\u017ce \u0142\u0105cznie 25 linii wyp\u0142at, na kt\u00f3rych gracze mog\u0105 obstawia\u0107. Symbole w grze obejmuj\u0105 diamenty, sztabki z\u0142ota i inne drogocenne kamienie, kt\u00f3re dodaj\u0105 grze luksusowego charakteru. Gra oferuje r\u00f3wnie\u017c szereg funkcji bonusowych, w tym symbole Wild, Scatter i darmowe spiny. Gracze mog\u0105 r\u00f3wnie\u017c zwi\u0119kszy\u0107 swoje wygrane dzi\u0119ki funkcji Gamble, kt\u00f3ra pozwala podwoi\u0107 lub poczw\u00f3rnie zwi\u0119kszy\u0107 wygran\u0105, odgaduj\u0105c kolor lub figur\u0119 karty. Dzi\u0119ki eleganckiemu designowi i ekscytuj\u0105cej rozgrywce, Black Diamond to pozycja obowi\u0105zkowa dla ka\u017cdego mi\u0142o\u015bnika automat\u00f3w do gier poszukuj\u0105cego luksusowych wra\u017ce\u0144.<\/p>\n<p><img loading=\"lazy\" decoding=\"async\" class=\"aligncenter size-full wp-image-8864\" src=\"https:\/\/rocketplay-new.com\/wp-content\/uploads\/2025\/07\/black-diamond-slot-1.webp\" alt=\"Black Diamond slot machine - Play Slot for Free\" width=\"800\" height=\"436\" srcset=\"https:\/\/rocketplay-new.com\/wp-content\/uploads\/2025\/07\/black-diamond-slot-1.webp 800w, https:\/\/rocketplay-new.com\/wp-content\/uploads\/2025\/07\/black-diamond-slot-1-300x164.webp 300w, https:\/\/rocketplay-new.com\/wp-content\/uploads\/2025\/07\/black-diamond-slot-1-768x419.webp 768w\" sizes=\"auto, (max-width: 800px) 100vw, 800px\" \/><\/p>\n<h2>AUTOMAT DO GRY BLACK DIAMOND: TEMAT, GRAFIKA I MUZYKA<\/h2>\n<p>Automat do gry Black Diamond to popularna gra znana z luksusowego i eleganckiego motywu. Oprawa graficzna gry jest uderzaj\u0105ca, z czarno-z\u0142ot\u0105 kolorystyk\u0105, kt\u00f3ra emanuje wyrafinowaniem i przepychem. Symbole na b\u0119bnach symbolizuj\u0105 bogactwo i luksus, takie jak diamenty, sztabki z\u0142ota i kosztowna bi\u017cuteria. T\u0142o gry zdobi l\u015bni\u0105ca, wysadzana diamentami sceneria, kt\u00f3ra pot\u0119guje og\u00f3lny, luksusowy charakter gry. Muzyka w automacie Black Diamond r\u00f3wnie\u017c idealnie wpisuje si\u0119 w motyw przewodni, a jazzowa i optymistyczna \u015bcie\u017cka d\u017awi\u0119kowa pot\u0119guje emocje towarzysz\u0105ce kr\u0119c\u0105cym si\u0119 b\u0119bnom. Po\u0142\u0105czenie bogatej oprawy graficznej i wpadaj\u0105cej w ucho muzyki sprawia, \u017ce gra na automacie Black Diamond to prawdziwie wci\u0105gaj\u0105ce i ekscytuj\u0105ce do\u015bwiadczenie dla graczy pragn\u0105cych zazna\u0107 odrobiny luksusu i emocji.<\/p>\n<h2>JAK GRA\u0106 NA AUTOMACIE BLACK DIAMOND<\/h2>\n<p>Black Diamond to popularny automat do gry, dost\u0119pny w wielu kasynach. Aby zagra\u0107 w Black Diamond, najpierw musisz wybra\u0107 stawk\u0119 zak\u0142adu, klikaj\u0105c strza\u0142ki obok przycisku \u201eZak\u0142ad\u201d. Po wybraniu zak\u0142adu wystarczy nacisn\u0105\u0107 przycisk \u201eSpin\u201d, aby rozpocz\u0105\u0107 gr\u0119. B\u0119bny zaczn\u0105 si\u0119 kr\u0119ci\u0107, a Ty b\u0119dziesz musia\u0142 dopasowa\u0107 symbole, aby wygra\u0107. Gra oferuje r\u00f3\u017cne symbole, w tym diamenty, sztabki i si\u00f3demki, a ka\u017cdy symbol oznacza inn\u0105 wyp\u0142at\u0119. Dodatkowo dost\u0119pne s\u0105 funkcje bonusowe, takie jak symbole Wild i darmowe spiny, kt\u00f3re mog\u0105 pom\u00f3c zwi\u0119kszy\u0107 Twoje wygrane. Og\u00f3lnie rzecz bior\u0105c, gra w Black Diamond jest prosta i intuicyjna, co czyni j\u0105 \u015bwietn\u0105 opcj\u0105 zar\u00f3wno dla do\u015bwiadczonych, jak i pocz\u0105tkuj\u0105cych graczy. Dlatego nast\u0119pnym razem, gdy b\u0119dziesz w kasynie, spr\u00f3buj Black Diamond i sprawd\u017a, czy uda Ci si\u0119 trafi\u0107 jackpota!<\/p>\n<div class=\"go-btn-container\"><div class=\"tosh-btn\"><a href=\"\/go-casino\/\" target=\"_blank\" rel=\"noopener\">GRAJ TERAZ<\/a><\/div><\/div>\n<h2>AUTOMAT BLACK DIAMOND: OPCJE ZAK\u0141AD\u00d3W I POTENCJA\u0141 WYGRANYCH<\/h2>\n<p>Automat Black Diamond oferuje graczom r\u00f3\u017cnorodne opcje zak\u0142ad\u00f3w i potencja\u0142 du\u017cych wygranych. Dzi\u0119ki szerokiej gamie monet do wyboru, gracze mog\u0105 dostosowa\u0107 swoje zak\u0142ady do preferowanego poziomu ryzyka. Gra oferuje wiele linii wyp\u0142at, co daje wi\u0119cej szans na wygran\u0105 przy ka\u017cdym obrocie. Dodatkowo automat Black Diamond oferuje ekscytuj\u0105ce funkcje bonusowe, takie jak symbole Wild, darmowe spiny i mno\u017cniki, kt\u00f3re mog\u0105 znacznie zwi\u0119kszy\u0107 szanse gracza na du\u017c\u0105 wygran\u0105. Dzi\u0119ki wysokiemu zwrotowi dla gracza (RTP) gracze maj\u0105 du\u017c\u0105 szans\u0119 na imponuj\u0105ce wygrane. Podsumowuj\u0105c, automat Black Diamond zapewnia ekscytuj\u0105ce wra\u017cenia z gry z mn\u00f3stwem opcji zak\u0142ad\u00f3w i potencja\u0142em wygranych.<\/p>\n<p><img loading=\"lazy\" decoding=\"async\" class=\"aligncenter size-full wp-image-8873\" src=\"https:\/\/rocketplay-new.com\/wp-content\/uploads\/2025\/07\/black-diamond-slot-2.webp\" alt=\"Black Diamond slot machine - Play Slot for Free 2\" width=\"800\" height=\"504\" srcset=\"https:\/\/rocketplay-new.com\/wp-content\/uploads\/2025\/07\/black-diamond-slot-2.webp 800w, https:\/\/rocketplay-new.com\/wp-content\/uploads\/2025\/07\/black-diamond-slot-2-300x189.webp 300w, https:\/\/rocketplay-new.com\/wp-content\/uploads\/2025\/07\/black-diamond-slot-2-768x484.webp 768w\" sizes=\"auto, (max-width: 800px) 100vw, 800px\" \/><\/p>\n<h2>NAJCZ\u0118\u015aCIEJ ZADAWANE PYTANIA I ODPOWIEDZI \u2013 AUTOMAT DO GRY BLACK DIAMOND<\/h2>\n<p>Automat do gry Black Diamond cieszy si\u0119 popularno\u015bci\u0105 w\u015br\u00f3d bywalc\u00f3w kasyn, ale wielu graczy ma pytania dotycz\u0105ce tego, jak gra\u0107 i maksymalizowa\u0107 swoje wygrane. Jednym z cz\u0119stych pyta\u0144 jest to, jak uruchomi\u0107 rundy bonusowe. Aby to zrobi\u0107, gracze musz\u0105 trafi\u0107 na b\u0119bnach co najmniej trzy symbole Black Diamond, co odblokuje darmowe spiny lub gry bonusowe. Innym pytaniem, kt\u00f3re cz\u0119sto zadaj\u0105 gracze, jest to, czy istniej\u0105 jakie\u015b strategie zwi\u0119kszaj\u0105ce szanse na wygran\u0105. Chocia\u017c automaty do gry opieraj\u0105 si\u0119 g\u0142\u00f3wnie na szcz\u0119\u015bciu, niekt\u00f3rzy gracze uwa\u017caj\u0105, \u017ce obstawianie maksymalnej kwoty i granie przez d\u0142u\u017cszy czas mo\u017ce zwi\u0119kszy\u0107 ich szanse. Nale\u017cy jednak pami\u0119ta\u0107, \u017ce to tylko teorie i nie ma gwarancji wygranej na automatach. Og\u00f3lnie rzecz bior\u0105c, automat do gry Black Diamond oferuje ekscytuj\u0105c\u0105 rozgrywk\u0119 i szans\u0119 na du\u017ce wygrane, co czyni go popularnym wyborem w\u015br\u00f3d entuzjast\u00f3w kasyn.<\/p>\n","protected":false},"excerpt":{"rendered":"<p>Automat Black Diamond to popularna gra online, kt\u00f3ra oferuje graczom szans\u0119 na wygranie du\u017cych nagr\u00f3d. Dzi\u0119ki eleganckiemu designowi i ekscytuj\u0105cej rozgrywce, ten automat z pewno\u015bci\u0105 zapewni graczom rozrywk\u0119 na d\u0142ugie godziny. Gra oferuje r\u00f3\u017cnorodne symbole, w tym diamenty, sztabki i szcz\u0119\u015bliwe si\u00f3demki, kt\u00f3re mog\u0105 przynie\u015b\u0107 lukratywne wygrane. Gracze mog\u0105 r\u00f3wnie\u017c skorzysta\u0107 ze specjalnych funkcji, takich&#8230;<\/p>\n","protected":false},"author":1,"featured_media":6718,"parent":2275,"menu_order":0,"comment_status":"closed","ping_status":"closed","template":"single-no-sidebar.php","meta":{"_acf_changed":false,"_kad_post_transparent":"default","_kad_post_title":"default","_kad_post_layout":"default","_kad_post_sidebar_id":"","_kad_post_content_style":"default","_kad_post_vertical_padding":"default","_kad_post_feature":"","_kad_post_feature_position":"","_kad_post_header":false,"_kad_post_footer":false,"footnotes":""},"class_list":["post-8987","page","type-page","status-publish","has-post-thumbnail","hentry"],"acf":[],"rttpg_featured_image_url":{"full":["https:\/\/rocketplay-new.com\/wp-content\/uploads\/2025\/05\/black-diamond-slot-machine-play-slot-for-free.png",1243,495,false],"landscape":["https:\/\/rocketplay-new.com\/wp-content\/uploads\/2025\/05\/black-diamond-slot-machine-play-slot-for-free.png",1243,495,false],"portraits":["https:\/\/rocketplay-new.com\/wp-content\/uploads\/2025\/05\/black-diamond-slot-machine-play-slot-for-free.png",1243,495,false],"thumbnail":["https:\/\/rocketplay-new.com\/wp-content\/uploads\/2025\/05\/black-diamond-slot-machine-play-slot-for-free-150x150.png",150,150,true],"medium":["https:\/\/rocketplay-new.com\/wp-content\/uploads\/2025\/05\/black-diamond-slot-machine-play-slot-for-free-300x119.png",300,119,true],"large":["https:\/\/rocketplay-new.com\/wp-content\/uploads\/2025\/05\/black-diamond-slot-machine-play-slot-for-free-1024x408.png",1024,408,true],"1536x1536":["https:\/\/rocketplay-new.com\/wp-content\/uploads\/2025\/05\/black-diamond-slot-machine-play-slot-for-free.png",1243,495,false],"2048x2048":["https:\/\/rocketplay-new.com\/wp-content\/uploads\/2025\/05\/black-diamond-slot-machine-play-slot-for-free.png",1243,495,false],"wppb-medium":["https:\/\/rocketplay-new.com\/wp-content\/uploads\/2025\/05\/black-diamond-slot-machine-play-slot-for-free-600x450.png",600,450,true]},"rttpg_author":{"display_name":"John","author_link":"https:\/\/rocketplay-new.com\/pl\/author\/pemvas95n89x\/"},"rttpg_comment":0,"rttpg_category":null,"rttpg_excerpt":"Automat Black Diamond to popularna gra online, kt\u00f3ra oferuje graczom szans\u0119 na wygranie du\u017cych nagr\u00f3d. Dzi\u0119ki eleganckiemu designowi i ekscytuj\u0105cej rozgrywce, ten automat z pewno\u015bci\u0105 zapewni graczom rozrywk\u0119 na d\u0142ugie godziny. Gra oferuje r\u00f3\u017cnorodne symbole, w tym diamenty, sztabki i szcz\u0119\u015bliwe si\u00f3demki, kt\u00f3re mog\u0105 przynie\u015b\u0107 lukratywne wygrane. Gracze mog\u0105 r\u00f3wnie\u017c skorzysta\u0107 ze specjalnych funkcji, takich...","_links":{"self":[{"href":"https:\/\/rocketplay-new.com\/pl\/wp-json\/wp\/v2\/pages\/8987","targetHints":{"allow":["GET"]}}],"collection":[{"href":"https:\/\/rocketplay-new.com\/pl\/wp-json\/wp\/v2\/pages"}],"about":[{"href":"https:\/\/rocketplay-new.com\/pl\/wp-json\/wp\/v2\/types\/page"}],"author":[{"embeddable":true,"href":"https:\/\/rocketplay-new.com\/pl\/wp-json\/wp\/v2\/users\/1"}],"replies":[{"embeddable":true,"href":"https:\/\/rocketplay-new.com\/pl\/wp-json\/wp\/v2\/comments?post=8987"}],"version-history":[{"count":2,"href":"https:\/\/rocketplay-new.com\/pl\/wp-json\/wp\/v2\/pages\/8987\/revisions"}],"predecessor-version":[{"id":8995,"href":"https:\/\/rocketplay-new.com\/pl\/wp-json\/wp\/v2\/pages\/8987\/revisions\/8995"}],"up":[{"embeddable":true,"href":"https:\/\/rocketplay-new.com\/pl\/wp-json\/wp\/v2\/pages\/2275"}],"wp:featuredmedia":[{"embeddable":true,"href":"https:\/\/rocketplay-new.com\/pl\/wp-json\/wp\/v2\/media\/6718"}],"wp:attachment":[{"href":"https:\/\/rocketplay-new.com\/pl\/wp-json\/wp\/v2\/media?parent=8987"}],"curies":[{"name":"wp","href":"https:\/\/api.w.org\/{rel}","templated":true}]}}